{"id":4994,"date":"2021-08-03T14:39:27","date_gmt":"2021-08-03T11:39:27","guid":{"rendered":"https:\/\/www.ancpi.ro\/ocpi\/bz\/?page_id=4994"},"modified":"2021-08-16T08:54:28","modified_gmt":"2021-08-16T05:54:28","slug":"tarife-servicii","status":"publish","type":"page","link":"http:\/\/www.ancpi.ro\/ocpi\/bz\/tarife-servicii\/","title":{"rendered":"Tarife servicii"},"content":{"rendered":"<p><a href=\"https:\/\/www.ancpi.ro\/ocpi\/bz\/wp-content\/servicii\\ordin_16_2019.pdf\"><br \/>\nOrdinul nr. 16\/2019 privind aprobarea tarifelor pentru<br \/>\nserviciile furnizate de Agen\u0163ia Na\u0163ional\u0103 de Cadastru \u015fi<br \/>\nPublicitate Imobiliar\u0103 \u015fi institu\u0163iile sale subordonate<\/a><\/p>\n<p><a href=\"https:\/\/www.ancpi.ro\/ocpi\/bz\/wp-content\/servicii\\tarif_urgenta.pdf\"><br \/>\nTariful de urgenta<\/a><\/p>\n<p><a href=\"https:\/\/www.ancpi.ro\/ocpi\/bz\/wp-content\/servicii\\tarife_rompos.pdf\"><br \/>\nAnun\u021b cu privire la modalitatile de plata a serviciilor cod 3.1.2. \u2013 Servicii pozitionare GNSS in timp real<\/a><\/p>\n<p><strong>Pentru prest\u0103ri servicii in conformitate cu ODG 16\/07.01.2019<br \/>\nCOD IBAN: RO27TREZ166501503X012889<br \/>\nCOD FISCAL: 9673400<\/strong><\/p>\n","protected":false},"excerpt":{"rendered":"<p>Ordinul nr. 16\/2019 privind aprobarea tarifelor pentru serviciile furnizate de Agen\u0163ia Na\u0163ional\u0103 de Cadastru \u015fi Publicitate Imobiliar\u0103 \u015fi institu\u0163iile sale subordonate Tariful de urgenta Anun\u021b cu privire la modalitatile de plata a serviciilor cod 3.1.2. \u2013 Servicii pozitionare GNSS in timp real Pentru prest\u0103ri servicii in conformitate cu ODG 16\/07.01.2019 COD IBAN: RO27TREZ166501503X012889 COD FISCAL: [&hellip;]<\/p>\n","protected":false},"author":5,"featured_media":0,"parent":0,"menu_order":0,"comment_status":"closed","ping_status":"closed","template":"","meta":{"footnotes":""},"class_list":["post-4994","page","type-page","status-publish","hentry"],"_links":{"self":[{"href":"http:\/\/www.ancpi.ro\/ocpi\/bz\/wp-json\/wp\/v2\/pages\/4994","targetHints":{"allow":["GET"]}}],"collection":[{"href":"http:\/\/www.ancpi.ro\/ocpi\/bz\/wp-json\/wp\/v2\/pages"}],"about":[{"href":"http:\/\/www.ancpi.ro\/ocpi\/bz\/wp-json\/wp\/v2\/types\/page"}],"author":[{"embeddable":true,"href":"http:\/\/www.ancpi.ro\/ocpi\/bz\/wp-json\/wp\/v2\/users\/5"}],"replies":[{"embeddable":true,"href":"http:\/\/www.ancpi.ro\/ocpi\/bz\/wp-json\/wp\/v2\/comments?post=4994"}],"version-history":[{"count":6,"href":"http:\/\/www.ancpi.ro\/ocpi\/bz\/wp-json\/wp\/v2\/pages\/4994\/revisions"}],"predecessor-version":[{"id":5182,"href":"http:\/\/www.ancpi.ro\/ocpi\/bz\/wp-json\/wp\/v2\/pages\/4994\/revisions\/5182"}],"wp:attachment":[{"href":"http:\/\/www.ancpi.ro\/ocpi\/bz\/wp-json\/wp\/v2\/media?parent=4994"}],"curies":[{"name":"wp","href":"https:\/\/api.w.org\/{rel}","templated":true}]}}