{"id":5044,"date":"2021-08-05T13:51:39","date_gmt":"2021-08-05T10:51:39","guid":{"rendered":"https:\/\/www.ancpi.ro\/ocpi\/bz\/?page_id=5044"},"modified":"2025-10-01T14:47:23","modified_gmt":"2025-10-01T11:47:23","slug":"presa","status":"publish","type":"page","link":"http:\/\/www.ancpi.ro\/ocpi\/bz\/presa\/","title":{"rendered":"Media"},"content":{"rendered":"<p><a href=\"https:\/\/www.ancpi.ro\/ocpi\/bz\/wp-content\/media\\comunicat_presa_04082020.pdf\">Comunicat de pres\u0103 OCPI Buzau 04.08.2020<\/a><br \/>\n<a href=\"https:\/\/www.ancpi.ro\/transparenta-decizionala-2\/\">Transparen\u021b\u0103 decizional\u0103<\/a><\/p>\n<p><strong>Andrei Dan T\u0102T\u0102RU<\/strong><\/p>\n<p><strong>Responsabil cu difuzarea informatiilor publice<\/strong><br \/>\n<strong>Tel. 0238 \/ 711 036 int. 118<\/strong><\/p>\n","protected":false},"excerpt":{"rendered":"<p>Comunicat de pres\u0103 OCPI Buzau 04.08.2020 Transparen\u021b\u0103 decizional\u0103 Andrei Dan T\u0102T\u0102RU Responsabil cu difuzarea informatiilor publice Tel. 0238 \/ 711 036 int. 118<\/p>\n","protected":false},"author":5,"featured_media":0,"parent":0,"menu_order":0,"comment_status":"closed","ping_status":"closed","template":"","meta":{"footnotes":""},"class_list":["post-5044","page","type-page","status-publish","hentry"],"_links":{"self":[{"href":"http:\/\/www.ancpi.ro\/ocpi\/bz\/wp-json\/wp\/v2\/pages\/5044","targetHints":{"allow":["GET"]}}],"collection":[{"href":"http:\/\/www.ancpi.ro\/ocpi\/bz\/wp-json\/wp\/v2\/pages"}],"about":[{"href":"http:\/\/www.ancpi.ro\/ocpi\/bz\/wp-json\/wp\/v2\/types\/page"}],"author":[{"embeddable":true,"href":"http:\/\/www.ancpi.ro\/ocpi\/bz\/wp-json\/wp\/v2\/users\/5"}],"replies":[{"embeddable":true,"href":"http:\/\/www.ancpi.ro\/ocpi\/bz\/wp-json\/wp\/v2\/comments?post=5044"}],"version-history":[{"count":5,"href":"http:\/\/www.ancpi.ro\/ocpi\/bz\/wp-json\/wp\/v2\/pages\/5044\/revisions"}],"predecessor-version":[{"id":5782,"href":"http:\/\/www.ancpi.ro\/ocpi\/bz\/wp-json\/wp\/v2\/pages\/5044\/revisions\/5782"}],"wp:attachment":[{"href":"http:\/\/www.ancpi.ro\/ocpi\/bz\/wp-json\/wp\/v2\/media?parent=5044"}],"curies":[{"name":"wp","href":"https:\/\/api.w.org\/{rel}","templated":true}]}}