{"id":5710,"date":"2025-06-02T11:50:32","date_gmt":"2025-06-02T08:50:32","guid":{"rendered":"https:\/\/www.ancpi.ro\/ocpi\/bz\/?page_id=5710"},"modified":"2025-06-03T11:10:17","modified_gmt":"2025-06-03T08:10:17","slug":"myeterra","status":"publish","type":"page","link":"http:\/\/www.ancpi.ro\/ocpi\/bz\/myeterra\/","title":{"rendered":"MyETERRA"},"content":{"rendered":"<h3>V\u0103 inform\u0103m c\u0103 potrivit tezei II a art.8 alin.(1) lit.s) din Ordinul nr. 16\/2019 privind aprobarea tarifelor pentru serviciile furnizate de Agen\u021bia Na\u021bional\u0103 de Cadastru \u0219i Publicitate Imobiliar\u0103 \u0219i institu\u021biile sale subordonate, \u00eencep\u00e2nd cu data de 02.06.2025, serviciile identificate cu codurile 2.7.2 \u015fi 2.7.7 din anex\u0103, respectiv extrasul de carte funciar\u0103 pentru informare \u0219i extrasul din planul cadastral vor fi furnizate gratuit \u0219i online, prin intermediul sistemului informatic al Agen\u0163iei Na\u0163ionale.<br \/>\nAccesul \u00een sistem se va efectua prin intermediul aplica\u021biei MyEterra, exclusiv de c\u0103tre proprietarii imobilelor (persoane fizice sau juridice, personal sau prin reprezentant) sau de reprezentan\u0163ii prim\u0103riilor\/consiliilor jude\u0163ene \u00een numele proprietarilor.<\/h3>\n<p>Link acces aplica\u021bie:\u00a0<a href=\"https:\/\/myeterra.ancpi.ro\/landing\"><strong>https:\/\/myeterra.ancpi.ro\/landing<\/strong><\/a><\/p>\n<p><a href=\"https:\/\/www.ancpi.ro\/myeterra\/cum-iti-deschizi-un-cont-MyEterra.pdf\">Pa\u0219i pentru deschiderea unui cont \u00een aplica\u021bia myEterra<\/a><\/p>\n<p><a href=\"https:\/\/www.youtube.com\/watch?v=Tcbu1VBFKnk\">Creare cont myEterra cu ROeID<\/a><\/p>\n<p><a href=\"https:\/\/www.youtube.com\/watch?v=VmSLQEBrr5k\">Solicitare cont myEterra PF\/PJ<\/a><\/p>\n<p><a href=\"http:\/\/www.ancpi.ro\/ocpi\/bz\/wp-content\/uploads\/2025\/06\/myeterra-manual.pdf\">Manual utilizare <\/a><a href=\"http:\/\/www.ancpi.ro\/ocpi\/bz\/wp-content\/uploads\/2025\/06\/myeterra-manual.pdf\">MyETERRA<\/a><\/p>\n<p><a href=\"http:\/\/www.ancpi.ro\/ocpi\/bz\/wp-content\/uploads\/2025\/06\/myeterra-formular-solicitare-creare-cont.pdf\">Formular solicitare acces MyEterra<\/a><\/p>\n<p><a href=\"http:\/\/www.ancpi.ro\/ocpi\/bz\/wp-content\/uploads\/2025\/06\/myeterra-model-mandat-pf.pdf\">Formular mandat persoan\u0103 fizic\u0103<\/a><\/p>\n<p><a href=\"http:\/\/www.ancpi.ro\/ocpi\/bz\/wp-content\/uploads\/2025\/06\/myeterra-model-mandat-pj.pdf\">Formular mandat persoan\u0103 juridic\u0103<\/a><\/p>\n<p><a href=\"http:\/\/www.ancpi.ro\/ocpi\/bz\/wp-content\/uploads\/2025\/06\/myeterra-model-mandat-institutie-autoritate.pdf\">Formular mandat institu\u021bie\/autoritate<\/a><\/p>\n<p>&nbsp;<\/p>\n","protected":false},"excerpt":{"rendered":"<p>V\u0103 inform\u0103m c\u0103 potrivit tezei II a art.8 alin.(1) lit.s) din Ordinul nr. 16\/2019 privind aprobarea tarifelor pentru serviciile furnizate de Agen\u021bia Na\u021bional\u0103 de Cadastru \u0219i Publicitate Imobiliar\u0103 \u0219i institu\u021biile sale subordonate, \u00eencep\u00e2nd cu data de 02.06.2025, serviciile identificate cu codurile 2.7.2 \u015fi 2.7.7 din anex\u0103, respectiv extrasul de carte funciar\u0103 pentru informare \u0219i extrasul [&hellip;]<\/p>\n","protected":false},"author":5,"featured_media":0,"parent":0,"menu_order":0,"comment_status":"closed","ping_status":"closed","template":"","meta":{"footnotes":""},"class_list":["post-5710","page","type-page","status-publish","hentry"],"_links":{"self":[{"href":"http:\/\/www.ancpi.ro\/ocpi\/bz\/wp-json\/wp\/v2\/pages\/5710","targetHints":{"allow":["GET"]}}],"collection":[{"href":"http:\/\/www.ancpi.ro\/ocpi\/bz\/wp-json\/wp\/v2\/pages"}],"about":[{"href":"http:\/\/www.ancpi.ro\/ocpi\/bz\/wp-json\/wp\/v2\/types\/page"}],"author":[{"embeddable":true,"href":"http:\/\/www.ancpi.ro\/ocpi\/bz\/wp-json\/wp\/v2\/users\/5"}],"replies":[{"embeddable":true,"href":"http:\/\/www.ancpi.ro\/ocpi\/bz\/wp-json\/wp\/v2\/comments?post=5710"}],"version-history":[{"count":5,"href":"http:\/\/www.ancpi.ro\/ocpi\/bz\/wp-json\/wp\/v2\/pages\/5710\/revisions"}],"predecessor-version":[{"id":5724,"href":"http:\/\/www.ancpi.ro\/ocpi\/bz\/wp-json\/wp\/v2\/pages\/5710\/revisions\/5724"}],"wp:attachment":[{"href":"http:\/\/www.ancpi.ro\/ocpi\/bz\/wp-json\/wp\/v2\/media?parent=5710"}],"curies":[{"name":"wp","href":"https:\/\/api.w.org\/{rel}","templated":true}]}}