{"id":4905,"date":"2022-09-21T10:24:51","date_gmt":"2022-09-21T07:24:51","guid":{"rendered":"https:\/\/www.ancpi.ro\/ocpi\/ph\/?page_id=4905"},"modified":"2026-03-25T13:18:16","modified_gmt":"2026-03-25T11:18:16","slug":"program-de-lucru","status":"publish","type":"page","link":"http:\/\/www.ancpi.ro\/ocpi\/ph\/program-de-lucru\/","title":{"rendered":"Program de lucru"},"content":{"rendered":"<h3 style=\"text-align: left;\">Program de lucru cu publicul \u00een cadrul birourilor Registratur\u0103<\/h3>\n<p style=\"text-align: left;\">(valabil \u00eencep\u00e2nd cu 06.01.2020)<\/p>\n<p>&nbsp;<\/p>\n<h3>\u00cenregistr\u0103ri<\/h3>\n<table border=\"2\" width=\"0\">\n<tbody>\n<tr>\n<td width=\"219\">Zile<\/td>\n<td width=\"171\">Orar<\/td>\n<td width=\"350\"><\/td>\n<\/tr>\n<tr>\n<td width=\"219\">Luni<\/p>\n<p>Mar\u021bi<\/p>\n<p>Miercuri<\/p>\n<p>Joi<\/td>\n<td width=\"171\"><strong>8:30 \u2013 14:00<\/strong><\/td>\n<td rowspan=\"2\" width=\"350\">Public<\/p>\n<p>Notari<\/p>\n<p>Persoane fizice autorizate<\/p>\n<p>Persoane juridice autorizate<\/p>\n<p>Executori judec\u0103tore\u0219ti<\/td>\n<\/tr>\n<tr>\n<td width=\"219\">Vineri<\/td>\n<td width=\"171\"><strong>8:30 \u2013 13:00<\/strong><\/td>\n<\/tr>\n<\/tbody>\n<\/table>\n<p>&nbsp;<\/p>\n<h3>Eliber\u0103ri<\/h3>\n<table border=\"2\" width=\"0\">\n<tbody>\n<tr>\n<td width=\"219\">Zile<\/td>\n<td width=\"171\">Orar<\/td>\n<td width=\"350\"><\/td>\n<\/tr>\n<tr>\n<td width=\"219\">Luni<\/p>\n<p>Mar\u021bi<\/p>\n<p>Miercuri<\/p>\n<p>Joi<\/td>\n<td width=\"171\"><strong>8:30 \u2013 16:00<\/strong><\/td>\n<td rowspan=\"2\" width=\"350\">Public<\/p>\n<p>Notari<\/p>\n<p>Persoane fizice autorizate<\/p>\n<p>Persoane juridice autorizate<\/p>\n<p>Executori judec\u0103tore\u0219ti<\/td>\n<\/tr>\n<tr>\n<td width=\"219\">Vineri<\/td>\n<td width=\"171\"><strong>8:30 \u2013 13:30<\/strong><\/td>\n<\/tr>\n<\/tbody>\n<\/table>\n<p>&nbsp;<\/p>\n","protected":false},"excerpt":{"rendered":"<p>Program de lucru cu publicul \u00een cadrul birourilor Registratur\u0103 (valabil \u00eencep\u00e2nd cu 06.01.2020) &nbsp; \u00cenregistr\u0103ri Zile Orar Luni Mar\u021bi Miercuri Joi 8:30 \u2013 14:00 Public Notari Persoane fizice autorizate Persoane juridice autorizate Executori judec\u0103tore\u0219ti Vineri 8:30 \u2013 13:00 &nbsp; Eliber\u0103ri Zile Orar Luni Mar\u021bi Miercuri Joi 8:30 \u2013 16:00 Public Notari Persoane fizice autorizate Persoane [&hellip;]<\/p>\n","protected":false},"author":5,"featured_media":0,"parent":0,"menu_order":0,"comment_status":"closed","ping_status":"closed","template":"","meta":[],"_links":{"self":[{"href":"http:\/\/www.ancpi.ro\/ocpi\/ph\/wp-json\/wp\/v2\/pages\/4905"}],"collection":[{"href":"http:\/\/www.ancpi.ro\/ocpi\/ph\/wp-json\/wp\/v2\/pages"}],"about":[{"href":"http:\/\/www.ancpi.ro\/ocpi\/ph\/wp-json\/wp\/v2\/types\/page"}],"author":[{"embeddable":true,"href":"http:\/\/www.ancpi.ro\/ocpi\/ph\/wp-json\/wp\/v2\/users\/5"}],"replies":[{"embeddable":true,"href":"http:\/\/www.ancpi.ro\/ocpi\/ph\/wp-json\/wp\/v2\/comments?post=4905"}],"version-history":[{"count":5,"href":"http:\/\/www.ancpi.ro\/ocpi\/ph\/wp-json\/wp\/v2\/pages\/4905\/revisions"}],"predecessor-version":[{"id":6828,"href":"http:\/\/www.ancpi.ro\/ocpi\/ph\/wp-json\/wp\/v2\/pages\/4905\/revisions\/6828"}],"wp:attachment":[{"href":"http:\/\/www.ancpi.ro\/ocpi\/ph\/wp-json\/wp\/v2\/media?parent=4905"}],"curies":[{"name":"wp","href":"https:\/\/api.w.org\/{rel}","templated":true}]}}