{"id":1594,"date":"2018-09-27T12:00:35","date_gmt":"2018-09-27T12:00:35","guid":{"rendered":"http:\/\/testare.ga\/ancpi\/?page_id=1594"},"modified":"2026-03-20T08:35:50","modified_gmt":"2026-03-20T06:35:50","slug":"legislatie","status":"publish","type":"page","link":"https:\/\/www.ancpi.ro\/ocpi\/ab\/legislatie\/","title":{"rendered":"Legisla\u021bie"},"content":{"rendered":"<h3><a href=\"https:\/\/www.ancpi.ro\/ocpi\/ab\/wp-content\/uploads\/2021\/09\/Regulament-de-organizare-si-functionare-a-ANCPI.pdf\" target=\"_blank\" rel=\"noopener\">Regulamentul de organizare \u015fi func\u0163ionare a Agen\u0163iei Na\u0163ionale de Cadastru \u015fi Publicitate Imobiliar\u0103 din 18.12.2012<\/a><\/h3>\n<h3>Legi<\/h3>\n<ul>\n<li><a href=\"https:\/\/www.ancpi.ro\/ocpi\/ab\/wp-content\/uploads\/2023\/03\/Monitorul_Oficial_PI_125Bis_2023.pdf\" target=\"_blank\" rel=\"noopener\">Anexa la Ordinul directorului general al Agen\u021biei Na\u021bionale de Cadastru \u0219i Publicitate Imobiliar\u0103 nr. 600\/2023 pentru aprobarea Regulamentului de recep\u021bie \u0219i \u00eenscriere \u00een eviden\u021bele de cadastru \u0219i carte funciar\u0103<\/a><\/li>\n<li><a href=\"https:\/\/www.ancpi.ro\/ocpi\/ab\/wp-content\/uploads\/2021\/09\/decret_lege_nr_115_1938_legi.pdf\" target=\"_blank\" rel=\"noopener\">DECRET-LEGE Nr. 115 din 27 aprilie 1938 pentru unificarea dispozitiilor privitoare la cartile funciare<\/a><\/li>\n<li><a href=\"https:\/\/www.ancpi.ro\/ocpi\/ab\/wp-content\/uploads\/2021\/09\/Lege-7-1996r3-a-cadastrului-si-publicitatii-imobiliare.pdf\" target=\"_blank\" rel=\"noopener\">Legea cadastrului \u015fi a publicit\u0103\u0163ii imobiliare nr. 7\/1996<\/a><\/li>\n<li><a href=\"https:\/\/www.ancpi.ro\/ocpi\/ab\/wp-content\/uploads\/2021\/09\/Lege-18-1991r1-_-Legea-fondului-funciar-.pdf\" target=\"_blank\" rel=\"noopener\">Legea fondului funciar nr. 18\/1991<\/a><\/li>\n<li><a href=\"https:\/\/www.ancpi.ro\/ocpi\/ab\/wp-content\/uploads\/2021\/09\/Lege-50-1991r2-privind-autorizarea-executarii-lucrarilor-de-constructii.pdf\" target=\"_blank\" rel=\"noopener\">Legea nr. 50\/1991 privind autorizarea execut\u0103rii lucr\u0103rilor de construc\u0163ii<\/a><\/li>\n<li><a href=\"https:\/\/www.ancpi.ro\/ocpi\/ab\/wp-content\/uploads\/2021\/09\/Norma-metodologica-2009-de-aplicare-a-Lg-50_1991.pdf\" target=\"_blank\" rel=\"noopener\">Norma metodologic\u0103 de aplicare a Legii nr. 50\/1991 privind autorizarea execut\u0103rii lucr\u0103rilor de construc\u0163ii din 12.10.2009 <\/a><\/li>\n<li><a href=\"https:\/\/www.ancpi.ro\/ocpi\/ab\/wp-content\/uploads\/2021\/09\/Lege-165-2013-privind-restituirea-proprietatilor.pdf\" target=\"_blank\" rel=\"noopener\">Legea nr. 165\/2013 privind m\u0103surile pentru finalizarea procesului de restituire, \u00een natur\u0103 sau prin echivalent, a imobilelor preluate \u00een mod abuziv \u00een perioada regimului comunist \u00een Rom\u00e2nia <\/a><\/li>\n<li><a href=\"https:\/\/www.ancpi.ro\/ocpi\/ab\/wp-content\/uploads\/2021\/09\/Norma-metodologica-2009-de-aplicare-a-Lg-50_1991.pdf\" target=\"_blank\" rel=\"noopener\">Norma metodologic\u0103 de aplicare a Legii nr. 50\/1991 privind autorizarea execut\u0103rii lucr\u0103rilor de construc\u0163ii din 12.10.2009<\/a><\/li>\n<\/ul>\n<h3><strong>Hot\u0103r\u00e2ri<\/strong><\/h3>\n<ul>\n<li><a href=\"https:\/\/www.ancpi.ro\/ocpi\/ab\/wp-content\/uploads\/2021\/09\/Hotarare-1288-2012-de-aprobare-a-Regulamentului-de-organizare-si-functionare-a-ANCPI.pdf\" target=\"_blank\" rel=\"noopener\">Hot\u0103r\u00e2rea nr. 1288\/2012 pentru aprobarea Regulamentului de organizare \u015fi func\u0163ionare a Agen\u0163iei Na\u0163ionale de Cadastru \u015fi Publicitate Imobiliar\u0103<\/a><\/li>\n<li><a href=\"https:\/\/www.ancpi.ro\/ocpi\/ab\/wp-content\/uploads\/2021\/09\/Hotarare-294-2015-privind-aprobarea-Programului-national-de-cadastru-si-carte-funciara-2015-2023.pdf\" target=\"_blank\" rel=\"noopener\">Hot\u0103r\u00e2rea nr. 294\/2015 privind aprobarea Programului na\u0163ional de cadastru \u015fi carte funciar\u0103 2015-2023<\/a><\/li>\n<\/ul>\n<h3><strong>Ordine<\/strong><\/h3>\n<ul>\n<li><a href=\"https:\/\/www.ancpi.ro\/ocpi\/ab\/wp-content\/uploads\/2025\/06\/ordin-1445_2016.pdf\">Ordinul nr. 1445\/2016 privind aprobarea organigramei oficiilor de cadastru si publicitate imobiliara, a Centrului Na\u021bional de Cartografie, precum \u0219i a regulamentelor de organizare \u0219i func\u021bionare a\u0219e acestora<\/a><\/li>\n<li><a href=\"https:\/\/www.ancpi.ro\/ocpi\/ab\/wp-content\/uploads\/2021\/09\/ODG_1562_Codul-de-Etica-si-Integritate-al-personalului-ANCPI.pdf\" target=\"_blank\" rel=\"noopener\">ODG 1562 Codul de Etica si Integritate al personalului ANCPI<\/a><\/li>\n<li><a href=\"https:\/\/www.ancpi.ro\/ocpi\/ab\/wp-content\/uploads\/2021\/09\/Ordin-16-2019-privind-aprobarea-tarifelor-pentru-serviciile-furnizate-de-ANCPI-si-institutiile-subordonate.pdf\" target=\"_blank\" rel=\"noopener\">Ordinul nr. 16\/2019 privind aprobarea tarifelor pentru serviciile furnizate de Agen\u0163ia Na\u0163ional\u0103 de Cadastru \u015fi Publicitate Imobiliar\u0103 \u015fi institu\u0163iile sale subordonate<\/a><\/li>\n<li><a href=\"https:\/\/www.ancpi.ro\/ocpi\/ab\/wp-content\/uploads\/2021\/09\/Ordin-700-2014-privind-aprobarea-Regulamentului-de-avizare-receptie-si-inscriere-in-evidentele-de-cadastru-si-carte-funciara.pdf\" target=\"_blank\" rel=\"noopener\">Ordinul nr. 700\/2014 privind aprobarea Regulamentului de avizare, recep\u0163ie \u015fi \u00eenscriere \u00een eviden\u0163ele de cadastru \u015fi carte funciar\u0103<\/a><\/li>\n<li><a href=\"https:\/\/www.ancpi.ro\/ocpi\/ab\/wp-content\/uploads\/2021\/09\/Ordin-700_2014-Regulament-2014.pdf\" target=\"_blank\" rel=\"noopener\">Regulamentul de avizare, recep\u0163ie \u015fi \u00eenscriere \u00een eviden\u0163ele de cadastru \u015fi carte funciar\u0103 din 09.07.2014<\/a><\/li>\n<li><a href=\"https:\/\/www.ancpi.ro\/ocpi\/ab\/wp-content\/uploads\/2021\/09\/Ordin-819-2016.pdf\" target=\"_blank\" rel=\"noopener\">Ordinul nr. 819\/2016 privind aprobarea Procedurii \u015fi a modalit\u0103\u0163ii de alocare a sumelor, precum \u015fi raportarea de c\u0103tre beneficiari a stadiului de execu\u0163ie a lucr\u0103rilor pentru lucr\u0103rile de \u00eenregistrare sistematic\u0103 ini\u0163iate de unit\u0103\u0163ile administrativ-teritoriale<\/a><\/li>\n<li><a href=\"https:\/\/www.ancpi.ro\/ocpi\/ab\/wp-content\/uploads\/2021\/09\/Ordin-839-2009-pentru-aprobarea-Normelor-metodologice-de-aplicare-a-Legii-nr.-50_1991-privind-autorizarea-executarii-lucrarilor-de-constructii.pdf\" target=\"_blank\" rel=\"noopener\">Ordinul nr. 839\/2009 pentru aprobarea Normelor metodologice de aplicare a Legii nr. 50\/1991 privind autorizarea execut\u0103rii lucr\u0103rilor de construc\u0163ii<\/a><\/li>\n<li><a href=\"https:\/\/www.ancpi.ro\/ocpi\/ab\/wp-content\/uploads\/2021\/09\/Ordin-1445-2016.pdf\" target=\"_blank\" rel=\"noopener\">Ordinul nr. 1445\/2016 privind aprobarea organigramei oficiilor de cadastru \u015fi publicitate imobiliar\u0103, a Centrului Na\u0163ional de Cartografie, precum \u015fi a regulamentelor de organizare \u015fi func\u0163ionare ale acestora<\/a><\/li>\n<li><a href=\"https:\/\/www.ancpi.ro\/ocpi\/ab\/wp-content\/uploads\/2021\/09\/Ordin-1445_2016-Anexa-2016.pdf\" target=\"_blank\" rel=\"noopener\">Anexele nr. 1-5 la Ordinul directorului general al Agen\u0163iei Na\u0163ionale de Cadastru \u015fi Publicitate Imobiliar\u0103 nr. 1.445\/2016 privind aprobarea organigramei oficiilor de cadastru \u015fi publicitate imobiliar\u0103, a Centrului Na\u0163ional de Cartografie, precum \u015fi a regulamentelor de organizare \u015fi func\u0163ionare ale acestora, din 11.11.2016<\/a><\/li>\n<li><a href=\"https:\/\/www.ancpi.ro\/ocpi\/ab\/wp-content\/uploads\/2021\/09\/Ordin-1764-2019-privind-aprobarea-termenelor-de-eliberare-a-documentelor-si-datelor-rezultate-din-furnizarea-serviciilor-de-ANCPI-si-OCPI.pdf\" target=\"_blank\" rel=\"noopener\">Ordinul nr. 1764\/2019 privind aprobarea termenelor de eliberare a documentelor \u015fi datelor rezultate din furnizarea serviciilor de c\u0103tre Agen\u0163ia Na\u0163ional\u0103 de Cadastru \u015fi Publicitate Imobiliar\u0103 \u015fi unit\u0103\u0163ile sale subordonate<\/a><\/li>\n<li><a href=\"https:\/\/www.ancpi.ro\/ocpi\/ab\/wp-content\/uploads\/2021\/09\/Ordinul-819-Procedura-2016.pdf\" target=\"_blank\" rel=\"noopener\">Ordinul 819\/2016 &#8211;\u00a0 Procedura \u015fi modalitatea de alocare a sumelor, precum \u015fi raportarea de c\u0103tre beneficiari a stadiului de execu\u0163ie a lucr\u0103rilor pentru lucr\u0103rile de \u00eenregistrare sistematic\u0103 ini\u0163iate de unit\u0103\u0163ile administrativ-teritoriale din 28.07.2016<\/a><\/li>\n<li><a href=\"https:\/\/www.ancpi.ro\/ocpi\/ab\/wp-content\/uploads\/2026\/03\/Ordinul_275_2026_al_ANCPI.pdf\" target=\"_blank\" rel=\"noopener\">Ordinul nr. 275\/2026 privind completarea procedurii \u0219i a modalit\u0103\u021bii de alocare a sumelor, precum \u0219i a raport\u0103rii de c\u0103tre beneficiari a stadiului de execu\u021bie a lucr\u0103rilor de \u00eentocmire a planurilor parcelare \u00een vederea \u00eenscrierii din oficiu a imobilelor cuprinse \u00een aceste planuri<\/a><\/li>\n<li><a href=\"https:\/\/www.ancpi.ro\/ocpi\/ab\/wp-content\/uploads\/2026\/03\/Ordinul_289_2026_al_ANCPI.pdf\" target=\"_blank\" rel=\"noopener\">Ordinul nr. 289\/2026 al ANCPI pentru completarea anexei la Ordinul nr. 1764\/2019 al ANCPI privind aprobarea termenelor de eliberare a documentelor \u0219i datelor rezultate din furnizarea serviciilor de c\u0103tre ANCPI \u0219i unit\u0103\u021bile sale subordonate<\/a><\/li>\n<li><a href=\"https:\/\/www.ancpi.ro\/ocpi\/ab\/wp-content\/uploads\/2026\/03\/Ordinul_292_2026_al_ANCPI.pdf\" target=\"_blank\" rel=\"noopener\">Ordinul nr. 292\/2026 pentru completarea anexei la Ordinul nr. 16\/2019 privind aprobarea tarifelor pentru serviciile furnizate de ANCPI \u0219i institu\u021biile sale subordonate<\/a><\/li>\n<li><a href=\"https:\/\/www.ancpi.ro\/ocpi\/ab\/wp-content\/uploads\/2026\/03\/Ordinul_293_2026_al_ANCPI.pdf\" target=\"_blank\" rel=\"noopener\">Ordinul nr. 293\/2026 privind modificarea \u0219i completarea Regulamentului de recep\u021bie \u0219i \u00eenscriere \u00een eviden\u021bele de cadastru \u0219i carte funciar\u0103, aprobat prin Ordinul nr. 600\/2023 al ANCPI<\/a><\/li>\n<li><a href=\"https:\/\/www.ancpi.ro\/ocpi\/ab\/wp-content\/uploads\/2026\/03\/Ordinul_600_2023_al_ANCPI.pdf\" target=\"_blank\" rel=\"noopener\">Ordinul nr. 600\/2023 al ANCPI pentru aprobarea Regulamentului de recep\u021bie \u0219i \u00eenscriere \u00een eviden\u021bele de cadastru \u0219i carte funciar\u0103<\/a><\/li>\n<li><a href=\"https:\/\/www.ancpi.ro\/ocpi\/ab\/wp-content\/uploads\/2026\/03\/Procedura_2024_actualizata_Ordin-275_2026.pdf\" target=\"_blank\" rel=\"noopener\">Procedura \u0219i modalitatea de alocare a sumelor, precum \u0219i raportarea de c\u0103tre beneficiari a stadiului de execu\u021bie a lucr\u0103rilor de \u00eentocmire a planurilor parcelare \u00een vederea \u00eenscrierii din oficiu a imobilelor cuprinse \u00een aceste planuri<\/a><\/li>\n<li><a href=\"https:\/\/www.ancpi.ro\/ocpi\/ab\/wp-content\/uploads\/2026\/03\/Regulament_2023_actualizat_17_martie_2026.pdf\" target=\"_blank\" rel=\"noopener\">Regulamentul de recep\u021bie \u0219i \u00eenscriere \u00een eviden\u021bele de cadastru \u0219i carte funciar\u0103<\/a><\/li>\n<\/ul>\n","protected":false},"excerpt":{"rendered":"<p>Regulamentul de organizare \u015fi func\u0163ionare a Agen\u0163iei Na\u0163ionale de Cadastru \u015fi Publicitate Imobiliar\u0103 din 18.12.2012 Legi Anexa la Ordinul directorului general al Agen\u021biei Na\u021bionale de Cadastru \u0219i Publicitate Imobiliar\u0103 nr. 600\/2023 pentru aprobarea Regulamentului de recep\u021bie \u0219i \u00eenscriere \u00een eviden\u021bele de cadastru \u0219i carte funciar\u0103 DECRET-LEGE Nr. 115 din 27 aprilie 1938 pentru unificarea dispozitiilor [&hellip;]<\/p>\n","protected":false},"author":4,"featured_media":0,"parent":0,"menu_order":0,"comment_status":"closed","ping_status":"closed","template":"","meta":{"footnotes":""},"class_list":["post-1594","page","type-page","status-publish","hentry"],"_links":{"self":[{"href":"https:\/\/www.ancpi.ro\/ocpi\/ab\/wp-json\/wp\/v2\/pages\/1594","targetHints":{"allow":["GET"]}}],"collection":[{"href":"https:\/\/www.ancpi.ro\/ocpi\/ab\/wp-json\/wp\/v2\/pages"}],"about":[{"href":"https:\/\/www.ancpi.ro\/ocpi\/ab\/wp-json\/wp\/v2\/types\/page"}],"author":[{"embeddable":true,"href":"https:\/\/www.ancpi.ro\/ocpi\/ab\/wp-json\/wp\/v2\/users\/4"}],"replies":[{"embeddable":true,"href":"https:\/\/www.ancpi.ro\/ocpi\/ab\/wp-json\/wp\/v2\/comments?post=1594"}],"version-history":[{"count":6,"href":"https:\/\/www.ancpi.ro\/ocpi\/ab\/wp-json\/wp\/v2\/pages\/1594\/revisions"}],"predecessor-version":[{"id":7082,"href":"https:\/\/www.ancpi.ro\/ocpi\/ab\/wp-json\/wp\/v2\/pages\/1594\/revisions\/7082"}],"wp:attachment":[{"href":"https:\/\/www.ancpi.ro\/ocpi\/ab\/wp-json\/wp\/v2\/media?parent=1594"}],"curies":[{"name":"wp","href":"https:\/\/api.w.org\/{rel}","templated":true}]}}