{"id":2126,"date":"2018-10-17T08:17:41","date_gmt":"2018-10-17T08:17:41","guid":{"rendered":"http:\/\/testare.ga\/ancpi\/?page_id=2126"},"modified":"2026-01-27T16:03:26","modified_gmt":"2026-01-27T14:03:26","slug":"contact","status":"publish","type":"page","link":"https:\/\/www.ancpi.ro\/ocpi\/ab\/contact\/","title":{"rendered":"Contact"},"content":{"rendered":"<table>\n<tbody>\n<tr>\n<th>OFICIUL DE CADASTRU \u015eI PUBLICITATE IMOBILIAR\u0102 ALBA<\/th>\n<\/tr>\n<tr>\n<td>\n<h4>Str. Septimius Severus nr. 59, cod postal: 510129, Alba Iulia<\/h4>\n<h4>Tel: 0258 813170<\/h4>\n<h4>Email: ab@ancpi.ro<\/h4>\n<h4>Site: https:\/\/www.ancpi.ro\/ocpi\/ab\/<\/h4>\n<h4>Cont: RO52TREZ002501503X008036<\/h4>\n<h4>Cod Fiscal: 9725118<\/h4>\n<h4><strong>PROGRAMUL DE FUNC\u0162IONARE<\/strong> Luni &#8211; Joi 8:00 &#8211; 16:30<br \/>\nVineri 8:00 &#8211; 14:00<br \/>\nS\u00e2mb\u0103t\u0103 &#8211; Duminic\u0103:\u00cenchis<\/h4>\n<\/td>\n<\/tr>\n<\/tbody>\n<\/table>\n<p>&nbsp;<\/p>\n<table>\n<thead>\n<tr>\n<th>ORAR REGISTRATURA<\/th>\n<\/tr>\n<\/thead>\n<\/table>\n<p style=\"text-align: center;\">PRIMIRI ACTE<\/p>\n<p style=\"text-align: center;\">LUNI &#8211; JOI<\/p>\n<p style=\"text-align: center;\"><strong>8:30 &#8211; 14:00<\/strong><\/p>\n<p style=\"text-align: center;\">VINERI<\/p>\n<p style=\"text-align: center;\"><strong>8:30 &#8211; 13:00<\/strong><\/p>\n<p style=\"text-align: center;\">ELIBER\u0102RI ACTE<\/p>\n<p style=\"text-align: center;\">LUNI &#8211; JOI<\/p>\n<p style=\"text-align: center;\">11:00 &#8211; 16:00<\/p>\n<p style=\"text-align: center;\">VINERI<\/p>\n<p style=\"text-align: center;\">9:30 &#8211; 13:30<\/p>\n<table>\n<tbody>\n<tr>\n<th colspan=\"2\">DATE CONTACT BCPI-uri<\/th>\n<\/tr>\n<tr>\n<td>\n<h3>BCPI ALBA IULIA<\/h3>\n<\/td>\n<td><strong>Adresa: <\/strong>Str. Septimius Severus, nr. 59, cod postal 510129, Alba Iulia, judetul Alba<br \/>\n<strong>Tel.: <\/strong>0258 832301<br \/>\n<strong>Email: <\/strong>bcpi.albaiulia@ancpi.ro<\/td>\n<\/tr>\n<tr>\n<td>\n<h3>BCPI AIUD<\/h3>\n<\/td>\n<td><strong>Adresa: <\/strong>Str. Cuza Voda, nr. 14, cod postal 515200, Aiud, judetul ALBA<br \/>\n<strong>Tel.: <\/strong>0258 861405<br \/>\n<strong>Email: <\/strong>bcpi.aiud@ancpi.ro<\/td>\n<\/tr>\n<tr>\n<td>\n<h3>BCPI BLAJ<\/h3>\n<\/td>\n<td><strong>Adresa: <\/strong>Str. Garii, bloc 4, parter, cod postal 515400, Blaj, judetul Alba<br \/>\n<strong>Tel.: <\/strong>0258 711113<br \/>\n<strong>Email: <\/strong>bcpi.blaj@ancpi.ro<\/td>\n<\/tr>\n<tr>\n<td>\n<h3>BCPI CAMPENI<\/h3>\n<\/td>\n<td><strong>Adresa: <\/strong>Str. Mestesugarilor, nr. 2, cod postal 515500, Campeni, judetul ALBA<br \/>\n<strong>Tel.: <\/strong>0258 771299<br \/>\n<strong>Email: <\/strong>bcpi.campeni@ancpi.ro<\/td>\n<\/tr>\n<tr>\n<td>\n<h3>BCPI SEBES<\/h3>\n<\/td>\n<td><strong>Adresa: <\/strong>Str. Depozitelor, Nr. 2, Sebes, judetul Alba<br \/>\n<strong>Tel.: <\/strong>0258 732973<br \/>\n<strong>Email: <\/strong>bcpi.sebes@ancpi.ro<\/td>\n<\/tr>\n<\/tbody>\n<\/table>\n<table>\n<thead>\n<tr>\n<th>PROGRAM DE LUCRU CU EXPER\u021aII TEHNICI JUDICIARI<\/th>\n<\/tr>\n<\/thead>\n<\/table>\n<p style=\"text-align: center;\">LUNI &#8211; VINERI<\/p>\n<p style=\"text-align: center;\"><strong>8:30 &#8211; 14:00<\/strong><\/p>\n<p>&nbsp;<\/p>\n","protected":false},"excerpt":{"rendered":"<p>OFICIUL DE CADASTRU \u015eI PUBLICITATE IMOBILIAR\u0102 ALBA Str. Septimius Severus nr. 59, cod postal: 510129, Alba Iulia Tel: 0258 813170 Email: ab@ancpi.ro Site: https:\/\/www.ancpi.ro\/ocpi\/ab\/ Cont: RO52TREZ002501503X008036 Cod Fiscal: 9725118 PROGRAMUL DE FUNC\u0162IONARE Luni &#8211; Joi 8:00 &#8211; 16:30 Vineri 8:00 &#8211; 14:00 S\u00e2mb\u0103t\u0103 &#8211; Duminic\u0103:\u00cenchis &nbsp; ORAR REGISTRATURA PRIMIRI ACTE LUNI &#8211; JOI 8:30 &#8211; [&hellip;]<\/p>\n","protected":false},"author":4,"featured_media":0,"parent":0,"menu_order":0,"comment_status":"closed","ping_status":"closed","template":"","meta":{"footnotes":""},"class_list":["post-2126","page","type-page","status-publish","hentry"],"_links":{"self":[{"href":"https:\/\/www.ancpi.ro\/ocpi\/ab\/wp-json\/wp\/v2\/pages\/2126","targetHints":{"allow":["GET"]}}],"collection":[{"href":"https:\/\/www.ancpi.ro\/ocpi\/ab\/wp-json\/wp\/v2\/pages"}],"about":[{"href":"https:\/\/www.ancpi.ro\/ocpi\/ab\/wp-json\/wp\/v2\/types\/page"}],"author":[{"embeddable":true,"href":"https:\/\/www.ancpi.ro\/ocpi\/ab\/wp-json\/wp\/v2\/users\/4"}],"replies":[{"embeddable":true,"href":"https:\/\/www.ancpi.ro\/ocpi\/ab\/wp-json\/wp\/v2\/comments?post=2126"}],"version-history":[{"count":7,"href":"https:\/\/www.ancpi.ro\/ocpi\/ab\/wp-json\/wp\/v2\/pages\/2126\/revisions"}],"predecessor-version":[{"id":6988,"href":"https:\/\/www.ancpi.ro\/ocpi\/ab\/wp-json\/wp\/v2\/pages\/2126\/revisions\/6988"}],"wp:attachment":[{"href":"https:\/\/www.ancpi.ro\/ocpi\/ab\/wp-json\/wp\/v2\/media?parent=2126"}],"curies":[{"name":"wp","href":"https:\/\/api.w.org\/{rel}","templated":true}]}}