{"id":5034,"date":"2021-08-03T19:03:48","date_gmt":"2021-08-03T16:03:48","guid":{"rendered":"https:\/\/www.ancpi.ro\/ocpi\/ab\/?page_id=5034"},"modified":"2025-10-07T08:24:56","modified_gmt":"2025-10-07T05:24:56","slug":"conducerea","status":"publish","type":"page","link":"https:\/\/www.ancpi.ro\/ocpi\/ab\/conducerea\/","title":{"rendered":"Conducerea"},"content":{"rendered":"<p>&nbsp;<\/p>\n<table>\n<thead>\n<tr>\n<th>Nume\/Functie<\/th>\n<\/tr>\n<\/thead>\n<tbody>\n<tr>\n<td>\n<h4>Cornelia \u0162\u0102RAN-BABA<\/h4>\n<p>Director<\/td>\n<\/tr>\n<tr>\n<td>\n<h4>Anca GHERMAN<\/h4>\n<p>\u015eef Serviciu Publicitate Imobiliar\u0103<\/td>\n<\/tr>\n<tr>\n<td>\n<h4>Cornel-Lucian DANCIU<\/h4>\n<p>\u015eef Serviciu Cadastru<\/td>\n<\/tr>\n<tr>\n<td>\n<h4>Andrei-\u0218tefan BABA<\/h4>\n<p>\u015eef Serviciu Fond Funciar<\/td>\n<\/tr>\n<tr>\n<td>\n<h4>Flavius-Avram B\u0102L\u0102NEANU<\/h4>\n<p>\u015eef Serviciu \u00cenregistrare Sistematic\u0103<\/td>\n<\/tr>\n<tr>\n<td>\n<h4>Nicoleta IONESCU<\/h4>\n<p>\u015eef Serviciu Economic<\/td>\n<\/tr>\n<tr>\n<td>\n<h4>Elena-Cristina MOLDOVAN<\/h4>\n<p>\u0218ef Serviciu Juridic, Resurse Umane, Secretariat \u0219i Peti\u021bii<\/td>\n<\/tr>\n<tr>\n<td>\n<h4>Gabriela MARC<\/h4>\n<p>Registrator coordonator &#8211; BCPI ALBA IULIA<\/td>\n<\/tr>\n<tr>\n<td>\n<h4>Mirela Simina FENE\u0218AN<\/h4>\n<p>Registrator coordonator\u00a0 &#8211; BCPI AIUD<\/td>\n<\/tr>\n<tr>\n<td>\n<h4>Emilia-Constan\u021ba OANCEA<\/h4>\n<p>Registrator coordonator\u00a0 &#8211; BCPI BLAJ<\/td>\n<\/tr>\n<tr>\n<td>\n<h4>Liliana SICOE<\/h4>\n<p>Registrator coordonator\u00a0 &#8211; BCPI C\u00c2MPENI<\/td>\n<\/tr>\n<tr>\n<td>\n<h4>Ioana Lucia BLAGA<\/h4>\n<p>Registrator coordonator\u00a0 &#8211; BCPI SEBE\u0218<\/td>\n<\/tr>\n<\/tbody>\n<\/table>\n<p>&nbsp;<\/p>\n","protected":false},"excerpt":{"rendered":"<p>&nbsp; Nume\/Functie Cornelia \u0162\u0102RAN-BABA Director Anca GHERMAN \u015eef Serviciu Publicitate Imobiliar\u0103 Cornel-Lucian DANCIU \u015eef Serviciu Cadastru Andrei-\u0218tefan BABA \u015eef Serviciu Fond Funciar Flavius-Avram B\u0102L\u0102NEANU \u015eef Serviciu \u00cenregistrare Sistematic\u0103 Nicoleta IONESCU \u015eef Serviciu Economic Elena-Cristina MOLDOVAN \u0218ef Serviciu Juridic, Resurse Umane, Secretariat \u0219i Peti\u021bii Gabriela MARC Registrator coordonator &#8211; BCPI ALBA IULIA Mirela Simina FENE\u0218AN Registrator [&hellip;]<\/p>\n","protected":false},"author":5,"featured_media":0,"parent":0,"menu_order":0,"comment_status":"closed","ping_status":"closed","template":"","meta":{"footnotes":""},"class_list":["post-5034","page","type-page","status-publish","hentry"],"_links":{"self":[{"href":"https:\/\/www.ancpi.ro\/ocpi\/ab\/wp-json\/wp\/v2\/pages\/5034","targetHints":{"allow":["GET"]}}],"collection":[{"href":"https:\/\/www.ancpi.ro\/ocpi\/ab\/wp-json\/wp\/v2\/pages"}],"about":[{"href":"https:\/\/www.ancpi.ro\/ocpi\/ab\/wp-json\/wp\/v2\/types\/page"}],"author":[{"embeddable":true,"href":"https:\/\/www.ancpi.ro\/ocpi\/ab\/wp-json\/wp\/v2\/users\/5"}],"replies":[{"embeddable":true,"href":"https:\/\/www.ancpi.ro\/ocpi\/ab\/wp-json\/wp\/v2\/comments?post=5034"}],"version-history":[{"count":6,"href":"https:\/\/www.ancpi.ro\/ocpi\/ab\/wp-json\/wp\/v2\/pages\/5034\/revisions"}],"predecessor-version":[{"id":6957,"href":"https:\/\/www.ancpi.ro\/ocpi\/ab\/wp-json\/wp\/v2\/pages\/5034\/revisions\/6957"}],"wp:attachment":[{"href":"https:\/\/www.ancpi.ro\/ocpi\/ab\/wp-json\/wp\/v2\/media?parent=5034"}],"curies":[{"name":"wp","href":"https:\/\/api.w.org\/{rel}","templated":true}]}}