{"id":5194,"date":"2021-08-16T18:04:45","date_gmt":"2021-08-16T15:04:45","guid":{"rendered":"https:\/\/www.ancpi.ro\/ocpi\/ab\/?page_id=5194"},"modified":"2026-03-25T12:57:54","modified_gmt":"2026-03-25T10:57:54","slug":"informatii-furnizate-din-oficiu-potrivit-legii-nr-544-2001","status":"publish","type":"page","link":"https:\/\/www.ancpi.ro\/ocpi\/ab\/informatii-furnizate-din-oficiu-potrivit-legii-nr-544-2001\/","title":{"rendered":"Informa\u021bii furnizate din oficiu &#8211; potrivit Legii nr. 544\/2001"},"content":{"rendered":"<h2 style=\"text-align: center;\"><strong>SOLICITARE <\/strong><strong>INFORMA\u0162II\u00a0 (LEGISLA\u021aIE): <\/strong><\/h2>\n<ul>\n<li><a href=\"http:\/\/legisla\u0163ie.just.ro\"><strong> Legea nr. 544\/2001 privind liberul acces la informa\u0163iile de interes public \u015fi a Normelor Metodologice de aplicare a Legii nr. 544\/2001<\/strong><\/a><strong>\u00a0 \u00a0 \u00a0 \u00a0<\/strong><\/li>\n<li><a href=\"http:\/\/legisla\u0163ie.just.ro\"><strong>Hot\u0103r\u00e2rea Guvernului nr. 123\/2002, cu modific\u0103rile \u015fi complet\u0103rile ulterioare<\/strong><\/a><\/li>\n<li><a href=\"http:\/\/legisla\u0163ie.just.ro\"><strong>Legea nr. 109\/2007 privind reutilizarea informa\u0163iilor din institu\u0163iile publice, cu modific\u0103rile \u015fi complet\u0103rile ulterioare<\/strong><\/a><\/li>\n<\/ul>\n<p>&nbsp;<\/p>\n<h3><strong>\u00a0 \u00a0 \u00a0 \u00a0 \u00a0 \u00a0 \u00a0 \u00a0 1.1 Numele \u015fi prenumele persoanei responsabile de primirea solicit\u0103rilor \u00een baza Legii nr. 544\/2001:<\/strong><\/h3>\n<h3 style=\"text-align: center;\"><strong>Felicia COLDA<\/strong> &#8211; Telefon: <strong>(0258) 813170<\/strong> &#8211; Int<strong> 148<\/strong><\/h3>\n<p><strong>\u00a0 \u00a0 \u00a0 \u00a0<\/strong><\/p>\n<h3><strong>\u00a0 \u00a0 \u00a0 \u00a0 \u00a0 \u00a0 \u00a0 \u00a01.2 Formular de solicitare \u00een baza Legii nr. 544\/2001:<\/strong><\/h3>\n<p><span style=\"color: #000080;\"><strong>\u00a0 \u00a0 \u00a0 \u00a0 \u00a0 \u00a0 \u00a0 \u00a0 \u00a0 \u00a0 \u00a0 CERERE TIP DE SOLICITARE CONFORM LEGII NR. 544\/2001<\/strong><\/span>\u00a0 <a href=\"https:\/\/www.ancpi.ro\/ocpi\/ab\/wp-content\/uploads\/2025\/05\/1.CERERE_TIP_DE_SOLICITARE_CONFORM_LEGII_544_2001.docx\" target=\"_blank\" rel=\"noopener\"><img loading=\"lazy\" decoding=\"async\" class=\"wp-image-4990 alignnone\" src=\"https:\/\/www.ancpi.ro\/ocpi\/ab\/wp-content\/uploads\/2025\/05\/word-icon.png\" alt=\"\" width=\"25\" height=\"26\" \/><\/a><\/p>\n<p>&nbsp;<\/p>\n<h3><strong>\u00a0 \u00a0 \u00a0 \u00a0 \u00a0 \u00a0 \u00a0 1.3 Modalitatea de contestare a deciziei \u015fi formulare pentru reclama\u0163ii administrative:<\/strong><\/h3>\n<p style=\"padding-left: 80px;\"><span style=\"color: #000080;\"><strong>&#8211;\u00a0 RECLAMA\u021aIE ADMINISTRATIV\u0102 (1)<\/strong><\/span>\u00a0 \u00a0<a href=\"https:\/\/www.ancpi.ro\/ocpi\/ab\/wp-content\/uploads\/2025\/05\/2.RECLAMATIE_ADMINISTRATIVA1.docx\" target=\"_blank\" rel=\"noopener\"><img loading=\"lazy\" decoding=\"async\" class=\"wp-image-4990 alignnone\" src=\"https:\/\/www.ancpi.ro\/ocpi\/ab\/wp-content\/uploads\/2025\/05\/word-icon.png\" alt=\"\" width=\"25\" height=\"26\" \/><\/a><\/p>\n<p style=\"padding-left: 80px;\"><span style=\"color: #000080;\"><strong>&#8211;\u00a0 RECLAMA\u021aIE ADMINISTRATIV\u0102 (2)<\/strong><\/span>\u00a0 <a href=\"https:\/\/www.ancpi.ro\/ocpi\/ab\/wp-content\/uploads\/2025\/05\/3.RECLAMATIE_ADMINISTRATIVA2.docx\" target=\"_blank\" rel=\"noopener\"><img loading=\"lazy\" decoding=\"async\" class=\"wp-image-4990 alignnone\" src=\"https:\/\/www.ancpi.ro\/ocpi\/ab\/wp-content\/uploads\/2025\/05\/word-icon.png\" alt=\"\" width=\"25\" height=\"26\" \/><\/a><\/p>\n<p style=\"padding-left: 80px;\"><span style=\"color: #000080;\"><strong>&#8211;\u00a0 MODALIT\u0102\u021aI DE CONTESTARE A DECIZIEI PRIVIND FURNIZAREA INFORMA\u021aIILOR DE INTERES PUBLIC<\/strong><\/span>\u00a0 <a href=\"https:\/\/www.ancpi.ro\/ocpi\/ab\/wp-content\/uploads\/2025\/05\/4.MODALITATI_DE_CONTESTARE_A_DECIZIEI.docx\" target=\"_blank\" rel=\"noopener\"><img loading=\"lazy\" decoding=\"async\" class=\"wp-image-4990 alignnone\" src=\"https:\/\/www.ancpi.ro\/ocpi\/ab\/wp-content\/uploads\/2025\/05\/word-icon.png\" alt=\"\" width=\"25\" height=\"26\" \/><\/a><\/p>\n<p>&nbsp;<\/p>\n<h3><strong>\u00a0 \u00a0 \u00a0 \u00a0 \u00a0 \u00a0 \u00a0 \u00a01.4 Lista documentelor de interes public \u015fi Lista documentelor produse\/gestionate de autoritatea\/institu\u0163ia public\u0103:<\/strong><\/h3>\n<p style=\"padding-left: 80px;\"><span style=\"color: #000080;\"><strong>&#8211; LISTA DOCUMENTELOR DE INTERES PUBLIC GESTIONATE DE OCPI ALBA\u00a0 <a href=\"https:\/\/www.ancpi.ro\/ocpi\/ab\/wp-content\/uploads\/2025\/06\/A.LISTA-DOCUMENTELOR-DE-INTERES-PUBLIC_OCPI-ALBA.doc\" target=\"_blank\" rel=\"noopener\"><img loading=\"lazy\" decoding=\"async\" class=\"alignnone wp-image-4990\" src=\"https:\/\/www.ancpi.ro\/ocpi\/ab\/wp-content\/uploads\/2025\/05\/word-icon.png\" alt=\"\" width=\"25\" height=\"26\" \/><\/a><\/strong><\/span><\/p>\n<p style=\"padding-left: 80px;\"><strong><span style=\"color: #000080;\">&#8211; LISTA INFORMA\u021aIILOR EXCEPTATE DE LA COMUNICARE\u00a0 <a href=\"https:\/\/www.ancpi.ro\/ocpi\/ab\/wp-content\/uploads\/2025\/06\/B.LISTA-INFORMATIILOR-EXCEPTATE-DE-LA-COMUNICARE_OCPI-ALBA.doc\" target=\"_blank\" rel=\"noopener\"><img loading=\"lazy\" decoding=\"async\" class=\"alignnone wp-image-4990\" src=\"https:\/\/www.ancpi.ro\/ocpi\/ab\/wp-content\/uploads\/2025\/05\/word-icon.png\" alt=\"\" width=\"25\" height=\"26\" \/><\/a><\/span><\/strong><\/p>\n<p style=\"padding-left: 80px;\"><span style=\"color: #000080;\">&#8211; <strong>LISTA CUPRINZ\u00c2ND CATEGORIILE DE DOCUMENTE PRODUSE \u015eI\/SAU GESTIONATE DE OCPI ALBA\u00a0 <a href=\"https:\/\/www.ancpi.ro\/ocpi\/ab\/wp-content\/uploads\/2025\/06\/C.-LISTA-CUPRINZAND-CATEGORIILE-DE-DOCUMENTE-PRODUSE-SI-SAU-GESTIONATE_OCPI-ALBA.doc\" target=\"_blank\" rel=\"noopener\"><img loading=\"lazy\" decoding=\"async\" class=\"alignnone wp-image-4990\" src=\"https:\/\/www.ancpi.ro\/ocpi\/ab\/wp-content\/uploads\/2025\/05\/word-icon.png\" alt=\"\" width=\"25\" height=\"26\" \/><\/a><\/strong><\/span><\/p>\n<p style=\"text-align: center;\"><strong>1.5 RAPOARTE PRIVIND ACCESUL LA INFORMA\u021aIILE DE INTERES PUBLIC<\/strong><\/p>\n<p style=\"text-align: center;\"><span style=\"color: #000080;\">Raport evaluare anul 2025<\/span> <a href=\"https:\/\/www.ancpi.ro\/ocpi\/ab\/wp-content\/uploads\/2026\/03\/Raport_de_evaluare_anul_2025.pdf\" target=\"_blank\" rel=\"noopener\"><img loading=\"lazy\" decoding=\"async\" class=\"wp-image-4990 alignnone\" src=\"https:\/\/www.ancpi.ro\/ocpi\/ab\/wp-content\/uploads\/2021\/07\/PDF-Download.png\" alt=\"\" width=\"25\" height=\"26\" \/><\/a><\/p>\n<p style=\"text-align: center;\"><span style=\"color: #000080;\">Raport evaluare anul 2024<\/span> <a href=\"https:\/\/www.ancpi.ro\/ocpi\/ab\/wp-content\/uploads\/2025\/05\/RAPORT-LEGEA-544_2001-OCPI-ALBA-2024.pdf\" target=\"_blank\" rel=\"noopener\"><img loading=\"lazy\" decoding=\"async\" class=\"wp-image-4990 alignnone\" src=\"https:\/\/www.ancpi.ro\/ocpi\/ab\/wp-content\/uploads\/2021\/07\/PDF-Download.png\" alt=\"\" width=\"25\" height=\"26\" \/><\/a><\/p>\n<p style=\"text-align: center;\"><span style=\"color: #000080;\">Raport evaluare anul 2023<\/span> <a href=\"https:\/\/www.ancpi.ro\/ocpi\/ab\/wp-content\/uploads\/2024\/02\/RAPORT-LEGEA-544_2001-OCPI-ALBA-2023.pdf\" target=\"_blank\" rel=\"noopener\"><img loading=\"lazy\" decoding=\"async\" class=\"wp-image-4990 alignnone\" src=\"https:\/\/www.ancpi.ro\/ocpi\/ab\/wp-content\/uploads\/2021\/07\/PDF-Download.png\" alt=\"\" width=\"25\" height=\"26\" \/><\/a><\/p>\n<p style=\"text-align: center;\"><span style=\"color: #000080;\">Raport evaluare anul 2022<\/span> <a href=\"https:\/\/www.ancpi.ro\/ocpi\/ab\/wp-content\/uploads\/2023\/03\/260.pdf\" target=\"_blank\" rel=\"noopener\"><img loading=\"lazy\" decoding=\"async\" class=\"wp-image-4990 alignnone\" src=\"https:\/\/www.ancpi.ro\/ocpi\/ab\/wp-content\/uploads\/2021\/07\/PDF-Download.png\" alt=\"\" width=\"25\" height=\"26\" \/><\/a><\/p>\n<p style=\"text-align: center;\"><span style=\"color: #000080;\">Raport evaluare anul 2021<\/span> <a href=\"https:\/\/www.ancpi.ro\/ocpi\/ab\/wp-content\/uploads\/2021\/08\/609_194_Raport_evaluare_implementare_LEGE_544_2001_pe_anul_2020.pdf\" target=\"_blank\" rel=\"noopener\"><img loading=\"lazy\" decoding=\"async\" class=\"wp-image-4990 alignnone\" src=\"https:\/\/www.ancpi.ro\/ocpi\/ab\/wp-content\/uploads\/2021\/07\/PDF-Download.png\" alt=\"\" width=\"25\" height=\"26\" \/><\/a><\/p>\n<p style=\"text-align: center;\"><span style=\"color: #000080;\">Raport evaluare anul 2020<\/span> <a href=\"https:\/\/www.ancpi.ro\/ocpi\/ab\/wp-content\/uploads\/2021\/08\/609_194_Raport_evaluare_implementare_LEGE_544_2001_pe_anul_2020.pdf\" target=\"_blank\" rel=\"noopener\"><img loading=\"lazy\" decoding=\"async\" class=\"wp-image-4990 alignnone\" src=\"https:\/\/www.ancpi.ro\/ocpi\/ab\/wp-content\/uploads\/2021\/07\/PDF-Download.png\" alt=\"\" width=\"25\" height=\"26\" \/><\/a><\/p>\n<p style=\"text-align: center;\"><span style=\"color: #000080;\">Raport evaluare anul 2019<\/span> \u00a0<a href=\"https:\/\/www.ancpi.ro\/ocpi\/ab\/wp-content\/uploads\/2021\/08\/1052_RAPORT_DE_EVALUARE_A_IMPLEMETARII_LEGII_NR_544_2001_PENTRU_ANUL_2019.pdf\" target=\"_blank\" rel=\"noopener\"><img loading=\"lazy\" decoding=\"async\" class=\"wp-image-4990 alignnone\" src=\"https:\/\/www.ancpi.ro\/ocpi\/ab\/wp-content\/uploads\/2021\/07\/PDF-Download.png\" alt=\"\" width=\"25\" height=\"26\" \/><\/a><\/p>\n<p>&nbsp;<\/p>\n<h3 style=\"text-align: left;\">\u00a0 \u00a0 \u00a0 \u00a0 \u00a0 \u00a0 \u00a0 \u00a0 BULETINUL INFORMATIV AL INFORMA\u0162IILOR DE INTERES PUBLIC \u00a0<span style=\"color: #000080;\"><strong><a href=\"https:\/\/www.ancpi.ro\/ocpi\/ab\/wp-content\/uploads\/2025\/06\/BULETIN-INFORMATIV-AL-INFORMATIILOR-DE-INTERES-PUBLIC_-OCPI-Alba.docx\" target=\"_blank\" rel=\"noopener\"><img loading=\"lazy\" decoding=\"async\" class=\"alignnone wp-image-4990\" src=\"https:\/\/www.ancpi.ro\/ocpi\/ab\/wp-content\/uploads\/2025\/05\/word-icon.png\" alt=\"\" width=\"25\" height=\"26\" \/><\/a><\/strong><\/span><\/h3>\n","protected":false},"excerpt":{"rendered":"<p>SOLICITARE INFORMA\u0162II\u00a0 (LEGISLA\u021aIE): Legea nr. 544\/2001 privind liberul acces la informa\u0163iile de interes public \u015fi a Normelor Metodologice de aplicare a Legii nr. 544\/2001\u00a0 \u00a0 \u00a0 \u00a0 Hot\u0103r\u00e2rea Guvernului nr. 123\/2002, cu modific\u0103rile \u015fi complet\u0103rile ulterioare Legea nr. 109\/2007 privind reutilizarea informa\u0163iilor din institu\u0163iile publice, cu modific\u0103rile \u015fi complet\u0103rile ulterioare &nbsp; \u00a0 \u00a0 \u00a0 \u00a0 [&hellip;]<\/p>\n","protected":false},"author":5,"featured_media":0,"parent":0,"menu_order":0,"comment_status":"closed","ping_status":"closed","template":"","meta":{"footnotes":""},"class_list":["post-5194","page","type-page","status-publish","hentry"],"_links":{"self":[{"href":"https:\/\/www.ancpi.ro\/ocpi\/ab\/wp-json\/wp\/v2\/pages\/5194","targetHints":{"allow":["GET"]}}],"collection":[{"href":"https:\/\/www.ancpi.ro\/ocpi\/ab\/wp-json\/wp\/v2\/pages"}],"about":[{"href":"https:\/\/www.ancpi.ro\/ocpi\/ab\/wp-json\/wp\/v2\/types\/page"}],"author":[{"embeddable":true,"href":"https:\/\/www.ancpi.ro\/ocpi\/ab\/wp-json\/wp\/v2\/users\/5"}],"replies":[{"embeddable":true,"href":"https:\/\/www.ancpi.ro\/ocpi\/ab\/wp-json\/wp\/v2\/comments?post=5194"}],"version-history":[{"count":6,"href":"https:\/\/www.ancpi.ro\/ocpi\/ab\/wp-json\/wp\/v2\/pages\/5194\/revisions"}],"predecessor-version":[{"id":7093,"href":"https:\/\/www.ancpi.ro\/ocpi\/ab\/wp-json\/wp\/v2\/pages\/5194\/revisions\/7093"}],"wp:attachment":[{"href":"https:\/\/www.ancpi.ro\/ocpi\/ab\/wp-json\/wp\/v2\/media?parent=5194"}],"curies":[{"name":"wp","href":"https:\/\/api.w.org\/{rel}","templated":true}]}}