{"id":5308,"date":"2021-08-19T12:36:12","date_gmt":"2021-08-19T09:36:12","guid":{"rendered":"https:\/\/www.ancpi.ro\/ocpi\/ab\/?page_id=5308"},"modified":"2026-03-19T11:29:35","modified_gmt":"2026-03-19T09:29:35","slug":"formulare-tip","status":"publish","type":"page","link":"https:\/\/www.ancpi.ro\/ocpi\/ab\/formulare-tip\/","title":{"rendered":"Formulare Tip"},"content":{"rendered":"<h3>Cereri \u0219i formulare tipizate &#8211;<strong>Anexe conform Ordinului 600\/2023 al ANCPI<\/strong><\/h3>\n<ul>\n<li><a href=\"https:\/\/www.ancpi.ro\/ocpi\/ab\/wp-content\/uploads\/2026\/03\/Anexa_1.doc\" target=\"_blank\" rel=\"noopener\"><b>Anexa 1<\/b>\u00a0Cerere pentru eliberarea copiilor dup\u0103 documentele aflate \u00een arhiva biroului teritorial<\/a><\/li>\n<li><a href=\"https:\/\/www.ancpi.ro\/ocpi\/ab\/wp-content\/uploads\/2026\/03\/Anexa_5.doc\" target=\"_blank\" rel=\"noopener\"><b>Anexa 5<\/b> Cerere de \u00eenscriere<\/a><\/li>\n<li><a href=\"https:\/\/www.ancpi.ro\/ocpi\/ab\/wp-content\/uploads\/2026\/03\/Anexa_6.doc\" target=\"_blank\" rel=\"noopener\"><b>Anexa 6<\/b> Cerere pentru eliberare extras de carte funciara pentru informare<\/a><\/li>\n<li><a href=\"https:\/\/www.ancpi.ro\/ocpi\/ab\/wp-content\/uploads\/2026\/03\/Anexa_7.docx\" target=\"_blank\" rel=\"noopener\"><b>Anexa 7<\/b> Cerere pentru eliberarea unui certificat de sarcini<\/a><\/li>\n<li><a href=\"https:\/\/www.ancpi.ro\/ocpi\/ab\/wp-content\/uploads\/2026\/03\/Anexa_8.doc\" target=\"_blank\" rel=\"noopener\"><b>Anexa 8<\/b> Cerere privind identificarea num\u0103rului de carte funciar\u0103 \u0219i a num\u0103rului cadastral topografic al\/ale imobilului\/imobilelor dup\u0103 numele\/denumirea proprietarului<\/a><\/li>\n<li><a href=\"https:\/\/www.ancpi.ro\/ocpi\/ab\/wp-content\/uploads\/2026\/03\/Anexa_9.doc\" target=\"_blank\" rel=\"noopener\"><b>Anexa 9<\/b> Certificat privind identificarea num\u0103rului topografic\/cadastral \u0219i de carte funciar\u0103 dup\u0103 numele\/denumirea proprietarului<\/a><\/li>\n<li><a href=\"https:\/\/www.ancpi.ro\/ocpi\/ab\/wp-content\/uploads\/2026\/03\/Anexa_10.doc\" target=\"_blank\" rel=\"noopener\"><b>Anexa 10<\/b> Cerere privind \u00eenscrierea imobilului \u00een eviden\u021bele de cadastru \u0219i carte funciar\u0103 dup\u0103 datele de identificare ale acestuia<\/a><\/li>\n<li><a href=\"https:\/\/www.ancpi.ro\/ocpi\/ab\/wp-content\/uploads\/2026\/03\/Anexa_11.doc\" target=\"_blank\" rel=\"noopener\"><b>Anexa 11<\/b> Certificat privind \u00eenscrierea imobilului \u00een eviden\u021bele de cadastru \u0219i carte funciar\u0103 dup\u0103 datele de identificare ale acestuia<\/a><\/li>\n<li><a href=\"https:\/\/www.ancpi.ro\/ocpi\/ab\/wp-content\/uploads\/2026\/03\/Anexa_12.doc\" target=\"_blank\" rel=\"noopener\"><b>Anexa 12<\/b> \u00a0Cerere de informa\u021bii<\/a><\/li>\n<li><a href=\"https:\/\/www.ancpi.ro\/ocpi\/ab\/wp-content\/uploads\/2026\/03\/Anexa_13.doc\" target=\"_blank\" rel=\"noopener\"><b>Anexa 13<\/b> Cerere de recep\u021bie \u0219i \u00eenscriere<\/a><\/li>\n<li><a href=\"https:\/\/www.ancpi.ro\/ocpi\/ab\/wp-content\/uploads\/2026\/03\/Anexa_14.docx\" target=\"_blank\" rel=\"noopener\"><b>Anexa 14<\/b> Declara\u021bie<\/a><\/li>\n<li><a href=\"https:\/\/www.ancpi.ro\/ocpi\/ab\/wp-content\/uploads\/2026\/03\/Anexa_15.docx\" target=\"_blank\" rel=\"noopener\"><b>Anexa 15<\/b> Memoriu tehnic<\/a><\/li>\n<li><a href=\"https:\/\/www.ancpi.ro\/ocpi\/ab\/wp-content\/uploads\/2026\/03\/Anexa_16.doc\" target=\"_blank\" rel=\"noopener\"><b>Anexa 16<\/b> Plan de amplasament \u0219i delimitare<\/a><\/li>\n<li><a href=\"https:\/\/www.ancpi.ro\/ocpi\/ab\/wp-content\/uploads\/2026\/03\/Anexa_16_1.docx\" target=\"_blank\" rel=\"noopener\"><b>Anexa 16_1<\/b> Plan de amplasament \u0219i delimitare a imobilului cu construc\u021bii bunuri viitoare<\/a><\/li>\n<li><a href=\"https:\/\/www.ancpi.ro\/ocpi\/ab\/wp-content\/uploads\/2026\/03\/Anexa_17.doc\" target=\"_blank\" rel=\"noopener\"><b>Anexa 17<\/b> Plan de amplasament \u0219i delimitare a imobilului cu propunerea de dezlipire<\/a><\/li>\n<li><a href=\"https:\/\/www.ancpi.ro\/ocpi\/ab\/wp-content\/uploads\/2026\/03\/Anexa_17_1.doc\" target=\"_blank\" rel=\"noopener\"><b>Anexa 17_1<\/b> Plan de amplasament \u0219i delimitare a imobilului cu construc\u021bii bunuri viitoare_propunerea-de-dezlipire<\/a><\/li>\n<li><a href=\"https:\/\/www.ancpi.ro\/ocpi\/ab\/wp-content\/uploads\/2026\/03\/Anexa_18.doc\" target=\"_blank\" rel=\"noopener\"><b>Anexa 18<\/b> Releveu locuin\u021b\u0103 plan parter\/etaj<\/a><\/li>\n<li><a href=\"https:\/\/www.ancpi.ro\/ocpi\/ab\/wp-content\/uploads\/2026\/03\/Anexa_18_1.doc\" target=\"_blank\" rel=\"noopener\"><b>Anexa 18_1<\/b> Releveu unitate individual\u0103 bun viitor 263405-C1V-U1V<\/a><\/li>\n<li><a href=\"https:\/\/www.ancpi.ro\/ocpi\/ab\/wp-content\/uploads\/2026\/03\/Anexa_19.doc\" target=\"_blank\" rel=\"noopener\"><b>Anexa 19<\/b> \u00a0Foaia colectiv\u0103<\/a><\/li>\n<li><a href=\"https:\/\/www.ancpi.ro\/ocpi\/ab\/wp-content\/uploads\/2026\/03\/Anexa_19_1.doc\" target=\"_blank\" rel=\"noopener\"><b>Anexa 19_1<\/b>Foaia colectiv\u0103 construc\u021bie condominiu bun viitor<\/a><\/li>\n<li><a href=\"https:\/\/www.ancpi.ro\/ocpi\/ab\/wp-content\/uploads\/2026\/03\/Anexa_20.doc\" target=\"_blank\" rel=\"noopener\"><b>Anexa 20<\/b> Proces verbal de vecin\u0103tate<\/a><\/li>\n<li><a href=\"https:\/\/www.ancpi.ro\/ocpi\/ab\/wp-content\/uploads\/2026\/03\/Anexa_21.doc\" target=\"_blank\" rel=\"noopener\"><b>Anexa 21<\/b> \u00a0Convocare<\/a><\/li>\n<li><a href=\"https:\/\/www.ancpi.ro\/ocpi\/ab\/wp-content\/uploads\/2026\/03\/Anexa_22.doc\" target=\"_blank\" rel=\"noopener\"><b>Anexa 22<\/b> Cerere anulare num\u0103r cadastral<\/a><\/li>\n<li><a href=\"https:\/\/www.ancpi.ro\/ocpi\/ab\/wp-content\/uploads\/2026\/03\/Anexa_23.doc\" target=\"_blank\" rel=\"noopener\"><b>Anexa 23<\/b> Cerere privind solicitarea avizului de \u00eencepere recep\u021bie a lucr\u0103rii<\/a><\/li>\n<li><a href=\"https:\/\/www.ancpi.ro\/ocpi\/ab\/wp-content\/uploads\/2026\/03\/Anexa_26.doc\" target=\"_blank\" rel=\"noopener\"><b>Anexa 26<\/b> Adeverin\u021b\u0103<\/a><\/li>\n<li><a href=\"https:\/\/www.ancpi.ro\/ocpi\/ab\/wp-content\/uploads\/2026\/03\/Anexa_27.docx\" target=\"_blank\" rel=\"noopener\"><b>Anexa 27<\/b> \u00a0Certificat pentru \u00eentabularea \u00een cartea funciar\u0103 a dreptului de proprietate asupra terenului aferent casei de locuit si anexelor gospod\u0103re\u0219ti precum \u0219i curtea \u0219i gr\u0103dina<\/a><\/li>\n<li><a href=\"https:\/\/www.ancpi.ro\/ocpi\/ab\/wp-content\/uploads\/2026\/03\/Anexa_28.docx\" target=\"_blank\" rel=\"noopener\"><b>Anexa 28<\/b> Certificat de atestare a edific\u0103rii\/extinderii construc\u021biei realizate cu autoriza\u021bie de construire<\/a><\/li>\n<li><a href=\"https:\/\/www.ancpi.ro\/ocpi\/ab\/wp-content\/uploads\/2026\/03\/Anexa_29.docx\" target=\"_blank\" rel=\"noopener\"><b>Anexa 29<\/b> Certificat de atestare a edific\u0103rii\/extinderii construc\u021biei realizate f\u0103r\u0103 autoriza\u021bie de construire<\/a><\/li>\n<li><a href=\"https:\/\/www.ancpi.ro\/ocpi\/ab\/wp-content\/uploads\/2026\/03\/Anexa_30.doc\" target=\"_blank\" rel=\"noopener\"><b>Anexa 30<\/b> Cerere de informa\u021bii pentru \u00eentocmirea planului parcelar in vederea atribuirii numerelor cadastrale<\/a><\/li>\n<\/ul>\n<p><strong>Cereri Diverse <\/strong><\/p>\n<ul>\n<li><a href=\"https:\/\/www.ancpi.ro\/ocpi\/ab\/wp-content\/uploads\/2023\/03\/Formular_date_GPS.pdf\" target=\"_blank\" rel=\"noopener\">Formular de solicitare date GPS<\/a><\/li>\n<li><a href=\"https:\/\/www.ancpi.ro\/ocpi\/ab\/wp-content\/uploads\/2023\/03\/Cerere-extras-plan-cadastral-pe-ortofotoplan-ok.doc\" target=\"_blank\" rel=\"noopener\">Cerere de extras de plan cadastral pe ortofotoplan<\/a><\/li>\n<li><a href=\"https:\/\/www.ancpi.ro\/ocpi\/ab\/wp-content\/uploads\/2023\/03\/Cerere-pentru-consultare-documente-din-arhiva.doc\" target=\"_blank\" rel=\"noopener\">Cerere pentru consultare documente din arhiv\u0103<\/a><\/li>\n<li><a href=\"https:\/\/www.ancpi.ro\/ocpi\/ab\/wp-content\/uploads\/2023\/03\/Cerere-pentru-eliberare-duplicat-titlu-de-proprietate.doc\" target=\"_blank\" rel=\"noopener\">Cerere pentru eliberare duplicat titlu de proprietate<\/a><\/li>\n<li><a href=\"https:\/\/www.ancpi.ro\/ocpi\/ab\/wp-content\/uploads\/2023\/03\/Cerere-alte-date.doc\" target=\"_blank\" rel=\"noopener\">Cerere date diverse<\/a><\/li>\n<li><a href=\"https:\/\/www.ancpi.ro\/ocpi\/ab\/wp-content\/uploads\/2023\/03\/Protectia-datelor-BCPI.doc\" target=\"_blank\" rel=\"noopener\">Declara\u021bie \u2013 protec\u021bia datelor cu caracter personal PFA\/PJA<\/a><\/li>\n<li><a href=\"https:\/\/www.ancpi.ro\/ocpi\/ab\/wp-content\/uploads\/2021\/08\/cerere_restituire.pdf\" target=\"_blank\" rel=\"noopener\">Cerere de restituire a sumelor platite necuvenit<\/a><\/li>\n<li><a href=\"https:\/\/www.ancpi.ro\/ocpi\/ab\/wp-content\/uploads\/2023\/03\/Cerere-PFA-Anexa-2-Ordin-107_2010.docx\" target=\"_blank\" rel=\"noopener\">Cerere pentru autorizarea persoanelor fizice<\/a><\/li>\n<li><a href=\"https:\/\/www.ancpi.ro\/ocpi\/ab\/wp-content\/uploads\/2023\/03\/Cerere-PJA-Anexa-2-Ordin-107_2010.docx\" target=\"_blank\" rel=\"noopener\">Cerere pentru autorizarea persoanelor juridice<\/a><\/li>\n<li><a href=\"https:\/\/www.ancpi.ro\/ocpi\/ab\/wp-content\/uploads\/2021\/08\/cerere_restituire.pdf\" target=\"_blank\" rel=\"noopener\">Cerere de restituire a sumelor platite necuvenit<\/a><\/li>\n<li><a href=\"https:\/\/www.ancpi.ro\/ocpi\/ab\/wp-content\/uploads\/2023\/03\/DECLARATIE-ANEXA-2.pdf\" target=\"_blank\" rel=\"noopener\">Declaratie anexa2 restituire a sumelor platite necuvenit<\/a><\/li>\n<\/ul>\n<p><b>Formulare pentru audiente<\/b><\/p>\n<ul>\n<li><a href=\"https:\/\/www.ancpi.ro\/ocpi\/ab\/wp-content\/uploads\/2026\/03\/Anexa-1-Cerere-audienta-2026.doc\" target=\"_blank\" rel=\"noopener\">Cerere de audienta &#8211; Anexa 1<\/a><\/li>\n<li><a href=\"https:\/\/www.ancpi.ro\/ocpi\/ab\/wp-content\/uploads\/2026\/03\/Anexa-3-Fisa-audienta-2026.doc\" target=\"_blank\" rel=\"noopener\">Fisa de audienta &#8211; Anexa 3<\/a><\/li>\n<\/ul>\n<p><b>Formulare conform Legii 544\/2001 &#8211; Norma metodologica de aplicare a Legii nr. 544\/2001 <\/b><br \/>\nprivind liberul acces la informatiile de interes public din 07.02.2002<\/p>\n<ul>\n<li><a href=\"https:\/\/www.ancpi.ro\/ocpi\/ab\/wp-content\/uploads\/2026\/03\/1.CERERE_TIP_DE_SOLICITARE_CONFORM_LEGII_544_2001.docx\" target=\"_blank\" rel=\"noopener\">Cerere informatii publice<\/a><\/li>\n<li><a href=\"https:\/\/www.ancpi.ro\/ocpi\/ab\/wp-content\/uploads\/2026\/03\/2.RECLAMATIE_ADMINISTRATIVA1.docx\" target=\"_blank\" rel=\"noopener\">Model reclamatie administrativa (1)<\/a><\/li>\n<li><a href=\"https:\/\/www.ancpi.ro\/ocpi\/ab\/wp-content\/uploads\/2026\/03\/3.RECLAMATIE_ADMINISTRATIVA2.docx\" target=\"_blank\" rel=\"noopener\">Model reclamatie administrativa (2)<\/a><\/li>\n<\/ul>\n<p>&nbsp;<\/p>\n","protected":false},"excerpt":{"rendered":"<p>Cereri \u0219i formulare tipizate &#8211;Anexe conform Ordinului 600\/2023 al ANCPI Anexa 1\u00a0Cerere pentru eliberarea copiilor dup\u0103 documentele aflate \u00een arhiva biroului teritorial Anexa 5 Cerere de \u00eenscriere Anexa 6 Cerere pentru eliberare extras de carte funciara pentru informare Anexa 7 Cerere pentru eliberarea unui certificat de sarcini Anexa 8 Cerere privind identificarea num\u0103rului de carte [&hellip;]<\/p>\n","protected":false},"author":5,"featured_media":0,"parent":0,"menu_order":0,"comment_status":"closed","ping_status":"closed","template":"","meta":{"footnotes":""},"class_list":["post-5308","page","type-page","status-publish","hentry"],"_links":{"self":[{"href":"https:\/\/www.ancpi.ro\/ocpi\/ab\/wp-json\/wp\/v2\/pages\/5308","targetHints":{"allow":["GET"]}}],"collection":[{"href":"https:\/\/www.ancpi.ro\/ocpi\/ab\/wp-json\/wp\/v2\/pages"}],"about":[{"href":"https:\/\/www.ancpi.ro\/ocpi\/ab\/wp-json\/wp\/v2\/types\/page"}],"author":[{"embeddable":true,"href":"https:\/\/www.ancpi.ro\/ocpi\/ab\/wp-json\/wp\/v2\/users\/5"}],"replies":[{"embeddable":true,"href":"https:\/\/www.ancpi.ro\/ocpi\/ab\/wp-json\/wp\/v2\/comments?post=5308"}],"version-history":[{"count":6,"href":"https:\/\/www.ancpi.ro\/ocpi\/ab\/wp-json\/wp\/v2\/pages\/5308\/revisions"}],"predecessor-version":[{"id":7071,"href":"https:\/\/www.ancpi.ro\/ocpi\/ab\/wp-json\/wp\/v2\/pages\/5308\/revisions\/7071"}],"wp:attachment":[{"href":"https:\/\/www.ancpi.ro\/ocpi\/ab\/wp-json\/wp\/v2\/media?parent=5308"}],"curies":[{"name":"wp","href":"https:\/\/api.w.org\/{rel}","templated":true}]}}