{"id":5531,"date":"2021-09-12T16:30:57","date_gmt":"2021-09-12T13:30:57","guid":{"rendered":"https:\/\/www.ancpi.ro\/ocpi\/ab\/?page_id=5531"},"modified":"2021-09-14T14:18:38","modified_gmt":"2021-09-14T11:18:38","slug":"pnccf","status":"publish","type":"page","link":"https:\/\/www.ancpi.ro\/ocpi\/ab\/pnccf\/","title":{"rendered":"PNCCF"},"content":{"rendered":"<p><strong>1. Cadru normativ:<\/strong><\/p>\n<ul>\n<li data-raofz=\"15\"><a role=\"link\" href=\"https:\/\/www.ancpi.ro\/ocpi\/ab\/wp-content\/uploads\/2021\/09\/Ordin_nr._819.2016_Procedura_de_finantare_06.11.2018.pdf\" target=\"_blank\" rel=\"noopener noreferrer\" data-raofz=\"15\">Ordinul nr.819\/2016 al Directorului General al ANCPI<\/a><\/li>\n<li data-raofz=\"15\"><a href=\"https:\/\/www.ancpi.ro\/ocpi\/ab\/wp-content\/uploads\/2021\/09\/Ordinul_I_Regulament-2020.pdf\" target=\"_blank\" rel=\"noopener\">Ordinul nr. 1\/2020 pentru aprobarea Regulamentului privind realizarea, verificarea \u015fi recep\u0163ia lucr\u0103rilor sistematice de cadastru \u015fi \u00eenscrierea din oficiu a imobilelor \u00een cartea funciar\u0103<\/a><\/li>\n<\/ul>\n<p><strong><a href=\"https:\/\/www.ancpi.ro\/ocpi\/ab\/wp-content\/uploads\/2021\/09\/flux_prestator.mp4\" target=\"_blank\" rel=\"noopener\">2. Instruire Modul Cadastru General in Eterra3<\/a><\/strong><\/p>\n<p><strong>3. <a href=\"http:\/\/www.ancpi.ro\/pnccf_docs2\/index.php?dir=Alba\" target=\"_blank\" rel=\"noopener\">Informare publica pentru UAT-uri care au demarat lucrari de inregistrare sistematica pe sectoare cadastrale conform art. 11 alin. (1) Legea 7\/1996<\/a><\/strong><\/p>\n<p><strong><a href=\"http:\/\/www.ancpi.ro\/pnccf_docs\/?dir=Alba\" target=\"_blank\" rel=\"noopener\">4. Documentele tehnice ale cadastrului pentru uat-urile aflate in afisare<\/a><\/strong><\/p>\n","protected":false},"excerpt":{"rendered":"<p>1. Cadru normativ: Ordinul nr.819\/2016 al Directorului General al ANCPI Ordinul nr. 1\/2020 pentru aprobarea Regulamentului privind realizarea, verificarea \u015fi recep\u0163ia lucr\u0103rilor sistematice de cadastru \u015fi \u00eenscrierea din oficiu a imobilelor \u00een cartea funciar\u0103 2. Instruire Modul Cadastru General in Eterra3 3. Informare publica pentru UAT-uri care au demarat lucrari de inregistrare sistematica pe sectoare [&hellip;]<\/p>\n","protected":false},"author":5,"featured_media":0,"parent":0,"menu_order":0,"comment_status":"closed","ping_status":"closed","template":"","meta":{"footnotes":""},"class_list":["post-5531","page","type-page","status-publish","hentry"],"_links":{"self":[{"href":"https:\/\/www.ancpi.ro\/ocpi\/ab\/wp-json\/wp\/v2\/pages\/5531","targetHints":{"allow":["GET"]}}],"collection":[{"href":"https:\/\/www.ancpi.ro\/ocpi\/ab\/wp-json\/wp\/v2\/pages"}],"about":[{"href":"https:\/\/www.ancpi.ro\/ocpi\/ab\/wp-json\/wp\/v2\/types\/page"}],"author":[{"embeddable":true,"href":"https:\/\/www.ancpi.ro\/ocpi\/ab\/wp-json\/wp\/v2\/users\/5"}],"replies":[{"embeddable":true,"href":"https:\/\/www.ancpi.ro\/ocpi\/ab\/wp-json\/wp\/v2\/comments?post=5531"}],"version-history":[{"count":4,"href":"https:\/\/www.ancpi.ro\/ocpi\/ab\/wp-json\/wp\/v2\/pages\/5531\/revisions"}],"predecessor-version":[{"id":5551,"href":"https:\/\/www.ancpi.ro\/ocpi\/ab\/wp-json\/wp\/v2\/pages\/5531\/revisions\/5551"}],"wp:attachment":[{"href":"https:\/\/www.ancpi.ro\/ocpi\/ab\/wp-json\/wp\/v2\/media?parent=5531"}],"curies":[{"name":"wp","href":"https:\/\/api.w.org\/{rel}","templated":true}]}}