{"id":5564,"date":"2021-09-14T14:30:16","date_gmt":"2021-09-14T11:30:16","guid":{"rendered":"https:\/\/www.ancpi.ro\/ocpi\/ab\/?page_id=5564"},"modified":"2026-03-13T10:05:34","modified_gmt":"2026-03-13T08:05:34","slug":"autorizati","status":"publish","type":"page","link":"https:\/\/www.ancpi.ro\/ocpi\/ab\/autorizati\/","title":{"rendered":"Autorizati"},"content":{"rendered":"<ul>\n<li style=\"list-style-type: none;\">\n<ul>\n<li style=\"list-style-type: none;\">\n<ul>\n<li style=\"list-style-type: none;\">\n<ul>\n<li style=\"list-style-type: none;\">\n<ul>\n<li style=\"list-style-type: none;\">\n<ul>\n<li style=\"list-style-type: none;\">\n<ul>\n<li style=\"list-style-type: none;\">\n<ul>\n<li style=\"list-style-type: none;\">\n<ul>\n<li style=\"list-style-type: none;\">\n<ul>\n<li>\n<h3><span style=\"color: #333399;\">INFORM\u0102RI \u0218I ANUN\u021aURI<\/span><\/h3>\n<ul>\n<li style=\"list-style-type: none;\">\n<ul>\n<li style=\"list-style-type: none;\">\n<ul>\n<li><a href=\"https:\/\/www.ancpi.ro\/ocpi\/ab\/wp-content\/uploads\/2025\/11\/ANUNT_ORGANIZARE_INTERVIU_EXPERT_TEHNIC_JUDICIAR.pdf\">Anun\u021b privind organizare interviu expert tehnic judiciar \u201eTopografie,\u00a0Cadastru, Geodezie\u201d<\/a><\/li>\n<li><a href=\"https:\/\/www.ancpi.ro\/ocpi\/ab\/wp-content\/uploads\/2025\/11\/Ordin_1890_2025.pdf\">Ordinul nr. 1890\/2025 pentru modificarea \u0219i completarea Regulamentului<\/a><\/li>\n<li><a href=\"https:\/\/www.ancpi.ro\/ocpi\/ab\/wp-content\/uploads\/2025\/11\/Regulament_2010.pdf\">Regulament privind autorizarea \u0219i recunoa\u0219terea autoriz\u0103rii &#8211; Ordinul 107\/2010<\/a><\/li>\n<\/ul>\n<\/li>\n<\/ul>\n<\/li>\n<\/ul>\n<\/li>\n<li>\n<h3><span style=\"color: #333399;\">EXAMENE DE AUTORIZARE<\/span><\/h3>\n<ul>\n<li style=\"list-style-type: none;\">\n<ul>\n<li style=\"list-style-type: none;\">\n<ul>\n<li><span style=\"color: #333399;\"><strong>Tematic\u0103 \u0219i bibliografie pentru examenul de<\/strong><strong> autorizare<\/strong><\/span><\/li>\n<\/ul>\n<\/li>\n<\/ul>\n<\/li>\n<\/ul>\n<\/li>\n<\/ul>\n<\/li>\n<\/ul>\n<\/li>\n<\/ul>\n<\/li>\n<\/ul>\n<\/li>\n<\/ul>\n<\/li>\n<\/ul>\n<\/li>\n<\/ul>\n<\/li>\n<\/ul>\n<\/li>\n<\/ul>\n<\/li>\n<\/ul>\n<p style=\"padding-left: 560px;\"><a href=\"https:\/\/www.ancpi.ro\/ocpi\/ab\/wp-content\/uploads\/2023\/05\/Tematica-si-Bibliografie-examen-autorizare-categoria-B.pdf\" target=\"_blank\" rel=\"noopener\">\u00a0<\/a><a href=\"https:\/\/www.ancpi.ro\/ocpi\/ab\/wp-content\/uploads\/2023\/05\/Tematica-si-Bibliografie-examen-autorizare-categoria-B.pdf\" target=\"_blank\" rel=\"noopener\">Tematica si bibliografie examen autorizare Categoria B<\/a><br \/>\n<a href=\"https:\/\/www.ancpi.ro\/ocpi\/ab\/wp-content\/uploads\/2023\/05\/Tematica-si-Bibliografie-examen-autorizare-categoria-C.pdf\" target=\"_blank\" rel=\"noopener\">\u00a0<\/a><a href=\"https:\/\/www.ancpi.ro\/ocpi\/ab\/wp-content\/uploads\/2023\/05\/Tematica-si-Bibliografie-examen-autorizare-categoria-C.pdf\" target=\"_blank\" rel=\"noopener\">Tematica si bibliografie examen autorizare Categoria C<\/a><br \/>\n<a href=\"https:\/\/www.ancpi.ro\/ocpi\/ab\/wp-content\/uploads\/2023\/05\/Tematica-si-Bibliografie-examen-autorizare-categoria-E.pdf\" target=\"_blank\" rel=\"noopener\">\u00a0<\/a><a href=\"https:\/\/www.ancpi.ro\/ocpi\/ab\/wp-content\/uploads\/2023\/05\/Tematica-si-Bibliografie-examen-autorizare-categoria-E.pdf\" target=\"_blank\" rel=\"noopener\">Tematica si bibliografie examen autorizare Categoria E<\/a><\/p>\n<ul>\n<li style=\"list-style-type: none;\">\n<ul>\n<li style=\"list-style-type: none;\">\n<ul>\n<li style=\"list-style-type: none;\">\n<ul>\n<li style=\"list-style-type: none;\">\n<ul>\n<li style=\"list-style-type: none;\">\n<ul>\n<li style=\"list-style-type: none;\">\n<ul>\n<li style=\"list-style-type: none;\">\n<ul>\n<li style=\"list-style-type: none;\">\n<ul>\n<li style=\"list-style-type: none;\">\n<ul>\n<li style=\"list-style-type: none;\">\n<ul>\n<li style=\"list-style-type: none;\">\n<ul>\n<li style=\"list-style-type: none;\">\n<ul>\n<li>\n<h4><span style=\"color: #000080;\">EXAMEN AUTORIZARE 12.03.2026<\/span><\/h4>\n<\/li>\n<\/ul>\n<\/li>\n<\/ul>\n<\/li>\n<\/ul>\n<\/li>\n<\/ul>\n<\/li>\n<\/ul>\n<\/li>\n<\/ul>\n<\/li>\n<\/ul>\n<\/li>\n<\/ul>\n<\/li>\n<\/ul>\n<\/li>\n<\/ul>\n<\/li>\n<\/ul>\n<\/li>\n<\/ul>\n<\/li>\n<\/ul>\n<p style=\"padding-left: 560px;\"><a href=\"https:\/\/www.ancpi.ro\/ocpi\/ab\/wp-content\/uploads\/2026\/03\/2927_Anunt_Lista-candidati_admisi_respinsi.pdf\" target=\"_blank\" rel=\"noopener\">\u00a0<\/a><a href=\"https:\/\/www.ancpi.ro\/ocpi\/ab\/wp-content\/uploads\/2026\/03\/2927_Anunt_Lista-candidati_admisi_respinsi.pdf\" target=\"_blank\" rel=\"noopener\">ANUN\u021a &#8211; LISTA CANDIDA\u021aI ADMI\u0218I\/RESPIN\u0218I PENTRU SUS\u021aINEREA EXAMENULUI DE AUTORIZARE<\/a><br \/>\n<a href=\"https:\/\/www.ancpi.ro\/ocpi\/ab\/wp-content\/uploads\/2026\/03\/3256_Rezultate_examen_autorizare.pdf\" target=\"_blank\" rel=\"noopener\">\u00a0<\/a><a href=\"https:\/\/www.ancpi.ro\/ocpi\/ab\/wp-content\/uploads\/2026\/03\/3256_Rezultate_examen_autorizare.pdf\" target=\"_blank\" rel=\"noopener\">REZULTATE EXAMEN AUTORIZARE SUS\u021aINUT \u00ceN DATA DE 12.03.2026<\/a><\/p>\n<p>&nbsp;<\/p>\n<ul>\n<li style=\"list-style-type: none;\">\n<ul>\n<li style=\"list-style-type: none;\">\n<ul>\n<li style=\"list-style-type: none;\">\n<ul>\n<li style=\"list-style-type: none;\">\n<ul>\n<li style=\"list-style-type: none;\">\n<ul>\n<li style=\"list-style-type: none;\">\n<ul>\n<li style=\"list-style-type: none;\">\n<ul>\n<li style=\"list-style-type: none;\">\n<ul>\n<li style=\"list-style-type: none;\">\n<ul>\n<li style=\"list-style-type: none;\">\n<ul>\n<li style=\"list-style-type: none;\">\n<ul>\n<li style=\"list-style-type: none;\">\n<ul>\n<li><span style=\"color: #333399;\"><strong>Adresa e-mail depunere dosare de autorizare certificate cu <\/strong><strong>semn\u0103tur\u0103 electronic\u0103 calificat\u0103: <\/strong><\/span><a href=\"mailto:dosar.autorizare.ab@ancpi.ro\"><strong>dosar.autorizare.ab@ancpi.ro<\/strong><\/a><\/li>\n<\/ul>\n<\/li>\n<\/ul>\n<\/li>\n<\/ul>\n<\/li>\n<\/ul>\n<\/li>\n<\/ul>\n<\/li>\n<\/ul>\n<\/li>\n<\/ul>\n<\/li>\n<\/ul>\n<\/li>\n<\/ul>\n<\/li>\n<\/ul>\n<\/li>\n<\/ul>\n<\/li>\n<\/ul>\n<\/li>\n<\/ul>\n<p>&nbsp;<\/p>\n<ul>\n<li style=\"list-style-type: none;\">\n<ul>\n<li style=\"list-style-type: none;\">\n<ul>\n<li style=\"list-style-type: none;\">\n<ul>\n<li style=\"list-style-type: none;\">\n<ul>\n<li style=\"list-style-type: none;\">\n<ul>\n<li style=\"list-style-type: none;\">\n<ul>\n<li style=\"list-style-type: none;\">\n<ul>\n<li style=\"list-style-type: none;\">\n<ul>\n<li style=\"list-style-type: none;\">\n<ul>\n<li style=\"list-style-type: none;\">\n<ul>\n<li style=\"list-style-type: none;\">\n<ul>\n<li style=\"list-style-type: none;\">\n<ul>\n<li><a style=\"color: #000080;\" href=\"https:\/\/www.ancpi.ro\/ocpi\/ab\/wp-content\/uploads\/2025\/07\/8749_rezultate_examen.pdf\" target=\"_blank\" rel=\"noopener\" data-wp-editing=\"1\">REZULTATELE EXAMENULUI DE AUTORIZARE PERSOANE FIZICE din data de 15.07.2025<\/a><\/li>\n<li><a style=\"color: #000080;\" href=\"https:\/\/www.ancpi.ro\/ocpi\/ab\/wp-content\/uploads\/2025\/07\/8513.pdf\" target=\"_blank\" rel=\"noopener\" data-wp-editing=\"1\">EXAMEN DE AUTORIZARE PERSOANE FIZICE \u00een data de 15.07.2025<\/a><\/li>\n<li><a style=\"color: #000080;\" href=\"https:\/\/www.ancpi.ro\/ocpi\/ab\/wp-content\/uploads\/2025\/07\/1365.pdf\" target=\"_blank\" rel=\"noopener\" data-wp-editing=\"1\">LISTA cuprinz\u00e2nd candida\u021bii admi\u0219i\/respin\u0219i s\u0103 participe la EXAMENUL DE AUTORIZARE din data de 15.07.2025<\/a><\/li>\n<li><a style=\"color: #000080;\" href=\"https:\/\/www.ancpi.ro\/ocpi\/ab\/wp-content\/uploads\/2025\/07\/8319.pdf\" target=\"_blank\" rel=\"noopener\" data-wp-editing=\"1\">Anun\u021b privind \u0219edin\u021ba comisiei de autorizare din cadrul OCPI Alba, din data de 08.07.2025<\/a><\/li>\n<li><a style=\"color: #000080;\" href=\"https:\/\/www.ancpi.ro\/ocpi\/ab\/wp-content\/uploads\/2025\/02\/1980.pdf\" target=\"_blank\" rel=\"noopener\" data-wp-editing=\"1\">Rezultatele EXAMENULUI DE AUTORIZARE persoane fizice, din data de 19.02.2025<\/a><\/li>\n<li><a style=\"color: #000080;\" href=\"https:\/\/www.ancpi.ro\/ocpi\/ab\/wp-content\/uploads\/2025\/02\/1790.pdf\" target=\"_blank\" rel=\"noopener\" data-wp-editing=\"1\">Anun\u021b privind EXAMENUL DE AUTORIZARE persoane fizice, din data de 19.02.2025<\/a><\/li>\n<li><a style=\"color: #000080;\" href=\"https:\/\/www.ancpi.ro\/ocpi\/ab\/wp-content\/uploads\/2025\/02\/1773.pdf\" target=\"_blank\" rel=\"noopener\" data-wp-editing=\"1\">List\u0103 cuprinz\u00e2nd candida\u021bii admi\u0219i\/respin\u0219i s\u0103 participe la EXAMENUL DE AUTORIZARE din data de 19.02.2025\u00a0<\/a><\/li>\n<\/ul>\n<\/li>\n<\/ul>\n<\/li>\n<\/ul>\n<\/li>\n<\/ul>\n<\/li>\n<\/ul>\n<\/li>\n<\/ul>\n<\/li>\n<\/ul>\n<\/li>\n<\/ul>\n<\/li>\n<\/ul>\n<\/li>\n<\/ul>\n<\/li>\n<\/ul>\n<\/li>\n<\/ul>\n<\/li>\n<\/ul>\n<p><center><\/center><center><\/center>&nbsp;<\/p>\n<ul>\n<li style=\"list-style-type: none;\">\n<ul>\n<li style=\"list-style-type: none;\">\n<ul>\n<li style=\"list-style-type: none;\">\n<ul>\n<li style=\"list-style-type: none;\">\n<ul>\n<li style=\"list-style-type: none;\">\n<ul>\n<li style=\"list-style-type: none;\">\n<ul>\n<li style=\"list-style-type: none;\">\n<ul>\n<li style=\"list-style-type: none;\">\n<ul>\n<li style=\"list-style-type: none;\">\n<ul>\n<li style=\"list-style-type: none;\">\n<ul>\n<li>\n<h3><span style=\"color: #333399;\"><a style=\"color: #333399;\" href=\"https:\/\/www.ancpi.ro\/lista-autorizati\/\" target=\"_blank\" rel=\"noopener\"><strong>LIST\u0102 AUTORIZA\u021aI<\/strong><\/a><\/span><\/h3>\n<\/li>\n<\/ul>\n<\/li>\n<\/ul>\n<\/li>\n<\/ul>\n<\/li>\n<\/ul>\n<\/li>\n<\/ul>\n<\/li>\n<\/ul>\n<\/li>\n<\/ul>\n<\/li>\n<\/ul>\n<\/li>\n<\/ul>\n<\/li>\n<\/ul>\n<\/li>\n<\/ul>\n<p>&nbsp;<\/p>\n","protected":false},"excerpt":{"rendered":"<p>INFORM\u0102RI \u0218I ANUN\u021aURI Anun\u021b privind organizare interviu expert tehnic judiciar \u201eTopografie,\u00a0Cadastru, Geodezie\u201d Ordinul nr. 1890\/2025 pentru modificarea \u0219i completarea Regulamentului Regulament privind autorizarea \u0219i recunoa\u0219terea autoriz\u0103rii &#8211; Ordinul 107\/2010 EXAMENE DE AUTORIZARE Tematic\u0103 \u0219i bibliografie pentru examenul de autorizare \u00a0Tematica si bibliografie examen autorizare Categoria B \u00a0Tematica si bibliografie examen autorizare Categoria C \u00a0Tematica si [&hellip;]<\/p>\n","protected":false},"author":5,"featured_media":0,"parent":0,"menu_order":0,"comment_status":"closed","ping_status":"closed","template":"","meta":{"footnotes":""},"class_list":["post-5564","page","type-page","status-publish","hentry"],"_links":{"self":[{"href":"https:\/\/www.ancpi.ro\/ocpi\/ab\/wp-json\/wp\/v2\/pages\/5564","targetHints":{"allow":["GET"]}}],"collection":[{"href":"https:\/\/www.ancpi.ro\/ocpi\/ab\/wp-json\/wp\/v2\/pages"}],"about":[{"href":"https:\/\/www.ancpi.ro\/ocpi\/ab\/wp-json\/wp\/v2\/types\/page"}],"author":[{"embeddable":true,"href":"https:\/\/www.ancpi.ro\/ocpi\/ab\/wp-json\/wp\/v2\/users\/5"}],"replies":[{"embeddable":true,"href":"https:\/\/www.ancpi.ro\/ocpi\/ab\/wp-json\/wp\/v2\/comments?post=5564"}],"version-history":[{"count":6,"href":"https:\/\/www.ancpi.ro\/ocpi\/ab\/wp-json\/wp\/v2\/pages\/5564\/revisions"}],"predecessor-version":[{"id":6999,"href":"https:\/\/www.ancpi.ro\/ocpi\/ab\/wp-json\/wp\/v2\/pages\/5564\/revisions\/6999"}],"wp:attachment":[{"href":"https:\/\/www.ancpi.ro\/ocpi\/ab\/wp-json\/wp\/v2\/media?parent=5564"}],"curies":[{"name":"wp","href":"https:\/\/api.w.org\/{rel}","templated":true}]}}