{"id":2126,"date":"2018-10-17T08:17:41","date_gmt":"2018-10-17T08:17:41","guid":{"rendered":"http:\/\/testare.ga\/ancpi\/?page_id=2126"},"modified":"2025-06-02T11:01:03","modified_gmt":"2025-06-02T08:01:03","slug":"contact","status":"publish","type":"page","link":"https:\/\/www.ancpi.ro\/ocpi\/bz\/contact\/","title":{"rendered":"Contact"},"content":{"rendered":"<h2><span style=\"color: #333399;\"><strong>OFICIUL DE CADASTRU \u0218I PUBLICITATE IMOBILIAR\u0102 BUZ\u0102U<\/strong><\/span><\/h2>\n<p><strong>Adresa: Calea Eroilor nr. 10, Buz\u0103u<\/strong><\/p>\n<p><strong>Telefon: Secretariat- 0238 711 036; 0238 726 780;<\/strong><\/p>\n<p><strong>Fax Secretariat 0238 727 933; 0238 726 781 ;<\/strong><\/p>\n<p><strong>FAX\u00a0 BCPI Buzau- 0238 711 027;<\/strong><\/p>\n<p><strong> Serviciu Economic -0238 446 567\u00a0 .<\/strong><\/p>\n<p><strong>e-mail:<\/strong><br \/>\n<strong>bz@ancpi.ro<\/strong><br \/>\n<strong>bcpi.buzau@ancpi.ro<\/strong><\/p>\n<h3><span style=\"color: #333399;\"><strong>BIROU RELA\u021aII CU PUBLICUL R\u00c2MNICU S\u0102RAT<\/strong><\/span><\/h3>\n<p><span style=\"color: #0000ff;\"><strong>brp.ramnic@gmail.com<\/strong><\/span><br \/>\n<strong>brp.ramnicu-sarat@ancpi.ro<\/strong><\/p>\n<h3><span style=\"color: #333399;\"><strong>BIROU RELA\u021aII CU PUBLICUL P\u0102T\u00c2RLAGELE<\/strong><\/span><\/h3>\n<p><strong><span style=\"color: #0000ff;\">brp.patarlagele@gmail.com<\/span><\/strong><br \/>\n<strong>brp.patarlagele@ancpi.ro<\/strong><\/p>\n<h3><span style=\"color: #333399;\"><strong>BIROU RELA\u021aII CU PUBLICUL POGOANELE<\/strong><\/span><\/h3>\n<p><strong><span style=\"color: #0000ff;\">brp.pogoanele@gmail.com<\/span><\/strong><br \/>\n<strong>brp.pogoanele@ancpi.ro<\/strong><\/p>\n<hr \/>\n<p><strong>COD IBAN: RO27TREZ166501503X012889<\/strong><br \/>\n<strong>COD FISCAL : 9673400<\/strong><\/p>\n","protected":false},"excerpt":{"rendered":"<p>OFICIUL DE CADASTRU \u0218I PUBLICITATE IMOBILIAR\u0102 BUZ\u0102U Adresa: Calea Eroilor nr. 10, Buz\u0103u Telefon: Secretariat- 0238 711 036; 0238 726 780; Fax Secretariat 0238 727 933; 0238 726 781 ; FAX\u00a0 BCPI Buzau- 0238 711 027; Serviciu Economic -0238 446 567\u00a0 . e-mail: bz@ancpi.ro bcpi.buzau@ancpi.ro BIROU RELA\u021aII CU PUBLICUL R\u00c2MNICU S\u0102RAT brp.ramnic@gmail.com brp.ramnicu-sarat@ancpi.ro BIROU RELA\u021aII [&hellip;]<\/p>\n","protected":false},"author":4,"featured_media":0,"parent":0,"menu_order":0,"comment_status":"closed","ping_status":"closed","template":"","meta":{"footnotes":""},"class_list":["post-2126","page","type-page","status-publish","hentry"],"_links":{"self":[{"href":"https:\/\/www.ancpi.ro\/ocpi\/bz\/wp-json\/wp\/v2\/pages\/2126","targetHints":{"allow":["GET"]}}],"collection":[{"href":"https:\/\/www.ancpi.ro\/ocpi\/bz\/wp-json\/wp\/v2\/pages"}],"about":[{"href":"https:\/\/www.ancpi.ro\/ocpi\/bz\/wp-json\/wp\/v2\/types\/page"}],"author":[{"embeddable":true,"href":"https:\/\/www.ancpi.ro\/ocpi\/bz\/wp-json\/wp\/v2\/users\/4"}],"replies":[{"embeddable":true,"href":"https:\/\/www.ancpi.ro\/ocpi\/bz\/wp-json\/wp\/v2\/comments?post=2126"}],"version-history":[{"count":6,"href":"https:\/\/www.ancpi.ro\/ocpi\/bz\/wp-json\/wp\/v2\/pages\/2126\/revisions"}],"predecessor-version":[{"id":5708,"href":"https:\/\/www.ancpi.ro\/ocpi\/bz\/wp-json\/wp\/v2\/pages\/2126\/revisions\/5708"}],"wp:attachment":[{"href":"https:\/\/www.ancpi.ro\/ocpi\/bz\/wp-json\/wp\/v2\/media?parent=2126"}],"curies":[{"name":"wp","href":"https:\/\/api.w.org\/{rel}","templated":true}]}}