{"id":4936,"date":"2021-08-03T13:53:06","date_gmt":"2021-08-03T10:53:06","guid":{"rendered":"https:\/\/www.ancpi.ro\/ocpi\/bz\/?page_id=4936"},"modified":"2026-02-11T10:38:56","modified_gmt":"2026-02-11T08:38:56","slug":"legea-544-2001","status":"publish","type":"page","link":"https:\/\/www.ancpi.ro\/ocpi\/bz\/legea-544-2001\/","title":{"rendered":"Legea 544\/2001"},"content":{"rendered":"<div class=\"gdlr-core-pbf-column gdlr-core-column-60 gdlr-core-column-first\">\n<div class=\"gdlr-core-pbf-column-content-margin gdlr-core-js \">\n<div class=\"gdlr-core-pbf-column-content clearfix gdlr-core-js\" data-gdlr-animation-duration=\"600ms\" data-gdlr-animation-offset=\"0.8\">\n<div class=\"gdlr-core-pbf-element\">\n<div class=\"gdlr-core-text-box-item gdlr-core-item-pdlr gdlr-core-item-pdb gdlr-core-left-align\">\n<div class=\"gdlr-core-text-box-item-content\">\n<h3><strong>\u00a0 \u00a0 \u00a0 \u00a0 Modele de cereri<\/strong><\/h3>\n<\/div>\n<\/div>\n<\/div>\n<\/div>\n<\/div>\n<\/div>\n<ul>\n<li>\n<h4><a href=\"https:\/\/www.ancpi.ro\/ocpi\/bz\/wp-content\/inf_publice\\cerere_inf_publice_l544.pdf\">Cerere tip de solicitare conform Legii nr.544\/2001<\/a><\/h4>\n<\/li>\n<li>\n<h4><a href=\"http:\/\/www.ancpi.ro\/ocpi\/bz\/wp-content\/uploads\/2025\/05\/Model-reclamatie-1-anexa-3.pdf\"><strong>Anexa 3 \u2013 Model reclamatie administrativa<\/strong><\/a><\/h4>\n<\/li>\n<li>\n<h4><a href=\"http:\/\/www.ancpi.ro\/ocpi\/bz\/wp-content\/uploads\/2025\/05\/Model-reclamatie-1-anexa-4-1.pdf\"><strong>Anexa 4 \u2013 Model reclamatie administrativa<\/strong><\/a><\/h4>\n<\/li>\n<li>\n<h4><a href=\"http:\/\/www.ancpi.ro\/ocpi\/bz\/wp-content\/uploads\/2025\/05\/Model-raspuns-anexa-5.pdf\"><strong>Anexa 5 \u2013 Model raspuns la reclama\u021bia administrativa<\/strong><\/a><\/h4>\n<\/li>\n<li>\n<h4><a href=\"http:\/\/www.ancpi.ro\/ocpi\/bz\/wp-content\/uploads\/2025\/05\/Termen-pentru-comunicare.pdf\">Termen comunicare raspuns<\/a><\/h4>\n<\/li>\n<\/ul>\n<p><a href=\"https:\/\/www.ancpi.ro\/ocpi\/bz\/wp-content\/inf_publice\\doc_publice_l544.pdf\">Documentele de interese public produse si\/sau gestionate de OCPI Buzau<\/a><\/p>\n<p><a href=\"http:\/\/www.ancpi.ro\/ocpi\/bz\/wp-content\/uploads\/2025\/05\/2022.pdf\">Raport privind accesul la informatiile de interes public 2022<\/a><\/p>\n<p><a href=\"https:\/\/www.ancpi.ro\/ocpi\/bz\/wp-content\/inf_publice\\Raport de evaluare Lg 544_2023.PDF\">Raport privind accesul la informatiile de interes public 2023<\/a><\/p>\n<p><a href=\"http:\/\/www.ancpi.ro\/ocpi\/bz\/wp-content\/uploads\/2025\/05\/Raport-de-evaluare-Legea-544-2001-an-2024.pdf\">Raport privind accesul la informatiile de interes public 2024<\/a><\/p>\n<p><a href=\"http:\/\/www.ancpi.ro\/ocpi\/bz\/wp-content\/uploads\/2026\/02\/Raport-544.pdf\">Raport privind accesul la informatiile de interes public 2025<\/a><\/p>\n<p>&nbsp;<\/p>\n<p>&nbsp;<\/p>\n<p><strong>Persoana responsabil\u0103 pentru primirea solicit\u0103rilor \u00een baza Legii nr.544\/2001<\/strong><br \/>\n<strong>Hanulescu Elena-Gratiela<\/strong><br \/>\n<strong>tel. 0238 \/711 036 int. 106<\/strong><br \/>\n<strong>e-mail: elena.hanulescu@ancpi.ro<\/strong><\/p>\n","protected":false},"excerpt":{"rendered":"<p>\u00a0 \u00a0 \u00a0 \u00a0 Modele de cereri Cerere tip de solicitare conform Legii nr.544\/2001 Anexa 3 \u2013 Model reclamatie administrativa Anexa 4 \u2013 Model reclamatie administrativa Anexa 5 \u2013 Model raspuns la reclama\u021bia administrativa Termen comunicare raspuns Documentele de interese public produse si\/sau gestionate de OCPI Buzau Raport privind accesul la informatiile de interes public [&hellip;]<\/p>\n","protected":false},"author":5,"featured_media":0,"parent":0,"menu_order":0,"comment_status":"closed","ping_status":"closed","template":"","meta":{"footnotes":""},"class_list":["post-4936","page","type-page","status-publish","hentry"],"_links":{"self":[{"href":"https:\/\/www.ancpi.ro\/ocpi\/bz\/wp-json\/wp\/v2\/pages\/4936","targetHints":{"allow":["GET"]}}],"collection":[{"href":"https:\/\/www.ancpi.ro\/ocpi\/bz\/wp-json\/wp\/v2\/pages"}],"about":[{"href":"https:\/\/www.ancpi.ro\/ocpi\/bz\/wp-json\/wp\/v2\/types\/page"}],"author":[{"embeddable":true,"href":"https:\/\/www.ancpi.ro\/ocpi\/bz\/wp-json\/wp\/v2\/users\/5"}],"replies":[{"embeddable":true,"href":"https:\/\/www.ancpi.ro\/ocpi\/bz\/wp-json\/wp\/v2\/comments?post=4936"}],"version-history":[{"count":5,"href":"https:\/\/www.ancpi.ro\/ocpi\/bz\/wp-json\/wp\/v2\/pages\/4936\/revisions"}],"predecessor-version":[{"id":5837,"href":"https:\/\/www.ancpi.ro\/ocpi\/bz\/wp-json\/wp\/v2\/pages\/4936\/revisions\/5837"}],"wp:attachment":[{"href":"https:\/\/www.ancpi.ro\/ocpi\/bz\/wp-json\/wp\/v2\/media?parent=4936"}],"curies":[{"name":"wp","href":"https:\/\/api.w.org\/{rel}","templated":true}]}}