{"id":4943,"date":"2021-08-03T13:54:18","date_gmt":"2021-08-03T10:54:18","guid":{"rendered":"https:\/\/www.ancpi.ro\/ocpi\/bz\/?page_id=4943"},"modified":"2026-03-20T10:10:44","modified_gmt":"2026-03-20T08:10:44","slug":"formulare-tip","status":"publish","type":"page","link":"https:\/\/www.ancpi.ro\/ocpi\/bz\/formulare-tip\/","title":{"rendered":"Formulare TIP"},"content":{"rendered":"<h3>Cereri \u0219i formulare tipizate &#8211;<strong>Anexe conform Ordinului 600\/2023 al ANCPI<\/strong><\/h3>\n<ul>\n<li><a href=\"https:\/\/www.ancpi.ro\/ocpi\/bz\/wp-content\/uploads\/2026\/03\/Anexa_1.doc\" target=\"_blank\" rel=\"noopener\"><b>Anexa 1<\/b>\u00a0Cerere pentru eliberarea copiilor dup\u0103 documentele aflate \u00een arhiva biroului teritorial<\/a><\/li>\n<li><a href=\"https:\/\/www.ancpi.ro\/ocpi\/bz\/wp-content\/uploads\/2026\/03\/Anexa_5.doc\" target=\"_blank\" rel=\"noopener\"><b>Anexa 5<\/b> Cerere de \u00eenscriere<\/a><\/li>\n<li><a href=\"https:\/\/www.ancpi.ro\/ocpi\/bz\/wp-content\/uploads\/2026\/03\/Anexa_6.doc\" target=\"_blank\" rel=\"noopener\"><b>Anexa 6<\/b> Cerere pentru eliberare extras de carte funciara pentru informare<\/a><\/li>\n<li><a href=\"https:\/\/www.ancpi.ro\/ocpi\/bz\/wp-content\/uploads\/2026\/03\/Anexa_7.docx\" target=\"_blank\" rel=\"noopener\"><b>Anexa 7<\/b> Cerere pentru eliberarea unui certificat de sarcini<\/a><\/li>\n<li><a href=\"https:\/\/www.ancpi.ro\/ocpi\/bz\/wp-content\/uploads\/2026\/03\/Anexa_8.doc\" target=\"_blank\" rel=\"noopener\"><b>Anexa 8<\/b> Cerere privind identificarea num\u0103rului de carte funciar\u0103 \u0219i a num\u0103rului cadastral topografic al\/ale imobilului\/imobilelor dup\u0103 numele\/denumirea proprietarului<\/a><\/li>\n<li><a href=\"https:\/\/www.ancpi.ro\/ocpi\/bz\/wp-content\/uploads\/2026\/03\/Anexa_9.doc\" target=\"_blank\" rel=\"noopener\"><b>Anexa 9<\/b> Certificat privind identificarea num\u0103rului topografic\/cadastral \u0219i de carte funciar\u0103 dup\u0103 numele\/denumirea proprietarului<\/a><\/li>\n<li><a href=\"https:\/\/www.ancpi.ro\/ocpi\/bz\/wp-content\/uploads\/2026\/03\/Anexa_10.doc\" target=\"_blank\" rel=\"noopener\"><b>Anexa 10<\/b> Cerere privind \u00eenscrierea imobilului \u00een eviden\u021bele de cadastru \u0219i carte funciar\u0103 dup\u0103 datele de identificare ale acestuia<\/a><\/li>\n<li><a href=\"https:\/\/www.ancpi.ro\/ocpi\/bz\/wp-content\/uploads\/2026\/03\/Anexa_11.doc\" target=\"_blank\" rel=\"noopener\"><b>Anexa 11<\/b> Certificat privind \u00eenscrierea imobilului \u00een eviden\u021bele de cadastru \u0219i carte funciar\u0103 dup\u0103 datele de identificare ale acestuia<\/a><\/li>\n<li><a href=\"https:\/\/www.ancpi.ro\/ocpi\/bz\/wp-content\/uploads\/2026\/03\/Anexa_12.doc\" target=\"_blank\" rel=\"noopener\"><b>Anexa 12<\/b> \u00a0Cerere de informa\u021bii<\/a><\/li>\n<li><a href=\"https:\/\/www.ancpi.ro\/ocpi\/bz\/wp-content\/uploads\/2026\/03\/Anexa_13.doc\" target=\"_blank\" rel=\"noopener\"><b>Anexa 13<\/b> Cerere de recep\u021bie \u0219i \u00eenscriere<\/a><\/li>\n<li><a href=\"https:\/\/www.ancpi.ro\/ocpi\/bz\/wp-content\/uploads\/2026\/03\/Anexa_14.docx\" target=\"_blank\" rel=\"noopener\"><b>Anexa 14<\/b> Declara\u021bie<\/a><\/li>\n<li><a href=\"https:\/\/www.ancpi.ro\/ocpi\/bz\/wp-content\/uploads\/2026\/03\/Anexa_15.docx\" target=\"_blank\" rel=\"noopener\"><b>Anexa 15<\/b> Memoriu tehnic<\/a><\/li>\n<li><a href=\"https:\/\/www.ancpi.ro\/ocpi\/bz\/wp-content\/uploads\/2026\/03\/Anexa_16.doc\" target=\"_blank\" rel=\"noopener\"><b>Anexa 16<\/b> Plan de amplasament \u0219i delimitare<\/a><\/li>\n<li><a href=\"https:\/\/www.ancpi.ro\/ocpi\/bz\/wp-content\/uploads\/2026\/03\/Anexa_16_1.docx\" target=\"_blank\" rel=\"noopener\"><b>Anexa 16_1<\/b> Plan de amplasament \u0219i delimitare a imobilului cu construc\u021bii bunuri viitoare<\/a><\/li>\n<li><a href=\"https:\/\/www.ancpi.ro\/ocpi\/bz\/wp-content\/uploads\/2026\/03\/Anexa_17.doc\" target=\"_blank\" rel=\"noopener\"><b>Anexa 17<\/b> Plan de amplasament \u0219i delimitare a imobilului cu propunerea de dezlipire<\/a><\/li>\n<li><a href=\"https:\/\/www.ancpi.ro\/ocpi\/bz\/wp-content\/uploads\/2026\/03\/Anexa_17_1.doc\" target=\"_blank\" rel=\"noopener\"><b>Anexa 17_1<\/b> Plan de amplasament \u0219i delimitare a imobilului cu construc\u021bii bunuri viitoare_propunerea-de-dezlipire<\/a><\/li>\n<li><a href=\"https:\/\/www.ancpi.ro\/ocpi\/bz\/wp-content\/uploads\/2026\/03\/Anexa_18.doc\" target=\"_blank\" rel=\"noopener\"><b>Anexa 18<\/b> Releveu locuin\u021b\u0103 plan parter\/etaj<\/a><\/li>\n<li><a href=\"https:\/\/www.ancpi.ro\/ocpi\/bz\/wp-content\/uploads\/2026\/03\/Anexa_18_1.doc\" target=\"_blank\" rel=\"noopener\"><b>Anexa 18_1<\/b> Releveu unitate individual\u0103 bun viitor 263405-C1V-U1V<\/a><\/li>\n<li><a href=\"https:\/\/www.ancpi.ro\/ocpi\/bz\/wp-content\/uploads\/2026\/03\/Anexa_19.doc\" target=\"_blank\" rel=\"noopener\"><b>Anexa 19<\/b> \u00a0Foaia colectiv\u0103<\/a><\/li>\n<li><a href=\"https:\/\/www.ancpi.ro\/ocpi\/bz\/wp-content\/uploads\/2026\/03\/Anexa_19_1.doc\" target=\"_blank\" rel=\"noopener\"><b>Anexa 19_1<\/b>Foaia colectiv\u0103 construc\u021bie condominiu bun viitor<\/a><\/li>\n<li><a href=\"https:\/\/www.ancpi.ro\/ocpi\/bz\/wp-content\/uploads\/2026\/03\/Anexa_20.doc\" target=\"_blank\" rel=\"noopener\"><b>Anexa 20<\/b> Proces verbal de vecin\u0103tate<\/a><\/li>\n<li><a href=\"https:\/\/www.ancpi.ro\/ocpi\/bz\/wp-content\/uploads\/2026\/03\/Anexa_21.doc\" target=\"_blank\" rel=\"noopener\"><b>Anexa 21<\/b> \u00a0Convocare<\/a><\/li>\n<li><a href=\"https:\/\/www.ancpi.ro\/ocpi\/bz\/wp-content\/uploads\/2026\/03\/Anexa_22.doc\" target=\"_blank\" rel=\"noopener\"><b>Anexa 22<\/b> Cerere anulare num\u0103r cadastral<\/a><\/li>\n<li><a href=\"https:\/\/www.ancpi.ro\/ocpi\/bz\/wp-content\/uploads\/2026\/03\/Anexa_23.doc\" target=\"_blank\" rel=\"noopener\"><b>Anexa 23<\/b> Cerere privind solicitarea avizului de \u00eencepere recep\u021bie a lucr\u0103rii<\/a><\/li>\n<li><a href=\"https:\/\/www.ancpi.ro\/ocpi\/bz\/wp-content\/uploads\/2026\/03\/Anexa_26.doc\" target=\"_blank\" rel=\"noopener\"><b>Anexa 26<\/b> Adeverin\u021b\u0103<\/a><\/li>\n<li><a href=\"https:\/\/www.ancpi.ro\/ocpi\/bz\/wp-content\/uploads\/2026\/03\/Anexa_27.docx\" target=\"_blank\" rel=\"noopener\"><b>Anexa 27<\/b> \u00a0Certificat pentru \u00eentabularea \u00een cartea funciar\u0103 a dreptului de proprietate asupra terenului aferent casei de locuit si anexelor gospod\u0103re\u0219ti precum \u0219i curtea \u0219i gr\u0103dina<\/a><\/li>\n<li><a href=\"https:\/\/www.ancpi.ro\/ocpi\/bz\/wp-content\/uploads\/2026\/03\/Anexa_28.docx\" target=\"_blank\" rel=\"noopener\"><b>Anexa 28<\/b> Certificat de atestare a edific\u0103rii\/extinderii construc\u021biei realizate cu autoriza\u021bie de construire<\/a><\/li>\n<li><a href=\"https:\/\/www.ancpi.ro\/ocpi\/bz\/wp-content\/uploads\/2026\/03\/Anexa_29.docx\" target=\"_blank\" rel=\"noopener\"><b>Anexa 29<\/b> Certificat de atestare a edific\u0103rii\/extinderii construc\u021biei realizate f\u0103r\u0103 autoriza\u021bie de construire<\/a><\/li>\n<li><a href=\"https:\/\/www.ancpi.ro\/ocpi\/bz\/wp-content\/uploads\/2026\/03\/Anexa_30.doc\" target=\"_blank\" rel=\"noopener\"><b>Anexa 30<\/b> Cerere de informa\u021bii pentru \u00eentocmirea planului parcelar in vederea atribuirii numerelor cadastrale<\/a><\/li>\n<\/ul>\n","protected":false},"excerpt":{"rendered":"<p>Cereri \u0219i formulare tipizate &#8211;Anexe conform Ordinului 600\/2023 al ANCPI Anexa 1\u00a0Cerere pentru eliberarea copiilor dup\u0103 documentele aflate \u00een arhiva biroului teritorial Anexa 5 Cerere de \u00eenscriere Anexa 6 Cerere pentru eliberare extras de carte funciara pentru informare Anexa 7 Cerere pentru eliberarea unui certificat de sarcini Anexa 8 Cerere privind identificarea num\u0103rului de carte [&hellip;]<\/p>\n","protected":false},"author":5,"featured_media":0,"parent":0,"menu_order":0,"comment_status":"closed","ping_status":"closed","template":"","meta":{"footnotes":""},"class_list":["post-4943","page","type-page","status-publish","hentry"],"_links":{"self":[{"href":"https:\/\/www.ancpi.ro\/ocpi\/bz\/wp-json\/wp\/v2\/pages\/4943","targetHints":{"allow":["GET"]}}],"collection":[{"href":"https:\/\/www.ancpi.ro\/ocpi\/bz\/wp-json\/wp\/v2\/pages"}],"about":[{"href":"https:\/\/www.ancpi.ro\/ocpi\/bz\/wp-json\/wp\/v2\/types\/page"}],"author":[{"embeddable":true,"href":"https:\/\/www.ancpi.ro\/ocpi\/bz\/wp-json\/wp\/v2\/users\/5"}],"replies":[{"embeddable":true,"href":"https:\/\/www.ancpi.ro\/ocpi\/bz\/wp-json\/wp\/v2\/comments?post=4943"}],"version-history":[{"count":6,"href":"https:\/\/www.ancpi.ro\/ocpi\/bz\/wp-json\/wp\/v2\/pages\/4943\/revisions"}],"predecessor-version":[{"id":5882,"href":"https:\/\/www.ancpi.ro\/ocpi\/bz\/wp-json\/wp\/v2\/pages\/4943\/revisions\/5882"}],"wp:attachment":[{"href":"https:\/\/www.ancpi.ro\/ocpi\/bz\/wp-json\/wp\/v2\/media?parent=4943"}],"curies":[{"name":"wp","href":"https:\/\/api.w.org\/{rel}","templated":true}]}}