{"id":5406,"date":"2023-03-22T10:03:03","date_gmt":"2023-03-22T08:03:03","guid":{"rendered":"https:\/\/www.ancpi.ro\/ocpi\/bz\/?page_id=5406"},"modified":"2024-03-19T09:26:24","modified_gmt":"2024-03-19T07:26:24","slug":"anticoruptie","status":"publish","type":"page","link":"https:\/\/www.ancpi.ro\/ocpi\/bz\/anticoruptie\/","title":{"rendered":"Integritate institutionala"},"content":{"rendered":"<p data-raofz=\"15\"><strong>Avertizari de integritate<\/strong><\/p>\n<p data-raofz=\"15\">Persoanele care aleg s\u0103 se adreseze\u00a0 pe canalul intern al Oficiului de Cadastru \u0219i Publicitate Imobiliar\u0103 Buz\u0103u, pentru a raporta inc\u0103lcari ale Legii o pot face doar\u00a0 prin urm\u0103toarele modalit\u0103\u021bi:<\/p>\n<ul>\n<li style=\"list-style-type: none;\">\n<ul>\n<li style=\"list-style-type: none;\">\n<ul>\n<li data-raofz=\"15\">Prin e-mail la adresa\u00a0<span data-raofz=\"15\"><strong><u>avertizare.bz@ancpi.ro;<\/u><\/strong><\/span><\/li>\n<li data-raofz=\"15\">Telefonic, la num\u0103rul 0238 711036<\/li>\n<li data-raofz=\"15\">Prin intermediul serviciilor po\u0219tale la adresa: Oficiul de Cadastru \u0219i Publicitate Imobiliar\u0103 Buz\u0103u, bd. Nicolae Balcescu nr. 48, cod po\u0219tal 120426,\u00a0 <em>\u00cen aten\u021bia comisiei responsabil\u0103 cu avertizarea \u00een interes public<\/em>;<\/li>\n<li data-raofz=\"15\">Personal, prin prezentarea la sediul Oficiului de Cadastru \u0219i Publicitate Imobiliar\u0103 Buz\u0103u (cu programare prealabil\u0103 efectuat\u0103 la adresa de email <span data-raofz=\"15\"><strong><u>avertizare.bz@ancpi.ro<\/u><\/strong><\/span>\n<ul>\n<li data-raofz=\"15\"><a role=\"link\" href=\"https:\/\/www.ancpi.ro\/ocpi\/bz\/wp-content\/inf_publice\\formular_avertizare_in_interes_public.pdf\" rel=\"noopener\" data-raofz=\"15\">Formular de avertizare in interes public<\/a><\/li>\n<\/ul>\n<p>&nbsp;<\/li>\n<li><a href=\"https:\/\/www.ancpi.ro\/ocpi\/bz\/wp-content\/inf_publice\\raport_etica_2022.pdf\">Raport anual cu privire la respectarea normelor de conduita de catre pers. contractual-2022<\/a><\/li>\n<li data-raofz=\"15\"><a href=\"https:\/\/www.ancpi.ro\/ocpi\/bz\/wp-content\/inf_publice\\raport_etica_2023.pdf\">Raport anual cu privire la respectarea normelor de conduita de catre pers. contractual-2023<\/a><\/li>\n<\/ul>\n<\/li>\n<\/ul>\n<\/li>\n<\/ul>\n","protected":false},"excerpt":{"rendered":"<p>Avertizari de integritate Persoanele care aleg s\u0103 se adreseze\u00a0 pe canalul intern al Oficiului de Cadastru \u0219i Publicitate Imobiliar\u0103 Buz\u0103u, pentru a raporta inc\u0103lcari ale Legii o pot face doar\u00a0 prin urm\u0103toarele modalit\u0103\u021bi: Prin e-mail la adresa\u00a0avertizare.bz@ancpi.ro; Telefonic, la num\u0103rul 0238 711036 Prin intermediul serviciilor po\u0219tale la adresa: Oficiul de Cadastru \u0219i Publicitate Imobiliar\u0103 Buz\u0103u, [&hellip;]<\/p>\n","protected":false},"author":5,"featured_media":0,"parent":0,"menu_order":0,"comment_status":"closed","ping_status":"closed","template":"","meta":{"footnotes":""},"class_list":["post-5406","page","type-page","status-publish","hentry"],"_links":{"self":[{"href":"https:\/\/www.ancpi.ro\/ocpi\/bz\/wp-json\/wp\/v2\/pages\/5406","targetHints":{"allow":["GET"]}}],"collection":[{"href":"https:\/\/www.ancpi.ro\/ocpi\/bz\/wp-json\/wp\/v2\/pages"}],"about":[{"href":"https:\/\/www.ancpi.ro\/ocpi\/bz\/wp-json\/wp\/v2\/types\/page"}],"author":[{"embeddable":true,"href":"https:\/\/www.ancpi.ro\/ocpi\/bz\/wp-json\/wp\/v2\/users\/5"}],"replies":[{"embeddable":true,"href":"https:\/\/www.ancpi.ro\/ocpi\/bz\/wp-json\/wp\/v2\/comments?post=5406"}],"version-history":[{"count":5,"href":"https:\/\/www.ancpi.ro\/ocpi\/bz\/wp-json\/wp\/v2\/pages\/5406\/revisions"}],"predecessor-version":[{"id":5409,"href":"https:\/\/www.ancpi.ro\/ocpi\/bz\/wp-json\/wp\/v2\/pages\/5406\/revisions\/5409"}],"wp:attachment":[{"href":"https:\/\/www.ancpi.ro\/ocpi\/bz\/wp-json\/wp\/v2\/media?parent=5406"}],"curies":[{"name":"wp","href":"https:\/\/api.w.org\/{rel}","templated":true}]}}