{"id":1323,"date":"2016-05-26T16:51:46","date_gmt":"2016-05-26T16:51:46","guid":{"rendered":"http:\/\/demo.goodlayers.com\/infinite\/homepages\/gardener\/?page_id=1323"},"modified":"2025-07-08T11:23:58","modified_gmt":"2025-07-08T08:23:58","slug":"homepage-gardener","status":"publish","type":"page","link":"https:\/\/www.ancpi.ro\/ocpi\/gl\/","title":{"rendered":"Acas\u0103"},"content":{"rendered":"<style><span data-mce-type=\"bookmark\" style=\"display: inline-block; width: 0px; overflow: hidden; line-height: 0;\" class=\"mce_SELRES_start\">\ufeff<\/span><br \/>      .blink {<br \/>        animation: blinker 0.6s linear infinite;<br \/>        color: #1c87c9;<br \/>        font-size: 30px;<br \/>        font-weight: bold;<br \/>        font-family: sans-serif;<br \/>      }<br \/>      @keyframes blinker {<br \/>        50% {<br \/>          opacity: 0;<br \/>        }<br \/>      }<br \/>      .blink-one {<br \/>        animation: blinker-one 1s linear infinite;<br \/>      }<br \/>      @keyframes blinker-one {<br \/>        0% {<br \/>          opacity: 0;<br \/>        }<br \/>      }<br \/>      .blink-two {<br \/>        animation: blinker-two 1.4s linear infinite;<br \/>      }<br \/>      @keyframes blinker-two {<br \/>        100% {<br \/>          opacity: 0;<br \/>        }<br \/>      }<br \/>    <\/style>\n<p class=\"blink-two\" style=\"text-align: center;\"><strong><span style=\"color: #0040ff;\">ATEN\u021aIONARE !<\/span><\/strong><\/p>\n<p><span style=\"color: #ff0000;\"><b>\u00a0<\/b><\/span><\/p>\n<hr \/>\n<p><strong>Ob\u021bine gratuit extrasele de carte funciar\u0103 \u0219i de plan cadastral prin platforma\u00a0<a role=\"link\" href=\"https:\/\/myeterra.ancpi.ro\/landing\" rel=\"noopener\" data-raofz=\"15\">MyEterra<\/a>. Detalii\u00a0<a role=\"link\" href=\"https:\/\/www.ancpi.ro\/ocpi\/gl\/myeterra\/\" rel=\"noopener\" data-raofz=\"15\">aici<\/a><\/strong><\/p>\n<p><strong>\u00cencep\u00e2nd din 7.04.2025 extrasele de carte funciar\u0103 \u0219i extrasele de plan cadastral solicitate la ghi\u0219eu sunt eliberate gratis pentru proprietari.<\/strong><\/p>\n<p style=\"text-align: left;\">Extrasele de carte funciar\u0103 pentru informare \u0219i de plan cadastral pe ortofotoplan (online) se ob\u021bin acces\u00e2nd platforma: <a href=\"https:\/\/epay.ancpi.ro\" target=\"_blank\" rel=\"noopener\"><span style=\"color: #0000ff;\">epay.ancpi.ro<\/span> <\/a>sau site-ul <a href=\"https:\/\/www.ancpi.ro\" target=\"_blank\" rel=\"noopener\"><span style=\"color: #0000ff;\">www.ancpi.ro<\/span>.<\/a>\u00a0Tarifele sunt urm\u0103toarele:<br \/>\n&#8211; Extras de carte funciar\u0103 pentru informare (online)\u00a0 &#8211; 20 LEI<br \/>\n&#8211; Extras de plan cadastral pe ortofotoplan (online)\u00a0 \u00a0 \u00a0&#8211; 15 LEI<\/p>\n<p style=\"text-align: left;\"><span style=\"color: #0040ff;\">Cump\u0103rarea serviciilor de pe alte site-uri poate genera costuri suplimentare.<\/span><\/p>\n<hr \/>\n","protected":false},"excerpt":{"rendered":"<p>ATEN\u021aIONARE ! \u00a0 Ob\u021bine gratuit extrasele de carte funciar\u0103 \u0219i de plan cadastral prin platforma\u00a0MyEterra. Detalii\u00a0aici \u00cencep\u00e2nd din 7.04.2025 extrasele de carte funciar\u0103 \u0219i extrasele de plan cadastral solicitate la ghi\u0219eu sunt eliberate gratis pentru proprietari. Extrasele de carte funciar\u0103 pentru informare \u0219i de plan cadastral pe ortofotoplan (online) se ob\u021bin acces\u00e2nd platforma: epay.ancpi.ro sau [&hellip;]<\/p>\n","protected":false},"author":4,"featured_media":0,"parent":0,"menu_order":0,"comment_status":"closed","ping_status":"closed","template":"","meta":[],"folder":[],"_links":{"self":[{"href":"https:\/\/www.ancpi.ro\/ocpi\/gl\/wp-json\/wp\/v2\/pages\/1323"}],"collection":[{"href":"https:\/\/www.ancpi.ro\/ocpi\/gl\/wp-json\/wp\/v2\/pages"}],"about":[{"href":"https:\/\/www.ancpi.ro\/ocpi\/gl\/wp-json\/wp\/v2\/types\/page"}],"author":[{"embeddable":true,"href":"https:\/\/www.ancpi.ro\/ocpi\/gl\/wp-json\/wp\/v2\/users\/4"}],"replies":[{"embeddable":true,"href":"https:\/\/www.ancpi.ro\/ocpi\/gl\/wp-json\/wp\/v2\/comments?post=1323"}],"version-history":[{"count":6,"href":"https:\/\/www.ancpi.ro\/ocpi\/gl\/wp-json\/wp\/v2\/pages\/1323\/revisions"}],"predecessor-version":[{"id":7784,"href":"https:\/\/www.ancpi.ro\/ocpi\/gl\/wp-json\/wp\/v2\/pages\/1323\/revisions\/7784"}],"wp:attachment":[{"href":"https:\/\/www.ancpi.ro\/ocpi\/gl\/wp-json\/wp\/v2\/media?parent=1323"}],"wp:term":[{"taxonomy":"folder","embeddable":true,"href":"https:\/\/www.ancpi.ro\/ocpi\/gl\/wp-json\/wp\/v2\/folder?post=1323"}],"curies":[{"name":"wp","href":"https:\/\/api.w.org\/{rel}","templated":true}]}}