{"id":4945,"date":"2021-03-17T10:07:36","date_gmt":"2021-03-17T08:07:36","guid":{"rendered":"https:\/\/www.ancpi.ro\/ocpi\/gl\/?page_id=4945"},"modified":"2026-03-10T10:54:08","modified_gmt":"2026-03-10T08:54:08","slug":"formulare-tip","status":"publish","type":"page","link":"https:\/\/www.ancpi.ro\/ocpi\/gl\/formulare-tip\/","title":{"rendered":"Formulare tip"},"content":{"rendered":"\r\n<ul>\r\n<li>Anexa nr. 1 &#8211; Cerere pentru eliberarea copiilor dup\u0103 documentele aflate \u00een arhiva biroului teritorial (modificat\u0103 prin Ordinul 1255\/2023) &#8211; download <a href=\"https:\/\/www.ancpi.ro\/ocpi\/gl\/wp-content\/formulare\/ODG1255\/Anexa1_Cerere pentru eliberarea copiilor dup\u0103 documentele aflate \u00een arhiva biroului teritorial.docx\">.docx<\/a> \/<a href=\"https:\/\/www.ancpi.ro\/ocpi\/gl\/wp-content\/formulare\/ODG1255\/Anexa1_Cerere pentru eliberarea copiilor dup\u0103 documentele aflate \u00een arhiva biroului teritorial.pdf\"> .pdf<\/a><\/li>\r\n<li>Anexa nr. 5 &#8211; Cerere de \u00eenscriere &#8211; (modificat\u0103 prin Ordinul 1255\/2023) &#8211; download <a href=\"https:\/\/www.ancpi.ro\/ocpi\/gl\/wp-content\/formulare\/ODG1255\/Anexa5_Cerere de inscriere.docx\">.docx<\/a> \/<a href=\"https:\/\/www.ancpi.ro\/ocpi\/gl\/wp-content\/formulare\/ODG1255\/Anexa5_Cerere de inscriere.pdf\"> .pdf<\/a><\/li>\r\n<li>Anexa nr. 6 &#8211; Cerere pentru eliberare extras de carte funciar\u0103 pentru informare\u00a0 &#8211; (modificat\u0103 prin Ordinul 1255\/2023) &#8211; download <a href=\"https:\/\/www.ancpi.ro\/ocpi\/gl\/wp-content\/formulare\/ODG1255\/Anexa6_Cerere extras de carte funciara pentru informare.docx\">.docx<\/a> \/<a href=\"https:\/\/www.ancpi.ro\/ocpi\/gl\/wp-content\/formulare\/ODG1255\/Anexa6_Cerere extras de carte funciara pentru informare.pdf\"> .pdf<\/a><\/li>\r\n<li>Anexa nr. 7 &#8211; Cerere pentru eliberarea unui certificat de sarcini &#8211; (modificat\u0103 prin Ordinul 1255\/2023) &#8211; download <a href=\"https:\/\/www.ancpi.ro\/ocpi\/gl\/wp-content\/formulare\/ODG1255\/Anexa7_Cerere pentru eliberarea unui certificat de sarcini.docx\">.docx<\/a> \/<a href=\"https:\/\/www.ancpi.ro\/ocpi\/gl\/wp-content\/formulare\/ODG1255\/Anexa7_Cerere pentru eliberarea unui certificat de sarcini.pdf\"> .pdf<\/a><\/li>\r\n<li>Anexa nr. 8 &#8211; Cerere privind identificarea num\u0103rului de carte funciar\u0103 \u0219i a num\u0103rului cadastral\/topografic al\/ale imobilului\/imobilelor dup\u0103 numele\/denumirea proprietarului &#8211; (modificat\u0103 prin Ordinul 1255\/2023) &#8211; download <a href=\"https:\/\/www.ancpi.ro\/ocpi\/gl\/wp-content\/formulare\/ODG1255\/Anexa8.docx\">.docx<\/a> \/<a href=\"https:\/\/www.ancpi.ro\/ocpi\/gl\/wp-content\/formulare\/ODG1255\/Anexa8.pdf\"> .pdf<\/a><\/li>\r\n<li>Anexa nr. 10 &#8211; Cerere privind \u00eenscrierea imobilului \u00een eviden\u021bele de cadastru \u0219i carte funciar\u0103 dup\u0103 datele de identificare ale acestuia &#8211; (modificat\u0103 prin Ordinul 1255\/2023) &#8211; download <a href=\"https:\/\/www.ancpi.ro\/ocpi\/gl\/wp-content\/formulare\/ODG1255\/Anexa10_Cerere privind inscrierea imobilului in evidentele de cadastru si CF dupa datele de identificare.docx\">.docx<\/a> \/<a href=\"https:\/\/www.ancpi.ro\/ocpi\/gl\/wp-content\/formulare\/ODG1255\/Anexa10_Cerere privind inscrierea imobilului in evidentele de cadastru si CF dupa datele de identificare.pdf\"> .pdf<\/a><\/li>\r\n<li>Anexa nr. 12 &#8211; Cerere pentru solicitare informa\u021bii (ODG 600\/2023 modificat prin ODG 263\/2026)- download <a href=\"https:\/\/www.ancpi.ro\/ocpi\/gl\/wp-content\/formulare\/ODG1255\/Anexa13_Cerere de receptie si inscriere.docx\">.docx<\/a> \/<a href=\"https:\/\/www.ancpi.ro\/ocpi\/gl\/wp-content\/formulare\/ODG600_MODIFICAT\/Anexa nr. 12 Cerere de informatii.pdf\"> .pdf<\/a><\/li>\r\n<li>Anexa nr. 13 &#8211; Cerere de recep\u021bie \u0219i \u00eenscriere &#8211; (ODG 600\/2023 modificat prin ODG 263\/2026) &#8211; download <a href=\"https:\/\/www.ancpi.ro\/ocpi\/gl\/wp-content\/formulare\/ODG1255\/Anexa Nr. 13 Cerere de receptie si inscriere.docx\">.docx<\/a> \/<a href=\"https:\/\/www.ancpi.ro\/ocpi\/gl\/wp-content\/formulare\/ODG600_MODIFICAT\/Anexa Nr. 13 Cerere de receptie si inscriere.pdf\"> .pdf<\/a><\/li>\r\n<li>Anexa nr. 14 &#8211; Declara\u021bie &#8211; (modificat\u0103 prin Ordinul 1255\/2023) &#8211; download <a href=\"https:\/\/www.ancpi.ro\/ocpi\/gl\/wp-content\/formulare\/ODG1255\/Anexa14_Declaratie.docx\">.docx<\/a> \/<a href=\"https:\/\/www.ancpi.ro\/ocpi\/gl\/wp-content\/formulare\/ODG1255\/Anexa14_Declaratie.pdf\"> .pdf<\/a><\/li>\r\n<li>Anexa nr. 15 &#8211; Memoriu tehnic &#8211; (ODG 600\/2023 modificat prin ODG 263\/2026) &#8211; download <a href=\"https:\/\/www.ancpi.ro\/ocpi\/gl\/wp-content\/formulare\/ODG600_MODIFICAT\/Anexa15_Memoriu tehnic.docx\">.docx<\/a> \/<a href=\"https:\/\/www.ancpi.ro\/ocpi\/gl\/wp-content\/formulare\/ODG600_MODIFICAT\/Anexa15_Memoriu tehnic.pdf\"> .pdf<\/a><\/li>\r\n<li>Anexa nr. 22 &#8211; Cerere pentru anulare num\u0103r cadastral\u00a0 &#8211; (ODG 600\/2023) &#8211; <a href=\"https:\/\/www.ancpi.ro\/ocpi\/gl\/wp-content\/formulare\/ODG600\/Anexa nr. 22 Cerere anulare numar cadastral.pdf\">download<\/a><\/li>\r\n<li>Anexa nr. 23 &#8211; Cerere eliberare aviz incepere \/ recep\u021bie lucr\u0103ri &#8211; download <a href=\"https:\/\/www.ancpi.ro\/ocpi\/gl\/wp-content\/formulare\/ODG600\/Anexa 23_Cerere privind solicitarea avizului de incepere a lucrarii.docx\">.docx<\/a> \/<a href=\"https:\/\/www.ancpi.ro\/ocpi\/gl\/wp-content\/formulare\/ODG600\/Anexa 23_Cerere privind solicitarea avizului de incepere a lucrarii.pdf\"> .pdf<\/a><\/li>\r\n<li>Cerere solicitare extras plan cadastral de pe ortofotoplan &#8211; <a href=\"https:\/\/www.ancpi.ro\/ocpi\/gl\/wp-content\/formulare\/cerereplancadastralortofotoplan.pdf\">download<\/a><\/li>\r\n<li>Cerere pentru eliberare duplicat titlu de proprietate &#8211; <a href=\"https:\/\/www.ancpi.ro\/ocpi\/gl\/wp-content\/formulare\/cerereeliberareduplicat.pdf\">download<\/a><\/li>\r\n<li>Cerere restituire sume pl\u0103tite necuvenit \u00een contul OCPI &#8211; <a href=\"https:\/\/www.ancpi.ro\/ocpi\/gl\/wp-content\/formulare\/cerererestituire.pdf\">download<\/a><\/li>\r\n<li>Formular de solicitare date GNSS &#8211; <a href=\"https:\/\/www.ancpi.ro\/ocpi\/gl\/wp-content\/formulare\/formularDateGNSS.pdf\">download<\/a><\/li>\r\n<li><a href=\"https:\/\/www.ancpi.ro\/ocpi\/gl\/wp-content\/formulare\/277_model_proprietar.pdf\"><strong>model cerere pentru eliberare extras din planul cadastral <\/strong><strong>PENTRU PROPRIETAR &#8211; download<\/strong><\/a><\/li>\r\n<li><a href=\"https:\/\/www.ancpi.ro\/ocpi\/gl\/wp-content\/formulare\/272_model_proprietar.pdf\"><strong>model cerere pentru eliberare extras de carte funciar\u0103 pentru<\/strong> <strong>informare <\/strong><strong>PENTRU PROPRIETAR &#8211; download<\/strong><\/a><\/li>\r\n<\/ul>\r\n<hr \/>\r\n<p>\r\n\r\n<\/p>\r\n<p>&nbsp;<\/p>\r\n\r\n<p>&nbsp;<\/p>","protected":false},"excerpt":{"rendered":"<p>Anexa nr. 1 &#8211; Cerere pentru eliberarea copiilor dup\u0103 documentele aflate \u00een arhiva biroului teritorial (modificat\u0103 prin Ordinul 1255\/2023) &#8211; download .docx \/ .pdf Anexa nr. 5 &#8211; Cerere de \u00eenscriere &#8211; (modificat\u0103 prin Ordinul 1255\/2023) &#8211; download .docx \/ .pdf Anexa nr. 6 &#8211; Cerere pentru eliberare extras de carte funciar\u0103 pentru informare\u00a0 &#8211; [&hellip;]<\/p>\n","protected":false},"author":5,"featured_media":0,"parent":0,"menu_order":0,"comment_status":"closed","ping_status":"closed","template":"","meta":[],"folder":[],"_links":{"self":[{"href":"https:\/\/www.ancpi.ro\/ocpi\/gl\/wp-json\/wp\/v2\/pages\/4945"}],"collection":[{"href":"https:\/\/www.ancpi.ro\/ocpi\/gl\/wp-json\/wp\/v2\/pages"}],"about":[{"href":"https:\/\/www.ancpi.ro\/ocpi\/gl\/wp-json\/wp\/v2\/types\/page"}],"author":[{"embeddable":true,"href":"https:\/\/www.ancpi.ro\/ocpi\/gl\/wp-json\/wp\/v2\/users\/5"}],"replies":[{"embeddable":true,"href":"https:\/\/www.ancpi.ro\/ocpi\/gl\/wp-json\/wp\/v2\/comments?post=4945"}],"version-history":[{"count":5,"href":"https:\/\/www.ancpi.ro\/ocpi\/gl\/wp-json\/wp\/v2\/pages\/4945\/revisions"}],"predecessor-version":[{"id":8001,"href":"https:\/\/www.ancpi.ro\/ocpi\/gl\/wp-json\/wp\/v2\/pages\/4945\/revisions\/8001"}],"wp:attachment":[{"href":"https:\/\/www.ancpi.ro\/ocpi\/gl\/wp-json\/wp\/v2\/media?parent=4945"}],"wp:term":[{"taxonomy":"folder","embeddable":true,"href":"https:\/\/www.ancpi.ro\/ocpi\/gl\/wp-json\/wp\/v2\/folder?post=4945"}],"curies":[{"name":"wp","href":"https:\/\/api.w.org\/{rel}","templated":true}]}}