{"id":4949,"date":"2021-03-17T10:09:04","date_gmt":"2021-03-17T08:09:04","guid":{"rendered":"https:\/\/www.ancpi.ro\/ocpi\/gl\/?page_id=4949"},"modified":"2023-07-19T15:15:50","modified_gmt":"2023-07-19T12:15:50","slug":"protectia-datelor-cu-caracter-personal","status":"publish","type":"page","link":"https:\/\/www.ancpi.ro\/ocpi\/gl\/protectia-datelor-cu-caracter-personal\/","title":{"rendered":"Protec\u021bia datelor cu caracter personal"},"content":{"rendered":"<p><strong>RESPONSABILUL CU PROTEC\u021aIA DATELOR CU CARACTER PERSONAL<\/strong><\/p>\n<p>\u00cen exercitarea drepturilor dumneavoastr\u00e3 prev\u00e3zute de Regulamentul nr. 679\/2016 privind protec\u021bia persoanelor fizice, \u00een ceea ce prive\u0219te prelucrarea datelor cu caracter personal \u0219i privind libera circula\u021bie a acestor date, dar \u0219i \u00een cazul \u00een care exist\u00e3 nel\u00e3muriri cu privire la orice aspect care \u021bine de protec\u021bia datelor cu caracter personal, la nivelul OCPI a fost desemnat un Responsabil cu protec\u021bia datelor (Data Protection Officer &#8211; DPO) care poate fi contactat prin transmiterea unei cereri scrise, datate \u0219i semnate la adresa po\u0219tal\u0103: Gala\u021bi, Str. Domneasc\u0103 nr. 244 sau e-mail rpd_galati@ancpi.ro.<\/p>\n<p>Totodat\u00e3, ave\u021bi dreptul de a depune o pl\u00e2ngere la <a href=\"http:\/\/www.dataprotection.ro\/?page=Plangeri_RGPD&amp;lang=ro\">Autoritatea Na\u021bional\u00e3 de Supraveghere a Prelucr\u00e3rii Datelor cu Caracter Personal<\/a> \u0219i de a v\u0103 adresa justi\u021biei pentru ap\u00e3rarea oric\u00e3ror drepturi garantate de legisla\u021bia aplicabil\u00e3 \u00een domeniul protec\u021biei datelor cu caracter personal care au fost \u00eenc\u00e3lcate.<\/p>\n<p>Responsabil cu protec\u021bia datelor la OCPI Gala\u021bi este:\u00a0 D-na Paula MOLNAR, tel. 0236.311.774, int. 143, email: <strong>rpd_galati@ancpi.ro<\/strong><\/p>\n<ul>\n<li><a href=\"https:\/\/www.ancpi.ro\/ocpi\/gl\/wp-content\/protectiedate\/politicadesupraveghereprinmijloacevideo.pdf\" target=\"_blank\" rel=\"noopener\">Politica de supraveghere prin mijloace video<\/a><\/li>\n<li><a href=\"https:\/\/www.ancpi.ro\/ocpi\/gl\/wp-content\/protectiedate\/notainformare.pdf\" target=\"_blank\" rel=\"noopener\">Nota informare <\/a><\/li>\n<li><a href=\"https:\/\/www.ancpi.ro\/ocpi\/gl\/wp-content\/protectiedate\/Decizia 52.pdf\" target=\"_blank\" rel=\"noopener\">Decizia 52<\/a><\/li>\n<\/ul>\n","protected":false},"excerpt":{"rendered":"<p>RESPONSABILUL CU PROTEC\u021aIA DATELOR CU CARACTER PERSONAL \u00cen exercitarea drepturilor dumneavoastr\u00e3 prev\u00e3zute de Regulamentul nr. 679\/2016 privind protec\u021bia persoanelor fizice, \u00een ceea ce prive\u0219te prelucrarea datelor cu caracter personal \u0219i privind libera circula\u021bie a acestor date, dar \u0219i \u00een cazul \u00een care exist\u00e3 nel\u00e3muriri cu privire la orice aspect care \u021bine de protec\u021bia datelor cu [&hellip;]<\/p>\n","protected":false},"author":5,"featured_media":0,"parent":0,"menu_order":0,"comment_status":"closed","ping_status":"closed","template":"","meta":[],"folder":[],"_links":{"self":[{"href":"https:\/\/www.ancpi.ro\/ocpi\/gl\/wp-json\/wp\/v2\/pages\/4949"}],"collection":[{"href":"https:\/\/www.ancpi.ro\/ocpi\/gl\/wp-json\/wp\/v2\/pages"}],"about":[{"href":"https:\/\/www.ancpi.ro\/ocpi\/gl\/wp-json\/wp\/v2\/types\/page"}],"author":[{"embeddable":true,"href":"https:\/\/www.ancpi.ro\/ocpi\/gl\/wp-json\/wp\/v2\/users\/5"}],"replies":[{"embeddable":true,"href":"https:\/\/www.ancpi.ro\/ocpi\/gl\/wp-json\/wp\/v2\/comments?post=4949"}],"version-history":[{"count":5,"href":"https:\/\/www.ancpi.ro\/ocpi\/gl\/wp-json\/wp\/v2\/pages\/4949\/revisions"}],"predecessor-version":[{"id":6864,"href":"https:\/\/www.ancpi.ro\/ocpi\/gl\/wp-json\/wp\/v2\/pages\/4949\/revisions\/6864"}],"wp:attachment":[{"href":"https:\/\/www.ancpi.ro\/ocpi\/gl\/wp-json\/wp\/v2\/media?parent=4949"}],"wp:term":[{"taxonomy":"folder","embeddable":true,"href":"https:\/\/www.ancpi.ro\/ocpi\/gl\/wp-json\/wp\/v2\/folder?post=4949"}],"curies":[{"name":"wp","href":"https:\/\/api.w.org\/{rel}","templated":true}]}}