{"id":5012,"date":"2021-03-18T09:24:36","date_gmt":"2021-03-18T07:24:36","guid":{"rendered":"https:\/\/www.ancpi.ro\/ocpi\/gl\/?page_id=5012"},"modified":"2024-07-09T14:54:11","modified_gmt":"2024-07-09T11:54:11","slug":"puncte-de-vedere-pnccf","status":"publish","type":"page","link":"https:\/\/www.ancpi.ro\/ocpi\/gl\/puncte-de-vedere-pnccf\/","title":{"rendered":"Puncte de vedere PNCCF \/ POR"},"content":{"rendered":"\r\n<ol type=\"1\">\r\n<li><strong>Procedura de corectare\/rectificare a titlurilor de proprietate intocmite gresit, in cadrul inregistrarii sistematice a imobilelor \u2013 <a href=\"https:\/\/www.ancpi.ro\/ocpi\/gl\/wp-content\/punctevedere\/pnccf\/672_r_OCPI.pdf\">Adresa ANCPI 14876 din 10.08.2016<\/a><\/strong><\/li>\r\n<li><strong>Punct de vedere cu privire la aspecte referitoare la modificarea Legii cadastrului si a publicitatii imobiliare nr. 7\/1996, republicata, cu modificarile si completarile ulterioare, respective inregistrarea sistematica a imobilelor \u2013 <a href=\"https:\/\/www.ancpi.ro\/ocpi\/gl\/wp-content\/punctevedere\/pnccf\/2.Adresa%20ANCPI%20nr.%2012872.11.08.2016.pdf\">Adresa ANCPI nr. 12872 din 11.08.2016<\/a><\/strong><\/li>\r\n<li><strong>Precizari privind aplicarea prevederilor\u00a0 Ordinului Directorului General al Agentiei Natioanale de Cadastru si Publicitate Imobiliara nr. 819\/2016 \u2013 <a href=\"https:\/\/www.ancpi.ro\/ocpi\/gl\/wp-content\/punctevedere\/pnccf\/3.Adresa ANCPI 17324_25.08.2016.pdf\">Adresa ANCPI nr. 17324 din 25.08.2016<\/a><\/strong><\/li>\r\n<li><strong>SPECIFICATII TEHNICE CADASTRU &#8211; <\/strong><a href=\"https:\/\/www.ancpi.ro\/ocpi\/gl\/wp-content\/punctevedere\/pnccf\/SPECIFICATII%20TEHNICE%20CADASTRU.doc\"><strong>Ordinul nr. 533\/2016 privind aprobarea Specifica\u0163iilor tehnice de realizare a lucr\u0103rilor sistematice de cadastru \u00een vederea \u00eenscrierii imobilelor \u00een cartea funciar\u0103<\/strong><\/a><\/li>\r\n<li><strong>Anexa loturi consultare piata &#8211; <a href=\"https:\/\/www.ancpi.ro\/ocpi\/gl\/wp-content\/punctevedere\/pnccf\/Anexa%20de%20completat_Cantitate%20loturi_ha.docx\">Anexa de completat_Cantitate loturi_ha<\/a><\/strong><\/li>\r\n<li><strong>Aplicatie Generare CGXML versiunea 20160905 &#8211; <a href=\"http:\/\/www.ancpi.ro\/pnccf\/documente-support.html\">http:\/\/www.ancpi.ro\/pnccf\/documente-support.html<\/a><\/strong><\/li>\r\n<li><strong><a href=\"https:\/\/www.ancpi.ro\/ocpi\/gl\/wp-content\/punctevedere\/pnccf\/ghid%20utilizare%20generare%20cg_v3.pdf\">Ghid de utilizare aplicatie GENERARE CGXML versiunea 3 \u2013 actualizat 26.09.2016<\/a><\/strong><\/li>\r\n<li><strong>Schema fisier cgxml &#8211; <a href=\"http:\/\/www.ancpi.ro\/pnccf\/documente\/CGXMLSchema_new_v3.xsd\">http:\/\/www.ancpi.ro\/pnccf\/documente\/CGXMLSchema_new_v3.xsd<\/a><\/strong><\/li>\r\n<li><strong>Inregistrarea sistematic\u0103 a imobilelor pe sectoare cadastrale, problema deficitului de suprafa\u021b\u0103 \u00een tarla \u2013 <a href=\"https:\/\/www.ancpi.ro\/ocpi\/gl\/wp-content\/punctevedere\/pnccf\/9_Inregistrarea%20sistematica%20a%20imobilelor%20pe%20sectoare%20cadastrale_deficit%20de%20suprafata_1493.pdf\">Adresa ANCPI 22375 nr. 18.10.2016<\/a><\/strong><\/li>\r\n<li><strong><a href=\"https:\/\/www.ancpi.ro\/ocpi\/gl\/wp-content\/punctevedere\/pnccf\/Lista%20tarlale%20cu%20lucrari%20de%20inregistrare%20sistematica.pdf\">Lista unitatilor administrativ teritoriale in care sunt in curs de executie lucrari de inregistrare sistematica pe sectoare cadastrale<\/a><\/strong><\/li>\r\n<li><strong>Ghid de intocmire a fisierului cgxml pentru diferite tipuri de inscrieri \u2013 <a href=\"https:\/\/www.ancpi.ro\/ocpi\/gl\/wp-content\/punctevedere\/pnccf\/188_1586_Ghid%20intocmire%20fisier%20cgxml.pdf\">Adresa ANCPI 1586 din 22.01.2018<\/a><\/strong><\/li>\r\n<li><strong><a href=\"https:\/\/www.ancpi.ro\/ocpi\/gl\/wp-content\/punctevedere\/pnccf\/STADIUL%20PNCCF_23.01.2018.pdf\">Stadiul lucr\u0103rilor de \u00eenregistrare sistematic\u0103 la nivelul jude\u021bului Gala\u021bi<\/a><\/strong><\/li>\r\n<li><strong><a href=\"https:\/\/www.ancpi.ro\/ocpi\/gl\/wp-content\/punctevedere\/pnccf\/Tabel%20tarlale%20in%20lucru%20-%20finantare%202017-2019.pdf\">Lista unit\u0103\u021bilor teritorial administrative \u00een care se desf\u0103\u0219oar\u0103 lucr\u0103ri de \u00eenregistrare sistematic\u0103 pe sectoare cadastrale in perioada 2017-2019<\/a><\/strong><\/li>\r\n<li><strong>Completare fi\u0219e de date \u0219i \u00eentocmire fi\u0219iere cgxml \u2013 <a href=\"https:\/\/www.ancpi.ro\/ocpi\/gl\/wp-content\/punctevedere\/pnccf\/14.424_2249_2018.pdf\">Adresa ANCPI nr. 2249 \/ 26.02.2018<\/a><\/strong><\/li>\r\n<li><strong>Contracte de finantare si contracte de servicii de inregistrare sistematica pe sectoare cadastrale \u2013 <a href=\"https:\/\/www.ancpi.ro\/ocpi\/gl\/wp-content\/punctevedere\/pnccf\/15.Contracte%20de%20finantare%20si%20de%20servicii%20de%20inregistrare%20sistematica_12384_2018.pdf\">Adresa ANCPI nr. 12384 \/ 31.05.2018<\/a><\/strong><\/li>\r\n<li><strong>Punct de vedere \u2013 <a href=\"https:\/\/www.ancpi.ro\/ocpi\/gl\/wp-content\/punctevedere\/pnccf\/16.Adresa%20ANCPI%2011553_2018.pdf\">Adresa ANCPI 11553\/ 08.06.2016<\/a><\/strong><\/li>\r\n<li><strong>Punct de vedere \u2013 <a href=\"https:\/\/www.ancpi.ro\/ocpi\/gl\/wp-content\/punctevedere\/pnccf\/17.Adresa%20ANCPI%2023371_17.09.2018.pdf\">Adresa ANCPI nr. 23371\/17.09.2018<\/a><\/strong><\/li>\r\n<li><strong>Punct de vedere \u2013 <a href=\"https:\/\/www.ancpi.ro\/ocpi\/gl\/wp-content\/punctevedere\/pnccf\/18.Adresa%20ANCPI_utilizarea%20semnaturii%20electronice%20in%20cadrul%20lucrarilor%20de%20inregistrare%20sistematica.pdf\">Adresa ANCPI nr. 25812\/04.10.2018<\/a> \u2013 utilizarea semn\u0103turii electronice \u00een cadrul lucr\u0103rilor de \u00eenregistrare sistematic\u0103<\/strong><\/li>\r\n<li><strong>Punct de vedere \u2013 <a href=\"https:\/\/www.ancpi.ro\/ocpi\/gl\/wp-content\/punctevedere\/pnccf\/19.Instructiuni%20privind%20realizarea%20fisierelor%20cgxml_21114_5621.pdf\">Adresa ANCPI nr. 21114\/23.10.2018<\/a> \u2013 instructiuni privind realizarea fisierelor cgxml in cazurile prevazute de dispozitiile art. 14 alin. (6\u2019) din Legea nr. 7\/1996<\/strong><\/li>\r\n<li><strong>Punct de vedere \u2013 <a href=\"https:\/\/www.ancpi.ro\/ocpi\/gl\/wp-content\/punctevedere\/pnccf\/20.PDV%20incheiere%20PV%20de%20constatare%20campanie%20informare%20publica_26656_5607.pdf\">Adresa ANCPI nr. 26656\/23.10.2018<\/a> \u2013 aplicarea prevederilor pct 3.1 lit. b) din Specificatiile tehnice de realizare a lucrarilor sistematice de cadastru pe sectoare cadastrale in vederea inscrierii imobilelor in cartea funciara, din 06.11.2017, aprobate prin Ordinul nr. 1427\/2017.<\/strong><\/li>\r\n<li><strong>Punct de vedere \u2013 <a href=\"https:\/\/www.ancpi.ro\/ocpi\/gl\/wp-content\/punctevedere\/pnccf\/21.PDV_ANCPI_051_OCPI_67_2019.pdf\">Adresa ANCPI nr. 51\/07.01.2019<\/a> \u2013 modalitatea de inregistrare sistematica a imobilelor din sectoare traversate de coridonul de expropriere<\/strong><\/li>\r\n<li><strong>Punct de vedere \u2013 <a href=\"https:\/\/www.ancpi.ro\/ocpi\/gl\/wp-content\/punctevedere\/pnccf\/22.Punct%20de%20vedere_Adresa%20ANCPI%205879_25.03.2019.pdf\">Adresa ANCPI nr. 5879\/25.03.2019<\/a><\/strong><\/li>\r\n<li><strong>Punct de vedere<\/strong>\u00a0 &#8211; <strong><a href=\"https:\/\/www.ancpi.ro\/ocpi\/gl\/wp-content\/punctevedere\/pnccf\/23.Adresa%20ANCPI%2014961%20DIN%2016.05.2019.pdf\">Adresa ANCPI 14961 din 16.05.2019<\/a><\/strong><\/li>\r\n<li><strong>Punct de vedere \u2013 <a href=\"https:\/\/www.ancpi.ro\/ocpi\/gl\/wp-content\/punctevedere\/pnccf\/24_Adresa%2025762_5562_26.07.2019.pdf\">Adresa ANCPI 25762 din 26.07.2019<\/a><\/strong><\/li>\r\n<li><strong>Punct de vedere cu privire la procedura de delimitare a albiilor minore ale cursurilor de ap\u0103 conform Legii apelor nr. 107\/1996, cu modific\u0103rile \u0219i complet\u0103rile ulterioare \u2013 <a href=\"https:\/\/www.ancpi.ro\/ocpi\/gl\/wp-content\/punctevedere\/pnccf\/25.%20Adresa%20ANCPI%2039859%20din%2020.09.2019\/3979_39859_R_MM_solicita%20sprijin%20formulare%20raspuns%20catre%20Apele%20Romane.pdf\">Adresa ANCPI 39859 din 20.09.2019<\/a>, <a href=\"https:\/\/www.ancpi.ro\/ocpi\/gl\/wp-content\/punctevedere\/pnccf\/25.%20Adresa%20ANCPI%2039859%20din%2020.09.2019\/2019-08-06%20Ordin%20Delimitare_MAP_cu%20modificari_ANCPI%20si%20RNP_MP_AK_AM%20(1).docx\">Draft metodologie de delimitare a albiilor minore aflat \u00een present \u00een discu\u021bii \u00een cadrul grupului de lucru<\/a><\/strong><\/li>\r\n<li><strong>Punct de vedere cu privire la solutionarea cererilor de rectificare formulate in perioada de afisare publica a documentelor tehnice ale cadastrului \u2013 <a href=\"https:\/\/www.ancpi.ro\/ocpi\/gl\/wp-content\/punctevedere\/pnccf\/26.Adresa%20ANCPI_3908_17.02.2020.pdf\">Adresa ANCPI nr. 3908 din 17.02.2020<\/a><\/strong><\/li>\r\n<li><strong>Consultare piata \u2013 servicii de inregistrare sistematica &#8211; <a href=\"https:\/\/www.ancpi.ro\/ocpi\/gl\/wp-content\/punctevedere\/pnccf\/27_1126_11783_Oficii_consultare%20de%20piata.pdf\">Adresa ANCPI nr 11783 din 12.03.2020<\/a><\/strong><\/li>\r\n<li><strong>Recomandari privind suspendarea activitatilor in cadrul contractelor de inregistrare sistematica pe sectoare cadastrale, in contextul starii de urgenta \u2013 <a href=\"https:\/\/www.ancpi.ro\/ocpi\/gl\/wp-content\/punctevedere\/pnccf\/28.recomandari%20suspendare%20contracte.pdf\">Adresa ANCPI 14839 din 27.03.2020<\/a><\/strong><\/li>\r\n<li><strong>Suspendarea activitatii de afisare publica a documentelor tehnice ale cadastrului in cadrul contractelor de servicii de inregistrare sistematica a imobilelor in sistemul integrat de cadastru si carte funciara avand in vedere suspendarea termenelor de decadere stabilita prin Decretul nr. 195\/2020 privind instituirea starii de urgenta pe teritoriul Romaniei \u2013 <a href=\"https:\/\/www.ancpi.ro\/ocpi\/gl\/wp-content\/punctevedere\/pnccf\/29.suspendare%20ctiv%20afis%20pub%20doc%20teh.pdf\">Adresa ANCPI nr. 16801 din 09.04.2020<\/a><\/strong><\/li>\r\n<li><strong>Modificarea Procedurii \u0219i modalit\u0103\u021bii de alocare a sumelor, precum \u0219i raportarea de c\u0103tre beneficiari a stadiului de execu\u021bie a lucr\u0103rilor pentru lucr\u0103rile de \u00eenregistrare sistematic\u0103 ini\u021biate de unit\u0103\u021bile administrativ-teritoriale, aprobat\u0103 prin ODG nr. 819\/2016 \u2013 <a href=\"https:\/\/www.ancpi.ro\/ocpi\/gl\/wp-content\/punctevedere\/pnccf\/30.MODIFICARE%20PROCEDURA%20MODALITATE%20DE%20ALOCARE%20SUME.pdf\">Adresa ANCPI nr. 25255 din 06.07.2020<\/a><\/strong><\/li>\r\n<li><strong>Prelungire termene contracte de finantare incheiate in anul 2018 si 2019 \u2013 <a href=\"https:\/\/www.ancpi.ro\/ocpi\/gl\/wp-content\/punctevedere\/pnccf\/31.4364%2044400%20UGR%20prelungire%20termene%20contr%20de%20finantare.pdf\">Adresa ANCPI nr. 44400 din 20.10.2020<\/a><\/strong><\/li>\r\n<li><strong>Prelungire termen contracte de finantare incheiate in anul 2019 (finantarea V) \u2013 <a href=\"https:\/\/www.ancpi.ro\/ocpi\/gl\/wp-content\/punctevedere\/pnccf\/32.5760%2055200%20Oficii%20Prelungire%20termene%20contracte%20F5.pdf\">Adresa ANCPI nr. 55200 din 10.12.2020<\/a><\/strong><\/li>\r\n<li><strong>Punct de vedere cu privire la notarea posesiei \u2013 <a href=\"https:\/\/www.ancpi.ro\/ocpi\/gl\/wp-content\/punctevedere\/pnccf\/33.ancpi520.2021.pdf\">Adresa ANCPI nr. 4426 din 05.02.2021<\/a><\/strong><\/li>\r\n<li><strong>Punct de vedere cu privire la \u00eenscrierea suprafe\u021belor imobilelor \u00een documentele tehnice ale cadastrului, \u00een situa\u021bia existen\u021bei unui deficit de suprafa\u021b\u0103 la nivel de tarla \u0219i\/sau sector cadastral &#8211; <a href=\"https:\/\/www.ancpi.ro\/ocpi\/gl\/wp-content\/punctevedere\/pnccf\/34.ancpi10745.2021.pdf\">Adresa ANCPI 10745 din 06.04.2021<\/a><\/strong><\/li>\r\n<li><strong>Punct de vedere cu privire la aplicarea dispozi\u00edilor referitoare la \u00eenscrierea posesiei de fapt pentru imobilele din regiunile unde au fost aplicate prevederile Decretului-lege nr. 115\/1938, \u00een cazul contractelor de servicii din POR 215 &#8211; <a href=\"https:\/\/www.ancpi.ro\/ocpi\/gl\/wp-content\/punctevedere\/pnccf\/35.ancpi12633.2021.pdf\">Adresa ANCPI 12633\/09.04.2021<\/a><\/strong><\/li>\r\n<li><strong>Punct de vedere privind plata lucr\u0103rilor de \u00eenregistrare sistematic\u0103 pentru construc\u021bii de tip condominiu cu unit\u0103\u021bi individuale &#8211;<a href=\"https:\/\/www.ancpi.ro\/ocpi\/gl\/wp-content\/punctevedere\/pnccf\/36.ancpi16743.2021.pdf\"> Adresa ANCPI 16743\/23.04.2021\u00a0<\/a><\/strong><\/li>\r\n<li><strong>Punct de vedere cu privire la modul \u00een care se \u00eenregistreaz\u0103 imobilele \u00een cadrul proiectelor de \u00eenregistrare sistematic\u0103 &#8211; <a href=\"https:\/\/www.ancpi.ro\/ocpi\/gl\/wp-content\/punctevedere\/pnccf\/37.ancpi15901.2021.pdf\">Adresa ANCPI nr 15901\/27.04.2021<\/a><\/strong><\/li>\r\n<li><strong>Punct de vedere cu privire la modalitatea de inscriere \u00een documentele tehnice ale cadastrului a elementelor re\u021belei electrice de transport \u0219i\/sau distribu\u021bie, \u00een cadrul lucr\u0103rilor de \u00eenregsitrare sistematic\u0103 &#8211; <a href=\"https:\/\/www.ancpi.ro\/ocpi\/gl\/wp-content\/punctevedere\/pnccf\/38.ancpi16993.2021.pdf\">Adresa ANCPI nr. 16993\/28.04.2021<\/a><\/strong><\/li>\r\n<li><strong>Punct de vedere cu privire la completarea fi\u0219ierului .cgxml &#8211; <a href=\"https:\/\/www.ancpi.ro\/ocpi\/gl\/wp-content\/punctevedere\/pnccf\/39.ancpi26904.2021.pdf\">Adresa ANCPI nr. 26904\/22.06.2021<\/a><\/strong><\/li>\r\n<li><strong>Punct de vedere cu privire la prelungirea termenelor contractelor de finantare &#8211; <a href=\"https:\/\/www.ancpi.ro\/ocpi\/gl\/wp-content\/punctevedere\/pnccf\/40.ancpi30282.2021.pdf\">Adresa ANCPI nr. 30282\/09.07.2021<\/a><\/strong><\/li>\r\n<li data-raofz=\"15\"><strong>Punct de vedere cu privire la condi\u021biile de finan\u021bare a lucr\u0103rilor de \u00eenregistrare sistematic\u0103 av\u00e2nd ca obiect sectoare cadastrale situate \u00een intravilanul localit\u0103\u021bilor \u2013 <a role=\"link\" href=\"https:\/\/www.ancpi.ro\/ocpi\/gl\/wp-content\/punctevedere\/pnccf\/41.ancpi31715.2021.pdf\" data-raofz=\"15\">Adresa ANCPI nr. 31715\/20.08.2021<\/a><\/strong><\/li>\r\n<li data-raofz=\"15\"><strong>Punct de vedere cu privire la decontarea lucr\u0103rilor de inregistrare sistematic\u0103 aferente imobilelor cuprinse in planurile parcelare realizate in baza unor contracte de servicii finantate din fonduri publice &#8211; <a href=\"https:\/\/www.ancpi.ro\/ocpi\/gl\/wp-content\/punctevedere\/pnccf\/42.ancpi34998.2021.pdf\">Adresa ANCPI nr. 34998\/26.08.2021<\/a><\/strong><\/li>\r\n<li data-raofz=\"15\"><strong>Recomandarea 109\/03.08.2021 transmis\u0103 de Avocatul Poporului cu privire la m\u0103surile de publicitate privind informarea de\u021bin\u0103torilor de imobile la demararea lucr\u0103rilor de \u00eenregistrare sistematic\u0103 &#8211; <a href=\"https:\/\/www.ancpi.ro\/ocpi\/gl\/wp-content\/punctevedere\/pnccf\/43.5988 45911 Oficii recomandare Avocatul Poporului.pdf\">Adresa ANCPI nr 45911\/20.02.2021<\/a><\/strong><\/li>\r\n<li data-raofz=\"15\"><strong>Informa\u021bii cu privire la derularea procesului de reconstituire\/constituire a dreptului de proprietate privat\u0103 asupra terenurilor agricole \u0219i forestiere, ulterior intr\u0103rii \u00een vigoare a actului de referin\u021b\u0103 (Legea nr. 165\/2013), pentru perioada 2013-2021, respectiv reconstituirea dreptului de proprietate asupra terenului \u00een conformitate cu legile propriet\u0103\u021bii &#8211; <a href=\"https:\/\/www.ancpi.ro\/ocpi\/gl\/wp-content\/punctevedere\/pnccf\/44.ancpi46525.2021.pdf\">Adresa ANCPI nr 46525\/14.10.2021<\/a><\/strong><\/li>\r\n<li data-raofz=\"15\"><strong>Informa\u021bii cu privire la colectarea actelor juridice care atest\u0103 dreptul de proprietate sau alte drepturi reale &#8211; <a href=\"https:\/\/www.ancpi.ro\/ocpi\/gl\/wp-content\/punctevedere\/pnccf\/45.ancpi18336.2022.pdf\">Adresa ANCPI nr. 18336\/04.05.2022<\/a><\/strong><\/li>\r\n<li data-raofz=\"15\"><strong>Punct de vedere cu privire la \u00eenscrierea construc\u021biilor \u00een cartea funciar\u0103 \u00een procesul de \u00eenregistrare sistematic\u0103 &#8211; <a href=\"https:\/\/www.ancpi.ro\/ocpi\/gl\/wp-content\/punctevedere\/pnccf\/46.ancpi59008.2022.pdf\">Adresa ANCPI nr. 59008\/01.11.2022<\/a><\/strong><\/li>\r\n<li data-raofz=\"15\"><strong>Punct de vedere cu privire la preluarea datelor \u00een fi\u0219ierele .cgxml pentru imobilele ce au construc\u021bii condominiu (Art. 30 din Regulamentul privind realizarea, verificarea \u0219i recep\u021bia lucr\u0103rilor sistematice de cadastru \u0219i \u00eenscrierea din oficiu a imobilelor \u00een cartea funciar\u0103 aprobat prin Ordinul directorului general al ANCPI nr. 1\/2020) \u2013\u00a0<a role=\"link\" href=\"https:\/\/www.ancpi.ro\/ocpi\/gl\/wp-content\/punctevedere\/pnccf\/47.60844_2024.pdf\" data-raofz=\"15\">Adresa ANCPI nr. 60844 din 05.01.2024<\/a><\/strong><\/li>\r\n<li><strong>Instruc\u0163iuni privind realizarea fi\u0219ierele .cgxml \u00een cazurile prev\u0103zute de art. 13 alin. (14) \u015fi (15) din Legea cadastrului \u015fi a publicit\u0103\u0163ii imobiliare nr. 7\/1996, republicat\u0103, cu modific\u0103rile \u015fi complet\u0103rile ulterioare &#8211; <a href=\"https:\/\/www.ancpi.ro\/ocpi\/gl\/wp-content\/punctevedere\/pnccf\/48.14991_10924_2024_instructiuni revenire.pdf\">Adresa ANCPI nr. 14991 din 05.04.2024<\/a>\u00a0 <span style=\"color: #ff0000;\"><em>(postat in 11.04.2024)<\/em><\/span><\/strong><\/li>\r\n<li><strong>Informare ANCPI \u00een aten\u021bia prestatorilor de \u00eenregistrare sistematic\u0103 &#8211; <a href=\"https:\/\/www.ancpi.ro\/ocpi\/gl\/wp-content\/punctevedere\/pnccf\/49.28796_2024.pdf\">Adresa ANCPI nr. 28796 din 08.07.2024<\/a><\/strong><\/li>\r\n<\/ol>\r\n\r\n<p>&nbsp;<\/p>","protected":false},"excerpt":{"rendered":"<p>Procedura de corectare\/rectificare a titlurilor de proprietate intocmite gresit, in cadrul inregistrarii sistematice a imobilelor \u2013 Adresa ANCPI 14876 din 10.08.2016 Punct de vedere cu privire la aspecte referitoare la modificarea Legii cadastrului si a publicitatii imobiliare nr. 7\/1996, republicata, cu modificarile si completarile ulterioare, respective inregistrarea sistematica a imobilelor \u2013 Adresa ANCPI nr. 12872 [&hellip;]<\/p>\n","protected":false},"author":5,"featured_media":0,"parent":0,"menu_order":0,"comment_status":"closed","ping_status":"closed","template":"","meta":[],"folder":[],"_links":{"self":[{"href":"https:\/\/www.ancpi.ro\/ocpi\/gl\/wp-json\/wp\/v2\/pages\/5012"}],"collection":[{"href":"https:\/\/www.ancpi.ro\/ocpi\/gl\/wp-json\/wp\/v2\/pages"}],"about":[{"href":"https:\/\/www.ancpi.ro\/ocpi\/gl\/wp-json\/wp\/v2\/types\/page"}],"author":[{"embeddable":true,"href":"https:\/\/www.ancpi.ro\/ocpi\/gl\/wp-json\/wp\/v2\/users\/5"}],"replies":[{"embeddable":true,"href":"https:\/\/www.ancpi.ro\/ocpi\/gl\/wp-json\/wp\/v2\/comments?post=5012"}],"version-history":[{"count":4,"href":"https:\/\/www.ancpi.ro\/ocpi\/gl\/wp-json\/wp\/v2\/pages\/5012\/revisions"}],"predecessor-version":[{"id":7307,"href":"https:\/\/www.ancpi.ro\/ocpi\/gl\/wp-json\/wp\/v2\/pages\/5012\/revisions\/7307"}],"wp:attachment":[{"href":"https:\/\/www.ancpi.ro\/ocpi\/gl\/wp-json\/wp\/v2\/media?parent=5012"}],"wp:term":[{"taxonomy":"folder","embeddable":true,"href":"https:\/\/www.ancpi.ro\/ocpi\/gl\/wp-json\/wp\/v2\/folder?post=5012"}],"curies":[{"name":"wp","href":"https:\/\/api.w.org\/{rel}","templated":true}]}}