{"id":5015,"date":"2021-03-18T09:25:40","date_gmt":"2021-03-18T07:25:40","guid":{"rendered":"https:\/\/www.ancpi.ro\/ocpi\/gl\/?page_id=5015"},"modified":"2021-03-23T11:42:56","modified_gmt":"2021-03-23T09:42:56","slug":"arondare-uat-uri-la-bcpi","status":"publish","type":"page","link":"https:\/\/www.ancpi.ro\/ocpi\/gl\/arondare-uat-uri-la-bcpi\/","title":{"rendered":"Arondare UAT-uri la BCPI"},"content":{"rendered":"\r\n<p>Activitatea de cadastru \u0219i carte funciar\u0103 se desf\u0103\u0219oar\u0103 la nivelul jude\u021bului Gala\u021bi, \u00een cadrul a trei birouri teritoriale av\u00e2nd sediul \u00een Gala\u021bi, Lie\u0219ti \u0219i Tecuci \u0219i un birou de rela\u021bii cu publicul la T\u00e2rgu Bujor.<\/p>\r\n\r\n\r\n<p><a href=\"http:\/\/ocpi.galati.rdsnet.ro\/sample-page\/\"><img width=\"550\" alt=\"\" src=\"https:\/\/ocpi.galati.rdsnet.ro\/wp-content\/harti\/arondarebcpi.jpg\"><\/a><\/p>","protected":false},"excerpt":{"rendered":"<p>Activitatea de cadastru \u0219i carte funciar\u0103 se desf\u0103\u0219oar\u0103 la nivelul jude\u021bului Gala\u021bi, \u00een cadrul a trei birouri teritoriale av\u00e2nd sediul \u00een Gala\u021bi, Lie\u0219ti \u0219i Tecuci \u0219i un birou de rela\u021bii cu publicul la T\u00e2rgu Bujor.<\/p>\n","protected":false},"author":5,"featured_media":0,"parent":0,"menu_order":0,"comment_status":"closed","ping_status":"closed","template":"","meta":[],"folder":[],"_links":{"self":[{"href":"https:\/\/www.ancpi.ro\/ocpi\/gl\/wp-json\/wp\/v2\/pages\/5015"}],"collection":[{"href":"https:\/\/www.ancpi.ro\/ocpi\/gl\/wp-json\/wp\/v2\/pages"}],"about":[{"href":"https:\/\/www.ancpi.ro\/ocpi\/gl\/wp-json\/wp\/v2\/types\/page"}],"author":[{"embeddable":true,"href":"https:\/\/www.ancpi.ro\/ocpi\/gl\/wp-json\/wp\/v2\/users\/5"}],"replies":[{"embeddable":true,"href":"https:\/\/www.ancpi.ro\/ocpi\/gl\/wp-json\/wp\/v2\/comments?post=5015"}],"version-history":[{"count":3,"href":"https:\/\/www.ancpi.ro\/ocpi\/gl\/wp-json\/wp\/v2\/pages\/5015\/revisions"}],"predecessor-version":[{"id":5134,"href":"https:\/\/www.ancpi.ro\/ocpi\/gl\/wp-json\/wp\/v2\/pages\/5015\/revisions\/5134"}],"wp:attachment":[{"href":"https:\/\/www.ancpi.ro\/ocpi\/gl\/wp-json\/wp\/v2\/media?parent=5015"}],"wp:term":[{"taxonomy":"folder","embeddable":true,"href":"https:\/\/www.ancpi.ro\/ocpi\/gl\/wp-json\/wp\/v2\/folder?post=5015"}],"curies":[{"name":"wp","href":"https:\/\/api.w.org\/{rel}","templated":true}]}}