{"id":5018,"date":"2021-03-18T09:26:18","date_gmt":"2021-03-18T07:26:18","guid":{"rendered":"https:\/\/www.ancpi.ro\/ocpi\/gl\/?page_id=5018"},"modified":"2025-04-07T14:33:26","modified_gmt":"2025-04-07T11:33:26","slug":"tarife-servicii","status":"publish","type":"page","link":"https:\/\/www.ancpi.ro\/ocpi\/gl\/tarife-servicii\/","title":{"rendered":"Tarife servicii"},"content":{"rendered":"\r\n<p><strong>\u00cencep\u00e2nd cu data de 07.04.2025 a intrat \u00een vigoare <a href=\"https:\/\/www.ancpi.ro\/ocpi\/gl\/wp-content\/tarife\/ordin441_27.03.2025.pdf\">Ordinul 441 din 27.03.2025 privind modificarea \u0219i completarea Ordinului directorului general al Agen\u021biei Na\u021bionale de Cadastru \u0219i Publicitate Imobiliar\u0103 nr. 16\/2019 privind aprobarea tarifelor pentru serviciile furnizate de Agen\u021bia Na\u021bional\u0103 de Cadastru \u0219i Publicitate Imobiliar\u0103 \u0219i institu\u021biile sale subordonate<\/a><\/strong><\/p>\r\n<p>Potrivit acestui act normativ, <strong>extrasul de carte funciar\u0103 pentru informare<\/strong>\u00a0\u0219i\u00a0<strong>extrasul de plan cadastral pe ortofotoplan<\/strong>\u00a0sunt\u00a0<strong>gratuite<\/strong>, exclusiv in situa\u021bia cererilor \u00eenregistrate la ghi\u0219eu, care au fost depuse de c\u0103tre proprietarii tabulari.<\/p>\r\n<ul>\r\n<li><a href=\"https:\/\/www.ancpi.ro\/ocpi\/gl\/wp-content\/formulare\/277_model_proprietar.pdf\"><strong>model cerere pentru eliberare extras din planul cadastral <\/strong><strong>PENTRU PROPRIETAR<\/strong><\/a><\/li>\r\n<li><a href=\"https:\/\/www.ancpi.ro\/ocpi\/gl\/wp-content\/formulare\/272_model_proprietar.pdf\"><strong>model cerere pentru eliberare extras de carte funciar\u0103 pentru<\/strong> <strong>informare <\/strong><strong>PENTRU PROPRIETAR<\/strong><\/a><\/li>\r\n<\/ul>\r\n<p>Totodat\u0103, sunt scutite de la plata tarifelor serviciile de prim\u0103 \u00eenregistrare, identificate prin codurile\u00a0<strong>2.1.1, 2.1.2, 2.1.3<\/strong>\u00a0\u0219i\u00a0<strong>2.1.4<\/strong>\u00a0din anexa la\u00a0<strong>Ordin<\/strong>.<\/p>\r\n<p>_______________________________________________________________________________________________________________________________<\/p>\r\n<p><strong>Intrarea \u00een vigoare a Ordinului nr. 1498\/2024 pentru modificarea \u0219i completarea Ordinului directorului general al Agen\u021biei Na\u021bionale de Cadastru \u0219i Publicitate Imobiliar\u0103 nr. 16\/2019 privind aprobarea tarifelor pentru serviciile furnizate de Agen\u021bia Na\u021bional\u0103 de Cadastru \u0219i Publicitate Imobiliar\u0103 \u0219i institu\u021biile sale subordonate \u2013\u00a0<a role=\"link\" href=\"https:\/\/www.ancpi.ro\/ocpi\/gl\/wp-content\/punctevedere\/205.31196_2024.pdf\" data-raofz=\"15\">Adresa ANCPI nr. 31196 din 25.07.2024<\/a><\/strong><\/p>\r\n<p>_______________________________________________________________________________________________________________________________<\/p>\r\n<p><strong><span style=\"font-family: Trebuchet MS; font-size: medium;\">Ordinul nr. 1498\/2024 al directorului general al Agen\u021biei Na\u021bionale de Cadastru \u0219i Publicitate Imobiliar\u0103 pentru modificarea \u0219i completarea Ordinului directorului general al Agen\u021biei Na\u021bionale de Cadastru \u0219i Publicitate Imobiliar\u0103 nr. 16\/2019 privind aprobarea tarifelor pentru serviciile furnizate de Agen\u021bia Na\u021bional\u0103 de Cadastru \u0219i Publicitate Imobiliar\u0103 \u0219i institu\u021biile sale subordonate &#8211; <a href=\"https:\/\/www.ancpi.ro\/ocpi\/gl\/wp-content\/tarife\/Monitorul Oficial Partea I nr.726.pdf\">Monitorul Oficial al Rom\u00e2niei, Partea I nr. 726\/24.07.2024 <\/a><\/span><\/strong><\/p>\r\n<p><strong><a href=\"https:\/\/www.ancpi.ro\/ocpi\/gl\/wp-content\/tarife\/ordin16.2019.pdf\" target=\"_blank\" rel=\"noreferrer noopener\">Ordinul nr. 16\/2019 privind aprobarea tarifelor pentru serviciile furnizate de Agen\u021bia Na\u021bional\u0103 de Cadastru \u0219i Publicitate Imobiliar\u0103 \u0219i institu\u021biile sale subordonate<\/a><\/strong><\/p>\r\n<p><a href=\"https:\/\/www.ancpi.ro\/ocpi\/gl\/wp-content\/tarife\/ordin671.2023.pdf\"><strong>Ordinul nr. 671\/2023 <span id=\"t519375499\" class=\"l5tlu\">pentru modificarea \u015fi completarea Ordinului directorului general al Agen\u0163iei Na\u0163ionale de Cadastru \u015fi Publicitate Imobiliar\u0103 nr. 16\/2019 privind aprobarea tarifelor pentru serviciile furnizate de Agen\u0163ia Na\u0163ional\u0103 de Cadastru \u015fi Publicitate Imobiliar\u0103 \u015fi institu\u0163iile sale subordonate<\/span><\/strong><\/a><\/p>\r\n\r\n\r\n\r\n<p><strong><a href=\"https:\/\/www.ancpi.ro\/ocpi\/gl\/wp-content\/tarife\/urgenta.pdf\">Taxa de urgen\u021b\u0103<\/a><\/strong><\/p>\r\n\r\n\r\n\r\n<p><a href=\"https:\/\/www.ancpi.ro\/ocpi\/gl\/wp-content\/tarife\/tariferompos.pdf\"><strong>Anun\u021b cu privire la modalitatile de plata a serviciilor cod 3.1.2. &#8211; Servicii pozitionare GNSS in timp real<\/strong><\/a><\/p>\r\n<p><strong>Asocierea noilor coduri de servicii \u00een aplica\u021bia integrat\u0103 de cadastru \u0219i carte funciar\u0103 eTerra &#8211; <a href=\"https:\/\/www.ancpi.ro\/ocpi\/gl\/wp-content\/tarife\/49986.pdf\">Adresa ANCPI 49986\/17.10.2022<\/a><\/strong><\/p>\r\n","protected":false},"excerpt":{"rendered":"<p>\u00cencep\u00e2nd cu data de 07.04.2025 a intrat \u00een vigoare Ordinul 441 din 27.03.2025 privind modificarea \u0219i completarea Ordinului directorului general al Agen\u021biei Na\u021bionale de Cadastru \u0219i Publicitate Imobiliar\u0103 nr. 16\/2019 privind aprobarea tarifelor pentru serviciile furnizate de Agen\u021bia Na\u021bional\u0103 de Cadastru \u0219i Publicitate Imobiliar\u0103 \u0219i institu\u021biile sale subordonate Potrivit acestui act normativ, extrasul de carte [&hellip;]<\/p>\n","protected":false},"author":5,"featured_media":0,"parent":0,"menu_order":0,"comment_status":"closed","ping_status":"closed","template":"","meta":[],"folder":[],"_links":{"self":[{"href":"https:\/\/www.ancpi.ro\/ocpi\/gl\/wp-json\/wp\/v2\/pages\/5018"}],"collection":[{"href":"https:\/\/www.ancpi.ro\/ocpi\/gl\/wp-json\/wp\/v2\/pages"}],"about":[{"href":"https:\/\/www.ancpi.ro\/ocpi\/gl\/wp-json\/wp\/v2\/types\/page"}],"author":[{"embeddable":true,"href":"https:\/\/www.ancpi.ro\/ocpi\/gl\/wp-json\/wp\/v2\/users\/5"}],"replies":[{"embeddable":true,"href":"https:\/\/www.ancpi.ro\/ocpi\/gl\/wp-json\/wp\/v2\/comments?post=5018"}],"version-history":[{"count":6,"href":"https:\/\/www.ancpi.ro\/ocpi\/gl\/wp-json\/wp\/v2\/pages\/5018\/revisions"}],"predecessor-version":[{"id":7638,"href":"https:\/\/www.ancpi.ro\/ocpi\/gl\/wp-json\/wp\/v2\/pages\/5018\/revisions\/7638"}],"wp:attachment":[{"href":"https:\/\/www.ancpi.ro\/ocpi\/gl\/wp-json\/wp\/v2\/media?parent=5018"}],"wp:term":[{"taxonomy":"folder","embeddable":true,"href":"https:\/\/www.ancpi.ro\/ocpi\/gl\/wp-json\/wp\/v2\/folder?post=5018"}],"curies":[{"name":"wp","href":"https:\/\/api.w.org\/{rel}","templated":true}]}}