{"id":5033,"date":"2021-03-18T09:29:57","date_gmt":"2021-03-18T07:29:57","guid":{"rendered":"https:\/\/www.ancpi.ro\/ocpi\/gl\/?page_id=5033"},"modified":"2022-08-05T11:49:54","modified_gmt":"2022-08-05T08:49:54","slug":"eterra3","status":"publish","type":"page","link":"https:\/\/www.ancpi.ro\/ocpi\/gl\/eterra3\/","title":{"rendered":"ETERRA3"},"content":{"rendered":"\r\n<p>Va rug\u0103m s\u0103 consulta\u021bi pagina \u00een mod regulat pentru a vedea informa\u021biile actualizate.<\/p>\r\n\r\n\r\n\r\n<p><a href=\"https:\/\/eterra.ancpi.ro\" target=\"_blank\" rel=\"noreferrer noopener\">Eterra 3: punct de intrare in aplicatie<\/a><\/p>\r\n\r\n\r\n\r\n<p>Persoanele fizice autorizate \u0219i notarii vor folosi pentru autentificare:<br \/>\u2013 utilizator: adresa de email comunicat\u0103 la A.N.C.P.I. ;<br \/>\u2013 parola: parola comunicat\u0103 de A.N.C.P.I. pe adresele individuale de email;<\/p>\r\n<p>\u00cen cazul \u00een care adresa de e-mail a autorizatului este alta dec\u00e2t cea afi\u0219ata pe site-ul A.N.C.P.I. <a href=\"http:\/\/www.ancpi.ro\/pages\/autorizati.php?lang=ro\" target=\"_blank\" rel=\"noopener\">http:\/\/www.ancpi.ro\/pages\/autorizati.php?lang=ro<\/a> , v\u0103 rug\u0103m s\u0103 v\u0103 adresa\u021bi \u00een cel mai scurt timp secretarului comisiei de autorizare O.C.P.I. Gala\u021bi (d-nei Molnar Paula) pentru actualizarea datelor.<\/p>\r\n\r\n\r\n\r\n<p><strong>Informa\u021bii tehnice :<\/strong><\/p>\r\n<p>Browser-ul recomandat pentru utilizarea aplica\u021biei eTerra3 : Google Chrome<br \/>Pentru ca func\u021bionarea aplica\u021biei eTerra3 \u00een mediul Google Chrome s\u0103 fie consistent\u0103 este necesar\u0103 cur\u0103\u021barea memoriei cache (CLEAR CACHE)\u00a0<\/p>\r\n<p><strong>Instruc\u021biuni utilizare eTerra3<\/strong>:<\/p>\r\n\r\n\r\n\r\n<ul>\r\n<li><a href=\"https:\/\/www.ancpi.ro\/ocpi\/gl\/wp-content\/eterra3\/manualutilizareeterra3.pdf\">Manual utilizare eTerra3<\/a> (manualul actualizat pentru Eterra 3 poate fi desc\u0103rcat direct din aplica\u021bie, dup\u0103 autentificare, din meniul de ajutor)<\/li>\r\n<li><a href=\"https:\/\/www.ancpi.ro\/ocpi\/gl\/wp-content\/eterra3\/ghiddelucrueterra3.pdf\">Ghid de lucru eTerra3<\/a><\/li>\r\n<li><a href=\"https:\/\/www.ancpi.ro\/ocpi\/gl\/wp-content\/eterra3\/filmeprezentareeterra3.pdf\">Filme prezentare eTerra3<\/a><\/li>\r\n<li><a href=\"https:\/\/www.ancpi.ro\/ocpi\/gl\/wp-content\/eterra3\/Modalitate_Constructie_Enclave_GenerareCP_2_78.pdf\">Modalitate construc\u021bie enclave<\/a><\/li>\r\n<\/ul>\r\n\r\n\r\n\r\n<p>&nbsp;<\/p>\r\n\r\n\r\n\r\n<p>&nbsp;<\/p>\r\n\r\n<p>&nbsp;<\/p>","protected":false},"excerpt":{"rendered":"<p>Va rug\u0103m s\u0103 consulta\u021bi pagina \u00een mod regulat pentru a vedea informa\u021biile actualizate. Eterra 3: punct de intrare in aplicatie Persoanele fizice autorizate \u0219i notarii vor folosi pentru autentificare:\u2013 utilizator: adresa de email comunicat\u0103 la A.N.C.P.I. ;\u2013 parola: parola comunicat\u0103 de A.N.C.P.I. pe adresele individuale de email; \u00cen cazul \u00een care adresa de e-mail a [&hellip;]<\/p>\n","protected":false},"author":5,"featured_media":0,"parent":0,"menu_order":0,"comment_status":"closed","ping_status":"closed","template":"","meta":[],"folder":[],"_links":{"self":[{"href":"https:\/\/www.ancpi.ro\/ocpi\/gl\/wp-json\/wp\/v2\/pages\/5033"}],"collection":[{"href":"https:\/\/www.ancpi.ro\/ocpi\/gl\/wp-json\/wp\/v2\/pages"}],"about":[{"href":"https:\/\/www.ancpi.ro\/ocpi\/gl\/wp-json\/wp\/v2\/types\/page"}],"author":[{"embeddable":true,"href":"https:\/\/www.ancpi.ro\/ocpi\/gl\/wp-json\/wp\/v2\/users\/5"}],"replies":[{"embeddable":true,"href":"https:\/\/www.ancpi.ro\/ocpi\/gl\/wp-json\/wp\/v2\/comments?post=5033"}],"version-history":[{"count":5,"href":"https:\/\/www.ancpi.ro\/ocpi\/gl\/wp-json\/wp\/v2\/pages\/5033\/revisions"}],"predecessor-version":[{"id":6211,"href":"https:\/\/www.ancpi.ro\/ocpi\/gl\/wp-json\/wp\/v2\/pages\/5033\/revisions\/6211"}],"wp:attachment":[{"href":"https:\/\/www.ancpi.ro\/ocpi\/gl\/wp-json\/wp\/v2\/media?parent=5033"}],"wp:term":[{"taxonomy":"folder","embeddable":true,"href":"https:\/\/www.ancpi.ro\/ocpi\/gl\/wp-json\/wp\/v2\/folder?post=5033"}],"curies":[{"name":"wp","href":"https:\/\/api.w.org\/{rel}","templated":true}]}}