{"id":5039,"date":"2021-03-18T09:30:52","date_gmt":"2021-03-18T07:30:52","guid":{"rendered":"https:\/\/www.ancpi.ro\/ocpi\/gl\/?page_id=5039"},"modified":"2026-05-03T20:13:36","modified_gmt":"2026-05-03T17:13:36","slug":"renns","status":"publish","type":"page","link":"https:\/\/www.ancpi.ro\/ocpi\/gl\/renns\/","title":{"rendered":"RENNS"},"content":{"rendered":"\r\n<p data-raofz=\"15\">Platforma poate fi consultat\u0103 online prin accesarea portalului dedicat RENNS.<\/p>\r\n<ul>\r\n<li data-raofz=\"15\"><strong>Utilizatori publici<\/strong>\u00a0\u2013 pot accesa gratuit varianta public\u0103 a platformei.<\/li>\r\n<li data-raofz=\"15\"><strong>Autorit\u0103\u021bi locale<\/strong>\u00a0\u2013 beneficiaz\u0103 de acces extins, pe baza unui proces de \u00eenrolare.<\/li>\r\n<\/ul>\r\n<p data-raofz=\"15\">Pentru activarea contului institu\u021bional, autorit\u0103\u021bile locale parcurg\u00a0procedura\u00a0de \u00eenrolare pus\u0103 la dispozi\u021bie de ANCPI.<br \/>Documente necesare:<\/p>\r\n<ul>\r\n<li data-raofz=\"15\"><a role=\"link\" href=\"https:\/\/ot.ancpi.ro\/wp-content\/uploads\/2026\/04\/Anexa-1_Cerere-desemnare-persoane-semnata-de-primar.docx\" rel=\"noopener\" data-raofz=\"15\">Cerere de solicitare acces<\/a><\/li>\r\n<li data-raofz=\"15\"><a role=\"link\" href=\"https:\/\/ot.ancpi.ro\/wp-content\/uploads\/2026\/04\/Anexa-2_Declaratie-de-confidentialitate.docx\" rel=\"noopener\" data-raofz=\"15\">Acord de confiden\u021bialitate<\/a><\/li>\r\n<li data-raofz=\"15\"><a role=\"link\" href=\"https:\/\/ot.ancpi.ro\/wp-content\/uploads\/2026\/04\/Anexa-3_Acord-de-prelucarere-a-datelor.docx\" rel=\"noopener\" data-raofz=\"15\">Acord GDPR<\/a><\/li>\r\n<\/ul>\r\n\r\n<p><span style=\"text-decoration: underline;\"><strong><a href=\"https:\/\/renns.ancpi.ro\/renns-public\/start\/index.html\"><img src=\"https:\/\/ocpi.galati.rdsnet.ro\/wp-content\/renns\/renns.jpg\" alt=\"\" width=\"550\" \/><\/a><\/strong><strong>Manuale RENNS:<\/strong><\/span><\/p>\r\n<ul>\r\n<li><a role=\"link\" href=\"https:\/\/www.ancpi.ro\/ocpi\/gl\/wp-content\/renns\/RENNS_Manual_de_utilizare_Referent_Supervizor.pdf\" rel=\"noopener\" data-raofz=\"15\">Manual rol de Referent si Supervizor<\/a><\/li>\r\n<li><a role=\"link\" href=\"https:\/\/www.ancpi.ro\/ocpi\/gl\/wp-content\/renns\/RENNS_Manual_de_utilizare_Public.pdf\" rel=\"noopener\" data-raofz=\"15\">Manual de utilizare portal public<\/a><\/li>\r\n<li><a role=\"link\" href=\"https:\/\/renns-stg.ancpi.ro\/\" rel=\"noopener\" data-raofz=\"15\">Link aplica\u021bie de instruire<\/a><\/li>\r\n<\/ul>\r\n<p><a role=\"link\" href=\"https:\/\/eur10.safelinks.protection.outlook.com\/?url=https%3A%2F%2Fwww.youtube.com%2Fwatch%3Fv%3DN7oE7ZUdpi4%26list%3DPLYWXQzC8an1bxSFDBcAoR9Yoo7qm0hWb9&amp;data=05%7C02%7Covidiu.staicu%40ancpi.ro%7C93071618ae9f41adaa8e08de9ebae9a4%7C4ce77e1271934f7bac8217922af735f6%7C0%7C0%7C639122724631191859%7CUnknown%7CTWFpbGZsb3d8eyJFbXB0eU1hcGkiOnRydWUsIlYiOiIwLjAuMDAwMCIsIlAiOiJXaW4zMiIsIkFOIjoiTWFpbCIsIldUIjoyfQ%3D%3D%7C0%7C%7C%7C&amp;sdata=RpucuNJsOm%2B9dnMwIHCwg0hh94nNHyVi930jYrDWgB4%3D&amp;reserved=0\" rel=\"noopener\" data-raofz=\"15\">Materiale video RENNS<\/a><\/p>\r\n<p>________________________________________________________________________________________________<\/p>\r\n<h6 id=\"p-106654898\" class=\"showOnlyNotesChild notable connected\" data-titluscurt=\"HG  777\/2016\" data-pdid=\"p--1 (d--1)\"><a href=\"https:\/\/lege5.ro\/Gratuit\/geztgmbrgqza\/hotararea-nr-777-2016-privind-structura-organizarea-si-functionarea-registrului-electronic-national-al-nomenclaturilor-stradale\">Hot\u0103r\u00e2rea nr. 777\/2016 privind structura, organizarea \u015fi func\u0163ionarea Registrului electronic na\u0163ional al nomenclaturilor stradale<\/a><\/h6>\r\n<p>________________________________________________________________________________________________<\/p>","protected":false},"excerpt":{"rendered":"<p>Platforma poate fi consultat\u0103 online prin accesarea portalului dedicat RENNS. Utilizatori publici\u00a0\u2013 pot accesa gratuit varianta public\u0103 a platformei. Autorit\u0103\u021bi locale\u00a0\u2013 beneficiaz\u0103 de acces extins, pe baza unui proces de \u00eenrolare. Pentru activarea contului institu\u021bional, autorit\u0103\u021bile locale parcurg\u00a0procedura\u00a0de \u00eenrolare pus\u0103 la dispozi\u021bie de ANCPI.Documente necesare: Cerere de solicitare acces Acord de confiden\u021bialitate Acord GDPR Manuale [&hellip;]<\/p>\n","protected":false},"author":5,"featured_media":0,"parent":0,"menu_order":0,"comment_status":"closed","ping_status":"closed","template":"","meta":[],"folder":[],"_links":{"self":[{"href":"https:\/\/www.ancpi.ro\/ocpi\/gl\/wp-json\/wp\/v2\/pages\/5039"}],"collection":[{"href":"https:\/\/www.ancpi.ro\/ocpi\/gl\/wp-json\/wp\/v2\/pages"}],"about":[{"href":"https:\/\/www.ancpi.ro\/ocpi\/gl\/wp-json\/wp\/v2\/types\/page"}],"author":[{"embeddable":true,"href":"https:\/\/www.ancpi.ro\/ocpi\/gl\/wp-json\/wp\/v2\/users\/5"}],"replies":[{"embeddable":true,"href":"https:\/\/www.ancpi.ro\/ocpi\/gl\/wp-json\/wp\/v2\/comments?post=5039"}],"version-history":[{"count":5,"href":"https:\/\/www.ancpi.ro\/ocpi\/gl\/wp-json\/wp\/v2\/pages\/5039\/revisions"}],"predecessor-version":[{"id":8055,"href":"https:\/\/www.ancpi.ro\/ocpi\/gl\/wp-json\/wp\/v2\/pages\/5039\/revisions\/8055"}],"wp:attachment":[{"href":"https:\/\/www.ancpi.ro\/ocpi\/gl\/wp-json\/wp\/v2\/media?parent=5039"}],"wp:term":[{"taxonomy":"folder","embeddable":true,"href":"https:\/\/www.ancpi.ro\/ocpi\/gl\/wp-json\/wp\/v2\/folder?post=5039"}],"curies":[{"name":"wp","href":"https:\/\/api.w.org\/{rel}","templated":true}]}}