{"id":5113,"date":"2021-03-19T12:49:45","date_gmt":"2021-03-19T10:49:45","guid":{"rendered":"https:\/\/www.ancpi.ro\/ocpi\/gl\/?page_id=5113"},"modified":"2022-07-28T13:23:28","modified_gmt":"2022-07-28T10:23:28","slug":"anunturi-de-presa","status":"publish","type":"page","link":"https:\/\/www.ancpi.ro\/ocpi\/gl\/anunturi-de-presa\/","title":{"rendered":"Anunturi de presa"},"content":{"rendered":"\r\n<p><a href=\"https:\/\/www.ancpi.ro\/ocpi\/gl\/wp-content\/presa\\Comunicat presa_28.07.2022.pdf\"><strong>COMUNICAT DE PRES\u0102 &#8211; 28.07.2022<\/strong><\/a><\/p>\r\n<p><strong><a href=\"https:\/\/www.ancpi.ro\/ocpi\/gl\/wp-content\/presa\\Comunicat de presa C.N.C. 22 martie - ROMPOS.pdf\">COMUNICAT DE PRES\u0102 &#8211; 22.03.2022 &#8211; Noi func\u021bionalit\u0103\u021bi pentru sistemul ROMPOS<\/a><\/strong><\/p>\r\n<p class=\"has-vivid-cyan-blue-color has-text-color\"><a href=\"https:\/\/www.ancpi.ro\/ocpi\/gl\/wp-content\/presa\\Comunicat presa_05.08.2021.pdf\"><strong>COMUNICAT DE PRES\u0102 &#8211; 05.08.2021<\/strong><\/a><\/p>\r\n<p class=\"has-vivid-cyan-blue-color has-text-color\"><a href=\"https:\/\/www.ancpi.ro\/ocpi\/gl\/wp-content\/presa\\Comunicat presa_04.08.2021.pdf\"><strong>COMUNICAT DE PRES\u0102 &#8211; 04.08.2021<\/strong><\/a><\/p>\r\n<p><\/p>\r\n<p class=\"has-vivid-cyan-blue-color has-text-color\"><strong>ANUN\u021a DE PRES\u0102 &#8211; 04.12.2020:<\/strong><\/p>\r\n<!-- \/wp:paragraph -->\r\n<p>\u00cen conformitate cu prevederile art. 7 din Legea nr. 52\/2003 privind transparen\u0163a decizional\u0103 \u00een administra\u0163ia public\u0103, Agen\u021bia Na\u021bional\u0103 de Cadastru \u0219i Publicitate Imobiliar\u0103 (ANCPI) supune consult\u0103rii publice proiectul de Ordin \u00a0pentru modificarea Regulamentului privind procedura de plat\u0103 destinat\u0103 cofinan\u021b\u0103rii lucr\u0103rilor de \u00eenregistrare sistematic\u0103 demarate de unit\u0103\u021bile administrativ \u2013 teritoriale, aprobat prin Ordinul directorului general al Agen\u0163iei Na\u0163ionale de Cadastru \u015fi Publicitate Imobiliar\u0103 nr. 1065\/2018, cu modific\u0103rile \u0219i complet\u0103rile ulterioare. Documentul este afi\u0219at pe pagina web a ANCPI (<a href=\"http:\/\/www.ancpi.ro\">www.ancpi.ro<\/a>), la sec\u021biunea Transparen\u021b\u0103 decizional\u0103. \u00a0<\/p>\r\n<p>&nbsp;<\/p>\r\n<!-- wp:paragraph {\"textColor\":\"vivid-cyan-blue\"} -->\r\n<p class=\"has-vivid-cyan-blue-color has-text-color\"><strong>ANUN\u021a DE PRES\u0102 &#8211; 12.06.2020:<\/strong><\/p>\r\n<!-- \/wp:paragraph -->\r\n<p>Oficiul de Cadastru \u0219i Publicitate Imobiliar\u0103 Gala\u021bi va relua activitatea de rela\u021bii cu publicul \u00eencep\u00e2nd cu data de 15.06.2020.<\/p>\r\n<p>Persoanele fizice \u0219i juridice autorizate s\u0103 execute lucr\u0103ri de specialitate, notarii publici \u0219i celelate categorii de persoane care au acces, pe baz\u0103 de user \u0219i parol\u0103, la sistemele informatice ale Agen\u021biei Na\u021bionale de Cadastru \u0219i Publicitate Imobiliar\u0103 (ANCPI) vor continua s\u0103 utilizeze aceste servicii on-line. Ghi\u0219eele din cadrul BCPI Gala\u021bi, BCPI Tecuci, BCPI Lie\u0219ti \u0219i BRP Tg.Bujor, vor func\u021biona, \u00eencep\u00e2nd cu data de 15.06.2020, dup\u0103 urm\u0103torul program:<\/p>\r\n<p>PROGRAM DE \u00ceNREGISTRARE PENTRU PUBLIC: LUNI \u2013 JOI : 08.30 \u2013 14.00, VINERI : 08.30 \u2013 13.00<\/p>\r\n<p>PROGRAM DE ELIBERARE ACTE PENTRU PUBLIC: LUNI \u2013 JOI : 11.00 \u2013 16.00, VINERI : 09.30 \u2013 13.30<\/p>\r\n<p>Totodat\u0103, conducerea OCPI Gala\u021bi va programa \u0219i sus\u021bine audien\u021be \u00een regim normal, \u00eencep\u00e2nd cu data de 15.06.2020.<\/p>\r\n<p>Sesiz\u0103rile, peti\u021biile \u0219i memoriile vor putea fi transmise, \u00een continuare, prin coresponden\u021b\u0103, folosindu-se mijloacele de comunicare electronic\u0103 sau po\u0219t\u0103.<\/p>","protected":false},"excerpt":{"rendered":"<p>COMUNICAT DE PRES\u0102 &#8211; 28.07.2022 COMUNICAT DE PRES\u0102 &#8211; 22.03.2022 &#8211; Noi func\u021bionalit\u0103\u021bi pentru sistemul ROMPOS COMUNICAT DE PRES\u0102 &#8211; 05.08.2021 COMUNICAT DE PRES\u0102 &#8211; 04.08.2021 ANUN\u021a DE PRES\u0102 &#8211; 04.12.2020: \u00cen conformitate cu prevederile art. 7 din Legea nr. 52\/2003 privind transparen\u0163a decizional\u0103 \u00een administra\u0163ia public\u0103, Agen\u021bia Na\u021bional\u0103 de Cadastru \u0219i Publicitate Imobiliar\u0103 (ANCPI) [&hellip;]<\/p>\n","protected":false},"author":5,"featured_media":0,"parent":0,"menu_order":0,"comment_status":"closed","ping_status":"closed","template":"","meta":[],"folder":[],"_links":{"self":[{"href":"https:\/\/www.ancpi.ro\/ocpi\/gl\/wp-json\/wp\/v2\/pages\/5113"}],"collection":[{"href":"https:\/\/www.ancpi.ro\/ocpi\/gl\/wp-json\/wp\/v2\/pages"}],"about":[{"href":"https:\/\/www.ancpi.ro\/ocpi\/gl\/wp-json\/wp\/v2\/types\/page"}],"author":[{"embeddable":true,"href":"https:\/\/www.ancpi.ro\/ocpi\/gl\/wp-json\/wp\/v2\/users\/5"}],"replies":[{"embeddable":true,"href":"https:\/\/www.ancpi.ro\/ocpi\/gl\/wp-json\/wp\/v2\/comments?post=5113"}],"version-history":[{"count":5,"href":"https:\/\/www.ancpi.ro\/ocpi\/gl\/wp-json\/wp\/v2\/pages\/5113\/revisions"}],"predecessor-version":[{"id":6204,"href":"https:\/\/www.ancpi.ro\/ocpi\/gl\/wp-json\/wp\/v2\/pages\/5113\/revisions\/6204"}],"wp:attachment":[{"href":"https:\/\/www.ancpi.ro\/ocpi\/gl\/wp-json\/wp\/v2\/media?parent=5113"}],"wp:term":[{"taxonomy":"folder","embeddable":true,"href":"https:\/\/www.ancpi.ro\/ocpi\/gl\/wp-json\/wp\/v2\/folder?post=5113"}],"curies":[{"name":"wp","href":"https:\/\/api.w.org\/{rel}","templated":true}]}}