{"id":6769,"date":"2023-05-24T14:05:20","date_gmt":"2023-05-24T11:05:20","guid":{"rendered":"https:\/\/www.ancpi.ro\/ocpi\/gl\/?page_id=6769"},"modified":"2025-05-09T10:39:33","modified_gmt":"2025-05-09T07:39:33","slug":"avertizari-de-integritate","status":"publish","type":"page","link":"https:\/\/www.ancpi.ro\/ocpi\/gl\/avertizari-de-integritate\/","title":{"rendered":"Avertiz\u0103ri de integritate"},"content":{"rendered":"<ul>\n<li><a href=\"https:\/\/www.ancpi.ro\/ocpi\/gl\/wp-content\/anticoruptie\/formularavertizare.pdf\">Formular de avertizare \u00een interes public<\/a><\/li>\n<\/ul>\n<p style=\"text-align: left;\"><span style=\"color: #000000;\">Persoanele care aleg s\u0103 se adreseze pe canalul intern &#8211; OCPI Gala\u021bi &#8211; pentru a raporta \u00eenc\u0103lc\u0103ri ale legii, o pot face doar prin urm\u0103toarele modalit\u0103\u021bi:<\/span><\/p>\n<ul style=\"text-align: left;\">\n<li>Prin e-mail la adresa special creat\u0103: <span style=\"color: #0000ff;\"><strong><u>avertizare.gl@ancpi.ro<\/u><\/strong><\/span><\/li>\n<li>Telefonic, la num\u0103rul 0236\/311.774, int. 144;<\/li>\n<li>Prin intermediul serviciilor po\u0219tale la adresa: Oficiul de Cadastru \u0219i Publicitate Imobiliar\u0103 Gala\u021bi &#8211; str. Domneasc\u0103 nr. 244, Cod po\u0219tal 800189, <em>\u00cen aten\u021bia comisiei cu atribu\u021bii \u00een ceea ce prive\u0219te primirea, \u00eenregistrarea, examinarea, efectuarea de ac\u021biuni subsecvente \u0219i solu\u021bionarea raport\u0103rilor<\/em>;<\/li>\n<li>Personal, prin prezen\u021ba la sediul Oficiului de Cadastru \u0219i Publicitate Imobiliar\u0103 Gala\u021bi (cu programare prealabil\u0103 efectuat\u0103 la adresa de email special creat\u0103 <span style=\"color: #0000ff;\"><strong><u>avertizare.gl@ancpi.ro<\/u><\/strong><\/span><\/li>\n<\/ul>\n<p><!-- \/wp:paragraph --><\/p>\n","protected":false},"excerpt":{"rendered":"<p>Formular de avertizare \u00een interes public Persoanele care aleg s\u0103 se adreseze pe canalul intern &#8211; OCPI Gala\u021bi &#8211; pentru a raporta \u00eenc\u0103lc\u0103ri ale legii, o pot face doar prin urm\u0103toarele modalit\u0103\u021bi: Prin e-mail la adresa special creat\u0103: avertizare.gl@ancpi.ro Telefonic, la num\u0103rul 0236\/311.774, int. 144; Prin intermediul serviciilor po\u0219tale la adresa: Oficiul de Cadastru \u0219i [&hellip;]<\/p>\n","protected":false},"author":5,"featured_media":0,"parent":0,"menu_order":0,"comment_status":"closed","ping_status":"closed","template":"","meta":[],"folder":[],"_links":{"self":[{"href":"https:\/\/www.ancpi.ro\/ocpi\/gl\/wp-json\/wp\/v2\/pages\/6769"}],"collection":[{"href":"https:\/\/www.ancpi.ro\/ocpi\/gl\/wp-json\/wp\/v2\/pages"}],"about":[{"href":"https:\/\/www.ancpi.ro\/ocpi\/gl\/wp-json\/wp\/v2\/types\/page"}],"author":[{"embeddable":true,"href":"https:\/\/www.ancpi.ro\/ocpi\/gl\/wp-json\/wp\/v2\/users\/5"}],"replies":[{"embeddable":true,"href":"https:\/\/www.ancpi.ro\/ocpi\/gl\/wp-json\/wp\/v2\/comments?post=6769"}],"version-history":[{"count":5,"href":"https:\/\/www.ancpi.ro\/ocpi\/gl\/wp-json\/wp\/v2\/pages\/6769\/revisions"}],"predecessor-version":[{"id":6776,"href":"https:\/\/www.ancpi.ro\/ocpi\/gl\/wp-json\/wp\/v2\/pages\/6769\/revisions\/6776"}],"wp:attachment":[{"href":"https:\/\/www.ancpi.ro\/ocpi\/gl\/wp-json\/wp\/v2\/media?parent=6769"}],"wp:term":[{"taxonomy":"folder","embeddable":true,"href":"https:\/\/www.ancpi.ro\/ocpi\/gl\/wp-json\/wp\/v2\/folder?post=6769"}],"curies":[{"name":"wp","href":"https:\/\/api.w.org\/{rel}","templated":true}]}}