{"id":7294,"date":"2024-07-09T10:55:39","date_gmt":"2024-07-09T07:55:39","guid":{"rendered":"https:\/\/www.ancpi.ro\/ocpi\/gl\/?page_id=7294"},"modified":"2024-07-09T11:01:41","modified_gmt":"2024-07-09T08:01:41","slug":"termeni-si-conditii","status":"publish","type":"page","link":"https:\/\/www.ancpi.ro\/ocpi\/gl\/termeni-si-conditii\/","title":{"rendered":"Termeni si conditii"},"content":{"rendered":"<p data-raofz=\"15\"><strong><span style=\"color: #3366ff;\">ACCEPTAREA CONDI\u021aIILOR<\/span><\/strong><br \/>\nDatele provin din baza de date geospa\u021biale a ANCPI \u0219i sunt actualizate zilnic. Datele de detaliu sunt vizibile \u00eencep\u00e2nd cu scara 1:32000.<\/p>\n<p data-raofz=\"15\">Utilizarea aplica\u0163iei de vizualizare Imobile \u00eentabulate \u00een cartea funciar\u0103 a ANCPI (denumit\u0103 \u00een continuare \u201caplica\u021bie\u201d) presupune acceptarea \u00een totalitate a termenilor \u015fi condi\u0163iilor expuse mai jos.<br \/>\nTermenii \u015fi condi\u0163iile pot fi modificate \u00een orice moment de c\u0103tre administratorul aplica\u021biei, denumit \u00een continuare \u201cAdministrator\u201d, f\u0103r\u0103 notificarea prealabil\u0103 a persoanelor care o utilizeaz\u0103, denumite \u00een continuare \u201cUtilizatori\u201d.<br \/>\nUtilizatorii vor avea acces permanent la termenii \u015fi condi\u0163iile pentru utilizarea serviciilor pentru a le putea consulta \u00een orice moment.<br \/>\nAcces\u00e2nd \u015fi navig\u00e2nd pe aceast\u0103 aplica\u021bie, Utilizatorii accept\u0103 implicit termenii de utilizare descri\u015fi \u00een continuare.<br \/>\n\u00cen cazul \u00een care nu sunt de acord cu termenii \u015fi condi\u0163iile impuse, Utilizatorii trebuie s\u0103 \u00eenceteze accesarea acestui serviciu.<\/p>\n<p data-raofz=\"15\">\nDESCRIEREA SERVICIILOR \u0218I A CONDI\u021aIILOR DE UTILIZARE<\/p>\n<p data-raofz=\"15\">Baza de date spa\u021bial\u0103 (Imobile, construc\u021bii) este proprietatea ANCPI \u0219i este protejat\u0103 de legile Rom\u00e2niei \u0219i de legi, tratate \u0219i\/sau conven\u021bii interna\u021bionale<br \/>\nAplica\u021bia se adreseaz\u0103 proprietarilor care doresc s\u0103 consulte online amplasarea limitelor imobilelor \u0219i\/sau construc\u021biilor (cl\u0103dirilor) pe care le de\u021bin \u0219i care sunt \u00eentabulate \u00een cartea funciar\u0103, raportate la o harta fizic\u0103 (mozaic unificat av\u00e2nd la baz\u0103 ortofotoplanul scara 1:5000 cel mai nou din zona de interes);<br \/>\nCautarea imobilului se poate face:<br \/>\ndupa adres\u0103, dac\u0103 acesta este amplasat \u00een intravilanul UAT;<br \/>\nselect\u00e2nd jude\u021bul, uat-ul \u0219i num\u0103rul de carte funciar\u0103 at\u00e2t pentru imobilele din intravilan c\u00e2t \u0219i pentru cele din extravilan;<br \/>\npe baza preluarii pozitiei geografice in cazul in care proprietarul se afla la locatia imobilului;<br \/>\nAplica\u021bia \u0219i con\u021binutul acesteia (baza de date) nu se adreseaz\u0103 aplica\u021biilor de topografie\/cadastru \u0219i nici asocia\u021biilor socio-profesionale<br \/>\nInforma\u021biile spa\u021biale prezentate \u00een aplica\u021bie sunt cu titlu informativ<br \/>\nAplica\u021bia \u0219i con\u021binutul acesteia (baza de date) nu poate fi utilizat\u0103 \u00een instan\u021b\u0103 ca probatoriu<br \/>\nAplica\u021bia \u0219i con\u021binutul acesteia trebuie utilizate ca atare, iar ANCPI nu poate fi responsabil\u0103\/tras\u0103 la r\u0103spundere pentru consecin\u021bele ce decurg din utilizarea aplica\u021biei \u00een contradictoriu cu termenii \u0219i condi\u021biile enumerate<br \/>\nDin motive de securitate, ANCPI \u00ee\u0219i rezerv\u0103 dreptul de a monitoriza \u0219i stoca informa\u021bii cu privire la accesul \u00een aplica\u021bie cu respectarea GDRP<br \/>\nPrin ap\u0103sarea butonului \u201eSunt de acord\u201d \u0219i accesarea aplica\u021biei, utilizatorul a luat la cuno\u0219tin\u021b\u0103 \u0219i este de acord cu termenii \u0219i condi\u021biile de utilizare a aplica\u021biei vizualizare Imobile ANCPI.<\/p>\n<p data-raofz=\"15\">NEANGAJAREA R\u0102SPUNDERII<\/p>\n<p data-raofz=\"15\">ANCPI \u00eentre\u0163ine acest\u0103 aplica\u021bie pentru a facilita accesul public la informa\u0163ii privind activit\u0103\u0163ile sale. Administratorul depune eforturi pentru ca aceste informa\u0163ii s\u0103 fie corecte \u015fi oferite la timp. La semnalarea eventualelor erori, Administratorul va \u00eencerca \u00een cel mai scurt timp, corectarea acestora.<br \/>\nInforma\u0163ia oferit\u0103:<\/p>\n<ul>\n<li data-raofz=\"15\">este exclusiv de natur\u0103 general\u0103;<\/li>\n<li data-raofz=\"15\">nu este \u00een mod obligatoriu atotcuprinz\u0103toare, complet\u0103, corect\u0103 sau actualizat\u0103 la zi;<\/li>\n<\/ul>\n<p data-raofz=\"15\">Utilizatorii vor folosi informa\u0163iile furnizate \u00een cadrul site-ului pe propria r\u0103spundere, iar \u00een cazul unei daune generate de utilizarea serviciilor sau informa\u0163iilor furnizate, Utilizatorii accept\u0103 ca Administratorul va fi absolvit de orice r\u0103spundere<br \/>\nREGULI GENERALE<\/p>\n<p data-raofz=\"15\">Administratorul aplica\u021biei declar\u0103 urm\u0103toarele:<\/p>\n<ul>\n<li data-raofz=\"15\">va depune toate eforturile rezonabile pentru realizarea scopului aplica\u021biei;<\/li>\n<li data-raofz=\"15\">va depune toate eforturile (din punct de vedere tehnic sau de alt\u0103 natur\u0103) pentru func\u0163ionarea \u00een bune condi\u0163ii a aplica\u021biei; cu toate acestea, pot exista \u00eentreruperi \u00een func\u0163ionare, sau imposibilit\u0103\u0163i de accesare de c\u0103tre Utilizatori, pe o perioad\u0103 nedeterminat\u0103 de timp, din orice motive;<\/li>\n<li data-raofz=\"15\">pe m\u0103sura apari\u0163iei unor situa\u0163ii noi de orice natur\u0103 ce impun acest lucru, Administratorul poate modifica condi\u0163iile \u015fi termenii de utilizare.<\/li>\n<\/ul>\n","protected":false},"excerpt":{"rendered":"<p>ACCEPTAREA CONDI\u021aIILOR Datele provin din baza de date geospa\u021biale a ANCPI \u0219i sunt actualizate zilnic. Datele de detaliu sunt vizibile \u00eencep\u00e2nd cu scara 1:32000. Utilizarea aplica\u0163iei de vizualizare Imobile \u00eentabulate \u00een cartea funciar\u0103 a ANCPI (denumit\u0103 \u00een continuare \u201caplica\u021bie\u201d) presupune acceptarea \u00een totalitate a termenilor \u015fi condi\u0163iilor expuse mai jos. Termenii \u015fi condi\u0163iile pot fi [&hellip;]<\/p>\n","protected":false},"author":5,"featured_media":0,"parent":0,"menu_order":0,"comment_status":"closed","ping_status":"closed","template":"","meta":[],"folder":[],"_links":{"self":[{"href":"https:\/\/www.ancpi.ro\/ocpi\/gl\/wp-json\/wp\/v2\/pages\/7294"}],"collection":[{"href":"https:\/\/www.ancpi.ro\/ocpi\/gl\/wp-json\/wp\/v2\/pages"}],"about":[{"href":"https:\/\/www.ancpi.ro\/ocpi\/gl\/wp-json\/wp\/v2\/types\/page"}],"author":[{"embeddable":true,"href":"https:\/\/www.ancpi.ro\/ocpi\/gl\/wp-json\/wp\/v2\/users\/5"}],"replies":[{"embeddable":true,"href":"https:\/\/www.ancpi.ro\/ocpi\/gl\/wp-json\/wp\/v2\/comments?post=7294"}],"version-history":[{"count":4,"href":"https:\/\/www.ancpi.ro\/ocpi\/gl\/wp-json\/wp\/v2\/pages\/7294\/revisions"}],"predecessor-version":[{"id":7301,"href":"https:\/\/www.ancpi.ro\/ocpi\/gl\/wp-json\/wp\/v2\/pages\/7294\/revisions\/7301"}],"wp:attachment":[{"href":"https:\/\/www.ancpi.ro\/ocpi\/gl\/wp-json\/wp\/v2\/media?parent=7294"}],"wp:term":[{"taxonomy":"folder","embeddable":true,"href":"https:\/\/www.ancpi.ro\/ocpi\/gl\/wp-json\/wp\/v2\/folder?post=7294"}],"curies":[{"name":"wp","href":"https:\/\/api.w.org\/{rel}","templated":true}]}}