{"id":7722,"date":"2025-06-02T08:38:16","date_gmt":"2025-06-02T05:38:16","guid":{"rendered":"https:\/\/www.ancpi.ro\/ocpi\/gl\/?page_id=7722"},"modified":"2025-07-22T10:25:56","modified_gmt":"2025-07-22T07:25:56","slug":"myeterra","status":"publish","type":"page","link":"https:\/\/www.ancpi.ro\/ocpi\/gl\/myeterra\/","title":{"rendered":"MyEterra"},"content":{"rendered":"<p><strong>V\u0103 inform\u0103m c\u0103 \u00eencep\u00e2nd cu data de <span style=\"color: #3366ff;\">21 iulie 2025<\/span>, prim\u0103riile \u0219i consiliile jude\u021bene din \u00eentreaga \u021bar\u0103 vor avea acces \u00een platforma MyEterra, \u00een vederea cre\u0103rii conturilor necesare eliber\u0103rii extraselor de carte funciar\u0103 pentru informare \u0219i a extraselor din planul cadastral.<\/strong><br \/>\n<strong>Prin intermediul acestei platforme, reprezentan\u021bii desemna\u021bi ai prim\u0103riilor \u0219i ai consiliilor jude\u021bene vor putea accesa direct \u0219i gratuit extrasele mai sus men\u021bionate, \u00een numele proprietarilor, care au solicitat emiterea de acte administrative sau activit\u0103\u0163i specifice privind imobilele aflate \u00een proprietate, \u00een aplicarea dispozi\u021biilor art. 8 alin (1), lit. s) din Ordinul directorului general al Agen\u0163iei Na\u0163ionale de Cadastru \u015fi Publicitate <\/strong><strong>Imobiliar\u0103 nr. 16\/2019.<\/strong><br \/>\n<strong>Pentru a beneficia de noile func\u021bionalit\u0103\u021bi oferite de platforma MyEterra, prim\u0103riile \u0219i consiliile jude\u021bene trebuie s\u0103 transmit\u0103 o cerere, \u00een care s\u0103 fie nominaliza\u021bi reprezentan\u021bii autoriza\u021bi s\u0103 acceseze platforma. <\/strong><br \/>\n<strong>Cererile pot fi transmise pe adresa de e-mail: gl@ancpi.ro.<\/strong><\/p>\n<p><strong>Model cerere\u00a0 &#8211; <a href=\"https:\/\/www.ancpi.ro\/ocpi\/gl\/wp-content\/myeterra\/Model cerere-anexa-1 .docx\">download<\/a><\/strong><\/p>\n<p><strong>Model lista persoane desemnate &#8211; <a href=\"https:\/\/www.ancpi.ro\/ocpi\/gl\/wp-content\/myeterra\/Lista persoane desemnate.xlsx\">download<\/a><\/strong><\/p>\n<p><strong>\u00cendrumar aplica\u021bie MyEterra &#8211; <a href=\"https:\/\/www.ancpi.ro\/ocpi\/gl\/wp-content\/myeterra\/Prezentare_extrase_institutii.pdf\">download<\/a><\/strong><\/p>\n<p><a href=\"https:\/\/www.mdlpa.ro\/subarticles\/5\/extraseonlinegratuitautoritatilocale18072025\"><strong>https:\/\/www.mdlpa.ro\/subarticles\/5\/extraseonlinegratuitautoritatilocale18072025<\/strong><\/a><\/p>\n<hr \/>\n<p>&nbsp;<\/p>\n<p>V\u0103 inform\u0103m c\u0103 potrivit tezei II a art.8 alin.(1) lit.s) din Ordinul nr. 16\/2019 privind aprobarea tarifelor pentru serviciile furnizate de Agen\u021bia Na\u021bional\u0103 de Cadastru \u0219i Publicitate Imobiliar\u0103 \u0219i institu\u021biile sale subordonate, \u00eencep\u00e2nd cu data de 02.06.2025, serviciile identificate cu codurile 2.7.2 \u015fi 2.7.7 din anex\u0103, respectiv extrasul de carte funciar\u0103 pentru informare \u0219i extrasul din planul cadastral vor fi furnizate gratuit \u0219i online, prin intermediul sistemului informatic al Agen\u0163iei Na\u0163ionale.<br \/>\nAccesul \u00een sistem se va efectua prin intermediul aplica\u021biei MyEterra, exclusiv de c\u0103tre proprietarii imobilelor (persoane fizice sau juridice, personal sau prin reprezentant) sau de reprezentan\u0163ii prim\u0103riilor\/consiliilor jude\u0163ene \u00een numele proprietarilor.<\/p>\n<p>Link acces aplica\u021bie: <a href=\"https:\/\/myeterra.ancpi.ro\/landing\"><strong>https:\/\/myeterra.ancpi.ro\/landing<\/strong><\/a><\/p>\n<p><a href=\"https:\/\/www.ancpi.ro\/myeterra\/cum-iti-deschizi-un-cont-MyEterra.pdf\">Pa\u0219i pentru deschiderea unui cont \u00een aplica\u021bia myEterra<\/a><\/p>\n<p><a href=\"https:\/\/www.youtube.com\/watch?v=Tcbu1VBFKnk\">Creare cont myEterra cu ROeID<\/a><\/p>\n<p><a href=\"https:\/\/www.youtube.com\/watch?v=VmSLQEBrr5k\">Solicitare cont myEterra PF\/PJ<\/a><\/p>\n<p>Formular cerere acces MyEterra &#8211; <a href=\"https:\/\/www.ancpi.ro\/ocpi\/gl\/wp-content\/myeterra\/Formular cerere cont MyEterra.pdf\">download<\/a><\/p>\n","protected":false},"excerpt":{"rendered":"<p>V\u0103 inform\u0103m c\u0103 \u00eencep\u00e2nd cu data de 21 iulie 2025, prim\u0103riile \u0219i consiliile jude\u021bene din \u00eentreaga \u021bar\u0103 vor avea acces \u00een platforma MyEterra, \u00een vederea cre\u0103rii conturilor necesare eliber\u0103rii extraselor de carte funciar\u0103 pentru informare \u0219i a extraselor din planul cadastral. Prin intermediul acestei platforme, reprezentan\u021bii desemna\u021bi ai prim\u0103riilor \u0219i ai consiliilor jude\u021bene vor putea [&hellip;]<\/p>\n","protected":false},"author":5,"featured_media":0,"parent":0,"menu_order":0,"comment_status":"closed","ping_status":"closed","template":"","meta":[],"folder":[],"_links":{"self":[{"href":"https:\/\/www.ancpi.ro\/ocpi\/gl\/wp-json\/wp\/v2\/pages\/7722"}],"collection":[{"href":"https:\/\/www.ancpi.ro\/ocpi\/gl\/wp-json\/wp\/v2\/pages"}],"about":[{"href":"https:\/\/www.ancpi.ro\/ocpi\/gl\/wp-json\/wp\/v2\/types\/page"}],"author":[{"embeddable":true,"href":"https:\/\/www.ancpi.ro\/ocpi\/gl\/wp-json\/wp\/v2\/users\/5"}],"replies":[{"embeddable":true,"href":"https:\/\/www.ancpi.ro\/ocpi\/gl\/wp-json\/wp\/v2\/comments?post=7722"}],"version-history":[{"count":5,"href":"https:\/\/www.ancpi.ro\/ocpi\/gl\/wp-json\/wp\/v2\/pages\/7722\/revisions"}],"predecessor-version":[{"id":7786,"href":"https:\/\/www.ancpi.ro\/ocpi\/gl\/wp-json\/wp\/v2\/pages\/7722\/revisions\/7786"}],"wp:attachment":[{"href":"https:\/\/www.ancpi.ro\/ocpi\/gl\/wp-json\/wp\/v2\/media?parent=7722"}],"wp:term":[{"taxonomy":"folder","embeddable":true,"href":"https:\/\/www.ancpi.ro\/ocpi\/gl\/wp-json\/wp\/v2\/folder?post=7722"}],"curies":[{"name":"wp","href":"https:\/\/api.w.org\/{rel}","templated":true}]}}