{"id":1594,"date":"2018-09-27T12:00:35","date_gmt":"2018-09-27T12:00:35","guid":{"rendered":"http:\/\/testare.ga\/ancpi\/?page_id=1594"},"modified":"2026-03-09T07:24:04","modified_gmt":"2026-03-09T05:24:04","slug":"legislatie","status":"publish","type":"page","link":"https:\/\/www.ancpi.ro\/ocpi\/if\/legislatie\/","title":{"rendered":"Legisla\u021bie"},"content":{"rendered":"<ul>\n<li>Legea nr. 7\/1996 Republicata \u2013 In Monitorul Oficial al Romaniei Partea I nr. 83\/07.02.2013 a fost republicata Legea Cadastrului si a Publicitatii Imobiliare nr. 7\/1996. <a href=\"http:\/\/www.ancpi.ro\/ocpi\/if\/wp-content\/uploads\/2025\/12\/Legea_219_2012.pdf\" target=\"_blank\" rel=\"noopener\">Citeste<\/a><\/li>\n<\/ul>\n<ul>\n<li>Legea nr. 219\/2012 pentru aprobarea Ordonan\u0163ei de urgen\u0163\u0103 a Guvernului nr. 81\/2011 privind trecerea Agen\u0163iei Na\u0163ionale de Cadastru \u015fi Publicitate Imobiliar\u0103 din subordinea Ministerului Administra\u0163iei \u015fi Internelor \u00een subordinea Ministerului Dezvolt\u0103rii Regionale \u015fi Turismului, precum \u015fi pentru modificarea unor acte normative.<a href=\"http:\/\/www.ancpi.ro\/ocpi\/if\/wp-content\/uploads\/2024\/10\/Legea_7.pdf\" target=\"_blank\" rel=\"noopener\">Citeste<\/a><\/li>\n<\/ul>\n<ul>\n<li>Legea nr. 133\/2012 pentru aprobarea Ordonan\u0163ei de urgen\u0163\u0103 a Guvernului nr. 64\/2010 privind modificarea \u015fi completarea Legii cadastrului \u015fi a publicit\u0103\u0163ii imobiliare nr. 7\/1996 <a href=\"http:\/\/www.ancpi.ro\/ocpi\/if\/wp-content\/uploads\/2025\/12\/Legea_133_2012.pdf\" target=\"_blank\" rel=\"noopener\">Citeste<\/a><\/li>\n<\/ul>\n<ul>\n<li>Ordinul nr. 600\/2023 pentru aprobarea Regulamentului de receptie si inscriere in evidentele de cadastru si carte funciara. <a href=\"http:\/\/www.ancpi.ro\/ocpi\/if\/wp-content\/uploads\/2026\/03\/Ordin600_Actulizat08032026.pdf\" target=\"_blank\" rel=\"noopener\">Citeste<\/a><\/li>\n<\/ul>\n<ul>\n<li>Ordinul nr. 16\/2019 privind aprobarea tarifelor pentru serviciile furnizate de Agen\u0163ia Na\u0163ional\u0103 de Cadastru \u015fi Publicitate Imobiliar\u0103 \u015fi institu\u0163iile sale subordonate <a href=\"http:\/\/www.ancpi.ro\/ocpi\/if\/wp-content\/uploads\/2023\/02\/Ordin_16_2019.pdf\" target=\"_blank\" rel=\"noopener\">Citeste<\/a><\/li>\n<\/ul>\n<ul>\n<li>Ordinul nr. 1622\/2025 pentru modificarea anexei la Ordinul directorului general al Agen\u0163iei Na\u0163ionale de Cadastru \u015fi Publicitate Imobiliar\u0103 nr. 1764\/2019 privind aprobarea termenelor de eliberare a documentelor. <a href=\"http:\/\/www.ancpi.ro\/ocpi\/if\/wp-content\/uploads\/2025\/09\/Ordin_1622_2025_Termene.pdf\" target=\"_blank\" rel=\"noopener\">Citeste<\/a><\/li>\n<\/ul>\n<ul>\n<li>Ordinul 1255\/2023 privind modificarea si inscrierea in evidentele de cadastru si carte funciara. <a href=\"http:\/\/www.ancpi.ro\/ocpi\/if\/wp-content\/uploads\/2023\/08\/Ordin1255-17072023-Monitorul-Oficial-Partea-I-nr.-652.pdf\" target=\"_blank\" rel=\"noopener\">Citeste<\/a><\/li>\n<\/ul>\n<ul>\n<li>Act Aditional Nr. 2 \u2013 La Protocolul de colaborare nr. 429.312\/1.404 incheiat intre Agentia Nationala de Cadastru si Publicitate Imobiliara si Uniunea Nationala a Notarilor Publici din Romania privind modul de efectuare a operatiunilor de publicitate imobiliara, in aplicarea Legii cadastrului si a publicitatii imobiliare nr. 7\/1996, republicata, cu modificarile si completarile ulterioare. <a href=\"http:\/\/www.ancpi.ro\/ocpi\/if\/wp-content\/uploads\/2025\/12\/ActAditional2_Protocol429312_Notari.pdf\" target=\"_blank\" rel=\"noopener\"> Citeste<\/a><\/li>\n<\/ul>\n","protected":false},"excerpt":{"rendered":"<p>Legea nr. 7\/1996 Republicata \u2013 In Monitorul Oficial al Romaniei Partea I nr. 83\/07.02.2013 a fost republicata Legea Cadastrului si a Publicitatii Imobiliare nr. 7\/1996. Citeste Legea nr. 219\/2012 pentru aprobarea Ordonan\u0163ei de urgen\u0163\u0103 a Guvernului nr. 81\/2011 privind trecerea Agen\u0163iei Na\u0163ionale de Cadastru \u015fi Publicitate Imobiliar\u0103 din subordinea Ministerului Administra\u0163iei \u015fi Internelor \u00een subordinea [&hellip;]<\/p>\n","protected":false},"author":4,"featured_media":0,"parent":0,"menu_order":0,"comment_status":"closed","ping_status":"closed","template":"","meta":{"footnotes":""},"class_list":["post-1594","page","type-page","status-publish","hentry"],"_links":{"self":[{"href":"https:\/\/www.ancpi.ro\/ocpi\/if\/wp-json\/wp\/v2\/pages\/1594","targetHints":{"allow":["GET"]}}],"collection":[{"href":"https:\/\/www.ancpi.ro\/ocpi\/if\/wp-json\/wp\/v2\/pages"}],"about":[{"href":"https:\/\/www.ancpi.ro\/ocpi\/if\/wp-json\/wp\/v2\/types\/page"}],"author":[{"embeddable":true,"href":"https:\/\/www.ancpi.ro\/ocpi\/if\/wp-json\/wp\/v2\/users\/4"}],"replies":[{"embeddable":true,"href":"https:\/\/www.ancpi.ro\/ocpi\/if\/wp-json\/wp\/v2\/comments?post=1594"}],"version-history":[{"count":7,"href":"https:\/\/www.ancpi.ro\/ocpi\/if\/wp-json\/wp\/v2\/pages\/1594\/revisions"}],"predecessor-version":[{"id":7370,"href":"https:\/\/www.ancpi.ro\/ocpi\/if\/wp-json\/wp\/v2\/pages\/1594\/revisions\/7370"}],"wp:attachment":[{"href":"https:\/\/www.ancpi.ro\/ocpi\/if\/wp-json\/wp\/v2\/media?parent=1594"}],"curies":[{"name":"wp","href":"https:\/\/api.w.org\/{rel}","templated":true}]}}