{"id":5110,"date":"2022-10-18T09:54:19","date_gmt":"2022-10-18T06:54:19","guid":{"rendered":"https:\/\/www.ancpi.ro\/ocpi\/if\/?page_id=5110"},"modified":"2025-03-19T11:06:48","modified_gmt":"2025-03-19T09:06:48","slug":"legea-544-2001","status":"publish","type":"page","link":"https:\/\/www.ancpi.ro\/ocpi\/if\/legea-544-2001\/","title":{"rendered":"Legea 544\/2001"},"content":{"rendered":"<p>Legea 544\/2001<\/p>\n<ul>\n<li>Centralizator contracte &#8211; <a href=\"https:\/\/www.ancpi.ro\/ocpi\/if\/centralizator-contracte\/\" rel=\"noopener\"> Citeste<\/a><\/li>\n<\/ul>\n<ul>\n<li>Programul Anual al Achizitiilor Publice &#8211; <a href=\"https:\/\/www.ancpi.ro\/ocpi\/if\/programul-achizitiilor-publice\/\" rel=\"noopener\"> Citeste<\/a><\/li>\n<\/ul>\n<ul>\n<li>Bilant &#8211; <a href=\"https:\/\/www.ancpi.ro\/ocpi\/if\/bilant\/\" rel=\"noopener\"> Citeste<\/a><\/li>\n<\/ul>\n<ul>\n<li>Buget &#8211; <a href=\"https:\/\/www.ancpi.ro\/ocpi\/if\/bugetl165\/\" rel=\"noopener\"> Citeste<\/a><\/li>\n<\/ul>\n<ul>\n<li>Cont Executie &#8211; <a href=\"https:\/\/www.ancpi.ro\/ocpi\/if\/cont-executie\/\" rel=\"noopener\"> Citeste<\/a><\/li>\n<\/ul>\n<ul>\n<li>Raport Activitate &#8211; <a href=\"https:\/\/www.ancpi.ro\/ocpi\/if\/raport-activitate\/\" rel=\"noopener\"> Citeste<\/a><\/li>\n<\/ul>\n<ul>\n<li>Raport de evaluare nr. 544\/2001 pontru anul 2020 &#8211; <a href=\"http:\/\/www.ancpi.ro\/ocpi\/if\/wp-content\/uploads\/2023\/08\/Raport_Legea_nr.544_2001_pentru_anul_2020.pdf\" target=\"_blank\" rel=\"noopener\"> Citeste<\/a><\/li>\n<\/ul>\n<ul>\n<li>Pentru realizarea obiectivelor ce-i revin prin Programul de guvernare 2019 &#8211; 20120, OCPI Ilfov a actionat in semestrul I 2019 in urmatoarele directii- <a href=\"http:\/\/www.ancpi.ro\/ocpi\/if\/wp-content\/uploads\/2023\/08\/Obiective_Program_Guvernare_2019_2020_SemI_2019.pdf\" target=\"_blank\" rel=\"noopener\"> Citeste<\/a><\/li>\n<\/ul>\n<p>&#8211;&#8211;&#8211;-<br \/>\n<strong><br \/>\n1.Actele normative care reglementeaza organizarea si functionarea OFICIULUI DE CADASTRU SI PUBLICITATE IMOBILIARA ILFOV<br \/>\n<\/strong><br \/>\nConsulta portalul legislativ <a href=\"http:\/\/legislatie.just.ro\/\" target=\"_blank\" rel=\"noopener\"> Citeste Portal Legislativ<\/a><\/p>\n<p>1.1 Legea nr. 7\/1996 privind cadastrul si publicitatea imobiliara republicata, cu modificarile si completarile ulterioare;<br \/>\n<a href=\"http:\/\/www.ancpi.ro\/ocpi\/if\/wp-content\/uploads\/2023\/08\/Lege_7_1996.pdf\" target=\"_blank\" rel=\"noopener\"> Citeste PDF<\/a><a href=\"http:\/\/legislatie.just.ro\/Public\/DetaliiDocument\/171559\" target=\"_blank\" rel=\"noopener\"> Citeste Portal Legislativ<\/a><\/p>\n<p>1.2 Ordinul nr. 600\/2023 privind aprobarea Regulamentului de avizare, receptie si inscriere in evidentele de cadastru si carte funciara.<br \/>\n<a href=\"http:\/\/www.ancpi.ro\/ocpi\/if\/wp-content\/uploads\/2023\/08\/Regulament600_Valabil01082023-1.pdf\" target=\"_blank\" rel=\"noopener\"> Citeste PDF<\/a><a href=\"https:\/\/legislatie.just.ro\/Public\/DetaliiDocument\/264801\" target=\"_blank\" rel=\"noopener\"> Citeste Portal Legislativ<\/a><\/p>\n<p>1.3 Ordinul nr. 16\/2019 privind aprobarea tarifelor pentru serviciile furnizate de Agentia Nationala de Cadastru si Publicitate Imobiliara si unitatile sale subordonate si a taxei de autorizare pentru persoanele care realizeaza lucrari de specialitate din domeniile cadastrului, geodeziei si cartografiei;<br \/>\n<a href=\"http:\/\/www.ancpi.ro\/ocpi\/if\/wp-content\/uploads\/2023\/08\/Regulament600_Valabil01082023-1.pdf\" target=\"_blank\" rel=\"noopener\"> Citeste PDF<\/a><a href=\"https:\/\/legislatie.just.ro\/Public\/DetaliiDocument\/209916\" target=\"_blank\" rel=\"noopener\"> Citeste Portal Legislativ<\/a><\/p>\n<p>1.4 Hotarare nr. 1288 \/2012 privind organizarea si functionarea Agentiei Nationale de Cadastru si Publicitate Imobiliara republicata, cu modificarile si completarile ulterioare;<br \/>\n<a href=\"http:\/\/www.ancpi.ro\/ocpi\/if\/wp-content\/uploads\/2023\/08\/Hotarare_1288_20121.pdf\" target=\"_blank\" rel=\"noopener\"> Citeste PDF<\/a><a href=\"https:\/\/legislatie.just.ro\/Public\/DetaliiDocument\/144203\" target=\"_blank\" rel=\"noopener\"> Citeste Portal Legislativ<\/a><\/p>\n<p>1.5 Ordinul nr. 1445\/2016 pentru aprobarea organigramei Centrului National de Geodezie, Cartografie, Fotogrammetrie si Teledetectie si a oficiilor de cadastru si publicitate imobiliara.<br \/>\n<a href=\"http:\/\/www.ancpi.ro\/ocpi\/if\/wp-content\/uploads\/2023\/08\/Ordin_1445_2016.pdf\" target=\"_blank\" rel=\"noopener\"> Citeste PDF<\/a><a href=\"https:\/\/legislatie.just.ro\/Public\/DetaliiDocument\/184065\" target=\"_blank\" rel=\"noopener\"> Citeste Portal Legislativ<\/a><\/p>\n<p>1.6 Ordinul nr. 1764\/2019 privind aprobarea termenelor de eliberare a documentelor si datelor rezultate din furnizarea serviciilor de catre ANCPI si unitatile sale subordonate, cu modificarile si completarile ulterioare.<br \/>\n<a href=\"http:\/\/www.ancpi.ro\/ocpi\/if\/wp-content\/uploads\/2023\/08\/Ordin_1764_2019.pdf\" target=\"_blank\" rel=\"noopener\"> Citeste PDF<\/a><a href=\"https:\/\/legislatie.just.ro\/Public\/DetaliiDocument\/214864\" target=\"_blank\" rel=\"noopener\"> Citeste Portal Legislativ<\/a><\/p>\n<p>\n<strong><br \/>\n2.Structura organizatorica, programul de functionare, programul de audiente<br \/>\n<\/strong><\/p>\n<p>2.1 Organigrama Oficiului de Cadastru si Publicitate Imobiliara Ilfov <a href=\"http:\/\/www.ancpi.ro\/ocpi\/if\/wp-content\/uploads\/2023\/08\/organigrama_OCPI_Ilfov.pdf\" target=\"_blank\" rel=\"noopener\"> Anexa 1<\/a><\/p>\n<p>2.2 Programul de func\u0163ionare:<a href=\"https:\/\/www.ancpi.ro\/ocpi\/if\/program-cu-publicul\/\" target=\"_blank\" rel=\"noopener\"> Anexa 2<\/a><\/p>\n<p>           Luni &#8211; Joi 8:00-16:30; Vineri 8:00 &#8211; 14.00<\/p>\n<p>2.3 Programul de audien\u0163e:<\/p>\n<p>Director:                  Ruxandra GHIBA<br \/>\nRegistrator \u015eef:      Ion STANCIU<br \/>\nMIERCURI de la 9:00 la 14:00 s\u0103pt\u0103m\u00e2nal<\/p>\n<p>\u00censcrieri \u00een audien\u0163\u0103:<br \/>\n                   Luni\u00b8 Joi &#8211;    8:00 &#8211; 16:30; Vineri 8.00 &#8211; 14.00          <\/p>\n<p>Serviciul Juridic, Resurse Umane, Secretariat si Petitii<br \/>\n\u2013 persoana de contact: Leau Diana    &#8211; tel: 021\/224.60.85<\/p>\n<p>Serviciul de publicitate imobiliar\u0103<br \/>\n -persoane de contact: Aldea Ana Maria -tel: 021\/224.60.82<\/p>\n<p>Persoanele autorizate se pot inscrie in audienta la Inginerul Sef.<br \/>\n &#8211; Audientele la inginerul sef au loc in fiecare zi de marti intre orele 9 &#8211; 10. Inscrierile se fac in prealabil la interior 119.<br \/>\n<strong><br \/>\n3. Numele si prenumele persoanelor din conducerea autoritatii sau a institutiei publice<a href=\"http:\/\/www.ancpi.ro\/ocpi\/if\/contact\/\" target=\"_blank\" rel=\"noopener\"> Citeste<\/a><br \/>\n<\/strong><br \/>\nProgram de functionare: Luni &#8211; Joi: 08.00 &#8211; 16.30, Vineri: 08.00 &#8211; 14.00<\/p>\n<p><strong><br \/>\n4. Coordonate de contact <a href=\"http:\/\/www.ancpi.ro\/ocpi\/if\/contact\/\" target=\"_blank\" rel=\"noopener\"> Citeste<\/a><br \/>\n<\/strong><br \/>\n<strong><br \/>\n5. Surse financiare, bugetul \u015fi bilan\u0163ul contabil <a href=\"http:\/\/www.ancpi.ro\/ocpi\/if\/wp-content\/uploads\/2023\/08\/Detalierea_cheltuielilor.pdf\" target=\"_blank\" rel=\"noopener\"> Anexa 3<\/a><br \/>\n    Surse financiare, bugetul \u015fi bilan\u0163ul contabil la 30.09.2019 <a href=\"https:\/\/www.ancpi.ro\/ocpi\/if\/bilant\/\" target=\"_blank\" rel=\"noopener\"> Bilant<\/a><br \/>\n<\/strong><br \/>\n<strong><br \/>\n 6. Lista documentelor privind informa\u0163iile de interes public<br \/>\nLegi, Hot\u0103r\u00e2ri \u015fi ordonan\u0163e ale Guvernului de interes public care privesc:<br \/>\n<\/strong><br \/>\n orice informa\u0163ie cu privire la bunul imobil, dar care nu con\u0163ine date cu caracter personal<br \/>\n<strong><br \/>\n7. Lista cuprinzand categoriile de documente produse \u015fi\/sau gestionate de Oficiul De Cadastru \u015ei Publicitate Imobiliar\u0103 Ilfov<br \/>\n<\/strong><br \/>\n7.1. Documente produse<br \/>\n&#8211; documente cu informa\u0163ii referitoare la bunul imobil identificat cu tarla, parcel\u0103, num\u0103r cadastral provizoriu, dar care nu con\u0163in date cu caracter personal<br \/>\n&#8211; structura organizatoric\u0103<br \/>\n&#8211; atribu\u0163iile<br \/>\n&#8211; bugetul<br \/>\n&#8211; extras de carte funciar\u0103 de informare \u015fi de autentificare<br \/>\n&#8211; cartea funciar\u0103<br \/>\n&#8211; planuri de \u00eencadrare \u00een zon\u0103<br \/>\n&#8211; coordonatele aferente imobilelor \u00eenscrise \u00een cartea funciar\u0103<br \/>\n&#8211; dosarele privind achizi\u0163iile publice prev\u0103zute de Ordonan\u0163a 34\/2006<br \/>\n&#8211; procesele verbale de adjudecare ale licita\u0163iilor privind achizi\u0163iile publice<br \/>\n&#8211; contesta\u0163iile privind desf\u0103\u015furarea licita\u0163iilor<br \/>\n&#8211; proces verbal de transfer cu mijloacele fixe, conform Hot\u0103r\u00e2rii 841\/1995<br \/>\n&#8211; rezultatele privind concursurile de ocupare a posturilor vacante<br \/>\n&#8211; contesta\u0163iile privind rezultatele de la concursurile de ocupare a posturilor vacante<\/p>\n<p>7.2. Documente gestionate<br \/>\na. Conform HG 890\/2005, O.C.P.I. Ilfov este arhivarul urm\u0103toarelor documente<br \/>\n&#8211; titlurile de proprietate emise conform Legii 18\/1991 \u015fi Legii 247\/2005<br \/>\n&#8211; anexele prev\u0103zute de Legea 18\/1991 \u015fi Legea 247\/2005 potrivit c\u0103rora se emit titlurile de proprietate<br \/>\n    &#8211; documenta\u0163iile transmise de comisiile locale ce stau la baza \u00eentocmirii<br \/>\n      titlurilor de proprietate<br \/>\n    b. documenta\u0163iile cadatrale \u00eentocmite de persoanele fizice sau autorizate, la solicitarea beneficiarilor av\u00e2nd la baz\u0103 acte de proprietate<br \/>\n     c. avize de PUG, PUZ, PUD, studii topo<br \/>\n     d. documente de aprobare \u00een  vederea scoaterii din circuitul agricol<br \/>\n     e. documente \u00eentocmite potrivit HG 834\/1991 \u00een vederea emiterii Certificatului de atestare a dreptului de proprietate pentru societa\u0163ile comerciale<br \/>\n<strong><br \/>\n8. Modalit\u0103\u0163ile de contestare a deciziei autorit\u0103\u0163ii sau a institu\u0163iei publice \u00een situa\u0163ia \u00een care persoana se consider\u0103 v\u0103t\u0103mat\u0103 \u00een privin\u0163a dreptului de acces la informa\u0163iile de interes public solicitate<br \/>\n<\/strong><br \/>\n&#8211; Art. 22 alin. 1-5 din Legea nr.544\/2001 din 12\/10\/2001, publicata \u00een<br \/>\nMonitorul Oficial, Partea I nr. 663 din 23\/10\/2001 privind liberul acces la informatiile de interes public<br \/>\n&#8211; Art. 32, 33, 36 din Hotararea Guvernului nr.123\/2002 din 07\/02\/2002, publicat in Monitorul Oficial, Partea I nr. 167 din 08\/03\/2002 pentru aprobarea Normelor metodologice de aplicare a Legii nr. 544\/2001 privind liberul acces la informatiile de interes public<br \/>\n<strong><br \/>\n9. Program privind comunicarea verbal\u0103 a informa\u0163iilor de interes public<br \/>\n<\/strong><br \/>\n  Luni- Vineri: 14:00 &#8211; 16:00<br \/>\n  Joi: 14:00 &#8211; 18:00<br \/>\n<strong><br \/>\n10. Numele si prenumele functionarilor responsabili cu difuzarea informatiilor publice:<br \/>\n<\/strong><br \/>\n    Sef birou resurse umane, secretariat si petitii Leau Diana<br \/>\n            Tel: 021\/224.60.85<\/p>\n","protected":false},"excerpt":{"rendered":"<p>Legea 544\/2001 Centralizator contracte &#8211; Citeste Programul Anual al Achizitiilor Publice &#8211; Citeste Bilant &#8211; Citeste Buget &#8211; Citeste Cont Executie &#8211; Citeste Raport Activitate &#8211; Citeste Raport de evaluare nr. 544\/2001 pontru anul 2020 &#8211; Citeste Pentru realizarea obiectivelor ce-i revin prin Programul de guvernare 2019 &#8211; 20120, OCPI Ilfov a actionat in semestrul [&hellip;]<\/p>\n","protected":false},"author":6,"featured_media":0,"parent":0,"menu_order":0,"comment_status":"closed","ping_status":"closed","template":"","meta":{"footnotes":""},"class_list":["post-5110","page","type-page","status-publish","hentry"],"_links":{"self":[{"href":"https:\/\/www.ancpi.ro\/ocpi\/if\/wp-json\/wp\/v2\/pages\/5110","targetHints":{"allow":["GET"]}}],"collection":[{"href":"https:\/\/www.ancpi.ro\/ocpi\/if\/wp-json\/wp\/v2\/pages"}],"about":[{"href":"https:\/\/www.ancpi.ro\/ocpi\/if\/wp-json\/wp\/v2\/types\/page"}],"author":[{"embeddable":true,"href":"https:\/\/www.ancpi.ro\/ocpi\/if\/wp-json\/wp\/v2\/users\/6"}],"replies":[{"embeddable":true,"href":"https:\/\/www.ancpi.ro\/ocpi\/if\/wp-json\/wp\/v2\/comments?post=5110"}],"version-history":[{"count":5,"href":"https:\/\/www.ancpi.ro\/ocpi\/if\/wp-json\/wp\/v2\/pages\/5110\/revisions"}],"predecessor-version":[{"id":6672,"href":"https:\/\/www.ancpi.ro\/ocpi\/if\/wp-json\/wp\/v2\/pages\/5110\/revisions\/6672"}],"wp:attachment":[{"href":"https:\/\/www.ancpi.ro\/ocpi\/if\/wp-json\/wp\/v2\/media?parent=5110"}],"curies":[{"name":"wp","href":"https:\/\/api.w.org\/{rel}","templated":true}]}}