{"id":5266,"date":"2022-10-19T10:33:56","date_gmt":"2022-10-19T07:33:56","guid":{"rendered":"https:\/\/www.ancpi.ro\/ocpi\/if\/?page_id=5266"},"modified":"2026-02-17T08:56:25","modified_gmt":"2026-02-17T06:56:25","slug":"noutati","status":"publish","type":"page","link":"https:\/\/www.ancpi.ro\/ocpi\/if\/noutati\/","title":{"rendered":"Noutati"},"content":{"rendered":"<p><strong>Noutati<\/strong><\/p>\n<ul>\n<li>\n<strong>In atentia persoanelor fizice autorizate de catre OCPI Ilfov.<\/strong><\/p>\n<p>      \u00cen aplicarea prevederilor art. 3, alin. (5) din Legea cadastrului \u0219i a publicit\u0103\u021bii imobiliare nr. 7\/1996, republicat\u0103, cu modific\u0103rile \u0219i complet\u0103rile ulterioare, potrivit c\u0103rora &#8222;(&#8230;) Agen\u021bia Na\u021bional\u00e1 stabile\u0219te intalniri periodice de lucru cu colaboratorii, in vedereo identific\u0103rii modalit\u0103\u021bii de imbun\u0103t\u0103\u021bire a serviciilor prestate de institu\u021bie&#8221;, precum \u0219i ale art. 4, alin. (7) din Regulamentul de organizare \u0219i func\u021bionare ale oficiilor de cadastru \u0219i publicitate imobiliar\u0103 aprobat prin Ordinul Directorului General a Agen\u021blei Na\u021b\u00eeonale de Cadastru \u0219i Publicitate lmobiliar\u0103 nr. 1445\/ 2016, cu modific\u0103rile \u0219i complet\u0103rile ulterioare, care stipuleaz\u0103 c\u0103 &#8222;Oficiul teritoriol poate stabili rela\u021bii de colaborare cu alte autoritp\u021bi publice, organiza\u021bii private, persoane fizice \u0219i juridice, in limitele mandatului acordat de conducerea Agen\u021biei Na\u021bionoale&#8221;, pentru o mai bun\u0103 desf\u0103\u0219urare a activit\u0103\u021bii de cadastru \u0219i publicitate imobiliar\u0103, v\u0103 inform\u0103m c\u0103, O.C.P.I. Ilfov organizeaz\u0103 o \u00eent\u00e2lnire de lucru, in data de <strong>27.02.2026<\/strong>, \u00eencep\u00e2nd cu ora <strong>10:30<\/strong>, la sediul din Sos. Pavel D. Kiseleff, Nr. 34, Sector 1, Bucure\u0219ti.<br \/>\n\u00cen cadrul \u00eent\u00e2lnirii de lucru se vor discuta aspecte de practic\u0103 neunitar\u0103, interpretare a legisla\u021biei, cu privire la urm\u0103toarele subiecte:<br \/>\n&#8211;\tcon\u021binutul  lucr\u0103rilor  pentru  noile  coduri  introduse:  preapartament\u0103ri,construc\u021bii viitoare, etc<br \/>\n&#8211;\tdezmembr\u0103ri imobile cu cl\u0103diri tip condominiu<br \/>\n&#8211;\tinforma\u021biile pe care trebuie s\u0103 le con\u021bin\u0103 rubrica &#8222;Men\u021biuni&#8221;, at\u00e2t pe planul de amplasament \u0219i delimitare, c\u00e2t \u0219i in aplica\u021bia informatizat\u0103 eterra<br \/>\n&#8211;\tconstruc\u021bii cuplate\/duplex<br \/>\n&#8211;\tnumerele cadastrele vechi, ce au coordonatele punctelor pe contur determinate in sistem de proiec\u021bie local \u0219i genereaz\u0103 suprapuneri din baza de date a OCPI<br \/>\n&#8211;\tm\u0103surile luate impotr\u00eeva persoanelor fizice autorizate ce nu se prezint\u0103 la convocare sau nu efectuaz\u0103 repozi\u021bion\u0103rile solicitate prevederile art. 104 din Ordinul nr. 600\/2023 cu modifuc\u0103rile \u0219i complet\u0103rile ulterioare<br \/>\n&#8211;\tprevederile art. 130, alin. (8) din Ordinul nr. 600\/2023 cu modific\u0103rile \u0219i complet\u0103rile ulterioare<br \/>\n <a href=\"http:\/\/www.ancpi.ro\/ocpi\/if\/wp-content\/uploads\/2026\/02\/2742C.pdf\" target=\"_blank\" rel=\"noopener\">Citeste<\/a>\n<\/ul>\n<ul>\n<li>\n<strong>Intalnire lucru &#8211; 31 ianuarie 2025<\/strong><\/p>\n<p> Ca urmare a adresei ANCPI nr. 3013\/27.01.2025, inregistrata la OCPI Ilfov cu numarul 1434c\/28.01.2025, precum si a adresei domnului Chiritoiu Marian (in calitate de membru al secretariatului Comitetului de initiativa), inregistrata la OCPI Ilfov cu numarul 1343c\/28.01.2025, prin care se solicita organizarea unei intalniri de lucru cu persoanele fizice autorizate sa realizeze lucrari de specialitate in domeniul cadastrului, geodeziei si cartografiei, in aplicarea art. 3, alin 5 din Legea cadatrului si a publicitatii imobiliare nr. 7\/1996 republicata, cu modificarile si completarile ulterioare, cu sediul pe raza judetului Ilfov, va informam ca, OCPI Ilfov organizeaza o intalnire de lucru, in data de 31.01.2025, incapand cu ora 9, la sediul din sos. Pavel D. Kiseleff, nr. 34, sector 1, Bucuresti.<br \/>\n      In cadrul intalnirii de lucru se va desemna un reprezentant, care sa participe la Conferinta nationala de constituire a Colegiului care va avea loc pe data de 12 februarie 2025, in Aula Universitatii Transilvania, cu sediul in Brasov, Bd. Eroilor, Nr. 29, judetul Brasov.<br \/>\n <a href=\"http:\/\/www.ancpi.ro\/ocpi\/if\/wp-content\/uploads\/2025\/01\/IntalnireLucru_Autorizati_31012025_1434C_3013.pdf\" target=\"_blank\" rel=\"noopener\">Citeste<\/a>\n<\/ul>\n<ul>\n<li>\n<strong>Intalnire Alegere Reprezentanti Autorizati &#8211; OCPI Ilfov<\/strong><\/p>\n<p>      In data de 31 ianuarie 2025, ora 09.00, va avea loc la sediul OCPI Ilfov, sedinta pentru alegerea reprezentantilor autorizatiilor cu domiciliul pe raza judetului Ilfov, care vor participa la Conferinta Nationala de constituire a Colegiului Geodezilor. Conferinta Natioanala va avea loc in data de 12 februarie 2025 la Brasov.<br \/>\n      In vederea protejarii intereselor noastre va rog sa participati cat mai multi, avand in vedere ca numarul de delegati se calculeaza intr-un raport de 1\/25 (1 delegat la 25 autorizati).<br \/>\n            Cu stima dr.ing. Marian Chiritoiu\n<\/ul>\n<ul>\n<li>\n<strong>Completare informare 18.11.2024<\/strong><\/p>\n<p>      In completarea informarii O.C.P.I. Ilfov din data de 18.11.2024, cu privire la sedinta de lucru ce se va organiza in data de 28.11.2024, incepand cu ora 10, la sediul O.C.P.I. Ilfov din Sos. Pavel D. Kiseleff, Nr. 34, Sector 1, Bucuresti, solicitam ca persoanele fizice autorizate sa realizeze lucrari de specialitate in domeniul cadastrului, geodeziei si cartografiei, in aplicarea prevederilor art. 3, alin. (5) din Legea cadastrului si a publicitatii imobiliare nr. 7\/1996, republicata, cu modificarile si completarile ulterioare, cu sediul pe raza judetului Ilfov, ce fac parte din asociatii profesionale din domeniul de specialitate, sa ne transmita asociatia din care fac parte, precum si datele de contact ale acestora.\n<\/ul>\n<ul>\n<li>\n<strong>In atentia persoanelor fizice autorizate de catre OCPI Ilfov.<\/strong><\/p>\n<p>      Ca urmare a adresei A.N.C.P.I. nr. 46940\/14.11.2024, inregistrata la O.C.P.I. Ilfov cu numarul 23032c\/15.11.2024, prin care se solicita organizarea unei intalniri de lucru cu persoanele fizice autorizate sa realizeze lucrari de specialitate in domeniul cadastrului, geodeziei si cartografiei, in aplicarea prevederilor art. 3, alin. (5) din Legea cadastrului si a publicitatii imobiliare nr. 7\/1996, republicata, cu modificarile si completarile ulterioare, cu sediul pe raza judetului Ilfov si care nu sunt inregistrate in nicio asociatie profesionala din domeniul de specialitate, va informam ca, O.C.P.I. Ilfov organizeaza o intalnire de lucru, in data de 28.11.2024, incepand cu ora 10, la sediul din sos. Pavel D. Kiseleff, Nr. 34, Sector 1, Bucuresti. <a href=\"http:\/\/www.ancpi.ro\/ocpi\/if\/wp-content\/uploads\/2024\/11\/23032C_InstiintarePFA_28112024.pdf\" target=\"_blank\" rel=\"noopener\">Citeste<\/a>\n<\/ul>\n<ul>\n<li>\n<strong>In atentia persoanelor fizice autorizate de catre OCPI Ilfov.<\/strong><br \/>\n    OCPI Ilfov organizeaza o intalnire de lucru in data de 10 septembrie 2024, incepand cu ora 10, la care va invitam sa participati.<br \/>\n    In cadrul intalnirii se vor discuta aspecte de practica neunitara, interpretare a legislatiei, etc, cu mentiunea ca, aveti posibilitatea de a transmite propuneri punctuale, pe adresa de mail if@ancpi.ro.\n<\/ul>\n<ul>\n<li>\n<strong>Nefunctionalitate posta electronica (e-mail).<\/strong><br \/>\n      Va informam ca din cauza unor probleme tehnice, posta electronica (e-mail) a ANCPI si a institutiilor subordonate este partial functionala.<br \/>\n   <strong>   Din aceasta cauza mailurile adresate diverselor servicii \/ angajati din cadrul OCPI Ilfov vor fi trimise pe adresa de mail if@ancpi.ro.<\/strong>\n<\/ul>\n<ul>\n<li>Decizie privind punerea \u00een aplicare a prevederilor art. I pct. 13 din Legea nr. 115\/2023, care modific\u0103 art. 10 din Legea nr. 260\/2008 privind asigurarea obligatorie a locuin\u021belor \u00eempotriva cutremurelor, alunec\u0103rilor de teren \u0219i inunda\u021biilor, republicat\u0103 <a href=\"http:\/\/www.ancpi.ro\/ocpi\/if\/wp-content\/uploads\/2023\/11\/53883_2023.pdf.pdf\" target=\"_blank\" rel=\"noopener\">Citeste<\/a><\/li>\n<\/ul>\n<ul>\n<li><strong>RECOMANDARI<\/strong> in procesul de obtinere a accesului la seturile de date si informatii din Sistemul Informatic de cadastru si carte funciara al ANCPI.<a href=\"http:\/\/www.ancpi.ro\/ocpi\/if\/wp-content\/uploads\/2023\/05\/RECOMANDARI-OBTINERE-ACCES-ODG-950-2023.pdf\" target=\"_blank\" rel=\"noopener\">Citeste<\/a><\/li>\n<\/ul>\n<ul>\n<li>Precizari cu privire la aplicarea Regulamentului de receptie si inscriere in evidentele de cadastru si carte funciara prin Ordinul Directorului General al ANCPI nr. 600\/2023.<a href=\"http:\/\/www.ancpi.ro\/ocpi\/if\/wp-content\/uploads\/2023\/02\/Precizari_DCG284_Ordinul_600_2023.pdf\" target=\"_blank\" rel=\"noopener\">Citeste<\/a><\/li>\n<\/ul>\n<ul>\n<li style=\"list-style-type: none;\">\n<ul>\n<li>Noul Regulament de recep\u021bie \u0219i \u00eenscriere \u00een eviden\u021bele de cadastru \u0219i carte funciar\u0103, aprobat prin Ordinul directorului general al ANCPI nr. 600\/2023, a fost publicat \u00een Monitorul Oficial al Rom\u00e2niei, Partea I nr.125 \u0219i 125BIS din 14.02.2023. \u00cencep\u00e2nd cu aceea\u0219i dat\u0103, Regulamentul de avizare, recep\u021bie \u0219i \u00eenscriere \u00een eviden\u021bele de cadastru \u0219i carte funciar\u0103, aprobat prin Ordinul directorului general al Agen\u021biei Na\u021bionale de Cadastru \u0219i Publicitate Imobiliar\u0103 nr. 700\/2014, cu modific\u0103rile \u0219i complet\u0103rile ulterioare, a fost abrogat. <a href=\"http:\/\/www.ancpi.ro\/ocpi\/if\/wp-content\/uploads\/2023\/02\/Monitorul-Oficial-Partea-I-nr.-125Bis.pdf\" target=\"_blank\" rel=\"noopener\">Citeste<\/a><\/li>\n<\/ul>\n<li>Precizari referitoare la modalitatea de asociere in aplicatia eTerra a noilor coduri de servicii introduse prin Ordinul nr. 599\/2022 pentru completarea si modificarea Ordinului 16\/2019.<a href=\"http:\/\/www.ancpi.ro\/ocpi\/if\/wp-content\/uploads\/2022\/10\/20417cAdresa49986-1398DPIasociereanoilorcoduriserviciieTerra.pdf\" target=\"_blank\" rel=\"noopener\"> Citeste<\/a><\/li>\n<\/ul>\n<\/li>\n<\/ul>\n<hr>\n","protected":false},"excerpt":{"rendered":"<p>Noutati In atentia persoanelor fizice autorizate de catre OCPI Ilfov. \u00cen aplicarea prevederilor art. 3, alin. (5) din Legea cadastrului \u0219i a publicit\u0103\u021bii imobiliare nr. 7\/1996, republicat\u0103, cu modific\u0103rile \u0219i complet\u0103rile ulterioare, potrivit c\u0103rora &#8222;(&#8230;) Agen\u021bia Na\u021bional\u00e1 stabile\u0219te intalniri periodice de lucru cu colaboratorii, in vedereo identific\u0103rii modalit\u0103\u021bii de imbun\u0103t\u0103\u021bire a serviciilor prestate de institu\u021bie&#8221;, [&hellip;]<\/p>\n","protected":false},"author":5,"featured_media":0,"parent":0,"menu_order":0,"comment_status":"closed","ping_status":"closed","template":"","meta":{"footnotes":""},"class_list":["post-5266","page","type-page","status-publish","hentry"],"_links":{"self":[{"href":"https:\/\/www.ancpi.ro\/ocpi\/if\/wp-json\/wp\/v2\/pages\/5266","targetHints":{"allow":["GET"]}}],"collection":[{"href":"https:\/\/www.ancpi.ro\/ocpi\/if\/wp-json\/wp\/v2\/pages"}],"about":[{"href":"https:\/\/www.ancpi.ro\/ocpi\/if\/wp-json\/wp\/v2\/types\/page"}],"author":[{"embeddable":true,"href":"https:\/\/www.ancpi.ro\/ocpi\/if\/wp-json\/wp\/v2\/users\/5"}],"replies":[{"embeddable":true,"href":"https:\/\/www.ancpi.ro\/ocpi\/if\/wp-json\/wp\/v2\/comments?post=5266"}],"version-history":[{"count":6,"href":"https:\/\/www.ancpi.ro\/ocpi\/if\/wp-json\/wp\/v2\/pages\/5266\/revisions"}],"predecessor-version":[{"id":7194,"href":"https:\/\/www.ancpi.ro\/ocpi\/if\/wp-json\/wp\/v2\/pages\/5266\/revisions\/7194"}],"wp:attachment":[{"href":"https:\/\/www.ancpi.ro\/ocpi\/if\/wp-json\/wp\/v2\/media?parent=5266"}],"curies":[{"name":"wp","href":"https:\/\/api.w.org\/{rel}","templated":true}]}}