{"id":6614,"date":"2025-03-18T12:12:19","date_gmt":"2025-03-18T10:12:19","guid":{"rendered":"https:\/\/www.ancpi.ro\/ocpi\/if\/?page_id=6614"},"modified":"2026-03-02T11:31:13","modified_gmt":"2026-03-02T09:31:13","slug":"regulament-organizare-functionare","status":"publish","type":"page","link":"https:\/\/www.ancpi.ro\/ocpi\/if\/regulament-organizare-functionare\/","title":{"rendered":"Regulament Organizare Functionare"},"content":{"rendered":"<p><strong>Regulament de organizare si functionare<\/strong><\/p>\n<ul>\n<li>Hot\u0103r\u00e2rea nr. 1288\/2012 pentru aprobarea Regulamentului de organizare \u015fi func\u0163ionare a Agen\u0163iei Na\u0163ionale de Cadastru \u015fi Publicitate Imobiliar\u0103.<br \/>\n<a href=\"http:\/\/www.ancpi.ro\/ocpi\/if\/wp-content\/uploads\/2026\/03\/HG_1288_18122012_RegulamentOrganizareFunctionare_2.pdf\" target=\"_blank\" rel=\"noopener\"> Citeste<\/a><\/li>\n<\/ul>\n<ul>\n<li>Ordinul nr. 1445\/2016 privind aprobarea organigramei oficiilor de cadastru \u015fi publicitate imobiliar\u0103, a Centrului Na\u0163ional de Cartografie, precum \u015fi a regulamentelor de organizare \u015fi func\u0163ionare ale acestora<a href=\"http:\/\/www.ancpi.ro\/ocpi\/if\/wp-content\/uploads\/2025\/12\/Ordin_1445_2016_Anexe.pdf\" target=\"_blank\" rel=\"noopener\"> Citeste<\/a><\/li>\n<\/ul>\n","protected":false},"excerpt":{"rendered":"<p>Regulament de organizare si functionare Hot\u0103r\u00e2rea nr. 1288\/2012 pentru aprobarea Regulamentului de organizare \u015fi func\u0163ionare a Agen\u0163iei Na\u0163ionale de Cadastru \u015fi Publicitate Imobiliar\u0103. Citeste Ordinul nr. 1445\/2016 privind aprobarea organigramei oficiilor de cadastru \u015fi publicitate imobiliar\u0103, a Centrului Na\u0163ional de Cartografie, precum \u015fi a regulamentelor de organizare \u015fi func\u0163ionare ale acestora Citeste<\/p>\n","protected":false},"author":6,"featured_media":0,"parent":0,"menu_order":0,"comment_status":"closed","ping_status":"closed","template":"","meta":{"footnotes":""},"class_list":["post-6614","page","type-page","status-publish","hentry"],"_links":{"self":[{"href":"https:\/\/www.ancpi.ro\/ocpi\/if\/wp-json\/wp\/v2\/pages\/6614","targetHints":{"allow":["GET"]}}],"collection":[{"href":"https:\/\/www.ancpi.ro\/ocpi\/if\/wp-json\/wp\/v2\/pages"}],"about":[{"href":"https:\/\/www.ancpi.ro\/ocpi\/if\/wp-json\/wp\/v2\/types\/page"}],"author":[{"embeddable":true,"href":"https:\/\/www.ancpi.ro\/ocpi\/if\/wp-json\/wp\/v2\/users\/6"}],"replies":[{"embeddable":true,"href":"https:\/\/www.ancpi.ro\/ocpi\/if\/wp-json\/wp\/v2\/comments?post=6614"}],"version-history":[{"count":5,"href":"https:\/\/www.ancpi.ro\/ocpi\/if\/wp-json\/wp\/v2\/pages\/6614\/revisions"}],"predecessor-version":[{"id":7277,"href":"https:\/\/www.ancpi.ro\/ocpi\/if\/wp-json\/wp\/v2\/pages\/6614\/revisions\/7277"}],"wp:attachment":[{"href":"https:\/\/www.ancpi.ro\/ocpi\/if\/wp-json\/wp\/v2\/media?parent=6614"}],"curies":[{"name":"wp","href":"https:\/\/api.w.org\/{rel}","templated":true}]}}