{"id":6632,"date":"2025-03-19T07:32:42","date_gmt":"2025-03-19T05:32:42","guid":{"rendered":"https:\/\/www.ancpi.ro\/ocpi\/if\/?page_id=6632"},"modified":"2026-03-02T12:15:01","modified_gmt":"2026-03-02T10:15:01","slug":"pnccf_legislatie","status":"publish","type":"page","link":"https:\/\/www.ancpi.ro\/ocpi\/if\/pnccf_legislatie\/","title":{"rendered":"PNCCF Legislatie"},"content":{"rendered":"<ul>\n<li>Ordinul nr. 1\/2020 pentru aprobarea Regulamentului privind realizarea, verificarea \u015fi recep\u0163ia lucr\u0103rilor sistematice de cadastru \u015fi \u00eenscrierea din oficiu a imobilelor \u00een cartea funciar\u0103. <a href=\"http:\/\/www.ancpi.ro\/ocpi\/if\/wp-content\/uploads\/2025\/03\/Ordin_1_2020_Regulament.pdf\" target=\"_blank\" rel=\"noopener\">Citeste<\/a><\/li>\n<\/ul>\n<ul>\n<li>Ordinul nr. 1065 \/ 2018 pentru aprobarea Regulamentului privind procedura de plata destinata cofinantarii lucrarilor de inregistrare sistematica demarate de unitatile administrativ teritoriale. <a href=\"http:\/\/www.ancpi.ro\/ocpi\/if\/wp-content\/uploads\/2025\/03\/Ordin_1065_2018.pdf\" target=\"_blank\" rel=\"noopener\">Citeste<\/a><\/li>\n<\/ul>\n<ul>\n<li>Ordinul nr. 465 \/ 2022 pentru aprobarea regualemntului privind procedira de plata destinata cofinantarii lucrarilor de intocmire a planurilor parcelare in vederea inscrierii din oficiu a imobilelor cuprinse in aceste planuri. <a href=\"http:\/\/www.ancpi.ro\/ocpi\/if\/wp-content\/uploads\/2025\/03\/Ordin_465_2022.pdf\" target=\"_blank\" rel=\"noopener\">Citeste<\/a><\/li>\n<\/ul>\n<ul>\n<li>Ordinul nr. 1255 \/ 2023 al directorului general al Agen\u021biei Na\u021bionale de Cadastru \u0219i Publicitate Imobiliar\u0103 privind modificarea \u0219i completarea Regulamentului de recep\u021bie \u0219i \u00eenscriere \u00een eviden\u021bele de cadastru \u0219i carte funciar\u0103, aprobat prin Ordinul directorului general al Agen\u021biei Na\u021bionale de Cadastru \u0219i Publicitate Imobiliar\u0103 nr. 600\/2023 . <a href=\"http:\/\/www.ancpi.ro\/ocpi\/if\/wp-content\/uploads\/2025\/03\/Ordin1255_17072023_MonitorulOficial652.pdf\" target=\"_blank\" rel=\"noopener\">Citeste<\/a><\/li>\n<\/ul>\n<ul>\n<li>Ordinul nr. 819\/2016 &#8211; privind aprobarea Procedurii si a modalitatii de alocare a sumelor, precum si raportarea de catre beneficiari a stadiului de executie a lucrarilor pentru lucrarile de inregistrare sistematica initiate de unitatile administrativ-teritoriale. <a href=\"http:\/\/www.ancpi.ro\/ocpi\/if\/wp-content\/uploads\/2024\/10\/Ordin_819_2016_Procedura.pdf\" target=\"_blank\" rel=\"noopener\">Citeste<\/a><\/li>\n<\/ul>\n","protected":false},"excerpt":{"rendered":"<p>Ordinul nr. 1\/2020 pentru aprobarea Regulamentului privind realizarea, verificarea \u015fi recep\u0163ia lucr\u0103rilor sistematice de cadastru \u015fi \u00eenscrierea din oficiu a imobilelor \u00een cartea funciar\u0103. Citeste Ordinul nr. 1065 \/ 2018 pentru aprobarea Regulamentului privind procedura de plata destinata cofinantarii lucrarilor de inregistrare sistematica demarate de unitatile administrativ teritoriale. Citeste Ordinul nr. 465 \/ 2022 pentru [&hellip;]<\/p>\n","protected":false},"author":6,"featured_media":0,"parent":0,"menu_order":0,"comment_status":"closed","ping_status":"closed","template":"","meta":{"footnotes":""},"class_list":["post-6632","page","type-page","status-publish","hentry"],"_links":{"self":[{"href":"https:\/\/www.ancpi.ro\/ocpi\/if\/wp-json\/wp\/v2\/pages\/6632","targetHints":{"allow":["GET"]}}],"collection":[{"href":"https:\/\/www.ancpi.ro\/ocpi\/if\/wp-json\/wp\/v2\/pages"}],"about":[{"href":"https:\/\/www.ancpi.ro\/ocpi\/if\/wp-json\/wp\/v2\/types\/page"}],"author":[{"embeddable":true,"href":"https:\/\/www.ancpi.ro\/ocpi\/if\/wp-json\/wp\/v2\/users\/6"}],"replies":[{"embeddable":true,"href":"https:\/\/www.ancpi.ro\/ocpi\/if\/wp-json\/wp\/v2\/comments?post=6632"}],"version-history":[{"count":6,"href":"https:\/\/www.ancpi.ro\/ocpi\/if\/wp-json\/wp\/v2\/pages\/6632\/revisions"}],"predecessor-version":[{"id":7313,"href":"https:\/\/www.ancpi.ro\/ocpi\/if\/wp-json\/wp\/v2\/pages\/6632\/revisions\/7313"}],"wp:attachment":[{"href":"https:\/\/www.ancpi.ro\/ocpi\/if\/wp-json\/wp\/v2\/media?parent=6632"}],"curies":[{"name":"wp","href":"https:\/\/api.w.org\/{rel}","templated":true}]}}