{"id":6760,"date":"2025-04-02T10:50:31","date_gmt":"2025-04-02T07:50:31","guid":{"rendered":"https:\/\/www.ancpi.ro\/ocpi\/if\/?page_id=6760"},"modified":"2026-03-31T09:12:51","modified_gmt":"2026-03-31T06:12:51","slug":"buletin-informativ-legea-544-2001","status":"publish","type":"page","link":"https:\/\/www.ancpi.ro\/ocpi\/if\/buletin-informativ-legea-544-2001\/","title":{"rendered":"Buletin Informativ &#8211; Legea 544 \/ 2001"},"content":{"rendered":"<p><strong>Buletin Informativ &#8211; Legea 544 \/ 2001<\/strong><\/p>\n<p><strong>Informatii de interes public comunicate din oficiu<\/strong><\/p>\n<ul>\n<li>Actele normative care reglementeaz\u0103 organizarea \u015fi func\u0163ionarea autorit\u0103\u0163ii sau institu\u0163iei publice;  <a href=\"https:\/\/www.ancpi.ro\/ocpi\/if\/regulament-organizare-functionare\/\" target=\"_blank\" rel=\"noopener\"> Citeste<\/a><\/li>\n<\/ul>\n<ul>\n<li>Structura organizatoric\u0103;  <a href=\"https:\/\/www.ancpi.ro\/ocpi\/if\/organizare\/\" target=\"_blank\" rel=\"noopener\"> Citeste<\/a><\/li>\n<\/ul>\n<ul>\n<li>Programul de func\u0163ionare;  <a href=\"https:\/\/www.ancpi.ro\/ocpi\/if\/program-cu-publicul\/\" target=\"_blank\" rel=\"noopener\"> Citeste<\/a><\/li>\n<\/ul>\n<ul>\n<li>Programul de audien\u0163e al autorit\u0103\u0163ii sau institu\u0163iei publice;  <a href=\"https:\/\/www.ancpi.ro\/ocpi\/if\/audiente\/\" target=\"_blank\" rel=\"noopener\"> Citeste<\/a><\/li>\n<\/ul>\n<ul>\n<li>Numele \u015fi prenumele persoanelor din conducerea autorit\u0103\u0163ii sau a institu\u0163iei publice;  <a href=\"https:\/\/www.ancpi.ro\/ocpi\/if\/conducere\/\" target=\"_blank\" rel=\"noopener\"> Citeste<\/a><\/li>\n<\/ul>\n<ul>\n<li>Numele \u015fi prenumele func\u0163ionarului responsabil cu difuzarea informa\u0163iilor publice;  <a href=\"https:\/\/www.ancpi.ro\/ocpi\/if\/contact-relatii-cu-presa\/\" target=\"_blank\" rel=\"noopener\"> Citeste<\/a>\n<\/ul>\n<ul>\n<li>Coordonatele de contact ale autorit\u0103\u0163ii sau institu\u0163iei publice, respectiv: denumirea, sediul, numerele de telefon, fax, adresa de e-mail \u015fi adresa paginii de Internet;  <a href=\"https:\/\/www.ancpi.ro\/ocpi\/if\/contact\/\" target=\"_blank\" rel=\"noopener\"> Citeste<\/a><\/li>\n<\/ul>\n<ul>\n<li>Sursele financiare  <a href=\"https:\/\/www.ancpi.ro\/ocpi\/if\/buget-pe-surse-de-finantare\/\" target=\"_blank\" rel=\"noopener\"> Citeste<\/a>, bugetul \u015fi bilan\u0163ul contabil <a href=\"https:\/\/www.ancpi.ro\/ocpi\/if\/bilanturi-contabile\/\" target=\"_blank\" rel=\"noopener\"> Citeste<\/a>;\n<\/ul>\n<ul>\n<li>Programele \u015fi strategiile proprii;\n<\/ul>\n<ul>\n<li>Lista cuprinz\u00e2nd documentele de interes public;  <a href=\"https:\/\/www.ancpi.ro\/ocpi\/if\/buget-pe-surse-de-finantare\/\" target=\"_blank\" rel=\"noopener\"> Citeste<\/a>\n<\/ul>\n<ul>\n<li>Lista cuprinz\u00e2nd categoriile de documente produse \u015fi\/sau gestionate, potrivit legii;   <a href=\"https:\/\/www.ancpi.ro\/ocpi\/if\/solicitare-informatii\/\" target=\"_blank\" rel=\"noopener\"> Citeste<\/a>\n<\/ul>\n<p><strong>Lista documentelor produse de OCPI Ilfov:<\/strong><br \/>\n&#8211; regulamentul intern<br \/>\n&#8211; plan de incadrare in zona<br \/>\n&#8211; plan cadastral pe ortofotoplan<br \/>\n&#8211; plan de amplasament si delimitare<br \/>\n&#8211; incheiere de carte funciara<br \/>\n&#8211; extras de carte funciara pentru informare<br \/>\n&#8211; extras de autentificare<br \/>\n&#8211; certificat de identificare numar cadastral dupa date imobil<br \/>\n&#8211; certificat de identificare numar cadastral dupa nume<br \/>\n&#8211; bugetul<br \/>\n&#8211; bilantul<br \/>\n&#8211; programul anual al achizitiilor publice<br \/>\n&#8211; cont de executie<br \/>\n&#8211; raport de activitate anual<br \/>\n&#8211; anunt concurs\/examen promovare<br \/>\n&#8211; centralizator cu punctaj final concurs\/examen promovare<br \/>\n&#8211; contestatii privind rezultatele de la concursurile de ocupare a posturilor vacante<\/p>\n<p><strong>Lista documentelor gestionate de OCPI Ilfov:<\/strong><\/p>\n<p>&#8211; titluri de proprietate emise de Comisia Judeteana pentru stabilirea dreptului de proprietate privata asupra terenurilor<br \/>\n&#8211; anexele validate in procedura de reconstituire a dreptului de proprietate<br \/>\n&#8211; documentatiile transmise de comisiile locale ce stau la baza scrierii titlurilor de proprietate emise de comisia judeteana pentru stabilirea dreptului de proprietate privata asupra terenurilor<br \/>\n&#8211; documenta\u0163iile cadatrale \u00eentocmite de persoanele fizice sau autorizate, la solicitarea beneficiarilor, av\u00e2nd la baz\u0103 acte de proprietate<br \/>\n&#8211; avize de PUG, PUZ, PUD, studii topo<\/p>\n","protected":false},"excerpt":{"rendered":"<p>Buletin Informativ &#8211; Legea 544 \/ 2001 Informatii de interes public comunicate din oficiu Actele normative care reglementeaz\u0103 organizarea \u015fi func\u0163ionarea autorit\u0103\u0163ii sau institu\u0163iei publice; Citeste Structura organizatoric\u0103; Citeste Programul de func\u0163ionare; Citeste Programul de audien\u0163e al autorit\u0103\u0163ii sau institu\u0163iei publice; Citeste Numele \u015fi prenumele persoanelor din conducerea autorit\u0103\u0163ii sau a institu\u0163iei publice; Citeste Numele [&hellip;]<\/p>\n","protected":false},"author":6,"featured_media":0,"parent":0,"menu_order":0,"comment_status":"closed","ping_status":"closed","template":"","meta":{"footnotes":""},"class_list":["post-6760","page","type-page","status-publish","hentry"],"_links":{"self":[{"href":"https:\/\/www.ancpi.ro\/ocpi\/if\/wp-json\/wp\/v2\/pages\/6760","targetHints":{"allow":["GET"]}}],"collection":[{"href":"https:\/\/www.ancpi.ro\/ocpi\/if\/wp-json\/wp\/v2\/pages"}],"about":[{"href":"https:\/\/www.ancpi.ro\/ocpi\/if\/wp-json\/wp\/v2\/types\/page"}],"author":[{"embeddable":true,"href":"https:\/\/www.ancpi.ro\/ocpi\/if\/wp-json\/wp\/v2\/users\/6"}],"replies":[{"embeddable":true,"href":"https:\/\/www.ancpi.ro\/ocpi\/if\/wp-json\/wp\/v2\/comments?post=6760"}],"version-history":[{"count":5,"href":"https:\/\/www.ancpi.ro\/ocpi\/if\/wp-json\/wp\/v2\/pages\/6760\/revisions"}],"predecessor-version":[{"id":7373,"href":"https:\/\/www.ancpi.ro\/ocpi\/if\/wp-json\/wp\/v2\/pages\/6760\/revisions\/7373"}],"wp:attachment":[{"href":"https:\/\/www.ancpi.ro\/ocpi\/if\/wp-json\/wp\/v2\/media?parent=6760"}],"curies":[{"name":"wp","href":"https:\/\/api.w.org\/{rel}","templated":true}]}}