{"id":6970,"date":"2025-12-04T11:12:35","date_gmt":"2025-12-04T09:12:35","guid":{"rendered":"https:\/\/www.ancpi.ro\/ocpi\/if\/?page_id=6970"},"modified":"2026-03-02T13:39:40","modified_gmt":"2026-03-02T11:39:40","slug":"solicitare-informatii","status":"publish","type":"page","link":"https:\/\/www.ancpi.ro\/ocpi\/if\/solicitare-informatii\/","title":{"rendered":"Solicitare informatii"},"content":{"rendered":"<p><strong>Solicitare informatii, Legislatie<\/strong><\/p>\n<ul>\n<li>Consulta Portalul Legislativ implementat de catre Ministerul Justitiei<a href=\"https:\/\/legislatie.just.ro\/\" target=\"_blank\" rel=\"noopener\"> legislatie.just.ro\/<\/a><\/li>\n<li>Legea nr. 544 \/ 2001 privind liberul acces la informatiile de interes public<a href=\"http:\/\/www.ancpi.ro\/ocpi\/if\/wp-content\/uploads\/2025\/12\/Legea_544_2001.pdf\" target=\"_blank\" rel=\"noopener\"> &#8211; Citeste<\/a><\/li>\n<li>Hot\u0103r\u00e2rea nr. 123\/2002 pentru aprobarea Normelor metodologice de aplicare a Legii nr. 544 \/ 2001<a href=\"http:\/\/www.ancpi.ro\/ocpi\/if\/wp-content\/uploads\/2025\/12\/HG_123_2002.pdf\" target=\"_blank\" rel=\"noopener\"> &#8211; Citeste<\/a><\/li>\n<li>Legea nr. 109\/2007 privind reutilizarea informa\u0163iilor din institu\u0163iile publice<a href=\"http:\/\/www.ancpi.ro\/ocpi\/if\/wp-content\/uploads\/2025\/12\/Legea_109_2007.pdf\" target=\"_blank\" rel=\"noopener\"> &#8211; Citeste<\/a><\/li>\n<li>Decizia nr. 490\/14.06.2019 privind aprobarea costului serviciilor de copiere a informatiilor de interes public la nivelul OCPI Ilfov. <a href=\"http:\/\/www.ancpi.ro\/ocpi\/if\/wp-content\/uploads\/2022\/10\/decizie_490_14062019_taxacopiere.pdf\" target=\"_blank\" rel=\"noopener\"> Citeste<\/a><\/li>\n<p><\/p>\n<li>Numele si prenumele functionarului responsabil cu difuzarea informatiilor publice:<br \/>\nDiana LEAU &#8211; Sef Serviciu Relatii cu Publicul si Secretariat<br \/>\nTel : 021.224.60.85<\/li>\n<p><\/p>\n<li>Modalit\u0103\u0163ile de contestare a deciziei autorit\u0103\u0163ii sau a institu\u0163iei publice \u00een situa\u0163ia \u00een care persoana se consider\u0103 v\u0103t\u0103mat\u0103 \u00een privin\u0163a dreptului de acces la informa\u0163iile de interes public solicitate<br \/>\n&#8211; Art. 22 alin. 1-5 din Legea nr.544\/2001 din 12\/10\/2001, publicata \u00een<br \/>\nMonitorul Oficial, Partea I nr. 663 din 23\/10\/2001 privind liberul acces la informatiile de interes public<br \/>\n&#8211; Art. 32, 33, 36 din Hotararea Guvernului nr.123\/2002 din 07\/02\/2002, publicat in Monitorul Oficial, Partea I nr. 167 din 08\/03\/2002 pentru aprobarea Normelor metodologice de aplicare a Legii nr. 544\/2001 privind liberul acces la informatiile de interes public<br \/>\nModel reclamatie administrativa (Anexele 5 si 6) <a href=\"http:\/\/www.ancpi.ro\/ocpi\/if\/wp-content\/uploads\/2025\/12\/Model_Reclamatie_Administrativa_Anexele_5_6_NormeHG123.pdf\" target=\"_blank\" rel=\"noopener\"> &#8211; Descarca model<\/a><\/li>\n<p><\/p>\n<li>Rapoarte de aplicare a Legii 544 \/ 2001<\/li>\n<p>&#8211; Raport de evaluare a implementarii Legii nr. 544\/2001 pentru anul 2025<a href=\"http:\/\/www.ancpi.ro\/ocpi\/if\/wp-content\/uploads\/2026\/03\/Raport_Legea_nr544_2001_pentru_anul_2025.pdf\" target=\"_blank\" rel=\"noopener\"> &#8211; Citeste<\/a><br \/>\n&#8211; Raport de evaluare a implementarii Legii nr. 544\/2001 pentru anul 2024<a href=\"http:\/\/www.ancpi.ro\/ocpi\/if\/wp-content\/uploads\/2025\/12\/Raport_Legea_nr544_2001_pentru_anul_2024.pdf\" target=\"_blank\" rel=\"noopener\"> &#8211; Citeste<\/a><br \/>\n&#8211; Raport de evaluare a implementarii Legii nr. 544\/2001 pentru anul 2023<a href=\"http:\/\/www.ancpi.ro\/ocpi\/if\/wp-content\/uploads\/2025\/12\/Raport_Legea_nr544_2001_pentru_anul_2023.pdf\" target=\"_blank\" rel=\"noopener\"> &#8211; Citeste<\/a><br \/>\n&#8211; Raport de evaluare a implementarii Legii nr. 544\/2001 pentru anul 2022<a href=\"http:\/\/www.ancpi.ro\/ocpi\/if\/wp-content\/uploads\/2025\/12\/Raport_Legea_nr544_2001_pentru_anul_2022.pdf\" target=\"_blank\" rel=\"noopener\"> &#8211; Citeste<\/a><br \/>\n&#8211; Raport de evaluare a implementarii Legii nr. 544\/2001 pentru anul 2021<a href=\"http:\/\/www.ancpi.ro\/ocpi\/if\/wp-content\/uploads\/2025\/12\/Raport_Legea_nr544_2001_pentru_anul_2021.pdf\" target=\"_blank\" rel=\"noopener\"> &#8211; Citeste<\/a><br \/>\n&#8211; Raport de evaluare a implementarii Legii nr. 544\/2001 pentru anul 2020<a href=\"http:\/\/www.ancpi.ro\/ocpi\/if\/wp-content\/uploads\/2025\/12\/Raport_Legea_nr544_2001_pentru_anul_2020.pdf\" target=\"_blank\" rel=\"noopener\"> &#8211; Citeste<\/a><\/p>\n<\/ul>\n","protected":false},"excerpt":{"rendered":"<p>Solicitare informatii, Legislatie Consulta Portalul Legislativ implementat de catre Ministerul Justitiei legislatie.just.ro\/ Legea nr. 544 \/ 2001 privind liberul acces la informatiile de interes public &#8211; Citeste Hot\u0103r\u00e2rea nr. 123\/2002 pentru aprobarea Normelor metodologice de aplicare a Legii nr. 544 \/ 2001 &#8211; Citeste Legea nr. 109\/2007 privind reutilizarea informa\u0163iilor din institu\u0163iile publice &#8211; Citeste [&hellip;]<\/p>\n","protected":false},"author":6,"featured_media":0,"parent":0,"menu_order":0,"comment_status":"closed","ping_status":"closed","template":"","meta":{"footnotes":""},"class_list":["post-6970","page","type-page","status-publish","hentry"],"_links":{"self":[{"href":"https:\/\/www.ancpi.ro\/ocpi\/if\/wp-json\/wp\/v2\/pages\/6970","targetHints":{"allow":["GET"]}}],"collection":[{"href":"https:\/\/www.ancpi.ro\/ocpi\/if\/wp-json\/wp\/v2\/pages"}],"about":[{"href":"https:\/\/www.ancpi.ro\/ocpi\/if\/wp-json\/wp\/v2\/types\/page"}],"author":[{"embeddable":true,"href":"https:\/\/www.ancpi.ro\/ocpi\/if\/wp-json\/wp\/v2\/users\/6"}],"replies":[{"embeddable":true,"href":"https:\/\/www.ancpi.ro\/ocpi\/if\/wp-json\/wp\/v2\/comments?post=6970"}],"version-history":[{"count":5,"href":"https:\/\/www.ancpi.ro\/ocpi\/if\/wp-json\/wp\/v2\/pages\/6970\/revisions"}],"predecessor-version":[{"id":7328,"href":"https:\/\/www.ancpi.ro\/ocpi\/if\/wp-json\/wp\/v2\/pages\/6970\/revisions\/7328"}],"wp:attachment":[{"href":"https:\/\/www.ancpi.ro\/ocpi\/if\/wp-json\/wp\/v2\/media?parent=6970"}],"curies":[{"name":"wp","href":"https:\/\/api.w.org\/{rel}","templated":true}]}}