{"id":7208,"date":"2026-02-26T11:54:53","date_gmt":"2026-02-26T09:54:53","guid":{"rendered":"https:\/\/www.ancpi.ro\/ocpi\/if\/?page_id=7208"},"modified":"2026-02-26T12:47:23","modified_gmt":"2026-02-26T10:47:23","slug":"comunicate_presa","status":"publish","type":"page","link":"https:\/\/www.ancpi.ro\/ocpi\/if\/comunicate_presa\/","title":{"rendered":"Comunicate Presa"},"content":{"rendered":"<ul>\n<li><strong>Cadastru sistematic pe aproape jum\u0103tate din suprafa\u0163a jude\u0163ului Ilfov<\/strong>\n<p><i>\u00cen eviden\u021bele OCPI Ilfov figureaz\u0103 la acest moment aproape 180.000 de imobile din jude\u021b \u00eenregistrate ca av\u00e2nd cadastru sistematic sau sunt incluse \u00een contracte aflate \u00een derulare<\/i><\/p>\n<p>\u00cen cadrul celei mai recente reuniuni a Colegiului Prefectural Ilfov, conducerea Oficiului de Cadastru \u0219i Publicitate Imobiliar\u0103 (OCPI) Ilfov a prezentat evolu\u021bia proiectelor de cadastru sistematic la nivel jude\u021bean \u00een anul 2025, lucr\u0103ri cuprinse \u00een Programul Na\u0163ional de Cadastru \u0219i Carte Funciar\u0103 (PNCCF). Potrivit directorului OCPI Ilfov, Ruxandra Ghiba, aceste lucr\u0103ri de \u00eenregistrare sistematic\u0103 a imobilelor \u00een sistemul integrat de cadastru \u0219i carte funciar\u0103 au \u00eenregistrat un trend ascendent, cu o cre\u0219tere a suprafe\u021bei contractelor aflate \u00een derulare. Astfel, s-a ajuns la mijlocul lunii octombrie 2025, la 16,21% din suprafa\u021ba jude\u021bului (sunt \u00een derulare contracte de lucr\u0103ri de \u00eenregistrare sistematic\u0103 care acoper\u0103 o suprafa\u021b\u0103 de 25.010,58 hectare), fa\u021b\u0103 de 12,53% \u00een 2024, \u0219i o suprafa\u021b\u0103 de 29,66% finalizat\u0103. Adic\u0103, un total de aproximativ 46% din suprafa\u021ba total\u0103 a jude\u021bului Ilfov.<\/p>\n<p>P\u00e2n\u0103 la acest moment, au fost deschise C\u0103r\u021bi Funciare noi pentru 4.982 de imobile.<\/p>\n<p>Referindu-se la lucr\u0103rile de \u00eenregistrare sistematic\u0103 ini\u0163iate de unit\u0103\u0163ile administrativ \u2013 teritoriale, av\u00e2nd ca obiect sectoare cadastrale, s-a men\u021bionat c\u0103, \u00een cursul anului 2025, OCPI Ilfov a monitorizat implementarea a 65 de contracte de finan\u021bare, semnate \u00eentre anii 2022-2025, av\u00e2nd ca scop \u00eenregistrarea sistematic\u0103 a propriet\u0103\u021bilor din jude\u021bul Ilfov, \u00een cadrul PNCCF. \u201dLocalit\u0103\u021bile incluse \u00een program sunt: Afuma\u021bi, Balote\u0219ti, Berceni, Bragadiru, Buftea, Cernica, Chitila, \u00adCiolpani, Ciorog\u00eerla,\u2002ornetu, Dasc\u0103lu,\u2002\u0103r\u0103\u0219ti-Ilfov, Dobroe\u0219ti,\u2002omne\u0219ti, \u00adG\u0103neasa,\u2002Glina, Gr\u0103di\u0219tea, \u00adGruiu, Jilava, Moara \u00adVl\u0103siei, Nuci, Peri\u0219, Petr\u0103chioaia,\u2002ope\u0219ti Leordeni, Snagov \u0219i \u00adVoluntari.<\/p>\n<p>\u00cen 2025, s-au finalizat, de asemenea, contracte de prest\u0103ri servicii semnate \u00een cadrul etapelor a IX-a \u0219i a X-a de finan\u021bare din cadrul PNCCF. Comuna Gr\u0103di\u0219tea, de exemplu, se remarc\u0103 ca fiind prima comun\u0103 din Ilfov care va fi cadastrat\u0103 integral prin PNCCF din fonduri puse la dispozitie de ANCPI, \u00een cadrul etapelor anuale de finan\u021bare. Ultimele dou\u0103 sectoare cadastrale vor fi incluse \u00een contractul de finan\u021bare din etapa a XIII-a de finan\u021bare, ceea ce va permite finalizarea procesului de \u00eenregistrare sistematic\u0103 pe \u00eentreaga suprafa\u021b\u0103 a comunei!\u201d, a declarat \u0219ef serviciu OCPI Ilfov, Octavian Mogo\u0219.<\/p>\n<p><i>UAT-urile ilfovene \u00ee\u0219i continu\u0103 pa\u0219ii spre modernizarea eviden\u021belor funciare<\/i><\/p>\n<p>\u0218i \u00een cazul contractelor de prest\u0103ri servicii \u00eencheiate de unit\u0103\u021bile administrativ-teritoriale din buget propriu pe sectoare cadastrale sau pe \u00eentreg teritoriul administrativ se remarc\u0103, de asemenea, un trend cresc\u0103tor. \u00cen acest sens, comuna Corbeanca a semnat \u00een anul 2023 un contract de prest\u0103ri servicii pentru realizarea lucr\u0103rilor de \u00eenregistrare sistematic\u0103 din fonduri proprii, \u00een\u021beleg\u00e2nd beneficiile acestui proces. Av\u00e2nd \u00een vedere particularit\u0103\u021bile localit\u0103\u021bii, contractul se deruleaz\u0103 pe baz\u0103 de comenzi, pentru un calendar de lucru mai bine organizat. Progresele realizate \u00een cadrul acestui contract (p\u00e2n\u0103 la mijlocul lunii octombrie a.c.) sunt semnificative, potrivit OCPI \u00adIlfov. Astfel, pe 13 decembrie 2024, a fost finalizat\u0103 Comanda 1, care a vizat sectoarele cadastrale 4 \u0219i 10, fiind deschise 1.457 de C\u0103r\u021bi Funciare. Comanda 2, care include sectoarele cadastrale 1, 2, 3, 5, 6 \u0219i 11, se afl\u0103 \u00een etapa de solu\u021bionare a contesta\u021biilor \u0219i se estimeaz\u0103 deschiderea, \u00een acest an, a \u00eenc\u0103 aproximativ 4.960 de C\u0103r\u021bi Funciare. Comanda 3A, care acoper\u0103 sectoarele cadastrale 8, 9, 12, 15 \u0219i 16, a fost depus\u0103 spre verificare la OCPI Ilfov \u0219i totalizeaz\u0103 un num\u0103r de aproximativ 2.800 de imobile.<\/p>\n<p>O alt\u0103 localitate dat\u0103 ca exemplu bun este Br\u0103ne\u0219ti, care a \u00eencheiat anul acesta un nou contract de prest\u0103ri servicii pentru Lucr\u0103ri de \u00cenregistrare Sistematic\u0103 (LIS) din fonduri proprii, av\u00e2nd \u00een derulare lucr\u0103ri care acoper\u0103 un num\u0103r estimat de 7.145 de imobile \u0219i o suprafa\u021b\u0103 de 2.380 hectare.<\/p>\n<p>UAT Peri\u015f a demarat, de asemenea, procedura de achizi\u021bie pentru Acord Cadru de achizi\u021bie a Lucr\u0103rilor de \u00cenregistrare Sistematic\u0103 pe \u00eentreg UAT, din fonduri proprii, afl\u00e2ndu-se \u00een acest moment \u00een faza de Evaluare a ofertelor. Serviciile vor acoperi un num\u0103r estimat de 8.000 de imobile, \u00eensum\u00e2nd circa 5.600 hectare din suprafa\u021ba administrativ\u0103 a comunei.<\/p>\n<p>UAT Snagov inten\u021bio\u00adnea\u00adz\u0103 s\u0103 contracteze lucr\u0103ri pentru \u00eentreg teritoriul comunei, iar \u00een aceast\u0103 perioad\u0103 se afl\u0103 \u00een etapa de redactare a caietului de sarcini.<\/p>\n<p>UAT \u0218tef\u0103ne\u0219tii de Jos are \u00een desf\u0103\u0219urare contract din fonduri proprii pentru cadastrare sistematic\u0103. \u00cen acest moment se afl\u0103 \u00een derulare ultimul contract subsecvent al acordului cadru, iar p\u00e2n\u0103 la mijlocul lunii trecute, s-au dechis 4.636 de C\u0103r\u021bi Funciare dintr-un total estimat de 10.000 de imobile.<\/p>\n<p>UAT Tunari are \u00een desf\u0103\u0219urare contract din fonduri proprii pentru cadastrare sistematic\u0103. \u00cen acest moment se afl\u0103 \u00een derulare ultimul contract subsecvent al acordului cadru \u0219i au fost dechise 5.402 c\u0103r\u021bi funciare dintr-un total estimat de 10.500 de imobile.<\/p>\n<p>Num\u0103rul total estimat de imobile potrivit contractelor de prest\u0103ri servicii aflate \u00een derulare p\u00e2n\u0103 la acest moment este de 129.200 din care 82.824 imobile finan\u021bate de ANCPI \u00een cadrul PNCCF \u0219i 46.376 imobile finan\u021bate din fonduri proprii ale unit\u0103\u021bilor administrativ-teritoriale! P\u00e2n\u0103 la momentul prezent\u0103rii acestor cifre, de c\u0103tre OCPI Ilfov, \u00een eviden\u021bele oficiului erau fie finalizate, fie f\u0103ceau obiectul contractelor de finan\u021bare \u2013 177.027 imobile reprezent\u00e2nd aproximativ 46% din suprafa\u021ba jude\u021bului!<\/p>\n<p><i>30 de UAT-uri \u0219i-au exprimat dorin\u021ba de accesa fonduri pentru cadastru sistematic, \u00een cadrul etapei XIII de finan\u021bare<\/i><\/p>\n<p>\u00cencep\u00e2nd cu luna octombrie 2025 se pot \u00eencheia contracte \u00een cadrul etapei XIII de finan\u021bare pentru care \u0219i-au exprimat dorin\u021ba de accesa fondurile disponibile 30 de UAT-uri. Deja primele contracte de finan\u021bare \u00ads-au semnat \u0219i se vor semna \u0219i altele p\u00e2n\u0103 pe 18 noiembrie 2025.<\/p>\n<p>\u00cen anul 2025 s-a efectuat predarea c\u0103tre beneficiari (UAT-uri) a extraselor de Carte Funciar\u0103 \u0219i plan cadastral \u00een vederea \u00eenm\u00e2n\u0103rii acestora c\u0103tre proprietari. Este vorba de lucr\u0103ri de \u00eenregistrare sistematic\u0103 finalizate pe sectoare cadastrale, pentru UAT-urile Balote\u0219ti, Berceni, Buftea, Ciolpani, Clinceni, D\u0103r\u0103\u0219ti-Ilfov, Petr\u0103chioaia.<\/p>\n<p>Ca beneficii aduse de PNCCF sunt men\u021bionate, \u00een primul r\u00e2nd, \u00eenscrierea gratuit\u0103 a tuturor imobilelor din \u021bar\u0103 \u00een Cartea Funciar\u0103, conform situa\u021biei reale din teren (cu posibilitatea \u00eenregistr\u0103rii gratuite a imobilelor aflate \u00een posesie f\u0103r\u0103 acte; se va \u00eenscrie categoria de folosin\u021b\u0103 conform realit\u0103\u021bii din teren), dezbaterea, de asemenea, gratuit\u0103, a succesiunilor \u0219i eliberarea certificatelor de mo\u0219tenitor. Toate construc\u021biile existente se vor intabula a\u0219a cum se g\u0103sesc ele \u00een teren, f\u0103r\u0103 a fi nevoie de autoriza\u021bie pentru construire, extindere, actualizare!<\/p>\n<p>Investi\u021biile \u00een cadastru nu sunt doar o cheltuial\u0103, ci o investi\u021bie strategic\u0103 cu multiple beneficii, printre care \u0219i: atragerea de investi\u021bii \u0219i dezvoltarea economic\u0103 a respectivei zone; imbun\u0103t\u0103\u021birea planific\u0103rii urbanistice: datele cadastrale sunt esen\u021biale pentru o planificare urbanistic\u0103 eficient\u0103 \u0219i pentru gestionarea durabil\u0103 a resurselor naturale; cre\u0219terea veniturilor la bugetul local: un cadastru actualizat permite o evaluare corect\u0103 a imobilelor \u0219i, implicit, o cre\u0219tere a veniturilor din taxe \u0219i impozite; dezvoltarea infrastructurii: construc\u021bia sau modernizarea drumurilor, re\u021belelor edilitare \u0219i a altor sectoare de infrastructur\u0103 este facilitat\u0103 de existen\u021ba unui cadastru corect; cre\u0219terea valorii propriet\u0103\u021bilor: imobilele cadastrate au o valoare de pia\u021b\u0103 mai mare \u0219i sunt mai u\u0219or de v\u00e2ndut; clarificarea limitelor de proprietate.<\/p>\n<p><i>Digitalizare continu\u0103 cu MyEterra<\/i><\/p>\n<p>\u00cencep\u00e2nd cu data de 2 iunie 2025, Agen\u021bia Na\u021bional\u0103 de Cadastru \u0219i Publicitate Imobiliar\u0103, prin Oficiul de Cadastru \u0219i Publicitate Imobiliar\u0103 Ilfov, ofer\u0103 posibilitatea ob\u021binerii gratuit a extraselor de Carte Funciar\u0103 \u0219i extraselor de Plan Cadastral direct prin aplica\u021bia MyEterra, disponibil\u0103 la adresa:https:\/\/myeterra.ancpi.ro\/landing pentru proprietari. Din 21 iulie 2025, facilitatea s-a extins \u0219i pentru toate prim\u0103riile! MyEterra este o platform\u0103 digital\u0103 de unde se pot ob\u021bine rapid \u0219i f\u0103r\u0103 costuri documentele men\u021bionate anterior. Astfel, se vine \u00een sprijinnul cet\u0103\u021benilor care au nevoie de aceste extrase atunci c\u00e2nd solicit\u0103 de la prim\u0103rii sau de la Consiliul Jude\u021bean Ilfov documente precum: certificat de urbanism, autoriza\u021bie de construire, \u00eentocmire PUZ pentru imobile, v\u00e2nzare de terenuri, alte demersuri administrative. Se evit\u0103 deplasarea la sediul OCPI Ilfov pentru ridicarea extraselor de Carte Funciar\u0103 sau de Plan Cadastral iar autorit\u0103\u021bile locale au posibilitatea de a le genera direct, f\u0103r\u0103 costuri.<\/p>\n<p>Pentru a beneficia de aceast\u0103 func\u021bionalitate, fiecare prim\u0103rie di Ilfov \u0219i Consiliul Jude\u021bean Ilfov desemneaz\u0103 un reprezentant c\u0103ruia i se creaz\u0103 cont de reprezentant \u00een MyEterra de c\u0103tre OCPIIlfov. P\u00e2n\u0103 la mijlocul lunii august 2025, au fost deschise peste 250 de conturi aferente reprezentan\u021biilor primariilor \u0219i Consiliulului Jude\u021bean Ilfov, iar<\/p>\n<p>Din 2 iunie 2025 se \u00eenregistraser\u0103 peste 10.000 de cereri de extrase eliberate gratuit prin platforma MyEterra.<\/p>\n<p><i>Articol ap\u0103rut \u00een edi\u021bia print a Jurnalul de Ilfov, nr. 779 (10 &#8211; 16 noiembrie 2025) &#8211; <a href=\"http:\/\/www.ancpi.ro\/ocpi\/if\/wp-content\/uploads\/2026\/02\/JurnalulDeIlfov779_pag06_07.pdf\" target=\"_blank\" rel=\"noopener noreferrer\">Vizualizare articol. <\/a><br \/>\n<\/i><\/li>\n<\/ul>\n<ul>\n<li><strong>COMUNICAT DE PRESA &#8211; OCPI ILFOV, 14.11.2024<\/strong>\n<p>Oficiul de Cadastru si Publicitate Imobiliara (OCPI) Ilfov va incheia contracte de finantare a lucrarilor de inregistrare sistematica a imobilelor pe sectoare cadastrale cu 21 de unitati administrativ-teritoriale (UAT) din cele 30 eligibile. Cele 21 de localitati care si-au exprimat intentia de a accesa fondurile puse la dispozitie de catre Agentia Nationala de Cadastru si Publicitate Imobiliara (ANCPI) au solicitat, in total, 3.360.000 de lei. Lucrarile de cadastru general sunt gratuite pentru cetateni si se desfasoara in cadrul Programului national de cadastru si carte funciara (PNCCF).<\/p>\n<p>Primarii interesati sa inceapa sau sa continue lucrarile de cadastru general pe sectoare cadastrale pot incheia contracte de finantare cu OCPI Ilfov, incepand din data de 14.11.2024.<br \/>\nPentru a beneficia de fondurile alocate de ANCPI, UAT-urile care vor semna contracte de finantare cu OCPI Ilfov trebuie sa gaseasca prestatori In termen de 60 de zile de la data semnarii contractului de finantare.<br \/>\nIn cadrul celei de-a douasprezecea etape de finantare, fiecare UAT eligibil poate primi pana la 160.000 de lei pentru Inregistrarea proprietatilor In sistemul integrat de cadastru si carte funciara. Deschiderea cartilor funciare este gratuita pentru cetateni, fondurile necesare fiind asigurate din veniturile proprii ale Agentiei Nationale de Cadastru si Publicitate Imobiliara (ANCPI), prin OCPI Ilfov.<br \/>\nIn prezent, din totalul de 40 de UAT-uri din judetul Ilfov, au fost cadastrate In proportie de suta la suta patru comune (UAT Copaceni, UAT 1 Decembrie, UAT Mogosoaia, UAT Vidra), iar In alte 32 de localitati se desfasoara lucrari de Inregistrare sistematica a imobilelor In cadrul PNCCF, atat la nivel de UAT (UAT Branesti, UAT Cernica, UAT Corbeanca, UAT Glina, UAT Stefanestii de Jos, UAT Tunari), cat si pe sectoare cadastrale.<br \/>\nPNCCF are drept scop Inregistrarea, gratuita pentru cetateni, a tuturor imobilelor (terenuri, cladiri) din Romania In Sistemul integrat de cadastru si carte funciara. Programul este finantat din veniturile proprii ale ANCPI, din fonduri europene nerambursabile, dar si din bugetul local al primariilor.<br \/>\nMai multe informatii referitoare la PNCCF sunt disponibile pe pagina web a ANCPI, www.ancpi.ro.<\/p>\n<p>Persoana de contact:<br \/>\nD-na. Gina-Bianca PAVEL<br \/>\nPurtator de cuvant<br \/>\nE-mail: if@ancpi.ro<\/li>\n<\/ul>\n","protected":false},"excerpt":{"rendered":"<p>Cadastru sistematic pe aproape jum\u0103tate din suprafa\u0163a jude\u0163ului Ilfov \u00cen eviden\u021bele OCPI Ilfov figureaz\u0103 la acest moment aproape 180.000 de imobile din jude\u021b \u00eenregistrate ca av\u00e2nd cadastru sistematic sau sunt incluse \u00een contracte aflate \u00een derulare \u00cen cadrul celei mai recente reuniuni a Colegiului Prefectural Ilfov, conducerea Oficiului de Cadastru \u0219i Publicitate Imobiliar\u0103 (OCPI) Ilfov [&hellip;]<\/p>\n","protected":false},"author":6,"featured_media":0,"parent":0,"menu_order":0,"comment_status":"closed","ping_status":"closed","template":"","meta":{"footnotes":""},"class_list":["post-7208","page","type-page","status-publish","hentry"],"_links":{"self":[{"href":"https:\/\/www.ancpi.ro\/ocpi\/if\/wp-json\/wp\/v2\/pages\/7208","targetHints":{"allow":["GET"]}}],"collection":[{"href":"https:\/\/www.ancpi.ro\/ocpi\/if\/wp-json\/wp\/v2\/pages"}],"about":[{"href":"https:\/\/www.ancpi.ro\/ocpi\/if\/wp-json\/wp\/v2\/types\/page"}],"author":[{"embeddable":true,"href":"https:\/\/www.ancpi.ro\/ocpi\/if\/wp-json\/wp\/v2\/users\/6"}],"replies":[{"embeddable":true,"href":"https:\/\/www.ancpi.ro\/ocpi\/if\/wp-json\/wp\/v2\/comments?post=7208"}],"version-history":[{"count":5,"href":"https:\/\/www.ancpi.ro\/ocpi\/if\/wp-json\/wp\/v2\/pages\/7208\/revisions"}],"predecessor-version":[{"id":7239,"href":"https:\/\/www.ancpi.ro\/ocpi\/if\/wp-json\/wp\/v2\/pages\/7208\/revisions\/7239"}],"wp:attachment":[{"href":"https:\/\/www.ancpi.ro\/ocpi\/if\/wp-json\/wp\/v2\/media?parent=7208"}],"curies":[{"name":"wp","href":"https:\/\/api.w.org\/{rel}","templated":true}]}}