{"id":7264,"date":"2026-03-02T11:17:11","date_gmt":"2026-03-02T09:17:11","guid":{"rendered":"https:\/\/www.ancpi.ro\/ocpi\/if\/?page_id=7264"},"modified":"2026-03-02T11:42:47","modified_gmt":"2026-03-02T09:42:47","slug":"7264-2","status":"publish","type":"page","link":"https:\/\/www.ancpi.ro\/ocpi\/if\/7264-2\/","title":{"rendered":"Autorizare"},"content":{"rendered":"<hr>\n<hr>\n<li>    <strong>Adresa de mail la care se pot depune dosarele de autorizare la OCPI Ilfov este: dosar.autorizare.if@ancpi.ro<\/strong><br \/>\n<hr>\n<hr>\n<ul>\n<li>Ordinul nr. 107\/2010 pentru aprobarea Regulamentului privind autorizarea \u015fi recunoa\u015fterea autoriz\u0103rii persoanelor fizice \u015fi juridice \u00een vederea realiz\u0103rii \u015fi verific\u0103rii lucr\u0103rilor de specialitate \u00een domeniul cadastrului, geodeziei \u015fi cartografiei pe teritoriul Rom\u00e2niei<br \/>\n<a href=\"http:\/\/www.ancpi.ro\/ocpi\/if\/wp-content\/uploads\/2026\/03\/Ordin_107_2010_Autorizare.pdf\" target=\"_blank\" rel=\"noopener\"> Citeste<\/a><\/li>\n<\/ul>\n","protected":false},"excerpt":{"rendered":"<p>Adresa de mail la care se pot depune dosarele de autorizare la OCPI Ilfov este: dosar.autorizare.if@ancpi.ro Ordinul nr. 107\/2010 pentru aprobarea Regulamentului privind autorizarea \u015fi recunoa\u015fterea autoriz\u0103rii persoanelor fizice \u015fi juridice \u00een vederea realiz\u0103rii \u015fi verific\u0103rii lucr\u0103rilor de specialitate \u00een domeniul cadastrului, geodeziei \u015fi cartografiei pe teritoriul Rom\u00e2niei Citeste<\/p>\n","protected":false},"author":6,"featured_media":0,"parent":0,"menu_order":0,"comment_status":"closed","ping_status":"closed","template":"","meta":{"footnotes":""},"class_list":["post-7264","page","type-page","status-publish","hentry"],"_links":{"self":[{"href":"https:\/\/www.ancpi.ro\/ocpi\/if\/wp-json\/wp\/v2\/pages\/7264","targetHints":{"allow":["GET"]}}],"collection":[{"href":"https:\/\/www.ancpi.ro\/ocpi\/if\/wp-json\/wp\/v2\/pages"}],"about":[{"href":"https:\/\/www.ancpi.ro\/ocpi\/if\/wp-json\/wp\/v2\/types\/page"}],"author":[{"embeddable":true,"href":"https:\/\/www.ancpi.ro\/ocpi\/if\/wp-json\/wp\/v2\/users\/6"}],"replies":[{"embeddable":true,"href":"https:\/\/www.ancpi.ro\/ocpi\/if\/wp-json\/wp\/v2\/comments?post=7264"}],"version-history":[{"count":5,"href":"https:\/\/www.ancpi.ro\/ocpi\/if\/wp-json\/wp\/v2\/pages\/7264\/revisions"}],"predecessor-version":[{"id":7282,"href":"https:\/\/www.ancpi.ro\/ocpi\/if\/wp-json\/wp\/v2\/pages\/7264\/revisions\/7282"}],"wp:attachment":[{"href":"https:\/\/www.ancpi.ro\/ocpi\/if\/wp-json\/wp\/v2\/media?parent=7264"}],"curies":[{"name":"wp","href":"https:\/\/api.w.org\/{rel}","templated":true}]}}