{"id":7289,"date":"2026-03-02T11:52:11","date_gmt":"2026-03-02T09:52:11","guid":{"rendered":"https:\/\/www.ancpi.ro\/ocpi\/if\/?page_id=7289"},"modified":"2026-03-02T14:14:01","modified_gmt":"2026-03-02T12:14:01","slug":"raport-petitii","status":"publish","type":"page","link":"https:\/\/www.ancpi.ro\/ocpi\/if\/raport-petitii\/","title":{"rendered":"Raport Petitii"},"content":{"rendered":"<p><strong>Raport Petitii anuale<\/strong><\/p>\n<ul>\n<li>Raport Referitor la organizarea \u0219i desf\u0103\u0219urarea activit\u0103\u021bii de primire, eviden\u021b\u0103, examinare \u0219i solu\u021bionare a peti\u021biilor, precum \u0219i de primire a cet\u0103\u021benilor \u00een audien\u021b\u0103 \u00een cadrul OCPI ILFOV \u00een SEMESTRUL II 2025.<a href=\"http:\/\/www.ancpi.ro\/ocpi\/if\/wp-content\/uploads\/2026\/03\/Raport_Petitii_Semestrul_II_2025.pdf\" target=\"_blank\" rel=\"noopener\"> Citeste<\/a><\/li>\n<\/ul>\n<ul>\n<li>Raport Referitor la organizarea \u0219i desf\u0103\u0219urarea activit\u0103\u021bii de primire, eviden\u021b\u0103, examinare \u0219i solu\u021bionare a peti\u021biilor, precum \u0219i de primire a cet\u0103\u021benilor \u00een audien\u021b\u0103 \u00een cadrul OCPI ILFOV \u00een SEMESTRUL I 2025.<a href=\"http:\/\/www.ancpi.ro\/ocpi\/if\/wp-content\/uploads\/2026\/03\/Raport_Petitii_Semestrul_I_2025.pdf\" target=\"_blank\" rel=\"noopener\"> Citeste<\/a><\/li>\n<\/ul>\n<ul>\n<li>Raport Referitor la organizarea \u0219i desf\u0103\u0219urarea activit\u0103\u021bii de primire, eviden\u021b\u0103, examinare \u0219i solu\u021bionare a peti\u021biilor, precum \u0219i de primire a cet\u0103\u021benilor \u00een audien\u021b\u0103 \u00een cadrul OCPI ILFOV \u00een SEMESTRUL II 2024.<a href=\"http:\/\/www.ancpi.ro\/ocpi\/if\/wp-content\/uploads\/2026\/03\/Raport_Petitii_Semestrul_II_2024.pdf\" target=\"_blank\" rel=\"noopener\"> Citeste<\/a><\/li>\n<\/ul>\n<ul>\n<li>Raport Referitor la organizarea \u0219i desf\u0103\u0219urarea activit\u0103\u021bii de primire, eviden\u021b\u0103, examinare \u0219i solu\u021bionare a peti\u021biilor, precum \u0219i de primire a cet\u0103\u021benilor \u00een audien\u021b\u0103 \u00een cadrul OCPI ILFOV \u00een SEMESTRUL I 2024.<a href=\"http:\/\/www.ancpi.ro\/ocpi\/if\/wp-content\/uploads\/2026\/03\/Raport_Petitii_Semestrul_I_2024.pdf\" target=\"_blank\" rel=\"noopener\"> Citeste<\/a><\/li>\n<\/ul>\n<ul>\n<li>Raport Referitor la organizarea \u0219i desf\u0103\u0219urarea activit\u0103\u021bii de primire, eviden\u021b\u0103, examinare \u0219i solu\u021bionare a peti\u021biilor, precum \u0219i de primire a cet\u0103\u021benilor \u00een audien\u021b\u0103 \u00een cadrul OCPI ILFOV \u00een SEMESTRUL II 2023.<a href=\"http:\/\/www.ancpi.ro\/ocpi\/if\/wp-content\/uploads\/2026\/03\/Raport_Petitii_Semestrul_II_2023.pdf\" target=\"_blank\" rel=\"noopener\"> Citeste<\/a><\/li>\n<\/ul>\n<ul>\n<li>Raport Referitor la organizarea \u0219i desf\u0103\u0219urarea activit\u0103\u021bii de primire, eviden\u021b\u0103, examinare \u0219i solu\u021bionare a peti\u021biilor, precum \u0219i de primire a cet\u0103\u021benilor \u00een audien\u021b\u0103 \u00een cadrul OCPI ILFOV \u00een SEMESTRUL I 2023.<a href=\"http:\/\/www.ancpi.ro\/ocpi\/if\/wp-content\/uploads\/2026\/03\/Raport_Petitii_Semestrul_I_2023.pdf\" target=\"_blank\" rel=\"noopener\"> Citeste<\/a><\/li>\n<\/ul>\n<ul>\n<li>Raport Referitor la organizarea \u0219i desf\u0103\u0219urarea activit\u0103\u021bii de primire, eviden\u021b\u0103, examinare \u0219i solu\u021bionare a peti\u021biilor, precum \u0219i de primire a cet\u0103\u021benilor \u00een audien\u021b\u0103 \u00een cadrul OCPI ILFOV \u00een SEMESTRUL II 2022.<a href=\"http:\/\/www.ancpi.ro\/ocpi\/if\/wp-content\/uploads\/2026\/03\/Raport_Petitii_Semestrul_II_2022.pdf\" target=\"_blank\" rel=\"noopener\"> Citeste<\/a><\/li>\n<\/ul>\n<ul>\n<li>Raport Referitor la organizarea \u0219i desf\u0103\u0219urarea activit\u0103\u021bii de primire, eviden\u021b\u0103, examinare \u0219i solu\u021bionare a peti\u021biilor, precum \u0219i de primire a cet\u0103\u021benilor \u00een audien\u021b\u0103 \u00een cadrul OCPI ILFOV \u00een SEMESTRUL I 2022.<a href=\"http:\/\/www.ancpi.ro\/ocpi\/if\/wp-content\/uploads\/2026\/03\/Raport_Petitii_Semestrul_I_2022.pdf\" target=\"_blank\" rel=\"noopener\"> Citeste<\/a><\/li>\n<\/ul>\n<ul>\n<li>Raport Referitor la organizarea \u0219i desf\u0103\u0219urarea activit\u0103\u021bii de primire, eviden\u021b\u0103, examinare \u0219i solu\u021bionare a peti\u021biilor, precum \u0219i de primire a cet\u0103\u021benilor \u00een audien\u021b\u0103 \u00een cadrul OCPI ILFOV \u00een SEMESTRUL II 2021.<a href=\"http:\/\/www.ancpi.ro\/ocpi\/if\/wp-content\/uploads\/2026\/03\/Raport_Petitii_Semestrul_II_2021.pdf\" target=\"_blank\" rel=\"noopener\"> Citeste<\/a><\/li>\n<\/ul>\n<ul>\n<li>Raport Referitor la organizarea \u0219i desf\u0103\u0219urarea activit\u0103\u021bii de primire, eviden\u021b\u0103, examinare \u0219i solu\u021bionare a peti\u021biilor, precum \u0219i de primire a cet\u0103\u021benilor \u00een audien\u021b\u0103 \u00een cadrul OCPI ILFOV \u00een SEMESTRUL I 2021.<a href=\"http:\/\/www.ancpi.ro\/ocpi\/if\/wp-content\/uploads\/2026\/03\/Raport_Petitii_Semestrul_I_2021.pdf\" target=\"_blank\" rel=\"noopener\"> Citeste<\/a><\/li>\n<\/ul>\n","protected":false},"excerpt":{"rendered":"<p>Raport Petitii anuale Raport Referitor la organizarea \u0219i desf\u0103\u0219urarea activit\u0103\u021bii de primire, eviden\u021b\u0103, examinare \u0219i solu\u021bionare a peti\u021biilor, precum \u0219i de primire a cet\u0103\u021benilor \u00een audien\u021b\u0103 \u00een cadrul OCPI ILFOV \u00een SEMESTRUL II 2025. Citeste Raport Referitor la organizarea \u0219i desf\u0103\u0219urarea activit\u0103\u021bii de primire, eviden\u021b\u0103, examinare \u0219i solu\u021bionare a peti\u021biilor, precum \u0219i de primire a [&hellip;]<\/p>\n","protected":false},"author":6,"featured_media":0,"parent":0,"menu_order":0,"comment_status":"closed","ping_status":"closed","template":"","meta":{"footnotes":""},"class_list":["post-7289","page","type-page","status-publish","hentry"],"_links":{"self":[{"href":"https:\/\/www.ancpi.ro\/ocpi\/if\/wp-json\/wp\/v2\/pages\/7289","targetHints":{"allow":["GET"]}}],"collection":[{"href":"https:\/\/www.ancpi.ro\/ocpi\/if\/wp-json\/wp\/v2\/pages"}],"about":[{"href":"https:\/\/www.ancpi.ro\/ocpi\/if\/wp-json\/wp\/v2\/types\/page"}],"author":[{"embeddable":true,"href":"https:\/\/www.ancpi.ro\/ocpi\/if\/wp-json\/wp\/v2\/users\/6"}],"replies":[{"embeddable":true,"href":"https:\/\/www.ancpi.ro\/ocpi\/if\/wp-json\/wp\/v2\/comments?post=7289"}],"version-history":[{"count":5,"href":"https:\/\/www.ancpi.ro\/ocpi\/if\/wp-json\/wp\/v2\/pages\/7289\/revisions"}],"predecessor-version":[{"id":7344,"href":"https:\/\/www.ancpi.ro\/ocpi\/if\/wp-json\/wp\/v2\/pages\/7289\/revisions\/7344"}],"wp:attachment":[{"href":"https:\/\/www.ancpi.ro\/ocpi\/if\/wp-json\/wp\/v2\/media?parent=7289"}],"curies":[{"name":"wp","href":"https:\/\/api.w.org\/{rel}","templated":true}]}}