{"id":4923,"date":"2022-09-21T11:01:34","date_gmt":"2022-09-21T08:01:34","guid":{"rendered":"https:\/\/www.ancpi.ro\/ocpi\/ph\/?page_id=4923"},"modified":"2025-04-09T12:28:54","modified_gmt":"2025-04-09T09:28:54","slug":"program-de-audiente","status":"publish","type":"page","link":"https:\/\/www.ancpi.ro\/ocpi\/ph\/program-de-audiente\/","title":{"rendered":"Program de audien\u021be"},"content":{"rendered":"<p><em>\u00censcrierile \u00een audien\u021b\u0103 se fac cu cel pu\u021bin o zi \u00eenainte de data solicitat\u0103.<\/em><\/p>\n<p><em>Solicit\u0103rile de \u00eenscriere \u00een audien\u021b\u0103 se pot trimite prin:<br \/>\nfax &#8211; (0244) 592295,<br \/>\ne-mail &#8211; <a href=\"mailto:ph@ancpi.ro\">ph@ancpi.ro<\/a> ,<br \/>\npersonal, la sediul OCPI Prahova ( Biroul &#8211; Rela\u021bii cu publicul ) \u00een timpul programului de lucru,<br \/>\ntelefonic la numerele de telefon 0244\/ 519 569,(0244) 514907 \u2013 interior 202 <\/em><\/p>\n<p><a href=\"https:\/\/www.ancpi.ro\/ocpi\/ph\/wp-content\/uploads\/2025\/04\/cerere-de-inscriere-audienta.pdf\"><em>Model &#8211; Cerere Audien\u021b\u0103<\/em><\/a><\/p>\n<p>&nbsp;<\/p>\n<p>Program de audien\u021be OCPI Prahova \/ BCPI Ploie\u0219ti<\/p>\n<table>\n<tbody>\n<tr>\n<td>Func\u021bia<\/td>\n<td>Ziua<\/td>\n<td>Ora<\/td>\n<\/tr>\n<tr>\n<td>Director<\/td>\n<td>Luni<\/td>\n<td>9:00 \u2013 11:00<\/td>\n<\/tr>\n<tr>\n<td>Inginer \u0219ef \/ \u0218ef Serviciu cadastru<\/td>\n<td>Miercuri<\/td>\n<td>9:00 \u2013 11:00<\/td>\n<\/tr>\n<tr>\n<td>\u0218ef Serviciu fond funciar<\/td>\n<td>Mar\u021bi<\/td>\n<td>9:00 \u2013 11:00<\/td>\n<\/tr>\n<tr>\n<td>\u0218ef Serviciu \u00eenregistrare sistematic\u0103<\/td>\n<td>Joi<\/td>\n<td>9:00 \u2013 11:00<\/td>\n<\/tr>\n<tr>\n<td>\u0218ef Serviciu juridic, resurse umane, secretariat \u0219i peti\u021bii<\/td>\n<td>Luni<\/td>\n<td>11:00 \u2013 13:00<\/td>\n<\/tr>\n<tr>\n<td>Registrator \u0219ef<\/td>\n<td>Vineri<\/td>\n<td>9:00 \u2013 11:00<\/td>\n<\/tr>\n<\/tbody>\n<\/table>\n<p>Program de audien\u021be BCPI C\u00e2mpina<\/p>\n<table>\n<tbody>\n<tr>\n<td>Func\u021bia<\/td>\n<td>Ziua<\/td>\n<td>Ora<\/td>\n<\/tr>\n<tr>\n<td>Registrator coordonator<\/td>\n<td>Mar\u021bi<\/td>\n<td>10:00-12:00<\/td>\n<\/tr>\n<\/tbody>\n<\/table>\n<p>Program de audien\u021be BCPI V\u0103lenii de Munte<\/p>\n<table>\n<tbody>\n<tr>\n<td>Func\u021bia<\/td>\n<td>Ziua<\/td>\n<td>Ora<\/td>\n<\/tr>\n<tr>\n<td>Registrator coordonator<\/td>\n<td>Joi<\/td>\n<td>9:00 \u2013 11:00<\/td>\n<\/tr>\n<\/tbody>\n<\/table>\n","protected":false},"excerpt":{"rendered":"<p>\u00censcrierile \u00een audien\u021b\u0103 se fac cu cel pu\u021bin o zi \u00eenainte de data solicitat\u0103. Solicit\u0103rile de \u00eenscriere \u00een audien\u021b\u0103 se pot trimite prin: fax &#8211; (0244) 592295, e-mail &#8211; ph@ancpi.ro , personal, la sediul OCPI Prahova ( Biroul &#8211; Rela\u021bii cu publicul ) \u00een timpul programului de lucru, telefonic la numerele de telefon 0244\/ 519 [&hellip;]<\/p>\n","protected":false},"author":5,"featured_media":0,"parent":0,"menu_order":0,"comment_status":"closed","ping_status":"closed","template":"","meta":[],"_links":{"self":[{"href":"https:\/\/www.ancpi.ro\/ocpi\/ph\/wp-json\/wp\/v2\/pages\/4923"}],"collection":[{"href":"https:\/\/www.ancpi.ro\/ocpi\/ph\/wp-json\/wp\/v2\/pages"}],"about":[{"href":"https:\/\/www.ancpi.ro\/ocpi\/ph\/wp-json\/wp\/v2\/types\/page"}],"author":[{"embeddable":true,"href":"https:\/\/www.ancpi.ro\/ocpi\/ph\/wp-json\/wp\/v2\/users\/5"}],"replies":[{"embeddable":true,"href":"https:\/\/www.ancpi.ro\/ocpi\/ph\/wp-json\/wp\/v2\/comments?post=4923"}],"version-history":[{"count":5,"href":"https:\/\/www.ancpi.ro\/ocpi\/ph\/wp-json\/wp\/v2\/pages\/4923\/revisions"}],"predecessor-version":[{"id":6626,"href":"https:\/\/www.ancpi.ro\/ocpi\/ph\/wp-json\/wp\/v2\/pages\/4923\/revisions\/6626"}],"wp:attachment":[{"href":"https:\/\/www.ancpi.ro\/ocpi\/ph\/wp-json\/wp\/v2\/media?parent=4923"}],"curies":[{"name":"wp","href":"https:\/\/api.w.org\/{rel}","templated":true}]}}