{"id":4928,"date":"2022-09-21T11:25:29","date_gmt":"2022-09-21T08:25:29","guid":{"rendered":"https:\/\/www.ancpi.ro\/ocpi\/ph\/?page_id=4928"},"modified":"2026-01-29T11:42:02","modified_gmt":"2026-01-29T09:42:02","slug":"conducere","status":"publish","type":"page","link":"https:\/\/www.ancpi.ro\/ocpi\/ph\/conducere\/","title":{"rendered":"Conducere"},"content":{"rendered":"<h3>Conducerea OCPI Prahova<\/h3>\n<table style=\"height: 864px;\" width=\"711\">\n<tbody>\n<tr>\n<td width=\"340\"><strong>Func\u021bie<\/strong><\/td>\n<td width=\"180\"><strong>Nume<\/strong><\/td>\n<td width=\"40\"><\/td>\n<\/tr>\n<tr>\n<td width=\"340\"><strong>Director<\/strong><\/td>\n<td width=\"180\"><strong>Radu Codru\u021b \u0218tef\u0103nescu<\/strong><\/td>\n<td width=\"40\"><a href=\"http:\/\/www.ancpi.ro\/ocpi\/ph\/wp-content\/uploads\/2025\/11\/cv_codrut_stefanescu_2024.pdf\"><strong>CV<\/strong><\/a><\/td>\n<\/tr>\n<tr>\n<td width=\"340\"><strong>\u0218ef Serviciu Cadastru<\/strong><\/td>\n<td width=\"180\"><strong>Cristina Raluca Angelescu<\/strong><\/td>\n<td width=\"40\"><\/td>\n<\/tr>\n<tr>\n<td width=\"340\"><strong>\u0218ef Serviciu Fond Funciar<\/strong><\/td>\n<td width=\"180\"><strong>Marian Bucur<\/strong><\/td>\n<td width=\"40\"><\/td>\n<\/tr>\n<tr>\n<td width=\"340\"><strong>\u0218ef Serviciu \u00cenregistrare Sistematic\u0103<\/strong><\/td>\n<td width=\"180\"><strong>M\u0103d\u0103lin Dr\u0103ghici<\/strong><\/td>\n<td width=\"40\"><\/td>\n<\/tr>\n<tr>\n<td width=\"340\"><strong>\u0218ef Serviciu Economic<\/strong><\/td>\n<td width=\"180\"><strong>Diana Marinof<\/strong><\/td>\n<td width=\"40\"><\/td>\n<\/tr>\n<tr>\n<td width=\"340\"><strong>\u0218ef Serviciu Juridic, Resurse Umane, Secretariat, Peti\u021bii \u0218i Arhiv\u0103<\/strong><\/td>\n<td width=\"180\"><strong>M\u0103dalina Diaconu<\/strong><\/td>\n<td width=\"40\"><\/td>\n<\/tr>\n<tr>\n<td width=\"340\"><strong>\u0218ef Serviciu Publicitate Imobiliar\u0103<\/strong><\/td>\n<td width=\"180\"><strong>Nelu\u021ba Chivu<\/strong><\/td>\n<td width=\"40\"><\/td>\n<\/tr>\n<tr>\n<td width=\"340\"><strong>Registrator Coordonator Bcpi Ploie\u0219ti<\/strong><\/td>\n<td width=\"180\"><strong>Marius Voicu<\/strong><\/td>\n<td width=\"40\"><\/td>\n<\/tr>\n<tr>\n<td width=\"340\"><strong>Registrator Coordonator Bcpi C\u00e2mpina<\/strong><\/td>\n<td width=\"180\"><strong>Adrian Costin Zamfir<\/strong><\/td>\n<td width=\"40\"><\/td>\n<\/tr>\n<tr>\n<td width=\"340\"><strong>Registrator Coordonator Bcpi V\u0103lenii de Munte<\/strong><\/td>\n<td width=\"180\"><strong>Mihail \u0218tefan<\/strong><\/td>\n<td width=\"40\"><\/td>\n<\/tr>\n<\/tbody>\n<\/table>\n<h3>Agenda conducerii :<\/h3>\n<p>Rezolvarea problemelor curente ale Oficiului de Cadastru \u0219i Publicitate Imobiliar\u0103 Prahova.<br \/>\nParticiparea la \u0219edin\u021bele Colegiului Prefectural \u0219i ale Comisiei Jude\u021bene pentru stabilirea dreptului de proprietate asupra terenurilor.<br \/>\nParticiparea la sedin\u021bele zonale ale conducerilor oficiilor teritoriale<br \/>\nParticiparea la convoc\u0103riile \u0219i \u00eent\u00e2lniriile ini\u021biate de Agen\u021bia Na\u021bional\u0103 de Cadastru \u0219i Publicitate Imobiliar\u0103.<br \/>\nAlte activit\u0103\u021bi a c\u0103ror desf\u0103\u0219urare este necesar\u0103 pentru atingerea obiectivelor Oficiului de Cadastru \u0219i Publicitate Imobiliar\u0103 Prahova.<\/p>\n","protected":false},"excerpt":{"rendered":"<p>Conducerea OCPI Prahova Func\u021bie Nume Director Radu Codru\u021b \u0218tef\u0103nescu CV \u0218ef Serviciu Cadastru Cristina Raluca Angelescu \u0218ef Serviciu Fond Funciar Marian Bucur \u0218ef Serviciu \u00cenregistrare Sistematic\u0103 M\u0103d\u0103lin Dr\u0103ghici \u0218ef Serviciu Economic Diana Marinof \u0218ef Serviciu Juridic, Resurse Umane, Secretariat, Peti\u021bii \u0218i Arhiv\u0103 M\u0103dalina Diaconu \u0218ef Serviciu Publicitate Imobiliar\u0103 Nelu\u021ba Chivu Registrator Coordonator Bcpi Ploie\u0219ti Marius [&hellip;]<\/p>\n","protected":false},"author":5,"featured_media":0,"parent":0,"menu_order":0,"comment_status":"closed","ping_status":"closed","template":"","meta":[],"_links":{"self":[{"href":"https:\/\/www.ancpi.ro\/ocpi\/ph\/wp-json\/wp\/v2\/pages\/4928"}],"collection":[{"href":"https:\/\/www.ancpi.ro\/ocpi\/ph\/wp-json\/wp\/v2\/pages"}],"about":[{"href":"https:\/\/www.ancpi.ro\/ocpi\/ph\/wp-json\/wp\/v2\/types\/page"}],"author":[{"embeddable":true,"href":"https:\/\/www.ancpi.ro\/ocpi\/ph\/wp-json\/wp\/v2\/users\/5"}],"replies":[{"embeddable":true,"href":"https:\/\/www.ancpi.ro\/ocpi\/ph\/wp-json\/wp\/v2\/comments?post=4928"}],"version-history":[{"count":5,"href":"https:\/\/www.ancpi.ro\/ocpi\/ph\/wp-json\/wp\/v2\/pages\/4928\/revisions"}],"predecessor-version":[{"id":6814,"href":"https:\/\/www.ancpi.ro\/ocpi\/ph\/wp-json\/wp\/v2\/pages\/4928\/revisions\/6814"}],"wp:attachment":[{"href":"https:\/\/www.ancpi.ro\/ocpi\/ph\/wp-json\/wp\/v2\/media?parent=4928"}],"curies":[{"name":"wp","href":"https:\/\/api.w.org\/{rel}","templated":true}]}}