{"id":5170,"date":"2022-09-21T15:05:10","date_gmt":"2022-09-21T12:05:10","guid":{"rendered":"https:\/\/www.ancpi.ro\/ocpi\/ph\/?page_id=5170"},"modified":"2025-02-04T10:27:40","modified_gmt":"2025-02-04T08:27:40","slug":"prelucrarea-datelor-cu-caracter-personal","status":"publish","type":"page","link":"https:\/\/www.ancpi.ro\/ocpi\/ph\/prelucrarea-datelor-cu-caracter-personal\/","title":{"rendered":"Prelucrarea datelor cu caracter personal"},"content":{"rendered":"<h3>Anun\u021b:<\/h3>\n<p>\u00cencep\u00e2nd din data de 25 mai 2018, devin aplicabile \u00een mod direct, \u00een toate statele Uniunii Europene, prevederile regulamentului (UE) 2016\/679 privind protec\u0163ia persoanelor fizice \u00een ceea ce prive\u015fte prelucrarea datelor cu caracter personal \u015fi privind libera circula\u0163ie a acestor date \u015fi de abrogare a directivei 95\/46\/CE, adoptat de parlamentul european \u015fi consiliu \u00een data de 27 aprilie 2016.<br \/>\n<a href=\"https:\/\/www.ancpi.ro\/ocpi\/ph\/wp-content\/uploads\/2025\/02\/informare_pdcp_2024.pdf\">Vizualizare &#8211; Informare privind prelucrarea datelor cu caracter personal la nivelul OCPI Prahova<\/a><\/p>\n<h3>Responsabilul cu protec\u021bia datelor cu caracter personal<\/h3>\n<p>\u00cen exercitarea drepturilor dumneavoastr\u0103 prev\u0103zute de regulamentul nr. 679\/2016 privind protec\u021bia persoanelor fizice, \u00een ceea ce prive\u0219te prelucrarea datelor cu caracter personal \u0219i privind libera circula\u021bie a acestor date, dar \u0219i \u00een cazul \u00een care exist\u0103 nel\u0103muriri cu privire la orice aspect care \u021bine de protec\u021bia datelor cu caracter personal, la nivelul OCPI Prahova a fost desemnat un responsabil cu protec\u021bia datelor (data protection officer &#8211; dpo) care poate fi contactat prin transmiterea unei cereri scrise, datate \u0219i semnate la adresa po\u0219tal\u0103: Ploie\u0219ti, strada Unirii, nr. 2, jude\u021bul Prahova, cod po\u0219tal 100043, sau e-mail: rpd_prahova@ancpi.ro.<\/p>\n<p><strong>Formular solicitare legat\u0103 de prelucrarea datelor cu caracter personal<\/strong><br \/>\n<a href=\"https:\/\/www.ancpi.ro\/ocpi\/ph\/wp-content\/uploads\/2022\/09\/formular_solicitare.pdf\">Vizualizare formular<\/a><\/p>\n<p><strong>Informare cu privire la activitatea de prelucrare prin mijloace video<\/strong><br \/>\n<a href=\"https:\/\/www.ancpi.ro\/ocpi\/ph\/wp-content\/uploads\/2022\/09\/informare_prelucrare_video.pdf\">Vizualizare informare prelucrare video<\/a><\/p>\n","protected":false},"excerpt":{"rendered":"<p>Anun\u021b: \u00cencep\u00e2nd din data de 25 mai 2018, devin aplicabile \u00een mod direct, \u00een toate statele Uniunii Europene, prevederile regulamentului (UE) 2016\/679 privind protec\u0163ia persoanelor fizice \u00een ceea ce prive\u015fte prelucrarea datelor cu caracter personal \u015fi privind libera circula\u0163ie a acestor date \u015fi de abrogare a directivei 95\/46\/CE, adoptat de parlamentul european \u015fi consiliu \u00een [&hellip;]<\/p>\n","protected":false},"author":5,"featured_media":0,"parent":0,"menu_order":0,"comment_status":"closed","ping_status":"closed","template":"","meta":[],"_links":{"self":[{"href":"https:\/\/www.ancpi.ro\/ocpi\/ph\/wp-json\/wp\/v2\/pages\/5170"}],"collection":[{"href":"https:\/\/www.ancpi.ro\/ocpi\/ph\/wp-json\/wp\/v2\/pages"}],"about":[{"href":"https:\/\/www.ancpi.ro\/ocpi\/ph\/wp-json\/wp\/v2\/types\/page"}],"author":[{"embeddable":true,"href":"https:\/\/www.ancpi.ro\/ocpi\/ph\/wp-json\/wp\/v2\/users\/5"}],"replies":[{"embeddable":true,"href":"https:\/\/www.ancpi.ro\/ocpi\/ph\/wp-json\/wp\/v2\/comments?post=5170"}],"version-history":[{"count":5,"href":"https:\/\/www.ancpi.ro\/ocpi\/ph\/wp-json\/wp\/v2\/pages\/5170\/revisions"}],"predecessor-version":[{"id":6491,"href":"https:\/\/www.ancpi.ro\/ocpi\/ph\/wp-json\/wp\/v2\/pages\/5170\/revisions\/6491"}],"wp:attachment":[{"href":"https:\/\/www.ancpi.ro\/ocpi\/ph\/wp-json\/wp\/v2\/media?parent=5170"}],"curies":[{"name":"wp","href":"https:\/\/api.w.org\/{rel}","templated":true}]}}