{"id":6395,"date":"2024-11-04T11:01:02","date_gmt":"2024-11-04T09:01:02","guid":{"rendered":"https:\/\/www.ancpi.ro\/ocpi\/ph\/?page_id=6395"},"modified":"2024-11-04T11:08:03","modified_gmt":"2024-11-04T09:08:03","slug":"formulare-4","status":"publish","type":"page","link":"https:\/\/www.ancpi.ro\/ocpi\/ph\/formulare-4\/","title":{"rendered":"Formulare"},"content":{"rendered":"<h3>Formulare<\/h3>\n<p>Cerere de anulare num\u0103r cadastral (<a href=\"https:\/\/www.ancpi.ro\/ocpi\/ph\/wp-content\/uploads\/2024\/11\/Cerere-anulare-numar-cadastral.docx\">docx<\/a> <a href=\"https:\/\/www.ancpi.ro\/ocpi\/ph\/wp-content\/uploads\/2024\/11\/Cerere-anulare-numar-cadastral.pdf\">pdf<\/a>)<\/p>\n<p>Cerere pentru eliberarea unui certificat de sarcini (<a href=\"https:\/\/www.ancpi.ro\/ocpi\/ph\/wp-content\/uploads\/2024\/11\/Cerere-certificat-de-sarcini.docx\">docx<\/a> <a href=\"https:\/\/www.ancpi.ro\/ocpi\/ph\/wp-content\/uploads\/2024\/11\/Cerere-certificat-de-sarcini.pdf\">pdf<\/a>)<\/p>\n<p>Cerere privind \u00eenscrierea imobilului \u00een eviden\u0163ele de cadastru \u015fi carte funciar\u0103 dup\u0103 datele de identificare ale acestuia (<a href=\"https:\/\/www.ancpi.ro\/ocpi\/ph\/wp-content\/uploads\/2024\/11\/Cerere-certificat-identificare-dupa-adresa.docx\">docx<\/a> <a href=\"https:\/\/www.ancpi.ro\/ocpi\/ph\/wp-content\/uploads\/2024\/11\/Cerere-certificat-identificare-dupa-adresa.pdf\">pdf<\/a>)<\/p>\n<p>Cerere privind identificarea num\u0103rului de carte funciar\u0103 \u015fi a num\u0103rului cadastral\/topografic al\/ale imobilului\/imobilelor dup\u0103 numele\/denumirea proprietarului (<a href=\"https:\/\/www.ancpi.ro\/ocpi\/ph\/wp-content\/uploads\/2024\/11\/Cerere-certificat-identificare-dupa-nume.docx\">docx<\/a> <a href=\"https:\/\/www.ancpi.ro\/ocpi\/ph\/wp-content\/uploads\/2024\/11\/Cerere-certificat-identificare-dupa-nume.pdf\">pdf<\/a>)<\/p>\n<p>Cerere pentru eliberarea copiilor dup\u0103 documentele aflate \u00een arhiva biroului teritorial (<a href=\"https:\/\/www.ancpi.ro\/ocpi\/ph\/wp-content\/uploads\/2024\/11\/Cerere-copii-arhiva.docx\">docx<\/a> <a href=\"https:\/\/www.ancpi.ro\/ocpi\/ph\/wp-content\/uploads\/2024\/11\/Cerere-copii-arhiva.pdf\">pdf<\/a>)<\/p>\n<p>Cerere de \u00eenscriere (<a href=\"https:\/\/www.ancpi.ro\/ocpi\/ph\/wp-content\/uploads\/2024\/11\/Cerere-de-inscriere.docx\">docx<\/a> <a href=\"https:\/\/www.ancpi.ro\/ocpi\/ph\/wp-content\/uploads\/2024\/11\/Cerere-de-inscriere.pdf\">pdf<\/a>)<\/p>\n<p>Cerere pentru eliberare extras de carte funciar\u0103 pentru informare (<a href=\"https:\/\/www.ancpi.ro\/ocpi\/ph\/wp-content\/uploads\/2024\/11\/Cerere-extras-informare.docx\">docx<\/a> <a href=\"https:\/\/www.ancpi.ro\/ocpi\/ph\/wp-content\/uploads\/2024\/11\/Cerere-extras-informare.pdf\">pdf<\/a>)<\/p>\n<p>Cerere de informa\u021bii (<a href=\"https:\/\/www.ancpi.ro\/ocpi\/ph\/wp-content\/uploads\/2024\/11\/Cerere-informatii.docx\">docx<\/a> <a href=\"https:\/\/www.ancpi.ro\/ocpi\/ph\/wp-content\/uploads\/2024\/11\/Cerere-informatii.pdf\">pdf<\/a>)<\/p>\n<p>Cerere de recep\u021bie \u0219i \u00eenscriere (<a href=\"https:\/\/www.ancpi.ro\/ocpi\/ph\/wp-content\/uploads\/2024\/11\/Cerere-receptie-si-inscriere.docx\">docx<\/a> <a href=\"https:\/\/www.ancpi.ro\/ocpi\/ph\/wp-content\/uploads\/2024\/11\/Cerere-receptie-si-inscriere.pdf\">pdf<\/a>)<\/p>\n","protected":false},"excerpt":{"rendered":"<p>Formulare Cerere de anulare num\u0103r cadastral (docx pdf) Cerere pentru eliberarea unui certificat de sarcini (docx pdf) Cerere privind \u00eenscrierea imobilului \u00een eviden\u0163ele de cadastru \u015fi carte funciar\u0103 dup\u0103 datele de identificare ale acestuia (docx pdf) Cerere privind identificarea num\u0103rului de carte funciar\u0103 \u015fi a num\u0103rului cadastral\/topografic al\/ale imobilului\/imobilelor dup\u0103 numele\/denumirea proprietarului (docx pdf) Cerere [&hellip;]<\/p>\n","protected":false},"author":5,"featured_media":0,"parent":0,"menu_order":0,"comment_status":"closed","ping_status":"closed","template":"","meta":[],"_links":{"self":[{"href":"https:\/\/www.ancpi.ro\/ocpi\/ph\/wp-json\/wp\/v2\/pages\/6395"}],"collection":[{"href":"https:\/\/www.ancpi.ro\/ocpi\/ph\/wp-json\/wp\/v2\/pages"}],"about":[{"href":"https:\/\/www.ancpi.ro\/ocpi\/ph\/wp-json\/wp\/v2\/types\/page"}],"author":[{"embeddable":true,"href":"https:\/\/www.ancpi.ro\/ocpi\/ph\/wp-json\/wp\/v2\/users\/5"}],"replies":[{"embeddable":true,"href":"https:\/\/www.ancpi.ro\/ocpi\/ph\/wp-json\/wp\/v2\/comments?post=6395"}],"version-history":[{"count":5,"href":"https:\/\/www.ancpi.ro\/ocpi\/ph\/wp-json\/wp\/v2\/pages\/6395\/revisions"}],"predecessor-version":[{"id":6421,"href":"https:\/\/www.ancpi.ro\/ocpi\/ph\/wp-json\/wp\/v2\/pages\/6395\/revisions\/6421"}],"wp:attachment":[{"href":"https:\/\/www.ancpi.ro\/ocpi\/ph\/wp-json\/wp\/v2\/media?parent=6395"}],"curies":[{"name":"wp","href":"https:\/\/api.w.org\/{rel}","templated":true}]}}