{"id":4919,"date":"2021-09-08T14:46:20","date_gmt":"2021-09-08T11:46:20","guid":{"rendered":"https:\/\/www.ancpi.ro\/ocpi\/vn\/?page_id=4919"},"modified":"2023-02-14T10:40:07","modified_gmt":"2023-02-14T08:40:07","slug":"conducere","status":"publish","type":"page","link":"https:\/\/www.ancpi.ro\/ocpi\/vn\/conducere\/","title":{"rendered":"Conducere"},"content":{"rendered":"<h2 style=\"text-align: center;\"><span style=\"color: #000080;\">CONDUCEREA OCPI VRANCEA<\/span><\/h2>\n<p style=\"text-align: center;\">DIRECTOR:\u00a0 \u00a0 \u00a0<strong>HORIA &#8211; DRAGO\u015e FR\u00ceNCU<\/strong><\/p>\n<p style=\"text-align: center;\">\u015eEF SERVICIU PUBLICITATE IMOBILIAR\u0102:\u00a0 \u00a0 <strong>MARIANA N\u0102MOLO\u015eANU<\/strong><\/p>\n<p style=\"text-align: center;\">\u015eEF SERVICIU CADASTRU:\u00a0 <strong>EDUARD BERNOVICI<\/strong><\/p>\n<p style=\"text-align: center;\">CONTABIL \u0218EF:\u00a0 <strong>ALINA L\u0102CR\u0102MIOARA GAI\u021a\u0102<\/strong><\/p>\n","protected":false},"excerpt":{"rendered":"<p>CONDUCEREA OCPI VRANCEA DIRECTOR:\u00a0 \u00a0 \u00a0HORIA &#8211; DRAGO\u015e FR\u00ceNCU \u015eEF SERVICIU PUBLICITATE IMOBILIAR\u0102:\u00a0 \u00a0 MARIANA N\u0102MOLO\u015eANU \u015eEF SERVICIU CADASTRU:\u00a0 EDUARD BERNOVICI CONTABIL \u0218EF:\u00a0 ALINA L\u0102CR\u0102MIOARA GAI\u021a\u0102<\/p>\n","protected":false},"author":5,"featured_media":0,"parent":0,"menu_order":0,"comment_status":"closed","ping_status":"closed","template":"","meta":{"footnotes":""},"class_list":["post-4919","page","type-page","status-publish","hentry"],"_links":{"self":[{"href":"https:\/\/www.ancpi.ro\/ocpi\/vn\/wp-json\/wp\/v2\/pages\/4919","targetHints":{"allow":["GET"]}}],"collection":[{"href":"https:\/\/www.ancpi.ro\/ocpi\/vn\/wp-json\/wp\/v2\/pages"}],"about":[{"href":"https:\/\/www.ancpi.ro\/ocpi\/vn\/wp-json\/wp\/v2\/types\/page"}],"author":[{"embeddable":true,"href":"https:\/\/www.ancpi.ro\/ocpi\/vn\/wp-json\/wp\/v2\/users\/5"}],"replies":[{"embeddable":true,"href":"https:\/\/www.ancpi.ro\/ocpi\/vn\/wp-json\/wp\/v2\/comments?post=4919"}],"version-history":[{"count":6,"href":"https:\/\/www.ancpi.ro\/ocpi\/vn\/wp-json\/wp\/v2\/pages\/4919\/revisions"}],"predecessor-version":[{"id":5964,"href":"https:\/\/www.ancpi.ro\/ocpi\/vn\/wp-json\/wp\/v2\/pages\/4919\/revisions\/5964"}],"wp:attachment":[{"href":"https:\/\/www.ancpi.ro\/ocpi\/vn\/wp-json\/wp\/v2\/media?parent=4919"}],"curies":[{"name":"wp","href":"https:\/\/api.w.org\/{rel}","templated":true}]}}