{"id":5012,"date":"2021-09-15T12:35:35","date_gmt":"2021-09-15T09:35:35","guid":{"rendered":"https:\/\/www.ancpi.ro\/ocpi\/vn\/?page_id=5012"},"modified":"2023-02-15T08:53:57","modified_gmt":"2023-02-15T06:53:57","slug":"bcpi","status":"publish","type":"page","link":"https:\/\/www.ancpi.ro\/ocpi\/vn\/bcpi\/","title":{"rendered":"BCPI"},"content":{"rendered":"<div class=\"gdlr-core-pbf-column gdlr-core-column-48 gdlr-core-column-first\">\n<div class=\"gdlr-core-pbf-column-content-margin gdlr-core-js \">\n<div class=\"gdlr-core-pbf-column-content clearfix gdlr-core-js \">\n<div class=\"gdlr-core-pbf-element\">\n<div class=\"gdlr-core-text-box-item gdlr-core-item-pdlr gdlr-core-item-pdb gdlr-core-left-align\">\n<div class=\"gdlr-core-text-box-item-content\">\n<h2><span style=\"color: #000080;\"><em><strong>Biroul de Cadastru \u015fi Publicitate Imobiliar\u0103 Focsani<\/strong><\/em><\/span><\/h2>\n<h3><em><strong>Str. Cuza Voda, nr. 69, cod 620034 <\/strong><\/em><\/h3>\n<h3><em><strong>Focsani, jud. Vrancea <\/strong><\/em><\/h3>\n<h3><em><strong>Tel: 0237\/228754\u00a0 Fax: 0237\/233019, 0237\/221355 <\/strong><\/em><\/h3>\n<h3><em><strong>E-mail: bcpi.focsani@ancpi.ro<\/strong><\/em><\/h3>\n<h3><em><strong>\u015eef Serviciu publicitate imobiliar\u0103: Namolo\u015fanu Mariana<\/strong><\/em><\/h3>\n<p>&nbsp;<\/p>\n<h3><em><strong>UAT-uri ARONDATE BCPI FOC\u015eANI:<\/strong><\/em><\/h3>\n<h4><span style=\"color: #0000ff;\"><em><strong>ANDREIASU, BALESTI, BILIESTI, BIRSESTI, BOLOTESTI, BORDESTI, BROSTENI, CHIOJDENI, CIMPINEANCA, CIORASTI, <\/strong><\/em><em><strong>CIRLIGELE, COTESTI, DUMBRAVENI, DUMITRESTI, FOCSANI, GAROAFA, GOLESTI, GOLOGANU, GUGESTI, GURA CALITEI, JARISTEA, JITIA, MAICANESTI, MERA, MILCOVUL, NANESTI, NARUJA, NEGRILESTI, NEREJU, NISTORESTI, <\/strong><\/em><em><strong>OBREJITA, ODOBESTI, PALTIN, PAUNESTI, POIANA CRISTEI, POPESTI, RASTOACA, REGHIU, SIHLEA, SLOBOZIA BRADULUI, SLOBOZIA CIORASTI, SPULBER, SURAIA, TATARANU, TIMBOIESTI, TULNICI, URECHESTI, VALEA SARII, VIDRA,VINATORI, VINTILEASCA, VIRTESCOIU, VRINCIOAIA, VULTURU<\/strong><\/em><\/span><\/h4>\n<\/div>\n<\/div>\n<\/div>\n<\/div>\n<\/div>\n<\/div>\n<div class=\"gdlr-core-pbf-column gdlr-core-column-12\">\n<div class=\"gdlr-core-pbf-column-content-margin gdlr-core-js \">\n<div class=\"gdlr-core-pbf-column-content clearfix gdlr-core-js \"><\/div>\n<\/div>\n<\/div>\n<div class=\"gdlr-core-pbf-column gdlr-core-column-48 gdlr-core-column-first\">\n<div class=\"gdlr-core-pbf-column-content-margin gdlr-core-js \">\n<div class=\"gdlr-core-pbf-column-content clearfix gdlr-core-js \">\n<div class=\"gdlr-core-pbf-element\">\n<div class=\"gdlr-core-text-box-item gdlr-core-item-pdlr gdlr-core-item-pdb gdlr-core-left-align\">\n<div class=\"gdlr-core-text-box-item-content\">\n<h2><span style=\"color: #000080;\"><em><strong>Biroul de Cadastru \u015fi Publicitate Imobiliar\u0103 Adjud<\/strong><\/em><\/span><\/h2>\n<h3 style=\"text-align: left;\"><em>Str. Siret, nr. 109, cod 625100<\/em><\/h3>\n<h3 style=\"text-align: left;\"><em>Adjud, jud. Vrancea <\/em><\/h3>\n<h3 style=\"text-align: left;\"><em>Tel\/fax: 0237\/643543<\/em><\/h3>\n<h3 style=\"text-align: left;\"><em>E-mail: bcpi.adjud@ancpi.ro<\/em><\/h3>\n<h3><em>UAT-uri ARONDATE BCPI Adjud:<\/em><\/h3>\n<h3><span style=\"color: #0000ff;\"><em>ADJUD, BOGHE\u015eTI, CORBI\u0162A, HOMOCEA, P\u0102UNE\u015eTI, PLOSCU\u0162ENI, PUFE\u015eTI, RUGINE\u015eTI, T\u0102N\u0102SOAIA<\/em><\/span><\/h3>\n<\/div>\n<\/div>\n<\/div>\n<\/div>\n<\/div>\n<\/div>\n<div class=\"gdlr-core-pbf-column gdlr-core-column-12\">\n<div class=\"gdlr-core-pbf-column-content-margin gdlr-core-js \">\n<div class=\"gdlr-core-pbf-column-content clearfix gdlr-core-js \"><\/div>\n<\/div>\n<\/div>\n<div class=\"gdlr-core-pbf-column gdlr-core-column-48 gdlr-core-column-first\">\n<div class=\"gdlr-core-pbf-column-content-margin gdlr-core-js \">\n<div class=\"gdlr-core-pbf-column-content clearfix gdlr-core-js \">\n<div class=\"gdlr-core-pbf-element\">\n<div class=\"gdlr-core-text-box-item gdlr-core-item-pdlr gdlr-core-item-pdb gdlr-core-left-align\">\n<div class=\"gdlr-core-text-box-item-content\">\n<h2><em><strong>Biroul de Cadastru \u015fi Publicitate Imobiliar\u0103 Panciu<\/strong><\/em><\/h2>\n<h3><em><strong>Str. Nicolaie Titulescu nr. 22, bl 21, parter, ap. 2, cod postal 625400<\/strong><\/em><\/h3>\n<h3><em><strong>Panciu, jud. Vrancea<\/strong><\/em><\/h3>\n<h3><em><strong>Tel\/fax: 237 275 746 <\/strong><\/em><\/h3>\n<h3><em><strong>Email: bcpi.panciu@ancpi.ro<\/strong><\/em><\/h3>\n<h3><em><strong>UAT-uri ARONDATE BCPI Panciu:<\/strong><\/em><\/h3>\n<h3><span style=\"color: #0000ff;\"><em><strong>C\u00ceMPURI, FITIONE\u015eTI, M\u0102R\u0102SE\u015eTI, MOVILI\u0162A, PANCIU, R\u0102COASA, SOVEJA, STR\u0102OANE, TIFE\u015eTI, VIZANTEA LIVEZI<\/strong><\/em><\/span><\/h3>\n<\/div>\n<\/div>\n<\/div>\n<\/div>\n<\/div>\n<\/div>\n","protected":false},"excerpt":{"rendered":"<p>Biroul de Cadastru \u015fi Publicitate Imobiliar\u0103 Focsani Str. Cuza Voda, nr. 69, cod 620034 Focsani, jud. Vrancea Tel: 0237\/228754\u00a0 Fax: 0237\/233019, 0237\/221355 E-mail: bcpi.focsani@ancpi.ro \u015eef Serviciu publicitate imobiliar\u0103: Namolo\u015fanu Mariana &nbsp; UAT-uri ARONDATE BCPI FOC\u015eANI: ANDREIASU, BALESTI, BILIESTI, BIRSESTI, BOLOTESTI, BORDESTI, BROSTENI, CHIOJDENI, CIMPINEANCA, CIORASTI, CIRLIGELE, COTESTI, DUMBRAVENI, DUMITRESTI, FOCSANI, GAROAFA, GOLESTI, GOLOGANU, GUGESTI, GURA [&hellip;]<\/p>\n","protected":false},"author":5,"featured_media":0,"parent":0,"menu_order":0,"comment_status":"closed","ping_status":"closed","template":"","meta":{"footnotes":""},"class_list":["post-5012","page","type-page","status-publish","hentry"],"_links":{"self":[{"href":"https:\/\/www.ancpi.ro\/ocpi\/vn\/wp-json\/wp\/v2\/pages\/5012","targetHints":{"allow":["GET"]}}],"collection":[{"href":"https:\/\/www.ancpi.ro\/ocpi\/vn\/wp-json\/wp\/v2\/pages"}],"about":[{"href":"https:\/\/www.ancpi.ro\/ocpi\/vn\/wp-json\/wp\/v2\/types\/page"}],"author":[{"embeddable":true,"href":"https:\/\/www.ancpi.ro\/ocpi\/vn\/wp-json\/wp\/v2\/users\/5"}],"replies":[{"embeddable":true,"href":"https:\/\/www.ancpi.ro\/ocpi\/vn\/wp-json\/wp\/v2\/comments?post=5012"}],"version-history":[{"count":5,"href":"https:\/\/www.ancpi.ro\/ocpi\/vn\/wp-json\/wp\/v2\/pages\/5012\/revisions"}],"predecessor-version":[{"id":5972,"href":"https:\/\/www.ancpi.ro\/ocpi\/vn\/wp-json\/wp\/v2\/pages\/5012\/revisions\/5972"}],"wp:attachment":[{"href":"https:\/\/www.ancpi.ro\/ocpi\/vn\/wp-json\/wp\/v2\/media?parent=5012"}],"curies":[{"name":"wp","href":"https:\/\/api.w.org\/{rel}","templated":true}]}}