{"id":5041,"date":"2021-09-27T12:49:53","date_gmt":"2021-09-27T09:49:53","guid":{"rendered":"https:\/\/www.ancpi.ro\/ocpi\/vn\/?page_id=5041"},"modified":"2026-03-16T16:39:07","modified_gmt":"2026-03-16T14:39:07","slug":"termene-servicii","status":"publish","type":"page","link":"https:\/\/www.ancpi.ro\/ocpi\/vn\/termene-servicii\/","title":{"rendered":"Termene servicii"},"content":{"rendered":"<h2 style=\"text-align: center;\"><span style=\"color: #000080;\">TERMENE SERVICII<\/span><\/h2>\n<p><a href=\"https:\/\/www.ancpi.ro\/ocpi\/vn\/wp-content\/uploads\/2026\/03\/Ordinul-289_aprobare-termene-de-eliberare-a-doc-si-datelor-din-furnizarea-serviciilor-de-catre-ANCPi-1.pdf\">Ordinul 671\/14.02.2023 pentru completarea anexei la Ordinul directorului general al ANCPI nr.1.764\/2019, privind\u00a0 aprobarea termenelor de eliberare \u0219i datelor rezultate din furnizarea serviciilor de c\u0103tre ANCPI<\/a> \u0219i unit\u0103\u021bile sale subordonate<\/p>\n<hr \/>\n<p><a href=\"https:\/\/www.ancpi.ro\/ocpi\/vn\/wp-content\/uploads\/2023\/02\/Ordin-671_14.02.2023_modificare-Ordin-162019_-aprobarea-tarife-furnizate-de-ANCPI.pdf\">Ordinul 671\/14.02.2023 pentru modificarea si completarea\u00a0 Ordinului directorului general al ANCPI nr. 16\/2019, privind tarifele serviciilor furnizate de ANCPI<\/a><\/p>\n<hr \/>\n<p align=\"justify\"><a href=\"https:\/\/www.ancpi.ro\/ocpi\/vn\/wp-content\/uploads\/2022\/10\/Ordin-1764_-2019-TERMENE.doc\">Ordinul nr. 1764\/2019 privind aprobarea termenelor de eliberare a documentelor \u015fi datelor rezultate din furnizarea serviciilor de c\u0103tre Agen\u0163ia Na\u0163ional\u0103 de Cadastru \u015fi Publicitate Imobiliar\u0103 \u015fi unit\u0103\u0163ile sale subordonate<\/a><\/p>\n<hr \/>\n<p align=\"justify\"><a href=\"https:\/\/www.ancpi.ro\/ocpi\/vn\/wp-content\/uploads\/2022\/10\/Ordin-16_-2019_bun-TARIFE.doc\">Ordinul nr. 16\/2019 privind aprobarea tarifelor pentru serviciile furnizate de Agen\u0163ia Na\u0163ional\u0103 de Cadastru \u015fi Publicitate Imobiliar\u0103 \u015fi institu\u0163iile sale subordonate<\/a><\/p>\n","protected":false},"excerpt":{"rendered":"<p>TERMENE SERVICII Ordinul 671\/14.02.2023 pentru completarea anexei la Ordinul directorului general al ANCPI nr.1.764\/2019, privind\u00a0 aprobarea termenelor de eliberare \u0219i datelor rezultate din furnizarea serviciilor de c\u0103tre ANCPI \u0219i unit\u0103\u021bile sale subordonate Ordinul 671\/14.02.2023 pentru modificarea si completarea\u00a0 Ordinului directorului general al ANCPI nr. 16\/2019, privind tarifele serviciilor furnizate de ANCPI Ordinul nr. 1764\/2019 privind [&hellip;]<\/p>\n","protected":false},"author":5,"featured_media":0,"parent":0,"menu_order":0,"comment_status":"closed","ping_status":"closed","template":"","meta":{"footnotes":""},"class_list":["post-5041","page","type-page","status-publish","hentry"],"_links":{"self":[{"href":"https:\/\/www.ancpi.ro\/ocpi\/vn\/wp-json\/wp\/v2\/pages\/5041","targetHints":{"allow":["GET"]}}],"collection":[{"href":"https:\/\/www.ancpi.ro\/ocpi\/vn\/wp-json\/wp\/v2\/pages"}],"about":[{"href":"https:\/\/www.ancpi.ro\/ocpi\/vn\/wp-json\/wp\/v2\/types\/page"}],"author":[{"embeddable":true,"href":"https:\/\/www.ancpi.ro\/ocpi\/vn\/wp-json\/wp\/v2\/users\/5"}],"replies":[{"embeddable":true,"href":"https:\/\/www.ancpi.ro\/ocpi\/vn\/wp-json\/wp\/v2\/comments?post=5041"}],"version-history":[{"count":5,"href":"https:\/\/www.ancpi.ro\/ocpi\/vn\/wp-json\/wp\/v2\/pages\/5041\/revisions"}],"predecessor-version":[{"id":6925,"href":"https:\/\/www.ancpi.ro\/ocpi\/vn\/wp-json\/wp\/v2\/pages\/5041\/revisions\/6925"}],"wp:attachment":[{"href":"https:\/\/www.ancpi.ro\/ocpi\/vn\/wp-json\/wp\/v2\/media?parent=5041"}],"curies":[{"name":"wp","href":"https:\/\/api.w.org\/{rel}","templated":true}]}}