{"id":5066,"date":"2021-09-27T13:49:14","date_gmt":"2021-09-27T10:49:14","guid":{"rendered":"https:\/\/www.ancpi.ro\/ocpi\/vn\/?page_id=5066"},"modified":"2022-10-28T13:47:18","modified_gmt":"2022-10-28T10:47:18","slug":"documente-de-interes-public","status":"publish","type":"page","link":"https:\/\/www.ancpi.ro\/ocpi\/vn\/documente-de-interes-public\/","title":{"rendered":"Documente de interes public"},"content":{"rendered":"<h2 style=\"text-align: center;\"><span style=\"color: #ff0000;\"><strong>LIST\u0102 DOCUMENTELE DE INTERES PUBLIC O.C.P.I. VRANCEA<\/strong><\/span><\/h2>\n<p style=\"text-align: left;\"><strong>\u00a0 \u00a0 \u00a0 \u00a0 \u00a0 \u00a0 \u00a0 \u00a0 \u00a0 \u00a0 \u00a0 Surse in informare:<\/strong><\/p>\n<p><strong>\u00a0\u00a0\u00a0\u00a0\u00a0\u00a0\u00a0\u00a0\u00a0\u00a0\u00a0\u00a0\u00a0\u00a0\u00a0\u00a0\u00a0\u00a0\u00a0\u00a0\u00a0 Pagina de internet proprie:\u00a0 <span style=\"color: #0000ff;\">https:\/\/www.ancpi.ro\/ocpi\/vn<\/span><\/strong><\/p>\n<p><strong>\u00a0\u00a0\u00a0\u00a0\u00a0\u00a0\u00a0\u00a0\u00a0\u00a0\u00a0\u00a0\u00a0\u00a0\u00a0\u00a0\u00a0\u00a0\u00a0\u00a0\u00a0 Biroul Rela\u021bii cu Publicul<\/strong><\/p>\n<p><strong>\u00a0\u00a0\u00a0\u00a0\u00a0\u00a0\u00a0\u00a0\u00a0\u00a0\u00a0\u00a0\u00a0\u00a0\u00a0\u00a0\u00a0\u00a0\u00a0\u00a0 Avizier<\/strong><\/p>\n<ul>\n<li>Acte normative care reglementeaz\u0103 organizarea \u0219i func\u021bionarea O.C.P.I Vrancea;<\/li>\n<li>Structura organizatorica C.P.I. Vrancea (Organigrama);<\/li>\n<li>Programul de func\u021bionare, de audien\u021be \u0219i de lucru cu publicul la nivelul O.C.P.I Vrancea ;<\/li>\n<li>Numele \u0219i prenumele persoanelor din conducerea O.C.P.I. Vrancea ;<\/li>\n<li>Coordonatele de contact ale O.C.P.I. Vrancea \u0219i BCPI-uri ( BCPI Panciu, BCPI Adjud);<\/li>\n<li>Bugetul de venituri \u0219i cheltuieli;<\/li>\n<li>Bilan\u021bul contabil;<\/li>\n<li>Execu\u021bia bugetar\u0103;<\/li>\n<li>Situa\u021bia cheltuielilor pe func\u021bii;<\/li>\n<li>Raportul anual de activitate al OCPI Vrancea;<\/li>\n<li>Raportul financiar privind veniturile \u0219i cheltuielile din anul bugetar precedent;<\/li>\n<li>Raportul anual de evaluare a implement\u0103rii Legii 544\/2001;<\/li>\n<li>Declara\u021biile de avere \u0219i interese;<\/li>\n<li>Anun\u021burile privind concursurile sau examenele organizate \u00een vederea ocup\u0103rii posturilor publice vacante din cadrul O.C.P.I.Vrancea ;<\/li>\n<li>Codul de etic\u0103 \u0219i integritate ;<\/li>\n<li>Declara\u021bia de aderare la valorile fundamentale, principiile, obiectivele \u0219i mecanismul de monitorizare al Strategiei Na\u021bionale Anticorup\u021bie 2016-2020;<\/li>\n<li>Declara\u021bia Directorului general al A.N.C.P.I.\u00a0 privind politica referitoare la calitate;<\/li>\n<li>Certificatul SR EN ISO 9001 \u2013 2015;<\/li>\n<li>Codurile IBAN aferente conturilor de venituri OCPI;<\/li>\n<li>Documente publicate \u00een SICAP;<\/li>\n<li>Contracte de finan\u021bare;<\/li>\n<li>Lista persoanelor fizice\/juridice autorizare de c\u0103tre OCPI\/ANCPI \u00een vederea realiz\u0103rii\u00a0 \u0219i verific\u0103rii lucr\u0103rilor de specialitate \u00een domeniul cadastrului, al geodeziei \u0219i al cartografiei pe teritoriul Rom\u00e2niei, care con\u021bin date cu privire la identificarea persoanei autorizate, sediu \u0219i contact.<\/li>\n<li>Informa\u021bii privind organizarea \u0219i rezultatul examenului de autorizare pentru PFA \u00een vederea realiz\u0103rii \u0219i verific\u0103rii luc\u0103rilor de specialitate \u00een domeniul cadastrului, al geodeziei \u0219i al cartografiei pe teritoriul Rom\u00e2niei;<\/li>\n<li>Date \u0219i informa\u021bii cu caracter public expuse \u00een sistemele informatice O.C.P.I Vrancea ;<\/li>\n<li>Formularele tipizate necesare pentru completarea cererilor privind accesul la informa\u021biile de interes public, cererilor de \u00eenscriere \u00een audien\u021b\u0103 \u0219i cererilor av\u00e2nd ca obiect serviciile furnizate de OCPI Vrancea ;<\/li>\n<li>Lista categoriilor de servicii prestate de O.C.P.I.Vrancea \u00a0\u0219i tarifele aferente ;<\/li>\n<li>Proceduri opera\u021bionale prin care sunt reglementate activit\u0103\u021bi ce privesc rela\u021bia cu publicul;<\/li>\n<li>Lista cuprinz\u00e2nd categoriile de documente produse \u0219i sau\/gestionate , potrivit legii.<\/li>\n<\/ul>\n","protected":false},"excerpt":{"rendered":"<p>LIST\u0102 DOCUMENTELE DE INTERES PUBLIC O.C.P.I. VRANCEA \u00a0 \u00a0 \u00a0 \u00a0 \u00a0 \u00a0 \u00a0 \u00a0 \u00a0 \u00a0 \u00a0 Surse in informare: \u00a0\u00a0\u00a0\u00a0\u00a0\u00a0\u00a0\u00a0\u00a0\u00a0\u00a0\u00a0\u00a0\u00a0\u00a0\u00a0\u00a0\u00a0\u00a0\u00a0\u00a0 Pagina de internet proprie:\u00a0 https:\/\/www.ancpi.ro\/ocpi\/vn \u00a0\u00a0\u00a0\u00a0\u00a0\u00a0\u00a0\u00a0\u00a0\u00a0\u00a0\u00a0\u00a0\u00a0\u00a0\u00a0\u00a0\u00a0\u00a0\u00a0\u00a0 Biroul Rela\u021bii cu Publicul \u00a0\u00a0\u00a0\u00a0\u00a0\u00a0\u00a0\u00a0\u00a0\u00a0\u00a0\u00a0\u00a0\u00a0\u00a0\u00a0\u00a0\u00a0\u00a0\u00a0 Avizier Acte normative care reglementeaz\u0103 organizarea \u0219i func\u021bionarea O.C.P.I Vrancea; Structura organizatorica C.P.I. Vrancea (Organigrama); Programul de func\u021bionare, de audien\u021be \u0219i de [&hellip;]<\/p>\n","protected":false},"author":5,"featured_media":0,"parent":0,"menu_order":0,"comment_status":"closed","ping_status":"closed","template":"","meta":{"footnotes":""},"class_list":["post-5066","page","type-page","status-publish","hentry"],"_links":{"self":[{"href":"https:\/\/www.ancpi.ro\/ocpi\/vn\/wp-json\/wp\/v2\/pages\/5066","targetHints":{"allow":["GET"]}}],"collection":[{"href":"https:\/\/www.ancpi.ro\/ocpi\/vn\/wp-json\/wp\/v2\/pages"}],"about":[{"href":"https:\/\/www.ancpi.ro\/ocpi\/vn\/wp-json\/wp\/v2\/types\/page"}],"author":[{"embeddable":true,"href":"https:\/\/www.ancpi.ro\/ocpi\/vn\/wp-json\/wp\/v2\/users\/5"}],"replies":[{"embeddable":true,"href":"https:\/\/www.ancpi.ro\/ocpi\/vn\/wp-json\/wp\/v2\/comments?post=5066"}],"version-history":[{"count":3,"href":"https:\/\/www.ancpi.ro\/ocpi\/vn\/wp-json\/wp\/v2\/pages\/5066\/revisions"}],"predecessor-version":[{"id":5458,"href":"https:\/\/www.ancpi.ro\/ocpi\/vn\/wp-json\/wp\/v2\/pages\/5066\/revisions\/5458"}],"wp:attachment":[{"href":"https:\/\/www.ancpi.ro\/ocpi\/vn\/wp-json\/wp\/v2\/media?parent=5066"}],"curies":[{"name":"wp","href":"https:\/\/api.w.org\/{rel}","templated":true}]}}