{"id":5094,"date":"2021-09-27T14:26:29","date_gmt":"2021-09-27T11:26:29","guid":{"rendered":"https:\/\/www.ancpi.ro\/ocpi\/vn\/?page_id=5094"},"modified":"2022-11-16T10:57:54","modified_gmt":"2022-11-16T08:57:54","slug":"protectia-datelor-cu-caracter-personal","status":"publish","type":"page","link":"https:\/\/www.ancpi.ro\/ocpi\/vn\/protectia-datelor-cu-caracter-personal\/","title":{"rendered":"Protec\u021bia datelor cu caracter personal"},"content":{"rendered":"<h2 style=\"text-align: center;\"><span style=\"color: #000080;\">PROTEC\u0162IA DATELOR CU CARACTER PERSONAL<\/span><\/h2>\n<ul>\n<li><a href=\"https:\/\/www.ancpi.ro\/ocpi\/vn\/wp-content\/uploads\/2022\/11\/pdcp.pdf\">PROTECTIA DATELOR CU CARACTER PERSONAL<\/a><\/li>\n<li><a href=\"https:\/\/www.ancpi.ro\/ocpi\/vn\/wp-content\/uploads\/2022\/11\/INFORMARE-SOLUTIONARE-SOLICITARI.pdf\">INFORMARE SOLUTIONARE SOLICITARI<\/a><\/li>\n<li><a href=\"https:\/\/www.ancpi.ro\/ocpi\/vn\/wp-content\/uploads\/2022\/11\/ANEXA-6-LA-P.O.8.5.1.-49-1.doc\">FORMULAR SOLICITARE LEGAT\u0102 DE PRELUCRAREA DATELOR CU CARACTER PERSONAL CARE INTR\u0102 SUB INCIDEN\u0162A REGULAMENTULUI (UE) NR. 679\/2016<\/a><\/li>\n<\/ul>\n","protected":false},"excerpt":{"rendered":"<p>PROTEC\u0162IA DATELOR CU CARACTER PERSONAL PROTECTIA DATELOR CU CARACTER PERSONAL INFORMARE SOLUTIONARE SOLICITARI FORMULAR SOLICITARE LEGAT\u0102 DE PRELUCRAREA DATELOR CU CARACTER PERSONAL CARE INTR\u0102 SUB INCIDEN\u0162A REGULAMENTULUI (UE) NR. 679\/2016<\/p>\n","protected":false},"author":5,"featured_media":0,"parent":0,"menu_order":0,"comment_status":"closed","ping_status":"closed","template":"","meta":{"footnotes":""},"class_list":["post-5094","page","type-page","status-publish","hentry"],"_links":{"self":[{"href":"https:\/\/www.ancpi.ro\/ocpi\/vn\/wp-json\/wp\/v2\/pages\/5094","targetHints":{"allow":["GET"]}}],"collection":[{"href":"https:\/\/www.ancpi.ro\/ocpi\/vn\/wp-json\/wp\/v2\/pages"}],"about":[{"href":"https:\/\/www.ancpi.ro\/ocpi\/vn\/wp-json\/wp\/v2\/types\/page"}],"author":[{"embeddable":true,"href":"https:\/\/www.ancpi.ro\/ocpi\/vn\/wp-json\/wp\/v2\/users\/5"}],"replies":[{"embeddable":true,"href":"https:\/\/www.ancpi.ro\/ocpi\/vn\/wp-json\/wp\/v2\/comments?post=5094"}],"version-history":[{"count":5,"href":"https:\/\/www.ancpi.ro\/ocpi\/vn\/wp-json\/wp\/v2\/pages\/5094\/revisions"}],"predecessor-version":[{"id":5689,"href":"https:\/\/www.ancpi.ro\/ocpi\/vn\/wp-json\/wp\/v2\/pages\/5094\/revisions\/5689"}],"wp:attachment":[{"href":"https:\/\/www.ancpi.ro\/ocpi\/vn\/wp-json\/wp\/v2\/media?parent=5094"}],"curies":[{"name":"wp","href":"https:\/\/api.w.org\/{rel}","templated":true}]}}