{"id":5104,"date":"2021-09-27T15:42:52","date_gmt":"2021-09-27T12:42:52","guid":{"rendered":"https:\/\/www.ancpi.ro\/ocpi\/vn\/?page_id=5104"},"modified":"2023-06-14T14:04:17","modified_gmt":"2023-06-14T11:04:17","slug":"petitii","status":"publish","type":"page","link":"https:\/\/www.ancpi.ro\/ocpi\/vn\/petitii\/","title":{"rendered":"Peti\u021bii"},"content":{"rendered":"<div id=\"banner_image\">\n<h2 style=\"text-align: center;\"><span style=\"color: #000080;\">PETI\u0162II<\/span><\/h2>\n<h3 id=\"slider-wrapper\" style=\"text-align: center;\"><span style=\"color: #000080;\"><strong>\u00a0 \u00a0 \u00a0 \u00a0 \u00a0 Pentru a transmite peti\u0163iile dumneavoastr\u0103 c\u0103tre OCPI VRANCEA , ave\u0163i posibilitatea sa depune\u0163i documentele \u00een scris la sediul institu\u0163iei, <\/strong><\/span><strong><span style=\"color: #000080;\">de<\/span> <span style=\"color: #ff0000;\">Luni &#8211; Vineri<\/span> : <span style=\"color: #ff0000;\">08.00 &#8211; 16.00<\/span><span style=\"color: #ff0000;\">, <span style=\"color: #000080;\">prin formularul electronic din pagina curent\u0103 sau<\/span><\/span><span style=\"color: #000080;\">\u00a0pe adresa de email<\/span> <span style=\"color: #ff0000;\">vn@ancpi.ro<\/span>.<\/strong><\/h3>\n<h3 style=\"text-align: center;\"><strong style=\"font-size: 16px; color: #000080;\">V\u0103 mul\u0163umim.<\/strong><\/h3>\n<\/div>\n<p style=\"text-align: center;\">\n<div class=\"wpcf7 no-js\" id=\"wpcf7-f6274-o1\" lang=\"en-US\" dir=\"ltr\" data-wpcf7-id=\"6274\">\n<div class=\"screen-reader-response\"><p role=\"status\" aria-live=\"polite\" aria-atomic=\"true\"><\/p> <ul><\/ul><\/div>\n<form action=\"\/ocpi\/vn\/wp-json\/wp\/v2\/pages\/5104#wpcf7-f6274-o1\" method=\"post\" class=\"wpcf7-form init\" aria-label=\"Contact form\" enctype=\"multipart\/form-data\" novalidate=\"novalidate\" data-status=\"init\">\n<fieldset class=\"hidden-fields-container\"><input type=\"hidden\" name=\"_wpcf7\" value=\"6274\" \/><input type=\"hidden\" name=\"_wpcf7_version\" value=\"6.1.5\" \/><input type=\"hidden\" name=\"_wpcf7_locale\" value=\"en_US\" \/><input type=\"hidden\" name=\"_wpcf7_unit_tag\" value=\"wpcf7-f6274-o1\" \/><input type=\"hidden\" name=\"_wpcf7_container_post\" value=\"0\" \/><input type=\"hidden\" name=\"_wpcf7_posted_data_hash\" value=\"\" \/>\n<\/fieldset>\n<p><label> Numele dumneavoastr\u0103 (obligatoriu)<br \/>\n<span class=\"wpcf7-form-control-wrap\" data-name=\"nume\"><input size=\"40\" maxlength=\"400\" class=\"wpcf7-form-control wpcf7-text wpcf7-validates-as-required\" aria-required=\"true\" aria-invalid=\"false\" placeholder=\"Nume ...\" value=\"\" type=\"text\" name=\"nume\" \/><\/span> <\/label>\n<\/p>\n<p><label> Adresa dumneavoastr\u0103 (obligatoriu)<br \/>\n<span class=\"wpcf7-form-control-wrap\" data-name=\"adresa\"><input size=\"40\" maxlength=\"400\" class=\"wpcf7-form-control wpcf7-text wpcf7-validates-as-required\" aria-required=\"true\" aria-invalid=\"false\" placeholder=\"Adresa ...\" value=\"\" type=\"text\" name=\"adresa\" \/><\/span> <\/label>\n<\/p>\n<p><label> Emailul dumneavoastr\u0103 (obligatoriu)<br \/>\n<span class=\"wpcf7-form-control-wrap\" data-name=\"email-335\"><input size=\"40\" maxlength=\"400\" class=\"wpcf7-form-control wpcf7-email wpcf7-validates-as-required wpcf7-text wpcf7-validates-as-email\" aria-required=\"true\" aria-invalid=\"false\" value=\"Email ...\" type=\"email\" name=\"email-335\" \/><\/span> <\/label>\n<\/p>\n<p><label> Telefonul dumneavoastr\u0103 (obligatoriu)<br \/>\n<span class=\"wpcf7-form-control-wrap\" data-name=\"telefon\"><input size=\"40\" maxlength=\"400\" class=\"wpcf7-form-control wpcf7-tel wpcf7-validates-as-required wpcf7-text wpcf7-validates-as-tel\" aria-required=\"true\" aria-invalid=\"false\" value=\"Telefon ...\" type=\"tel\" name=\"telefon\" \/><\/span> <\/label>\n<\/p>\n<p><label> Subject<br \/>\n<span class=\"wpcf7-form-control-wrap\" data-name=\"subiectul\"><input size=\"40\" maxlength=\"400\" class=\"wpcf7-form-control wpcf7-text wpcf7-validates-as-required\" aria-required=\"true\" aria-invalid=\"false\" value=\"\" type=\"text\" name=\"subiectul\" \/><\/span> <\/label>\n<\/p>\n<p><label> Mesajul dumneavoastr\u0103 (obligatoriu)<br \/>\n<span class=\"wpcf7-form-control-wrap\" data-name=\"mesaj\"><textarea cols=\"40\" rows=\"10\" maxlength=\"2000\" class=\"wpcf7-form-control wpcf7-textarea wpcf7-validates-as-required\" aria-required=\"true\" aria-invalid=\"false\" name=\"mesaj\">Mesaj ...<\/textarea><\/span> <\/label>\n<\/p>\n<p><label> Fi\u0219ierul peti\u021biei<br \/>\n<span class=\"wpcf7-form-control-wrap\" data-name=\"file-391\"><input size=\"40\" class=\"wpcf7-form-control wpcf7-file\" accept=\".pdf,.doc,.docx,.odt,.xls,.xlsx,.png,.jpg,.tiff,.zip,.rar\" aria-invalid=\"false\" type=\"file\" name=\"file-391\" \/><\/span> <\/label>\n<\/p>\n<p><label> NOT\u0102 DE INFORMARE PRIVIND PROTEC\u021aIA DATELOR PERSONALE<\/label><br \/>\n<span class=\"wpcf7-form-control-wrap\" data-name=\"acceptance-919\"><span class=\"wpcf7-form-control wpcf7-acceptance\"><span class=\"wpcf7-list-item\"><label><input type=\"checkbox\" name=\"acceptance-919\" value=\"1\" aria-invalid=\"false\" \/><span class=\"wpcf7-list-item-label\">In\u021beleg c\u0103 datele mele personale vor fi prelucrate de AGEN\u021aIA NA\u021aIONAL\u0102 DE CADASTRU \u0218I PUBLICITATE IMOBILIAR\u0102 \u00een vederea \u00eendeplinirii unei obliga\u021bii legale care \u00eei revine (solu\u021bionarea peti\u021biilor, cererilor de acces la informa\u021biile de interes public) ori pentru \u00eendeplinirea unei sarcini care serve\u0219te unui interes public sau care rezult\u0103 din exercitarea autorit\u0103\u021bii publice cu care este investit, \u00een conformitate cu prevederile Regulamentului (UE) nr. 679\/2016 privind protec\u021bia persoanelor fizice \u00een ceea ce prive\u0219te prelucrarea datelor cu caracter personal \u0219i privind libera circula\u021bie a acestor date \u0219i de abrogare a Directivei 95\/46\/CE (Regulamentul general privind protec\u021bia datelor)<\/span><\/label><\/span><\/span><\/span>\n<\/p>\n<p><input class=\"wpcf7-form-control wpcf7-submit has-spinner\" type=\"submit\" value=\"Trimite solicitarea\" \/>\n<\/p><div class=\"wpcf7-response-output\" aria-hidden=\"true\"><\/div>\n<\/form>\n<\/div>\n<\/p>\n","protected":false},"excerpt":{"rendered":"<p>PETI\u0162II \u00a0 \u00a0 \u00a0 \u00a0 \u00a0 Pentru a transmite peti\u0163iile dumneavoastr\u0103 c\u0103tre OCPI VRANCEA , ave\u0163i posibilitatea sa depune\u0163i documentele \u00een scris la sediul institu\u0163iei, de Luni &#8211; Vineri : 08.00 &#8211; 16.00, prin formularul electronic din pagina curent\u0103 sau\u00a0pe adresa de email vn@ancpi.ro. V\u0103 mul\u0163umim.<\/p>\n","protected":false},"author":5,"featured_media":0,"parent":0,"menu_order":0,"comment_status":"closed","ping_status":"closed","template":"","meta":{"footnotes":""},"class_list":["post-5104","page","type-page","status-publish","hentry"],"_links":{"self":[{"href":"https:\/\/www.ancpi.ro\/ocpi\/vn\/wp-json\/wp\/v2\/pages\/5104","targetHints":{"allow":["GET"]}}],"collection":[{"href":"https:\/\/www.ancpi.ro\/ocpi\/vn\/wp-json\/wp\/v2\/pages"}],"about":[{"href":"https:\/\/www.ancpi.ro\/ocpi\/vn\/wp-json\/wp\/v2\/types\/page"}],"author":[{"embeddable":true,"href":"https:\/\/www.ancpi.ro\/ocpi\/vn\/wp-json\/wp\/v2\/users\/5"}],"replies":[{"embeddable":true,"href":"https:\/\/www.ancpi.ro\/ocpi\/vn\/wp-json\/wp\/v2\/comments?post=5104"}],"version-history":[{"count":5,"href":"https:\/\/www.ancpi.ro\/ocpi\/vn\/wp-json\/wp\/v2\/pages\/5104\/revisions"}],"predecessor-version":[{"id":6279,"href":"https:\/\/www.ancpi.ro\/ocpi\/vn\/wp-json\/wp\/v2\/pages\/5104\/revisions\/6279"}],"wp:attachment":[{"href":"https:\/\/www.ancpi.ro\/ocpi\/vn\/wp-json\/wp\/v2\/media?parent=5104"}],"curies":[{"name":"wp","href":"https:\/\/api.w.org\/{rel}","templated":true}]}}