{"id":5118,"date":"2021-09-27T15:55:07","date_gmt":"2021-09-27T12:55:07","guid":{"rendered":"https:\/\/www.ancpi.ro\/ocpi\/vn\/?page_id=5118"},"modified":"2022-11-16T11:56:40","modified_gmt":"2022-11-16T09:56:40","slug":"informatii-pnccf","status":"publish","type":"page","link":"https:\/\/www.ancpi.ro\/ocpi\/vn\/informatii-pnccf\/","title":{"rendered":"Informa\u021bii PNCCF"},"content":{"rendered":"<h2 style=\"text-align: center;\"><span style=\"color: #000080;\">INFOMRA\u0162II PNCCF<\/span><\/h2>\n<p><strong><a href=\"https:\/\/www.ancpi.ro\/ocpi\/vn\/wp-content\/uploads\/2021\/09\/ANUNT_PREALABIL_MAICANESTI.pdf\">28.09.2021: ANUN\u0162 PREALABIL PRIVIND AFI\u015eAREA PUBLICA A DOCUMENTELOR TEHNICE ALE CADASTRULUI &#8211; UAT M\u0103ic\u0103ne\u0219ti<\/a><\/strong><\/p>\n<hr style=\"height: 3px; background-color: red;\" \/>\n<p><a href=\"https:\/\/www.ancpi.ro\/ocpi\/vn\/wp-content\/uploads\/2021\/09\/Categorii de dificultate ale terenurilor in functie de relief - Judet Vrancea SI VALORI IMOBILE FINANTAREA 7.pdf\"><strong>VALORILE DE PIA\u021a\u0102 ALE IMOBILELOR PENTRU FINAN\u021aAREA NUM\u0102RUL 7<\/strong><\/a><\/p>\n<hr style=\"height: 3px; background-color: red;\" \/>\n<p>\u00cen perioada de publicare de 60 de zile se pot face cereri de rectificare a informa\u021biilor din documentele tehnice publicate, conform prevederilor de la pct. 3.5 din Specifiica\u021biile tehnice cadastrale aprobate prin Ordinul directorului general nr. 1427\/2017 \u0219i a prevederilor art. 14 din legea 7\/1996, republicat\u0103, cu mnodific\u0103rile \u0219i complet\u0103rile ulterioare. Modelul cererii de rectificare este prezentat \u00een Anexa nr. 10 din Specifica\u021biile tehnice sus amintite.<br \/>\n<a href=\"https:\/\/www.ancpi.ro\/ocpi\/vn\/wp-content\/uploads\/2022\/11\/CERERE-RECTIFICARE.docx\">Model de cerere pentru rectificare.<img loading=\"lazy\" decoding=\"async\" src=\"https:\/\/www.ancpi.ro\/ocpi\/vn\/wp-content\/uploads\/2022\/11\/ico_save-1.gif\" alt=\"\" width=\"14\" height=\"14\" \/><\/a><\/p>\n<hr style=\"height: 3px; background-color: red;\" \/>\n<p><strong>ANUN\u021a INFORMARE referitor la POR &#8211; Consultare de Pia\u021b\u0103- Servicii de \u00cenregistrare sistematic\u0103<\/strong><\/p>\n<p>Agen\u0163ia Na\u0163ional\u0103 de Cadastru \u015fi Publicitate Imobiliar\u0103 (ANCPI) inten\u0163ioneaz\u0103 s\u0103 demareze proceduri de achizi\u0163ie a serviciilor de \u00eenregistrare sistematic\u0103 In Sistemul Integrat de Cadastru \u015fi Carte Funciar\u0103 a imobilelor prin Programul Opera\u0163ional Regional Proiectul major privind &#8222;Cre\u015fterea gradului de acoperire \u015fi incluziune a sistemului de \u00eenregistrare a propriet\u0103\u0163ilor \u00een zonele rurale din Rom\u00e2nia&#8221; \u00een 309 UAT &#8211; uri.<br \/>\nPentru a estima c\u00e2t mai corect \u015fi aproape de nivelul pie\u0163ei de profil bugetul achizi\u0163iei, respectiv pre\u0163ul\/ha\/UAT a serviciilor de \u00eenregistrare sistematic\u0103, ANCPI a publicat \u00een data de 16.03.2021 anun\u0163ul privind consultarea de pia\u0163\u0103 cu nr. MC1014146 pe site-ul www.e-licitatie.ro \u015fi cu nr. 12281\/16.03.2021 pe site-ul www.ancpi.ro.<br \/>\nInforma\u0163ii detaliate privind consultarea de pia\u0163\u0103 se reg\u0103sesc la: https:\/\/www.ancpi.ro\/anunt-por\/a&gt; \u015fi https:\/\/www.e-licitatie.ro\/pub\/notices\/mc- notice\/view\/100099737. unde pute\u0163i g\u0103si urm\u0103toarele documentele:<br \/>\n&#8211; Anun\u0163ul privind consultarea de pia\u0163\u0103, nominalizarea UAT-urilor \u015fi Specifica\u0163iile tehnice preluate din Regulamentul privind realizarea verificarea \u015fi recep\u0163ia lucr\u0103rilor sistematice de cadastru \u015fi \u00eenscrierea din oficiu a imobilelor \u00een cartea funciar\u0103.<\/p>\n","protected":false},"excerpt":{"rendered":"<p>INFOMRA\u0162II PNCCF 28.09.2021: ANUN\u0162 PREALABIL PRIVIND AFI\u015eAREA PUBLICA A DOCUMENTELOR TEHNICE ALE CADASTRULUI &#8211; UAT M\u0103ic\u0103ne\u0219ti VALORILE DE PIA\u021a\u0102 ALE IMOBILELOR PENTRU FINAN\u021aAREA NUM\u0102RUL 7 \u00cen perioada de publicare de 60 de zile se pot face cereri de rectificare a informa\u021biilor din documentele tehnice publicate, conform prevederilor de la pct. 3.5 din Specifiica\u021biile tehnice cadastrale [&hellip;]<\/p>\n","protected":false},"author":5,"featured_media":0,"parent":0,"menu_order":0,"comment_status":"closed","ping_status":"closed","template":"","meta":{"footnotes":""},"class_list":["post-5118","page","type-page","status-publish","hentry"],"_links":{"self":[{"href":"https:\/\/www.ancpi.ro\/ocpi\/vn\/wp-json\/wp\/v2\/pages\/5118","targetHints":{"allow":["GET"]}}],"collection":[{"href":"https:\/\/www.ancpi.ro\/ocpi\/vn\/wp-json\/wp\/v2\/pages"}],"about":[{"href":"https:\/\/www.ancpi.ro\/ocpi\/vn\/wp-json\/wp\/v2\/types\/page"}],"author":[{"embeddable":true,"href":"https:\/\/www.ancpi.ro\/ocpi\/vn\/wp-json\/wp\/v2\/users\/5"}],"replies":[{"embeddable":true,"href":"https:\/\/www.ancpi.ro\/ocpi\/vn\/wp-json\/wp\/v2\/comments?post=5118"}],"version-history":[{"count":5,"href":"https:\/\/www.ancpi.ro\/ocpi\/vn\/wp-json\/wp\/v2\/pages\/5118\/revisions"}],"predecessor-version":[{"id":5751,"href":"https:\/\/www.ancpi.ro\/ocpi\/vn\/wp-json\/wp\/v2\/pages\/5118\/revisions\/5751"}],"wp:attachment":[{"href":"https:\/\/www.ancpi.ro\/ocpi\/vn\/wp-json\/wp\/v2\/media?parent=5118"}],"curies":[{"name":"wp","href":"https:\/\/api.w.org\/{rel}","templated":true}]}}