{"id":6168,"date":"2023-05-03T12:12:57","date_gmt":"2023-05-03T09:12:57","guid":{"rendered":"https:\/\/www.ancpi.ro\/ocpi\/vn\/?page_id=6168"},"modified":"2023-05-03T12:12:57","modified_gmt":"2023-05-03T09:12:57","slug":"raport-narativ-referitor-la-stadiul-implementarii-masurilor-prevazute-in-sna-si-in-planul-de-integritate","status":"publish","type":"page","link":"https:\/\/www.ancpi.ro\/ocpi\/vn\/raport-narativ-referitor-la-stadiul-implementarii-masurilor-prevazute-in-sna-si-in-planul-de-integritate\/","title":{"rendered":"Raport narativ referitor la stadiul implement\u0103rii m\u0103surilor prev\u0103zute \u00een SNA \u0219i \u00een planul de integritate"},"content":{"rendered":"<h3 class=\"gdlr-core-blog-title gdlr-core-skin-title\" style=\"text-align: center;\" data-raofz=\"19\"><strong><a role=\"link\" href=\"https:\/\/www.ancpi.ro\/raport-narativ\/\" data-raofz=\"19\">Raport narativ referitor la stadiul implement\u0103rii m\u0103surilor prev\u0103zute \u00een SNA \u0219i \u00een planul de integritate<\/a><\/strong><\/h3>\n","protected":false},"excerpt":{"rendered":"<p>Raport narativ referitor la stadiul implement\u0103rii m\u0103surilor prev\u0103zute \u00een SNA \u0219i \u00een planul de integritate<\/p>\n","protected":false},"author":5,"featured_media":0,"parent":0,"menu_order":0,"comment_status":"closed","ping_status":"closed","template":"","meta":{"footnotes":""},"class_list":["post-6168","page","type-page","status-publish","hentry"],"_links":{"self":[{"href":"https:\/\/www.ancpi.ro\/ocpi\/vn\/wp-json\/wp\/v2\/pages\/6168","targetHints":{"allow":["GET"]}}],"collection":[{"href":"https:\/\/www.ancpi.ro\/ocpi\/vn\/wp-json\/wp\/v2\/pages"}],"about":[{"href":"https:\/\/www.ancpi.ro\/ocpi\/vn\/wp-json\/wp\/v2\/types\/page"}],"author":[{"embeddable":true,"href":"https:\/\/www.ancpi.ro\/ocpi\/vn\/wp-json\/wp\/v2\/users\/5"}],"replies":[{"embeddable":true,"href":"https:\/\/www.ancpi.ro\/ocpi\/vn\/wp-json\/wp\/v2\/comments?post=6168"}],"version-history":[{"count":1,"href":"https:\/\/www.ancpi.ro\/ocpi\/vn\/wp-json\/wp\/v2\/pages\/6168\/revisions"}],"predecessor-version":[{"id":6169,"href":"https:\/\/www.ancpi.ro\/ocpi\/vn\/wp-json\/wp\/v2\/pages\/6168\/revisions\/6169"}],"wp:attachment":[{"href":"https:\/\/www.ancpi.ro\/ocpi\/vn\/wp-json\/wp\/v2\/media?parent=6168"}],"curies":[{"name":"wp","href":"https:\/\/api.w.org\/{rel}","templated":true}]}}