{"id":6650,"date":"2025-04-07T08:53:21","date_gmt":"2025-04-07T05:53:21","guid":{"rendered":"https:\/\/www.ancpi.ro\/ocpi\/vn\/?page_id=6650"},"modified":"2026-04-15T12:27:59","modified_gmt":"2026-04-15T09:27:59","slug":"reducerer-100-pentru-obtinerea-extraselor-pentru-informare-si-de-plan-cadastral-pentru-proprietari","status":"publish","type":"page","link":"https:\/\/www.ancpi.ro\/ocpi\/vn\/reducerer-100-pentru-obtinerea-extraselor-pentru-informare-si-de-plan-cadastral-pentru-proprietari\/","title":{"rendered":"Reducere 100% pentru ob\u021binerea extraselor pentru informare \u0219i de plan cadastral pentru PROPRIETARI"},"content":{"rendered":"<p>Din data de <strong>07.aprilie.2025<\/strong>, a intrat \u00een vigoare <strong>Ordinul nr. 441\/2025<\/strong> al directorului general al <strong>Agen\u021biei Na\u021bionale de Cadastru \u0219i Publicitate Imobiliar\u0103<\/strong>, pentru modificarea \u0219i completarea <strong>Ordinului nr. 16<\/strong> privind aprobarea tarifelor pentru serviciile furnizate de <strong>Agen\u021bia Na\u021bional\u0103 de Cadastru \u0219i Publicitate Imobiliar\u0103<\/strong> \u0219i institu\u021biile sale subordonate.<\/p>\n<p>Potrivit acestui nou act normativ, inclusiv \u00een jude\u021bul Vrancea, extrasul de carte funciar\u0103 pentru informare \u0219i extrasul de plan cadastral pe ortofotoplan sunt gratuite, exclusiv in situa\u021bia cererilor \u00eenregistrate la ghi\u0219eu, care au fost depuse de c\u0103tre proprietarii tabulari.<\/p>\n<p>Totodat\u0103, sunt scutite de la plata tarifelor serviciile de prim\u0103 \u00eenregistrare, identificate prin codurile <strong>2.1.1, 2.1.2, 2.1.3<\/strong> \u0219i <strong>2.1.4<\/strong> din anexa la <strong>Ordin<\/strong>.<\/p>\n<p style=\"text-align: center;\"><strong><em>V\u0103 asigur\u0103m de deplina noastr\u0103 disponibilitate \u0219i v\u0103 a\u0219tept\u0103m la ghi\u0219eele pentru rela\u021bii cu publicul ale institu\u021biei!<\/em><\/strong><\/p>\n<a href=\"https:\/\/www.ancpi.ro\/ocpi\/vn\/wp-content\/uploads\/2025\/04\/posterANCPI_cuplan15lei.pdf\" class=\"pdfemb-viewer\" style=\"\" data-width=\"max\" data-height=\"max\" data-toolbar=\"bottom\" data-toolbar-fixed=\"off\">Certificat de calitate SR EN ISO 37001<\/a>\n","protected":false},"excerpt":{"rendered":"<p>Din data de 07.aprilie.2025, a intrat \u00een vigoare Ordinul nr. 441\/2025 al directorului general al Agen\u021biei Na\u021bionale de Cadastru \u0219i Publicitate Imobiliar\u0103, pentru modificarea \u0219i completarea Ordinului nr. 16 privind aprobarea tarifelor pentru serviciile furnizate de Agen\u021bia Na\u021bional\u0103 de Cadastru \u0219i Publicitate Imobiliar\u0103 \u0219i institu\u021biile sale subordonate. Potrivit acestui nou act normativ, inclusiv \u00een jude\u021bul [&hellip;]<\/p>\n","protected":false},"author":5,"featured_media":0,"parent":0,"menu_order":0,"comment_status":"closed","ping_status":"closed","template":"","meta":{"footnotes":""},"class_list":["post-6650","page","type-page","status-publish","hentry"],"_links":{"self":[{"href":"https:\/\/www.ancpi.ro\/ocpi\/vn\/wp-json\/wp\/v2\/pages\/6650","targetHints":{"allow":["GET"]}}],"collection":[{"href":"https:\/\/www.ancpi.ro\/ocpi\/vn\/wp-json\/wp\/v2\/pages"}],"about":[{"href":"https:\/\/www.ancpi.ro\/ocpi\/vn\/wp-json\/wp\/v2\/types\/page"}],"author":[{"embeddable":true,"href":"https:\/\/www.ancpi.ro\/ocpi\/vn\/wp-json\/wp\/v2\/users\/5"}],"replies":[{"embeddable":true,"href":"https:\/\/www.ancpi.ro\/ocpi\/vn\/wp-json\/wp\/v2\/comments?post=6650"}],"version-history":[{"count":5,"href":"https:\/\/www.ancpi.ro\/ocpi\/vn\/wp-json\/wp\/v2\/pages\/6650\/revisions"}],"predecessor-version":[{"id":6950,"href":"https:\/\/www.ancpi.ro\/ocpi\/vn\/wp-json\/wp\/v2\/pages\/6650\/revisions\/6950"}],"wp:attachment":[{"href":"https:\/\/www.ancpi.ro\/ocpi\/vn\/wp-json\/wp\/v2\/media?parent=6650"}],"curies":[{"name":"wp","href":"https:\/\/api.w.org\/{rel}","templated":true}]}}